{"id":11,"date":"2010-08-17T11:49:06","date_gmt":"2010-08-17T11:49:06","guid":{"rendered":"http:\/\/departamentos.unileon.es\/tecnologia-minera-topografia-y-de-estructuras\/"},"modified":"2019-07-04T08:36:26","modified_gmt":"2019-07-04T08:36:26","slug":"personal","status":"publish","type":"page","link":"https:\/\/departamentos.unileon.es\/tecnologia-minera-topografia-y-de-estructuras\/personal\/","title":{"rendered":"Personal"},"content":{"rendered":"\t\t\t\t\r\n\t\t\t\t\r\n\t\t\t\t\r\n\t\t\t\t<h2>Personal docente e investigador<\/h2>     \r\n                 <h3> \u00c1rea - Explotaci\u00f3n de Minas <\/h3>\r\n\t\t\t\t\t<ul>\r\n                        \r\n                        \r\n                       <li> <a href=\"https:\/\/www.unileon.es\/directorio-y-telefonos?usuario=abers\">ANTONIO BERNARDO S\u00c1NCHEZ<\/a> - Catedr\u00e1tico de Universidad - <a href =\"https:\/\/www.unileon.es\/ficheros\/perfildocente\/curriculum-abers.pdf\"> Perfil Docente<\/a> <\/li>\r\n                                        \r\n                        \r\n                       <li> <a href=\"https:\/\/www.unileon.es\/directorio-y-telefonos?usuario=csief\">CARLOS SIERRA FERN\u00c1NDEZ<\/a> - Catedr\u00e1tico de Universidad - <a href =\"https:\/\/www.unileon.es\/ficheros\/perfildocente\/curriculum-csief.pdf\"> Perfil Docente<\/a> <\/li>\r\n                                        \r\n                        \r\n                       <li> <a href=\"https:\/\/www.unileon.es\/directorio-y-telefonos?usuario=amcasg\">ANA MAR\u00cdA CASTA\u00d1\u00d3N GARC\u00cdA<\/a> - Profesor Titular de Universidad - <a href =\"https:\/\/www.unileon.es\/ficheros\/perfildocente\/curriculum-amcasg.pdf\"> Perfil Docente<\/a> <\/li>\r\n                                        \r\n                        \r\n                       <li> <a href=\"https:\/\/www.unileon.es\/directorio-y-telefonos?usuario=dferl\">DAVID FERN\u00c1NDEZ L\u00d3PEZ<\/a> - PROFESOR ASOCIADO - <a href =\"https:\/\/www.unileon.es\/ficheros\/perfildocente\/curriculum-dferl.pdf\"> Perfil Docente<\/a> <\/li>\r\n                                        \r\n                        \r\n                       <li> <a href=\"https:\/\/www.unileon.es\/directorio-y-telefonos?usuario=fcorm\">F\u00c9LIX CORTINA MARCOS<\/a> - PROFESOR ASOCIADO - <a href =\"https:\/\/www.unileon.es\/ficheros\/perfildocente\/curriculum-fcorm.pdf\"> Perfil Docente<\/a> <\/li>\r\n                                        \r\n                        \r\n                       <li> <a href=\"https:\/\/www.unileon.es\/directorio-y-telefonos?usuario=jmenr\">JAVIER MEN\u00c9NDEZ RODR\u00cdGUEZ<\/a> - PROFESOR ASOCIADO - <a href =\"https:\/\/www.unileon.es\/ficheros\/perfildocente\/curriculum-jmenr.pdf\"> Perfil Docente<\/a> <\/li>\r\n                                        \r\n                        \r\n                       <li> <a href=\"https:\/\/www.unileon.es\/directorio-y-telefonos?usuario=jferno\">JOS\u00c9 FRANCISCO FERN\u00c1NDEZ ORD\u00c1S<\/a> - PROFESOR ASOCIADO - <a href =\"https:\/\/www.unileon.es\/ficheros\/perfildocente\/curriculum-jferno.pdf\"> Perfil Docente<\/a> <\/li>\r\n                                        \r\n                        \r\n                       <li> <a href=\"https:\/\/www.unileon.es\/directorio-y-telefonos?usuario=ngomm\">NATALIA G\u00d3MEZ MAR\u00cdN<\/a> - PROFESOR PERMANENTE LABORAL - <a href =\"https:\/\/www.unileon.es\/ficheros\/perfildocente\/curriculum-ngomm.pdf\"> Perfil Docente<\/a> <\/li>\r\n                                        \r\n                        \r\n                       <li> <a href=\"https:\/\/www.unileon.es\/directorio-y-telefonos?usuario=rrodd\">RAFAEL RODR\u00cdGUEZ-GALINDO D\u00cdEZ<\/a> - PROFESOR SUSTITUTO - <a href =\"https:\/\/www.unileon.es\/ficheros\/perfildocente\/curriculum-rrodd.pdf\"> Perfil Docente<\/a> <\/li>\r\n                                        \r\n                        \r\n                       <li> <a href=\"https:\/\/www.unileon.es\/directorio-y-telefonos?usuario=sosag\">SONIA SANTOR GUTI\u00c9RREZ<\/a> - PROFESOR SUSTITUTO - <a href =\"https:\/\/www.unileon.es\/ficheros\/perfildocente\/curriculum-sosag.pdf\"> Perfil Docente<\/a> <\/li>\r\n                                    <\/ul> <h3> \u00c1rea - Expresi\u00f3n Gr\u00e1fica en la Ingenier\u00eda <\/h3>\r\n\t\t\t\t\t<ul>\r\n                        \r\n                        \r\n                       <li> <a href=\"https:\/\/www.unileon.es\/directorio-y-telefonos?usuario=rmartg\">REBECA MART\u00cdNEZ GARC\u00cdA<\/a> - Profesor Titular de Universidad - <a href =\"https:\/\/www.unileon.es\/ficheros\/perfildocente\/curriculum-rmartg.pdf\"> Perfil Docente<\/a> <\/li>\r\n                                        \r\n                        \r\n                       <li> <a href=\"https:\/\/www.unileon.es\/directorio-y-telefonos?usuario=mmenf\">MARTA MEN\u00c9NDEZ FERN\u00c1NDEZ<\/a> - PROFESOR CONTRATADO DOCTOR - <a href =\"https:\/\/www.unileon.es\/ficheros\/perfildocente\/curriculum-mmenf.pdf\"> Perfil Docente<\/a> <\/li>\r\n                                        \r\n                        \r\n                       <li> <a href=\"https:\/\/www.unileon.es\/directorio-y-telefonos?usuario=jlbarr\">JOS\u00c9 LUIS BARROS RUIZ<\/a> - PROFESOR ASOCIADO - <a href =\"https:\/\/www.unileon.es\/ficheros\/perfildocente\/curriculum-jlbarr.pdf\"> Perfil Docente<\/a> <\/li>\r\n                                        \r\n                        \r\n                       <li> <a href=\"https:\/\/www.unileon.es\/directorio-y-telefonos?usuario=dgarc\">DAVID GARC\u00cdA CA\u00d1\u00d3N<\/a> - PROFESOR SUSTITUTO - <a href =\"https:\/\/www.unileon.es\/ficheros\/perfildocente\/curriculum-dgarc.pdf\"> Perfil Docente<\/a> <\/li>\r\n                                        \r\n                        \r\n                       <li> <a href=\"https:\/\/www.unileon.es\/directorio-y-telefonos?usuario=fjfraf\">FERNANDO JORGE FRAILE FERN\u00c1NDEZ<\/a> - PROFESOR COLABORADOR - <a href =\"https:\/\/www.unileon.es\/ficheros\/perfildocente\/curriculum-fjfraf.pdf\"> Perfil Docente<\/a> <\/li>\r\n                                        \r\n                        \r\n                       <li> <a href=\"https:\/\/www.unileon.es\/directorio-y-telefonos?usuario=jprag\">JES\u00daS DE PRADO GIL<\/a> - PROFESOR SUSTITUTO - <a href =\"https:\/\/www.unileon.es\/ficheros\/perfildocente\/curriculum-jprag.pdf\"> Perfil Docente<\/a> <\/li>\r\n                                        \r\n                        \r\n                       <li> <a href=\"https:\/\/www.unileon.es\/directorio-y-telefonos?usuario=vbalb\">V\u00cdCTOR BALADR\u00d3N BLANCO<\/a> - PROFESOR SUSTITUTO - <a href =\"https:\/\/www.unileon.es\/ficheros\/perfildocente\/curriculum-vbalb.pdf\"> Perfil Docente<\/a> <\/li>\r\n                                    <\/ul> <h3> \u00c1rea - Ingenier\u00eda Cartogr\u00e1fica, Geod\u00e9sica y Fotogrametr\u00eda <\/h3>\r\n\t\t\t\t\t<ul>\r\n                        \r\n                        \r\n                       <li> <a href=\"https:\/\/www.unileon.es\/directorio-y-telefonos?usuario=jrrodp\">JOS\u00c9 RAM\u00d3N RODR\u00cdGUEZ P\u00c9REZ<\/a> - Catedr\u00e1tico de Universidad - <a href =\"https:\/\/www.unileon.es\/ficheros\/perfildocente\/curriculum-jrrodp.pdf\"> Perfil Docente<\/a> <\/li>\r\n                                        \r\n                        \r\n                       <li> <a href=\"https:\/\/www.unileon.es\/directorio-y-telefonos?usuario=mfalvt\">MAR\u00cdA FLOR \u00c1LVAREZ TABOADA<\/a> - Catedr\u00e1tico de Universidad - <a href =\"https:\/\/www.unileon.es\/ficheros\/perfildocente\/curriculum-mfalvt.pdf\"> Perfil Docente<\/a> <\/li>\r\n                                        \r\n                        \r\n                       <li> <a href=\"https:\/\/www.unileon.es\/directorio-y-telefonos?usuario=prodg\">PABLO RODR\u00cdGUEZ GONZ\u00c1LVEZ<\/a> - Catedr\u00e1tico de Universidad - <a href =\"https:\/\/www.unileon.es\/ficheros\/perfildocente\/curriculum-prodg.pdf\"> Perfil Docente<\/a> <\/li>\r\n                                        \r\n                        \r\n                       <li> <a href=\"https:\/\/www.unileon.es\/directorio-y-telefonos?usuario=egonf\">EDUARDO MANUEL GONZ\u00c1LEZ FERREIRO<\/a> - Profesor Titular de Universidad - <a href =\"https:\/\/www.unileon.es\/ficheros\/perfildocente\/curriculum-egonf.pdf\"> Perfil Docente<\/a> <\/li>\r\n                                        \r\n                        \r\n                       <li> <a href=\"https:\/\/www.unileon.es\/directorio-y-telefonos?usuario=esana\">ENOC SANZ ABLANEDO<\/a> - Profesor Titular de Universidad - <a href =\"https:\/\/www.unileon.es\/ficheros\/perfildocente\/curriculum-esana.pdf\"> Perfil Docente<\/a> <\/li>\r\n                                        \r\n                        \r\n                       <li> <a href=\"https:\/\/www.unileon.es\/directorio-y-telefonos?usuario=lalvp\">LAURA \u00c1LVAREZ DE PRADO<\/a> - PROFESOR CONTRATADO DOCTOR - <a href =\"https:\/\/www.unileon.es\/ficheros\/perfildocente\/curriculum-lalvp.pdf\"> Perfil Docente<\/a> <\/li>\r\n                                        \r\n                        \r\n                       <li> <a href=\"https:\/\/www.unileon.es\/directorio-y-telefonos?usuario=fgonb\">FRANCISCO GONZ\u00c1LEZ BERNARDO<\/a> - PROFESOR COLABORADOR - <a href =\"https:\/\/www.unileon.es\/ficheros\/perfildocente\/curriculum-fgonb.pdf\"> Perfil Docente<\/a> <\/li>\r\n                                        \r\n                        \r\n                       <li> <a href=\"https:\/\/www.unileon.es\/directorio-y-telefonos?usuario=lsalf\">LORENA SALGADO FERN\u00c1NDEZ<\/a> - PROFESOR SUSTITUTO - <a href =\"https:\/\/www.unileon.es\/ficheros\/perfildocente\/curriculum-lsalf.pdf\"> Perfil Docente<\/a> <\/li>\r\n                                        \r\n                        \r\n                       <li> <a href=\"https:\/\/www.unileon.es\/directorio-y-telefonos?usuario=mnferp\">MAR\u00cdA NURIA FERN\u00c1NDEZ PALOMARES<\/a> - PROFESOR COLABORADOR - <a href =\"https:\/\/www.unileon.es\/ficheros\/perfildocente\/curriculum-mnferp.pdf\"> Perfil Docente<\/a> <\/li>\r\n                                        \r\n                        \r\n                       <li> <a href=\"https:\/\/www.unileon.es\/directorio-y-telefonos?usuario=mevalf\">MIRYAM ELENA VALLE FEIJOO<\/a> - PROFESOR COLABORADOR - <a href =\"https:\/\/www.unileon.es\/ficheros\/perfildocente\/curriculum-mevalf.pdf\"> Perfil Docente<\/a> <\/li>\r\n                                        \r\n                        \r\n                       <li> <a href=\"https:\/\/www.unileon.es\/directorio-y-telefonos?usuario=sbujs\">SANDRA BUJ\u00c1N SEOANE<\/a> - PROFESOR PERMANENTE LABORAL - <a href =\"https:\/\/www.unileon.es\/ficheros\/perfildocente\/curriculum-sbujs.pdf\"> Perfil Docente<\/a> <\/li>\r\n                                    <\/ul> <h3> \u00c1rea - Mec\u00e1nica de Medios Continuos y T. de Estructuras <\/h3>\r\n\t\t\t\t\t<ul>\r\n                        \r\n                        \r\n                       <li> <a href=\"https:\/\/www.unileon.es\/directorio-y-telefonos?usuario=jvale\">JOS\u00c9 VALLEPUGA ESPINOSA<\/a> - Profesor Titular de Universidad - <a href =\"https:\/\/www.unileon.es\/ficheros\/perfildocente\/curriculum-jvale.pdf\"> Perfil Docente<\/a> <\/li>\r\n                                        \r\n                        \r\n                       <li> <a href=\"https:\/\/www.unileon.es\/directorio-y-telefonos?usuario=clanp\">CARLOS JAVIER LANZA PORTOCARRERO<\/a> - PROFESOR ASOCIADO - <a href =\"https:\/\/www.unileon.es\/ficheros\/perfildocente\/curriculum-clanp.pdf\"> Perfil Docente<\/a> <\/li>\r\n                                        \r\n                        \r\n                       <li> <a href=\"https:\/\/www.unileon.es\/directorio-y-telefonos?usuario=jvegv\">JOS\u00c9 MANUEL VEGA VEGA<\/a> - PROFESOR ASOCIADO - <a href =\"https:\/\/www.unileon.es\/ficheros\/perfildocente\/curriculum-jvegv.pdf\"> Perfil Docente<\/a> <\/li>\r\n                                        \r\n                        \r\n                       <li> <a href=\"https:\/\/www.unileon.es\/directorio-y-telefonos?usuario=agarcf\">ALEJANDRO GARCIA FERNANDEZ<\/a> - PROFESOR SUSTITUTO - <a href =\"https:\/\/www.unileon.es\/ficheros\/perfildocente\/curriculum-agarcf.pdf\"> Perfil Docente<\/a> <\/li>\r\n                                        \r\n                        \r\n                       <li> <a href=\"https:\/\/www.unileon.es\/directorio-y-telefonos?usuario=aortm\">ALMUDENA ORTIZ MARQU\u00c9S<\/a> - PROFESOR PERMANENTE LABORAL - <a href =\"https:\/\/www.unileon.es\/ficheros\/perfildocente\/curriculum-aortm.pdf\"> Perfil Docente<\/a> <\/li>\r\n                                        \r\n                        \r\n                       <li> <a href=\"https:\/\/www.unileon.es\/directorio-y-telefonos?usuario=iubem\">IV\u00c1N UBERO MART\u00cdNEZ<\/a> - PROFESOR PERMANENTE LABORAL - <a href =\"https:\/\/www.unileon.es\/ficheros\/perfildocente\/curriculum-iubem.pdf\"> Perfil Docente<\/a> <\/li>\r\n                                        \r\n                        \r\n                       <li> <a href=\"https:\/\/www.unileon.es\/directorio-y-telefonos?usuario=jcifr\">JAIME CIFUENTES RODR\u00cdGUEZ<\/a> - PROFESOR PERMANENTE LABORAL - <a href =\"https:\/\/www.unileon.es\/ficheros\/perfildocente\/curriculum-jcifr.pdf\"> Perfil Docente<\/a> <\/li>\r\n                                        \r\n                        \r\n                       <li> <a href=\"https:\/\/www.unileon.es\/directorio-y-telefonos?usuario=vgutp\">V\u00cdCTOR GUTI\u00c9RREZ POSADA<\/a> - AYUDANTE - <a href =\"https:\/\/www.unileon.es\/ficheros\/perfildocente\/curriculum-vgutp.pdf\"> Perfil Docente<\/a> <\/li>\r\n                                    <\/ul> <h3> \u00c1rea - Prospecci\u00f3n e Investigaci\u00f3n Minera <\/h3>\r\n\t\t\t\t\t<ul>\r\n                        \r\n                        \r\n                       <li> <a href=\"https:\/\/www.unileon.es\/directorio-y-telefonos?usuario=jferl\">JAVIER FERN\u00c1NDEZ LOZANO<\/a> - Profesor Titular de Universidad - <a href =\"https:\/\/www.unileon.es\/ficheros\/perfildocente\/curriculum-jferl.pdf\"> Perfil Docente<\/a> <\/li>\r\n                                        \r\n                        \r\n                       <li> <a href=\"https:\/\/www.unileon.es\/directorio-y-telefonos?usuario=pcald\">PABLO CALDEVILLA DOM\u00cdNGUEZ<\/a> - PROFESOR AYUDANTE DOCTOR - <a href =\"https:\/\/www.unileon.es\/ficheros\/perfildocente\/curriculum-pcald.pdf\"> Perfil Docente<\/a> <\/li>\r\n                                        \r\n                        \r\n                       <li> <a href=\"https:\/\/www.unileon.es\/directorio-y-telefonos?usuario=cmalr\">CAROLINA MALLO REGUERA<\/a> - PROFESOR SUSTITUTO - <a href =\"https:\/\/www.unileon.es\/ficheros\/perfildocente\/curriculum-cmalr.pdf\"> Perfil Docente<\/a> <\/li>\r\n                                        \r\n                        \r\n                       <li> <a href=\"https:\/\/www.unileon.es\/directorio-y-telefonos?usuario=dvelp\">DANIEL VELA PI\u00d1UELA<\/a> - PROFESOR SUSTITUTO - <a href =\"https:\/\/www.unileon.es\/ficheros\/perfildocente\/curriculum-dvelp.pdf\"> Perfil Docente<\/a> <\/li>\r\n                                      \r\n\t\t\t\t<\/ul>\r\n\r\n\t\t\t\t\t\r\n\t\t\t\r\n\t\t\t<p>\u00a0<\/p>\r\n\t\t\t<h2>Personal de administraci\u00f3n y servicios<\/h2>\r\n\t\t\t<ul>\r\n\r\n\r\n\r\n\t\t\t\r\n                \r\n                    <li><a href=\"https:\/\/www.unileon.es\/directorio-y-telefonos?usuario=lgall\">LARISA GALLEGO LLORENTE<\/a> - E. AUXILIAR DE LA UNIVERSIDAD DE LE\u00d3N<\/li>\r\n            \r\n\t\t\t\r\n                \r\n                    <li><a href=\"https:\/\/www.unileon.es\/directorio-y-telefonos?usuario=gerlpv\">LAURA PASCUAL VALLEJO<\/a> - T\u00c9CNICO ESPECIALISTA DE LABORATORIO<\/li>\r\n            \r\n\t\t\t\r\n                <\/ul>\r\n\r\n","protected":false},"excerpt":{"rendered":"","protected":false},"author":1,"featured_media":0,"parent":0,"menu_order":3,"comment_status":"closed","ping_status":"open","template":"","meta":{"ngg_post_thumbnail":0,"footnotes":""},"class_list":["post-11","page","type-page","status-publish","hentry"],"yoast_head":"<!-- This site is optimized with the Yoast SEO plugin v25.8 - https:\/\/yoast.com\/wordpress\/plugins\/seo\/ -->\n<title>Personal - Departamento de Tecnolog\u00eda Minera, Topograf\u00eda y de Estructuras<\/title>\n<meta name=\"robots\" content=\"index, follow, max-snippet:-1, max-image-preview:large, max-video-preview:-1\" \/>\n<link rel=\"canonical\" href=\"https:\/\/departamentos.unileon.es\/tecnologia-minera-topografia-y-de-estructuras\/personal\/\" \/>\n<meta property=\"og:locale\" content=\"es_ES\" \/>\n<meta property=\"og:type\" content=\"article\" \/>\n<meta property=\"og:title\" content=\"Personal - Departamento de Tecnolog\u00eda Minera, Topograf\u00eda y de Estructuras\" \/>\n<meta property=\"og:url\" content=\"https:\/\/departamentos.unileon.es\/tecnologia-minera-topografia-y-de-estructuras\/personal\/\" \/>\n<meta property=\"og:site_name\" content=\"Departamento de Tecnolog\u00eda Minera, Topograf\u00eda y de Estructuras\" \/>\n<meta property=\"article:modified_time\" content=\"2019-07-04T08:36:26+00:00\" \/>\n<meta name=\"twitter:card\" content=\"summary_large_image\" \/>\n<script type=\"application\/ld+json\" class=\"yoast-schema-graph\">{\"@context\":\"https:\/\/schema.org\",\"@graph\":[{\"@type\":\"WebPage\",\"@id\":\"https:\/\/departamentos.unileon.es\/tecnologia-minera-topografia-y-de-estructuras\/personal\/\",\"url\":\"https:\/\/departamentos.unileon.es\/tecnologia-minera-topografia-y-de-estructuras\/personal\/\",\"name\":\"Personal - Departamento de Tecnolog\u00eda Minera, Topograf\u00eda y de Estructuras\",\"isPartOf\":{\"@id\":\"https:\/\/departamentos.unileon.es\/tecnologia-minera-topografia-y-de-estructuras\/#website\"},\"datePublished\":\"2010-08-17T11:49:06+00:00\",\"dateModified\":\"2019-07-04T08:36:26+00:00\",\"inLanguage\":\"es\",\"potentialAction\":[{\"@type\":\"ReadAction\",\"target\":[\"https:\/\/departamentos.unileon.es\/tecnologia-minera-topografia-y-de-estructuras\/personal\/\"]}]},{\"@type\":\"WebSite\",\"@id\":\"https:\/\/departamentos.unileon.es\/tecnologia-minera-topografia-y-de-estructuras\/#website\",\"url\":\"https:\/\/departamentos.unileon.es\/tecnologia-minera-topografia-y-de-estructuras\/\",\"name\":\"Departamento de Tecnolog\u00eda Minera, Topograf\u00eda y de Estructuras\",\"description\":\"Otro sitio m\u00e1s de Universidad de Le\u00f3n\",\"potentialAction\":[{\"@type\":\"SearchAction\",\"target\":{\"@type\":\"EntryPoint\",\"urlTemplate\":\"https:\/\/departamentos.unileon.es\/tecnologia-minera-topografia-y-de-estructuras\/?s={search_term_string}\"},\"query-input\":{\"@type\":\"PropertyValueSpecification\",\"valueRequired\":true,\"valueName\":\"search_term_string\"}}],\"inLanguage\":\"es\"}]}<\/script>\n<!-- \/ Yoast SEO plugin. -->","yoast_head_json":{"title":"Personal - Departamento de Tecnolog\u00eda Minera, Topograf\u00eda y de Estructuras","robots":{"index":"index","follow":"follow","max-snippet":"max-snippet:-1","max-image-preview":"max-image-preview:large","max-video-preview":"max-video-preview:-1"},"canonical":"https:\/\/departamentos.unileon.es\/tecnologia-minera-topografia-y-de-estructuras\/personal\/","og_locale":"es_ES","og_type":"article","og_title":"Personal - Departamento de Tecnolog\u00eda Minera, Topograf\u00eda y de Estructuras","og_url":"https:\/\/departamentos.unileon.es\/tecnologia-minera-topografia-y-de-estructuras\/personal\/","og_site_name":"Departamento de Tecnolog\u00eda Minera, Topograf\u00eda y de Estructuras","article_modified_time":"2019-07-04T08:36:26+00:00","twitter_card":"summary_large_image","schema":{"@context":"https:\/\/schema.org","@graph":[{"@type":"WebPage","@id":"https:\/\/departamentos.unileon.es\/tecnologia-minera-topografia-y-de-estructuras\/personal\/","url":"https:\/\/departamentos.unileon.es\/tecnologia-minera-topografia-y-de-estructuras\/personal\/","name":"Personal - Departamento de Tecnolog\u00eda Minera, Topograf\u00eda y de Estructuras","isPartOf":{"@id":"https:\/\/departamentos.unileon.es\/tecnologia-minera-topografia-y-de-estructuras\/#website"},"datePublished":"2010-08-17T11:49:06+00:00","dateModified":"2019-07-04T08:36:26+00:00","inLanguage":"es","potentialAction":[{"@type":"ReadAction","target":["https:\/\/departamentos.unileon.es\/tecnologia-minera-topografia-y-de-estructuras\/personal\/"]}]},{"@type":"WebSite","@id":"https:\/\/departamentos.unileon.es\/tecnologia-minera-topografia-y-de-estructuras\/#website","url":"https:\/\/departamentos.unileon.es\/tecnologia-minera-topografia-y-de-estructuras\/","name":"Departamento de Tecnolog\u00eda Minera, Topograf\u00eda y de Estructuras","description":"Otro sitio m\u00e1s de Universidad de Le\u00f3n","potentialAction":[{"@type":"SearchAction","target":{"@type":"EntryPoint","urlTemplate":"https:\/\/departamentos.unileon.es\/tecnologia-minera-topografia-y-de-estructuras\/?s={search_term_string}"},"query-input":{"@type":"PropertyValueSpecification","valueRequired":true,"valueName":"search_term_string"}}],"inLanguage":"es"}]}},"_links":{"self":[{"href":"https:\/\/departamentos.unileon.es\/tecnologia-minera-topografia-y-de-estructuras\/wp-json\/wp\/v2\/pages\/11","targetHints":{"allow":["GET"]}}],"collection":[{"href":"https:\/\/departamentos.unileon.es\/tecnologia-minera-topografia-y-de-estructuras\/wp-json\/wp\/v2\/pages"}],"about":[{"href":"https:\/\/departamentos.unileon.es\/tecnologia-minera-topografia-y-de-estructuras\/wp-json\/wp\/v2\/types\/page"}],"author":[{"embeddable":true,"href":"https:\/\/departamentos.unileon.es\/tecnologia-minera-topografia-y-de-estructuras\/wp-json\/wp\/v2\/users\/1"}],"replies":[{"embeddable":true,"href":"https:\/\/departamentos.unileon.es\/tecnologia-minera-topografia-y-de-estructuras\/wp-json\/wp\/v2\/comments?post=11"}],"version-history":[{"count":7,"href":"https:\/\/departamentos.unileon.es\/tecnologia-minera-topografia-y-de-estructuras\/wp-json\/wp\/v2\/pages\/11\/revisions"}],"predecessor-version":[{"id":87,"href":"https:\/\/departamentos.unileon.es\/tecnologia-minera-topografia-y-de-estructuras\/wp-json\/wp\/v2\/pages\/11\/revisions\/87"}],"wp:attachment":[{"href":"https:\/\/departamentos.unileon.es\/tecnologia-minera-topografia-y-de-estructuras\/wp-json\/wp\/v2\/media?parent=11"}],"curies":[{"name":"wp","href":"https:\/\/api.w.org\/{rel}","templated":true}]}}