{"id":15,"date":"2010-08-17T11:45:18","date_gmt":"2010-08-17T11:45:18","guid":{"rendered":"http:\/\/departamentos.unileon.es\/sanidad-animal\/"},"modified":"2019-07-04T07:44:36","modified_gmt":"2019-07-04T07:44:36","slug":"asignaturas-impartidas","status":"publish","type":"page","link":"https:\/\/departamentos.unileon.es\/sanidad-animal\/asignaturas-impartidas\/","title":{"rendered":"Asignaturas Impartidas"},"content":{"rendered":"\r\n\r\n<h2>Estudios: Grado<\/h2>\r\n\r\n<h4>0106 GRADO EN VETERINARIA                         <\/h4>\r\n    <ul>\r\n            <li><a href=\"https:\/\/www.unileon.es\/estudiantes\/estudios\/oferta-de-estudios\/planes?curso=2024&id=0106005\">CITOLOG\u00cdA E HISTOLOG\u00cdA                                                                              <\/a><\/li>\r\n            <li><a href=\"https:\/\/www.unileon.es\/estudiantes\/estudios\/oferta-de-estudios\/planes?curso=2024&id=0106017\">ANATOM\u00cdA PATOL\u00d3GICA GENERAL                                                                         <\/a><\/li>\r\n            <li><a href=\"https:\/\/www.unileon.es\/estudiantes\/estudios\/oferta-de-estudios\/planes?curso=2024&id=0106015\">BIOESTADISTICA Y EPIDEMIOLOGIA                                                                      <\/a><\/li>\r\n            <li><a href=\"https:\/\/www.unileon.es\/estudiantes\/estudios\/oferta-de-estudios\/planes?curso=2024&id=0106012\">MICROBIOLOG\u00cdA E INMUNOLOG\u00cdA                                                                         <\/a><\/li>\r\n            <li><a href=\"https:\/\/www.unileon.es\/estudiantes\/estudios\/oferta-de-estudios\/planes?curso=2024&id=0106013\">PARASITOLOG\u00cdA                                                                                       <\/a><\/li>\r\n            <li><a href=\"https:\/\/www.unileon.es\/estudiantes\/estudios\/oferta-de-estudios\/planes?curso=2024&id=0106031\">ANATOM\u00cdA PATOL\u00d3GICA ESPECIAL                                                                        <\/a><\/li>\r\n            <li><a href=\"https:\/\/www.unileon.es\/estudiantes\/estudios\/oferta-de-estudios\/planes?curso=2024&id=0106032\">ENFERMEDADES INFECCIOSAS I                                                                          <\/a><\/li>\r\n            <li><a href=\"https:\/\/www.unileon.es\/estudiantes\/estudios\/oferta-de-estudios\/planes?curso=2024&id=0106037\">ENFERMEDADES INFECCIOSAS II                                                                         <\/a><\/li>\r\n            <li><a href=\"https:\/\/www.unileon.es\/estudiantes\/estudios\/oferta-de-estudios\/planes?curso=2024&id=0106033\">ENFERMEDADES PARASITARIAS                                                                           <\/a><\/li>\r\n            <li><a href=\"https:\/\/www.unileon.es\/estudiantes\/estudios\/oferta-de-estudios\/planes?curso=2024&id=0106039\">MEDICINA PREVENTIVA, POL\u00edTICA SANITARIA Y ZOONOSIS                                                  <\/a><\/li>\r\n        <\/ul>\r\n<br>\r\n\r\n<h4>0206 - GRADO EN BIOLOG\u00cdA<\/h4>\r\n    <ul>\r\n            <li><a href=\"https:\/\/www.unileon.es\/estudiantes\/estudios\/oferta-de-estudios\/planes?curso=2024&id=0206030\">INMUNOLOG\u00cdA: BASES DE LA INMUNIDAD                                                                  <\/a><\/li>\r\n        <\/ul>\r\n<br>\r\n\r\n<h4>0208 - GRADO EN BIOTECNOLOG\u00cdA<\/h4>\r\n    <ul>\r\n            <li><a href=\"https:\/\/www.unileon.es\/estudiantes\/estudios\/oferta-de-estudios\/planes?curso=2024&id=0208025\">INMUNOLOG\u00cdA                                                                                         <\/a><\/li>\r\n            <li><a href=\"https:\/\/www.unileon.es\/estudiantes\/estudios\/oferta-de-estudios\/planes?curso=2024&id=0208059\">INMUNOLOG\u00cdA: APLICACIONES EN BIOTECNOLOG\u00cdA Y BIOMEDICINA                                            <\/a><\/li>\r\n        <\/ul>\r\n<br>\r\n<h2>Estudios: Master Oficial<\/h2>\r\n\r\n<h4>0105 MU.INVES.EN VETER. Y C.Y TEC.DE LOS ALIMENTOS<\/h4>\r\n    <ul>\r\n            <li><a href=\"https:\/\/www.unileon.es\/estudiantes\/estudios\/oferta-de-estudios\/planes?curso=2024&id=0105030\">ENFERMEDADES INFECCIOSAS Y PARASITARIAS EN LOS PECES DE AGUA DULCE DE INTER\u00e9S EN ESPA\u00f1A             <\/a><\/li>\r\n            <li><a href=\"https:\/\/www.unileon.es\/estudiantes\/estudios\/oferta-de-estudios\/planes?curso=2024&id=0105011\">METODOLOG\u00cdA Y T\u00c9CNICAS DE INVESTIGACI\u00d3N EN PATOLOG\u00cdA ANIMAL                                         <\/a><\/li>\r\n            <li><a href=\"https:\/\/www.unileon.es\/estudiantes\/estudios\/oferta-de-estudios\/planes?curso=2024&id=0105006\">M\u00c9TODOS EPIDEMIOL\u00d3GICOS                                                                             <\/a><\/li>\r\n            <li><a href=\"https:\/\/www.unileon.es\/estudiantes\/estudios\/oferta-de-estudios\/planes?curso=2024&id=0105034\">PARASITOLOG\u00cdA Y ENFERMEDADES PARASITARIAS EN ANIMALES SILVESTRES                                    <\/a><\/li>\r\n            <li><a href=\"https:\/\/www.unileon.es\/estudiantes\/estudios\/oferta-de-estudios\/planes?curso=2024&id=0105028\">PATOLOG\u00cdA Y SANIDAD OVINA                                                                           <\/a><\/li>\r\n            <li><a href=\"https:\/\/www.unileon.es\/estudiantes\/estudios\/oferta-de-estudios\/planes?curso=2024&id=0105029\">PROCESOS DE LA REPRODUCCI\u00d3N DE ETIOLOG\u00cdA INFECCIOSA EN EL GANADO VACUNO                             <\/a><\/li>\r\n            <li><a href=\"https:\/\/www.unileon.es\/estudiantes\/estudios\/oferta-de-estudios\/planes?curso=2024&id=0105031\">PROCESOS DIGESTIVOS Y RESPIRATORIOS DE CAR\u00c1CTER INFECCIOSO EN EL GANADO PORCINO                     <\/a><\/li>\r\n            <li><a href=\"https:\/\/www.unileon.es\/estudiantes\/estudios\/oferta-de-estudios\/planes?curso=2024&id=0105010\">TUMORES EN VETERINARIA                                                                              <\/a><\/li>\r\n        <\/ul>\r\n<br>\r\n\r\n<h4>0604 - MU.GEST.DE PREV.DE RIESGOS LABORALES<\/h4>\r\n    <ul>\r\n            <li><a href=\"https:\/\/www.unileon.es\/estudiantes\/estudios\/oferta-de-estudios\/planes?curso=2024&id=0604007\">AGENTES BIOL\u00d3GICOS                                                                                  <\/a><\/li>\r\n        <\/ul>\r\n<br>\r\n\r\n<h4>1710 INNO.EN CIENCIAS BIOMEDICAS Y DE LA SALUD    <\/h4>\r\n    <ul>\r\n    \r\n        <li><a href=\"https:\/\/www.unileon.es\/estudiantes\/estudiantes-grado\/oferta-de-estudios\/planes?curso=2024&id=1710006\">PROTOCOLOS DIAGN\u00d3STICOS EN ONCOLOG\u00cdA Y QUIMIOTERAPIA                                                <\/a><\/li>\r\n        <\/ul>\r\n<br>\r\n\r\n<h4>1730 - INNO.EN CIENCIAS BIOMEDICAS Y DE LA SALUD(OL)<\/h4>\r\n    <ul>\r\n    \r\n        <li><a href=\"https:\/\/www.unileon.es\/estudiantes\/estudiantes-grado\/oferta-de-estudios\/planes?curso=2024&id=1730006\">PROTOCOLOS DIAGN\u00d3STICOS EN ONCOLOG\u00cdA Y QUIMIOTERAPIA                                                <\/a><\/li>\r\n        <\/ul>\r\n<br>\r\n\r\n<h4>1737 - MASTER UNIVERSITARIO EN PRODUCCION DE INDUSTRIAS FARMACEUTICAS<\/h4>\r\n    <ul>\r\n    \r\n        <li><a href=\"https:\/\/www.unileon.es\/estudiantes\/estudiantes-grado\/oferta-de-estudios\/planes?curso=2024&id=1737118\">FUNDAMENTOS Y BASES METODOL\u00d3GICAS EN INVESTIGACI\u00d3N                                                  <\/a><\/li>\r\n        <\/ul>\r\n<br>\r\n\r\n<h4>1749 - M.U.INV. ATENCI\u00d3N PRIMARIA DE SALUD<\/h4>\r\n    <ul>\r\n    \r\n        <li><a href=\"https:\/\/www.unileon.es\/estudiantes\/estudiantes-grado\/oferta-de-estudios\/planes?curso=2024&id=1749002\">INTRODUCCI\u00d3N A LA METODOLOG\u00cdA DE LA INVESTIGACI\u00d3N (A2)                                              <\/a><\/li>\r\n        <\/ul>\r\n<br>\r\n","protected":false},"excerpt":{"rendered":"","protected":false},"author":1,"featured_media":0,"parent":0,"menu_order":5,"comment_status":"closed","ping_status":"open","template":"","meta":{"ngg_post_thumbnail":0,"footnotes":""},"class_list":["post-15","page","type-page","status-publish","hentry"],"yoast_head":"<!-- This site is optimized with the Yoast SEO plugin v25.8 - https:\/\/yoast.com\/wordpress\/plugins\/seo\/ -->\n<title>Asignaturas Impartidas - Departamento de Sanidad Animal<\/title>\n<meta name=\"robots\" content=\"index, follow, max-snippet:-1, max-image-preview:large, max-video-preview:-1\" \/>\n<link rel=\"canonical\" href=\"https:\/\/departamentos.unileon.es\/sanidad-animal\/asignaturas-impartidas\/\" \/>\n<meta property=\"og:locale\" content=\"es_ES\" \/>\n<meta property=\"og:type\" content=\"article\" \/>\n<meta property=\"og:title\" content=\"Asignaturas Impartidas - Departamento de Sanidad Animal\" \/>\n<meta property=\"og:url\" content=\"https:\/\/departamentos.unileon.es\/sanidad-animal\/asignaturas-impartidas\/\" \/>\n<meta property=\"og:site_name\" content=\"Departamento de Sanidad Animal\" \/>\n<meta property=\"article:modified_time\" content=\"2019-07-04T07:44:36+00:00\" \/>\n<meta name=\"twitter:card\" content=\"summary_large_image\" \/>\n<script type=\"application\/ld+json\" class=\"yoast-schema-graph\">{\"@context\":\"https:\/\/schema.org\",\"@graph\":[{\"@type\":\"WebPage\",\"@id\":\"https:\/\/departamentos.unileon.es\/sanidad-animal\/asignaturas-impartidas\/\",\"url\":\"https:\/\/departamentos.unileon.es\/sanidad-animal\/asignaturas-impartidas\/\",\"name\":\"Asignaturas Impartidas - Departamento de Sanidad Animal\",\"isPartOf\":{\"@id\":\"https:\/\/departamentos.unileon.es\/sanidad-animal\/#website\"},\"datePublished\":\"2010-08-17T11:45:18+00:00\",\"dateModified\":\"2019-07-04T07:44:36+00:00\",\"inLanguage\":\"es\",\"potentialAction\":[{\"@type\":\"ReadAction\",\"target\":[\"https:\/\/departamentos.unileon.es\/sanidad-animal\/asignaturas-impartidas\/\"]}]},{\"@type\":\"WebSite\",\"@id\":\"https:\/\/departamentos.unileon.es\/sanidad-animal\/#website\",\"url\":\"https:\/\/departamentos.unileon.es\/sanidad-animal\/\",\"name\":\"Departamento de Sanidad Animal\",\"description\":\"Otro sitio m\u00e1s de Universidad de Le\u00f3n\",\"potentialAction\":[{\"@type\":\"SearchAction\",\"target\":{\"@type\":\"EntryPoint\",\"urlTemplate\":\"https:\/\/departamentos.unileon.es\/sanidad-animal\/?s={search_term_string}\"},\"query-input\":{\"@type\":\"PropertyValueSpecification\",\"valueRequired\":true,\"valueName\":\"search_term_string\"}}],\"inLanguage\":\"es\"}]}<\/script>\n<!-- \/ Yoast SEO plugin. -->","yoast_head_json":{"title":"Asignaturas Impartidas - Departamento de Sanidad Animal","robots":{"index":"index","follow":"follow","max-snippet":"max-snippet:-1","max-image-preview":"max-image-preview:large","max-video-preview":"max-video-preview:-1"},"canonical":"https:\/\/departamentos.unileon.es\/sanidad-animal\/asignaturas-impartidas\/","og_locale":"es_ES","og_type":"article","og_title":"Asignaturas Impartidas - Departamento de Sanidad Animal","og_url":"https:\/\/departamentos.unileon.es\/sanidad-animal\/asignaturas-impartidas\/","og_site_name":"Departamento de Sanidad Animal","article_modified_time":"2019-07-04T07:44:36+00:00","twitter_card":"summary_large_image","schema":{"@context":"https:\/\/schema.org","@graph":[{"@type":"WebPage","@id":"https:\/\/departamentos.unileon.es\/sanidad-animal\/asignaturas-impartidas\/","url":"https:\/\/departamentos.unileon.es\/sanidad-animal\/asignaturas-impartidas\/","name":"Asignaturas Impartidas - Departamento de Sanidad Animal","isPartOf":{"@id":"https:\/\/departamentos.unileon.es\/sanidad-animal\/#website"},"datePublished":"2010-08-17T11:45:18+00:00","dateModified":"2019-07-04T07:44:36+00:00","inLanguage":"es","potentialAction":[{"@type":"ReadAction","target":["https:\/\/departamentos.unileon.es\/sanidad-animal\/asignaturas-impartidas\/"]}]},{"@type":"WebSite","@id":"https:\/\/departamentos.unileon.es\/sanidad-animal\/#website","url":"https:\/\/departamentos.unileon.es\/sanidad-animal\/","name":"Departamento de Sanidad Animal","description":"Otro sitio m\u00e1s de Universidad de Le\u00f3n","potentialAction":[{"@type":"SearchAction","target":{"@type":"EntryPoint","urlTemplate":"https:\/\/departamentos.unileon.es\/sanidad-animal\/?s={search_term_string}"},"query-input":{"@type":"PropertyValueSpecification","valueRequired":true,"valueName":"search_term_string"}}],"inLanguage":"es"}]}},"_links":{"self":[{"href":"https:\/\/departamentos.unileon.es\/sanidad-animal\/wp-json\/wp\/v2\/pages\/15","targetHints":{"allow":["GET"]}}],"collection":[{"href":"https:\/\/departamentos.unileon.es\/sanidad-animal\/wp-json\/wp\/v2\/pages"}],"about":[{"href":"https:\/\/departamentos.unileon.es\/sanidad-animal\/wp-json\/wp\/v2\/types\/page"}],"author":[{"embeddable":true,"href":"https:\/\/departamentos.unileon.es\/sanidad-animal\/wp-json\/wp\/v2\/users\/1"}],"replies":[{"embeddable":true,"href":"https:\/\/departamentos.unileon.es\/sanidad-animal\/wp-json\/wp\/v2\/comments?post=15"}],"version-history":[{"count":7,"href":"https:\/\/departamentos.unileon.es\/sanidad-animal\/wp-json\/wp\/v2\/pages\/15\/revisions"}],"predecessor-version":[{"id":98,"href":"https:\/\/departamentos.unileon.es\/sanidad-animal\/wp-json\/wp\/v2\/pages\/15\/revisions\/98"}],"wp:attachment":[{"href":"https:\/\/departamentos.unileon.es\/sanidad-animal\/wp-json\/wp\/v2\/media?parent=15"}],"curies":[{"name":"wp","href":"https:\/\/api.w.org\/{rel}","templated":true}]}}