{"id":35,"date":"2010-09-15T11:06:13","date_gmt":"2010-09-15T11:06:13","guid":{"rendered":"http:\/\/departamentos.unileon.es\/quimica-y-fisica-aplicadas\/"},"modified":"2023-06-09T10:58:21","modified_gmt":"2023-06-09T10:58:21","slug":"ubicacion-y-contacto","status":"publish","type":"page","link":"https:\/\/departamentos.unileon.es\/quimica-y-fisica-aplicadas\/ubicacion-y-contacto\/","title":{"rendered":"Ubicaci\u00f3n y Contacto"},"content":{"rendered":"<table>\n<tbody>\n<tr>\n<th class=\"alignleft\">P\u00e1gina Web del Departamento<\/th>\n<td><a class=\"enlace\" href=\"http:\/\/departamentos.unileon.es\/quimica-y-fisica-aplicadas\/\">http:\/\/departamentos.unileon.es\/quimica-y-fisica-aplicadas\/<\/a><\/td>\n<\/tr>\n<tr>\n<th class=\"alignleft\">Direcci\u00f3n Postal<\/th>\n<td>Departamento de Qu\u00edmica y F\u00edsica Aplicadas\nUNIVERSIDAD DE LE\u00d3N\nFacultad de Biolog\u00eda\nCampus de Vegazana, s\/n\n24071 LE\u00d3N<\/td>\n<\/tr>\n<tr>\n<th class=\"alignleft\">Tel\u00e9fono<\/th>\n<td>&nbsp;987 29 15 46<\/td>\n<\/tr>\n<tr>\n<th class=\"alignleft\">Buz\u00f3n electr\u00f3nico<\/th>\n<td><a href=\"mailto:dqfadm@unileon.es\">dqfadm@unileon.es<\/a><\/td>\n<\/tr>\n<\/tbody>\n<\/table>","protected":false},"excerpt":{"rendered":"<p>P\u00e1gina Web del Departamento http:\/\/departamentos.unileon.es\/quimica-y-fisica-aplicadas\/ Direcci\u00f3n Postal Departamento de Qu\u00edmica y F\u00edsica Aplicadas UNIVERSIDAD DE LE\u00d3N Facultad de Biolog\u00eda Campus de Vegazana, s\/n 24071 LE\u00d3N Tel\u00e9fono &nbsp;987 29 15 46 Buz\u00f3n electr\u00f3nico dqfadm@unileon.es<\/p>\n","protected":false},"author":30,"featured_media":0,"parent":0,"menu_order":0,"comment_status":"closed","ping_status":"open","template":"","meta":{"ngg_post_thumbnail":0,"footnotes":""},"class_list":["post-35","page","type-page","status-publish","hentry"],"yoast_head":"<!-- This site is optimized with the Yoast SEO plugin v25.8 - https:\/\/yoast.com\/wordpress\/plugins\/seo\/ -->\n<title>Ubicaci\u00f3n y Contacto - Departamento de Qu\u00edmica y F\u00edsica Aplicadas<\/title>\n<meta name=\"robots\" content=\"index, follow, max-snippet:-1, max-image-preview:large, max-video-preview:-1\" \/>\n<link rel=\"canonical\" href=\"https:\/\/departamentos.unileon.es\/quimica-y-fisica-aplicadas\/ubicacion-y-contacto\/\" \/>\n<meta property=\"og:locale\" content=\"es_ES\" \/>\n<meta property=\"og:type\" content=\"article\" \/>\n<meta property=\"og:title\" content=\"Ubicaci\u00f3n y Contacto - Departamento de Qu\u00edmica y F\u00edsica Aplicadas\" \/>\n<meta property=\"og:description\" content=\"P\u00e1gina Web del Departamento http:\/\/departamentos.unileon.es\/quimica-y-fisica-aplicadas\/ Direcci\u00f3n Postal Departamento de Qu\u00edmica y F\u00edsica Aplicadas UNIVERSIDAD DE LE\u00d3N Facultad de Biolog\u00eda Campus de Vegazana, s\/n 24071 LE\u00d3N Tel\u00e9fono &nbsp;987 29 15 46 Buz\u00f3n electr\u00f3nico dqfadm@unileon.es\" \/>\n<meta property=\"og:url\" content=\"https:\/\/departamentos.unileon.es\/quimica-y-fisica-aplicadas\/ubicacion-y-contacto\/\" \/>\n<meta property=\"og:site_name\" content=\"Departamento de Qu\u00edmica y F\u00edsica Aplicadas\" \/>\n<meta property=\"article:modified_time\" content=\"2023-06-09T10:58:21+00:00\" \/>\n<meta name=\"twitter:card\" content=\"summary_large_image\" \/>\n<meta name=\"twitter:label1\" content=\"Tiempo de lectura\" \/>\n\t<meta name=\"twitter:data1\" content=\"1 minuto\" \/>\n<script type=\"application\/ld+json\" class=\"yoast-schema-graph\">{\"@context\":\"https:\/\/schema.org\",\"@graph\":[{\"@type\":\"WebPage\",\"@id\":\"https:\/\/departamentos.unileon.es\/quimica-y-fisica-aplicadas\/ubicacion-y-contacto\/\",\"url\":\"https:\/\/departamentos.unileon.es\/quimica-y-fisica-aplicadas\/ubicacion-y-contacto\/\",\"name\":\"Ubicaci\u00f3n y Contacto - Departamento de Qu\u00edmica y F\u00edsica Aplicadas\",\"isPartOf\":{\"@id\":\"https:\/\/departamentos.unileon.es\/quimica-y-fisica-aplicadas\/#website\"},\"datePublished\":\"2010-09-15T11:06:13+00:00\",\"dateModified\":\"2023-06-09T10:58:21+00:00\",\"inLanguage\":\"es\",\"potentialAction\":[{\"@type\":\"ReadAction\",\"target\":[\"https:\/\/departamentos.unileon.es\/quimica-y-fisica-aplicadas\/ubicacion-y-contacto\/\"]}]},{\"@type\":\"WebSite\",\"@id\":\"https:\/\/departamentos.unileon.es\/quimica-y-fisica-aplicadas\/#website\",\"url\":\"https:\/\/departamentos.unileon.es\/quimica-y-fisica-aplicadas\/\",\"name\":\"Departamento de Qu\u00edmica y F\u00edsica Aplicadas\",\"description\":\"Otro sitio m\u00e1s de Universidad de Le\u00f3n\",\"potentialAction\":[{\"@type\":\"SearchAction\",\"target\":{\"@type\":\"EntryPoint\",\"urlTemplate\":\"https:\/\/departamentos.unileon.es\/quimica-y-fisica-aplicadas\/?s={search_term_string}\"},\"query-input\":{\"@type\":\"PropertyValueSpecification\",\"valueRequired\":true,\"valueName\":\"search_term_string\"}}],\"inLanguage\":\"es\"}]}<\/script>\n<!-- \/ Yoast SEO plugin. -->","yoast_head_json":{"title":"Ubicaci\u00f3n y Contacto - Departamento de Qu\u00edmica y F\u00edsica Aplicadas","robots":{"index":"index","follow":"follow","max-snippet":"max-snippet:-1","max-image-preview":"max-image-preview:large","max-video-preview":"max-video-preview:-1"},"canonical":"https:\/\/departamentos.unileon.es\/quimica-y-fisica-aplicadas\/ubicacion-y-contacto\/","og_locale":"es_ES","og_type":"article","og_title":"Ubicaci\u00f3n y Contacto - Departamento de Qu\u00edmica y F\u00edsica Aplicadas","og_description":"P\u00e1gina Web del Departamento http:\/\/departamentos.unileon.es\/quimica-y-fisica-aplicadas\/ Direcci\u00f3n Postal Departamento de Qu\u00edmica y F\u00edsica Aplicadas UNIVERSIDAD DE LE\u00d3N Facultad de Biolog\u00eda Campus de Vegazana, s\/n 24071 LE\u00d3N Tel\u00e9fono &nbsp;987 29 15 46 Buz\u00f3n electr\u00f3nico dqfadm@unileon.es","og_url":"https:\/\/departamentos.unileon.es\/quimica-y-fisica-aplicadas\/ubicacion-y-contacto\/","og_site_name":"Departamento de Qu\u00edmica y F\u00edsica Aplicadas","article_modified_time":"2023-06-09T10:58:21+00:00","twitter_card":"summary_large_image","twitter_misc":{"Tiempo de lectura":"1 minuto"},"schema":{"@context":"https:\/\/schema.org","@graph":[{"@type":"WebPage","@id":"https:\/\/departamentos.unileon.es\/quimica-y-fisica-aplicadas\/ubicacion-y-contacto\/","url":"https:\/\/departamentos.unileon.es\/quimica-y-fisica-aplicadas\/ubicacion-y-contacto\/","name":"Ubicaci\u00f3n y Contacto - Departamento de Qu\u00edmica y F\u00edsica Aplicadas","isPartOf":{"@id":"https:\/\/departamentos.unileon.es\/quimica-y-fisica-aplicadas\/#website"},"datePublished":"2010-09-15T11:06:13+00:00","dateModified":"2023-06-09T10:58:21+00:00","inLanguage":"es","potentialAction":[{"@type":"ReadAction","target":["https:\/\/departamentos.unileon.es\/quimica-y-fisica-aplicadas\/ubicacion-y-contacto\/"]}]},{"@type":"WebSite","@id":"https:\/\/departamentos.unileon.es\/quimica-y-fisica-aplicadas\/#website","url":"https:\/\/departamentos.unileon.es\/quimica-y-fisica-aplicadas\/","name":"Departamento de Qu\u00edmica y F\u00edsica Aplicadas","description":"Otro sitio m\u00e1s de Universidad de Le\u00f3n","potentialAction":[{"@type":"SearchAction","target":{"@type":"EntryPoint","urlTemplate":"https:\/\/departamentos.unileon.es\/quimica-y-fisica-aplicadas\/?s={search_term_string}"},"query-input":{"@type":"PropertyValueSpecification","valueRequired":true,"valueName":"search_term_string"}}],"inLanguage":"es"}]}},"_links":{"self":[{"href":"https:\/\/departamentos.unileon.es\/quimica-y-fisica-aplicadas\/wp-json\/wp\/v2\/pages\/35","targetHints":{"allow":["GET"]}}],"collection":[{"href":"https:\/\/departamentos.unileon.es\/quimica-y-fisica-aplicadas\/wp-json\/wp\/v2\/pages"}],"about":[{"href":"https:\/\/departamentos.unileon.es\/quimica-y-fisica-aplicadas\/wp-json\/wp\/v2\/types\/page"}],"author":[{"embeddable":true,"href":"https:\/\/departamentos.unileon.es\/quimica-y-fisica-aplicadas\/wp-json\/wp\/v2\/users\/30"}],"replies":[{"embeddable":true,"href":"https:\/\/departamentos.unileon.es\/quimica-y-fisica-aplicadas\/wp-json\/wp\/v2\/comments?post=35"}],"version-history":[{"count":4,"href":"https:\/\/departamentos.unileon.es\/quimica-y-fisica-aplicadas\/wp-json\/wp\/v2\/pages\/35\/revisions"}],"predecessor-version":[{"id":121,"href":"https:\/\/departamentos.unileon.es\/quimica-y-fisica-aplicadas\/wp-json\/wp\/v2\/pages\/35\/revisions\/121"}],"wp:attachment":[{"href":"https:\/\/departamentos.unileon.es\/quimica-y-fisica-aplicadas\/wp-json\/wp\/v2\/media?parent=35"}],"curies":[{"name":"wp","href":"https:\/\/api.w.org\/{rel}","templated":true}]}}