{"id":18,"date":"2010-08-17T11:18:54","date_gmt":"2010-08-17T11:18:54","guid":{"rendered":"http:\/\/departamentos.unileon.es\/produccion-animal\/"},"modified":"2012-03-02T07:53:14","modified_gmt":"2012-03-02T07:53:14","slug":"programas-de-doctorado","status":"publish","type":"page","link":"https:\/\/departamentos.unileon.es\/produccion-animal\/programas-de-doctorado\/","title":{"rendered":"Programas de Doctorado"},"content":{"rendered":"<h3>Programa de Doctorado EEES (R.D. 1393\/2007)<\/h3>\r\n<a href=\"http:\/\/cornon.unileon.es\/estudiantes\/estudiantes-doctorado\/programas\/medicina-sanidad-y-produccion-animal-y-ciencia-de-los-alimentos\">206 Medicina, sanidad y producci\u00f3n animal y ciencia de los alimentos<\/a>\r\n<h3>Programas de Doctorado R.D. 778\/98<\/h3>\r\n<a href=\"http:\/\/www3.unileon.es\/dp\/dp1\/docen.tercer.ar.indice.html\">ALIMENTACI\u00d3N DE RUMIANTES<\/a>\r\n\r\n<a href=\"http:\/\/www3.unileon.es\/dp\/dp1\/docen.tercer.html\">PRODUCCI\u00d3N Y SANIDAD OVINA<\/a>","protected":false},"excerpt":{"rendered":"<p>Programa de Doctorado EEES (R.D. 1393\/2007) 206 Medicina, sanidad y producci\u00f3n animal y ciencia de los alimentos Programas de Doctorado R.D. 778\/98 ALIMENTACI\u00d3N DE RUMIANTES PRODUCCI\u00d3N Y SANIDAD OVINA<\/p>\n","protected":false},"author":44,"featured_media":0,"parent":0,"menu_order":7,"comment_status":"closed","ping_status":"open","template":"","meta":{"ngg_post_thumbnail":0,"footnotes":""},"class_list":["post-18","page","type-page","status-publish","hentry"],"yoast_head":"<!-- This site is optimized with the Yoast SEO plugin v25.8 - https:\/\/yoast.com\/wordpress\/plugins\/seo\/ -->\n<title>Programas de Doctorado - Departamento de Producci\u00f3n Animal<\/title>\n<meta name=\"robots\" content=\"index, follow, max-snippet:-1, max-image-preview:large, max-video-preview:-1\" \/>\n<link rel=\"canonical\" href=\"https:\/\/departamentos.unileon.es\/produccion-animal\/programas-de-doctorado\/\" \/>\n<meta property=\"og:locale\" content=\"es_ES\" \/>\n<meta property=\"og:type\" content=\"article\" \/>\n<meta property=\"og:title\" content=\"Programas de Doctorado - Departamento de Producci\u00f3n Animal\" \/>\n<meta property=\"og:description\" content=\"Programa de Doctorado EEES (R.D. 1393\/2007) 206 Medicina, sanidad y producci\u00f3n animal y ciencia de los alimentos Programas de Doctorado R.D. 778\/98 ALIMENTACI\u00d3N DE RUMIANTES PRODUCCI\u00d3N Y SANIDAD OVINA\" \/>\n<meta property=\"og:url\" content=\"https:\/\/departamentos.unileon.es\/produccion-animal\/programas-de-doctorado\/\" \/>\n<meta property=\"og:site_name\" content=\"Departamento de Producci\u00f3n Animal\" \/>\n<meta property=\"article:modified_time\" content=\"2012-03-02T07:53:14+00:00\" \/>\n<meta name=\"twitter:card\" content=\"summary_large_image\" \/>\n<script type=\"application\/ld+json\" class=\"yoast-schema-graph\">{\"@context\":\"https:\/\/schema.org\",\"@graph\":[{\"@type\":\"WebPage\",\"@id\":\"https:\/\/departamentos.unileon.es\/produccion-animal\/programas-de-doctorado\/\",\"url\":\"https:\/\/departamentos.unileon.es\/produccion-animal\/programas-de-doctorado\/\",\"name\":\"Programas de Doctorado - Departamento de Producci\u00f3n Animal\",\"isPartOf\":{\"@id\":\"https:\/\/departamentos.unileon.es\/produccion-animal\/#website\"},\"datePublished\":\"2010-08-17T11:18:54+00:00\",\"dateModified\":\"2012-03-02T07:53:14+00:00\",\"inLanguage\":\"es\",\"potentialAction\":[{\"@type\":\"ReadAction\",\"target\":[\"https:\/\/departamentos.unileon.es\/produccion-animal\/programas-de-doctorado\/\"]}]},{\"@type\":\"WebSite\",\"@id\":\"https:\/\/departamentos.unileon.es\/produccion-animal\/#website\",\"url\":\"https:\/\/departamentos.unileon.es\/produccion-animal\/\",\"name\":\"Departamento de Producci\u00f3n Animal\",\"description\":\"Otro sitio m\u00e1s de Universidad de Le\u00f3n\",\"potentialAction\":[{\"@type\":\"SearchAction\",\"target\":{\"@type\":\"EntryPoint\",\"urlTemplate\":\"https:\/\/departamentos.unileon.es\/produccion-animal\/?s={search_term_string}\"},\"query-input\":{\"@type\":\"PropertyValueSpecification\",\"valueRequired\":true,\"valueName\":\"search_term_string\"}}],\"inLanguage\":\"es\"}]}<\/script>\n<!-- \/ Yoast SEO plugin. -->","yoast_head_json":{"title":"Programas de Doctorado - Departamento de Producci\u00f3n Animal","robots":{"index":"index","follow":"follow","max-snippet":"max-snippet:-1","max-image-preview":"max-image-preview:large","max-video-preview":"max-video-preview:-1"},"canonical":"https:\/\/departamentos.unileon.es\/produccion-animal\/programas-de-doctorado\/","og_locale":"es_ES","og_type":"article","og_title":"Programas de Doctorado - Departamento de Producci\u00f3n Animal","og_description":"Programa de Doctorado EEES (R.D. 1393\/2007) 206 Medicina, sanidad y producci\u00f3n animal y ciencia de los alimentos Programas de Doctorado R.D. 778\/98 ALIMENTACI\u00d3N DE RUMIANTES PRODUCCI\u00d3N Y SANIDAD OVINA","og_url":"https:\/\/departamentos.unileon.es\/produccion-animal\/programas-de-doctorado\/","og_site_name":"Departamento de Producci\u00f3n Animal","article_modified_time":"2012-03-02T07:53:14+00:00","twitter_card":"summary_large_image","schema":{"@context":"https:\/\/schema.org","@graph":[{"@type":"WebPage","@id":"https:\/\/departamentos.unileon.es\/produccion-animal\/programas-de-doctorado\/","url":"https:\/\/departamentos.unileon.es\/produccion-animal\/programas-de-doctorado\/","name":"Programas de Doctorado - Departamento de Producci\u00f3n Animal","isPartOf":{"@id":"https:\/\/departamentos.unileon.es\/produccion-animal\/#website"},"datePublished":"2010-08-17T11:18:54+00:00","dateModified":"2012-03-02T07:53:14+00:00","inLanguage":"es","potentialAction":[{"@type":"ReadAction","target":["https:\/\/departamentos.unileon.es\/produccion-animal\/programas-de-doctorado\/"]}]},{"@type":"WebSite","@id":"https:\/\/departamentos.unileon.es\/produccion-animal\/#website","url":"https:\/\/departamentos.unileon.es\/produccion-animal\/","name":"Departamento de Producci\u00f3n Animal","description":"Otro sitio m\u00e1s de Universidad de Le\u00f3n","potentialAction":[{"@type":"SearchAction","target":{"@type":"EntryPoint","urlTemplate":"https:\/\/departamentos.unileon.es\/produccion-animal\/?s={search_term_string}"},"query-input":{"@type":"PropertyValueSpecification","valueRequired":true,"valueName":"search_term_string"}}],"inLanguage":"es"}]}},"_links":{"self":[{"href":"https:\/\/departamentos.unileon.es\/produccion-animal\/wp-json\/wp\/v2\/pages\/18","targetHints":{"allow":["GET"]}}],"collection":[{"href":"https:\/\/departamentos.unileon.es\/produccion-animal\/wp-json\/wp\/v2\/pages"}],"about":[{"href":"https:\/\/departamentos.unileon.es\/produccion-animal\/wp-json\/wp\/v2\/types\/page"}],"author":[{"embeddable":true,"href":"https:\/\/departamentos.unileon.es\/produccion-animal\/wp-json\/wp\/v2\/users\/44"}],"replies":[{"embeddable":true,"href":"https:\/\/departamentos.unileon.es\/produccion-animal\/wp-json\/wp\/v2\/comments?post=18"}],"version-history":[{"count":8,"href":"https:\/\/departamentos.unileon.es\/produccion-animal\/wp-json\/wp\/v2\/pages\/18\/revisions"}],"predecessor-version":[{"id":229,"href":"https:\/\/departamentos.unileon.es\/produccion-animal\/wp-json\/wp\/v2\/pages\/18\/revisions\/229"}],"wp:attachment":[{"href":"https:\/\/departamentos.unileon.es\/produccion-animal\/wp-json\/wp\/v2\/media?parent=18"}],"curies":[{"name":"wp","href":"https:\/\/api.w.org\/{rel}","templated":true}]}}