{"id":152,"date":"2011-03-31T08:00:06","date_gmt":"2011-03-31T08:00:06","guid":{"rendered":"http:\/\/departamentos.unileon.es\/produccion-animal\/?page_id=152"},"modified":"2024-01-25T12:19:22","modified_gmt":"2024-01-25T12:19:22","slug":"organos-directivos","status":"publish","type":"page","link":"https:\/\/departamentos.unileon.es\/produccion-animal\/organos-directivos\/","title":{"rendered":"\u00d3rganos Directivos"},"content":{"rendered":"<table>\n<tbody>\n<tr>\n<th>Director de Departamento<\/th>\n<td><strong><a href=\"mailto:jjarrs@unileon.es\">Juan Jos\u00e9 Arranz Santos<\/a><\/strong><\/td>\n<td>Tel\u00e9fono: 291470<\/td>\n<\/tr>\n<tr>\n<th>Subdirectora de Departamento<\/th>\n<td><strong><a href=\"mailto:msaeg@unileon.es\">Mar\u00eda Saez-Royuela Gonzalo<\/a><\/strong><\/td>\n<td>Tel\u00e9fono: 291186<\/td>\n<\/tr>\n<tr>\n<th>Secretaria de Departamento<\/th>\n<td><strong><a href=\"mailto:cristina.saro@unileon.es\">Cristina Saro Higuera<\/a><\/strong><\/td>\n<td>Tel\u00e9fono: 291312<\/td>\n<\/tr>\n<\/tbody>\n<\/table>","protected":false},"excerpt":{"rendered":"<p>Director de Departamento Juan Jos\u00e9 Arranz Santos Tel\u00e9fono: 291470 Subdirectora de Departamento Mar\u00eda Saez-Royuela Gonzalo Tel\u00e9fono: 291186 Secretaria de Departamento Cristina Saro Higuera Tel\u00e9fono: 291312<\/p>\n","protected":false},"author":44,"featured_media":0,"parent":0,"menu_order":0,"comment_status":"closed","ping_status":"closed","template":"","meta":{"ngg_post_thumbnail":0,"footnotes":""},"class_list":["post-152","page","type-page","status-publish","hentry"],"yoast_head":"<!-- This site is optimized with the Yoast SEO plugin v25.8 - https:\/\/yoast.com\/wordpress\/plugins\/seo\/ -->\n<title>\u00d3rganos Directivos - Departamento de Producci\u00f3n Animal<\/title>\n<meta name=\"robots\" content=\"index, follow, max-snippet:-1, max-image-preview:large, max-video-preview:-1\" \/>\n<link rel=\"canonical\" href=\"https:\/\/departamentos.unileon.es\/produccion-animal\/organos-directivos\/\" \/>\n<meta property=\"og:locale\" content=\"es_ES\" \/>\n<meta property=\"og:type\" content=\"article\" \/>\n<meta property=\"og:title\" content=\"\u00d3rganos Directivos - Departamento de Producci\u00f3n Animal\" \/>\n<meta property=\"og:description\" content=\"Director de Departamento Juan Jos\u00e9 Arranz Santos Tel\u00e9fono: 291470 Subdirectora de Departamento Mar\u00eda Saez-Royuela Gonzalo Tel\u00e9fono: 291186 Secretaria de Departamento Cristina Saro Higuera Tel\u00e9fono: 291312\" \/>\n<meta property=\"og:url\" content=\"https:\/\/departamentos.unileon.es\/produccion-animal\/organos-directivos\/\" \/>\n<meta property=\"og:site_name\" content=\"Departamento de Producci\u00f3n Animal\" \/>\n<meta property=\"article:modified_time\" content=\"2024-01-25T12:19:22+00:00\" \/>\n<meta name=\"twitter:card\" content=\"summary_large_image\" \/>\n<meta name=\"twitter:label1\" content=\"Tiempo de lectura\" \/>\n\t<meta name=\"twitter:data1\" content=\"1 minuto\" \/>\n<script type=\"application\/ld+json\" class=\"yoast-schema-graph\">{\"@context\":\"https:\/\/schema.org\",\"@graph\":[{\"@type\":\"WebPage\",\"@id\":\"https:\/\/departamentos.unileon.es\/produccion-animal\/organos-directivos\/\",\"url\":\"https:\/\/departamentos.unileon.es\/produccion-animal\/organos-directivos\/\",\"name\":\"\u00d3rganos Directivos - Departamento de Producci\u00f3n Animal\",\"isPartOf\":{\"@id\":\"https:\/\/departamentos.unileon.es\/produccion-animal\/#website\"},\"datePublished\":\"2011-03-31T08:00:06+00:00\",\"dateModified\":\"2024-01-25T12:19:22+00:00\",\"inLanguage\":\"es\",\"potentialAction\":[{\"@type\":\"ReadAction\",\"target\":[\"https:\/\/departamentos.unileon.es\/produccion-animal\/organos-directivos\/\"]}]},{\"@type\":\"WebSite\",\"@id\":\"https:\/\/departamentos.unileon.es\/produccion-animal\/#website\",\"url\":\"https:\/\/departamentos.unileon.es\/produccion-animal\/\",\"name\":\"Departamento de Producci\u00f3n Animal\",\"description\":\"Otro sitio m\u00e1s de Universidad de Le\u00f3n\",\"potentialAction\":[{\"@type\":\"SearchAction\",\"target\":{\"@type\":\"EntryPoint\",\"urlTemplate\":\"https:\/\/departamentos.unileon.es\/produccion-animal\/?s={search_term_string}\"},\"query-input\":{\"@type\":\"PropertyValueSpecification\",\"valueRequired\":true,\"valueName\":\"search_term_string\"}}],\"inLanguage\":\"es\"}]}<\/script>\n<!-- \/ Yoast SEO plugin. -->","yoast_head_json":{"title":"\u00d3rganos Directivos - Departamento de Producci\u00f3n Animal","robots":{"index":"index","follow":"follow","max-snippet":"max-snippet:-1","max-image-preview":"max-image-preview:large","max-video-preview":"max-video-preview:-1"},"canonical":"https:\/\/departamentos.unileon.es\/produccion-animal\/organos-directivos\/","og_locale":"es_ES","og_type":"article","og_title":"\u00d3rganos Directivos - Departamento de Producci\u00f3n Animal","og_description":"Director de Departamento Juan Jos\u00e9 Arranz Santos Tel\u00e9fono: 291470 Subdirectora de Departamento Mar\u00eda Saez-Royuela Gonzalo Tel\u00e9fono: 291186 Secretaria de Departamento Cristina Saro Higuera Tel\u00e9fono: 291312","og_url":"https:\/\/departamentos.unileon.es\/produccion-animal\/organos-directivos\/","og_site_name":"Departamento de Producci\u00f3n Animal","article_modified_time":"2024-01-25T12:19:22+00:00","twitter_card":"summary_large_image","twitter_misc":{"Tiempo de lectura":"1 minuto"},"schema":{"@context":"https:\/\/schema.org","@graph":[{"@type":"WebPage","@id":"https:\/\/departamentos.unileon.es\/produccion-animal\/organos-directivos\/","url":"https:\/\/departamentos.unileon.es\/produccion-animal\/organos-directivos\/","name":"\u00d3rganos Directivos - Departamento de Producci\u00f3n Animal","isPartOf":{"@id":"https:\/\/departamentos.unileon.es\/produccion-animal\/#website"},"datePublished":"2011-03-31T08:00:06+00:00","dateModified":"2024-01-25T12:19:22+00:00","inLanguage":"es","potentialAction":[{"@type":"ReadAction","target":["https:\/\/departamentos.unileon.es\/produccion-animal\/organos-directivos\/"]}]},{"@type":"WebSite","@id":"https:\/\/departamentos.unileon.es\/produccion-animal\/#website","url":"https:\/\/departamentos.unileon.es\/produccion-animal\/","name":"Departamento de Producci\u00f3n Animal","description":"Otro sitio m\u00e1s de Universidad de Le\u00f3n","potentialAction":[{"@type":"SearchAction","target":{"@type":"EntryPoint","urlTemplate":"https:\/\/departamentos.unileon.es\/produccion-animal\/?s={search_term_string}"},"query-input":{"@type":"PropertyValueSpecification","valueRequired":true,"valueName":"search_term_string"}}],"inLanguage":"es"}]}},"_links":{"self":[{"href":"https:\/\/departamentos.unileon.es\/produccion-animal\/wp-json\/wp\/v2\/pages\/152","targetHints":{"allow":["GET"]}}],"collection":[{"href":"https:\/\/departamentos.unileon.es\/produccion-animal\/wp-json\/wp\/v2\/pages"}],"about":[{"href":"https:\/\/departamentos.unileon.es\/produccion-animal\/wp-json\/wp\/v2\/types\/page"}],"author":[{"embeddable":true,"href":"https:\/\/departamentos.unileon.es\/produccion-animal\/wp-json\/wp\/v2\/users\/44"}],"replies":[{"embeddable":true,"href":"https:\/\/departamentos.unileon.es\/produccion-animal\/wp-json\/wp\/v2\/comments?post=152"}],"version-history":[{"count":15,"href":"https:\/\/departamentos.unileon.es\/produccion-animal\/wp-json\/wp\/v2\/pages\/152\/revisions"}],"predecessor-version":[{"id":348,"href":"https:\/\/departamentos.unileon.es\/produccion-animal\/wp-json\/wp\/v2\/pages\/152\/revisions\/348"}],"wp:attachment":[{"href":"https:\/\/departamentos.unileon.es\/produccion-animal\/wp-json\/wp\/v2\/media?parent=152"}],"curies":[{"name":"wp","href":"https:\/\/api.w.org\/{rel}","templated":true}]}}