{"id":14,"date":"2010-08-17T11:17:34","date_gmt":"2010-08-17T11:17:34","guid":{"rendered":"http:\/\/departamentos.unileon.es\/produccion-animal\/"},"modified":"2019-07-04T08:58:22","modified_gmt":"2019-07-04T08:58:22","slug":"asignaturas-impartidas","status":"publish","type":"page","link":"https:\/\/departamentos.unileon.es\/produccion-animal\/asignaturas-impartidas\/","title":{"rendered":"Asignaturas Impartidas"},"content":{"rendered":"\r\n\r\n<h2>Estudios: Grado<\/h2>\r\n\r\n<h4>0106 GRADO EN VETERINARIA                         <\/h4>\r\n    <ul>\r\n            <li><a href=\"https:\/\/www.unileon.es\/estudiantes\/estudios\/oferta-de-estudios\/planes?curso=2024&id=0106008\">AGRONOM\u00cdA                                                                                           <\/a><\/li>\r\n            <li><a href=\"https:\/\/www.unileon.es\/estudiantes\/estudios\/oferta-de-estudios\/planes?curso=2024&id=0106010\">HISTORIA DE LA VETERINARIA                                                                          <\/a><\/li>\r\n            <li><a href=\"https:\/\/www.unileon.es\/estudiantes\/estudios\/oferta-de-estudios\/planes?curso=2024&id=0106009\">INTRODUCCI\u00d3N A LA PROFESI\u00d3N VETERINARIA                                                             <\/a><\/li>\r\n            <li><a href=\"https:\/\/www.unileon.es\/estudiantes\/estudios\/oferta-de-estudios\/planes?curso=2024&id=0106018\">ETNOLOG\u00cdA Y ETOLOG\u00cdA                                                                                <\/a><\/li>\r\n            <li><a href=\"https:\/\/www.unileon.es\/estudiantes\/estudios\/oferta-de-estudios\/planes?curso=2024&id=0106014\">GEN\u00c9TICA                                                                                            <\/a><\/li>\r\n            <li><a href=\"https:\/\/www.unileon.es\/estudiantes\/estudios\/oferta-de-estudios\/planes?curso=2024&id=0106021\">INFORM\u00c1TICA APLICADA                                                                                <\/a><\/li>\r\n            <li><a href=\"https:\/\/www.unileon.es\/estudiantes\/estudios\/oferta-de-estudios\/planes?curso=2024&id=0106028\">CR\u00edA Y MEJORA ANIMAL                                                                                <\/a><\/li>\r\n            <li><a href=\"https:\/\/www.unileon.es\/estudiantes\/estudios\/oferta-de-estudios\/planes?curso=2024&id=0106026\">ECONOM\u00edA AGRARIA Y GESTI\u00f3N                                                                          <\/a><\/li>\r\n            <li><a href=\"https:\/\/www.unileon.es\/estudiantes\/estudios\/oferta-de-estudios\/planes?curso=2024&id=0106027\">NUTRICI\u00f3N ANIMAL                                                                                    <\/a><\/li>\r\n            <li><a href=\"https:\/\/www.unileon.es\/estudiantes\/estudios\/oferta-de-estudios\/planes?curso=2024&id=0106029\">PRODUCCI\u00f3N ANIMAL E HIGIENE                                                                         <\/a><\/li>\r\n            <li><a href=\"https:\/\/www.unileon.es\/estudiantes\/estudios\/oferta-de-estudios\/planes?curso=2024&id=0106043\">ROTATORIO PRODUCCI\u00d3N Y SANIDAD ANIMAL                                                               <\/a><\/li>\r\n        <\/ul>\r\n<br>\r\n\r\n<h4>0107 G. CIENCIA Y TECN. DE LOS ALIMENTOS          <\/h4>\r\n    <ul>\r\n            <li><a href=\"https:\/\/www.unileon.es\/estudiantes\/estudios\/oferta-de-estudios\/planes?curso=2024&id=0107111\">PRODUCCI\u00f3N DE MATERIAS PRIMAS                                                                       <\/a><\/li>\r\n            <li><a href=\"https:\/\/www.unileon.es\/estudiantes\/estudios\/oferta-de-estudios\/planes?curso=2024&id=0107136\">ALIMENTACI\u00f3N ANIMAL Y SALUD HUMANA                                                                  <\/a><\/li>\r\n        <\/ul>\r\n<br>\r\n\r\n<h4>0208 - GRADO EN BIOTECNOLOG\u00cdA<\/h4>\r\n    <ul>\r\n            <li><a href=\"https:\/\/www.unileon.es\/estudiantes\/estudios\/oferta-de-estudios\/planes?curso=2024&id=0208031\">MODIFICACI\u00d3N GEN\u00c9TICA EN ANIMALES                                                                   <\/a><\/li>\r\n            <li><a href=\"https:\/\/www.unileon.es\/estudiantes\/estudios\/oferta-de-estudios\/planes?curso=2024&id=0208047\">APLICACIONES DE LA TRANSG\u00c9NESIS ANIMAL                                                              <\/a><\/li>\r\n            <li><a href=\"https:\/\/www.unileon.es\/estudiantes\/estudios\/oferta-de-estudios\/planes?curso=2024&id=0208044\">T\u00c9CNICAS MOLECULARES APLICADAS A LA MEJORA GEN\u00c9TICA                                                 <\/a><\/li>\r\n        <\/ul>\r\n<br>\r\n\r\n<h4>0914 - GRADO EN INGENIERIA AGRARIA<\/h4>\r\n    <ul>\r\n            <li><a href=\"https:\/\/www.unileon.es\/estudiantes\/estudios\/oferta-de-estudios\/planes?curso=2024&id=0914011\">FUNDAMENTOS DE PRODUCCI\u00d3N ANIMAL                                                                    <\/a><\/li>\r\n            <li><a href=\"https:\/\/www.unileon.es\/estudiantes\/estudios\/oferta-de-estudios\/planes?curso=2024&id=0914053\">NUTRICI\u00d3N, CR\u00cdA Y MEJORA ANIMAL                                                                     <\/a><\/li>\r\n        <\/ul>\r\n<br>\r\n<h2>Estudios: Master Oficial<\/h2>\r\n\r\n<h4>0105 MU.INVES.EN VETER. Y C.Y TEC.DE LOS ALIMENTOS<\/h4>\r\n    <ul>\r\n            <li><a href=\"https:\/\/www.unileon.es\/estudiantes\/estudios\/oferta-de-estudios\/planes?curso=2024&id=0105019\">ALIMENTACI\u00d3N DEL GANADO LECHERO                                                                     <\/a><\/li>\r\n            <li><a href=\"https:\/\/www.unileon.es\/estudiantes\/estudios\/oferta-de-estudios\/planes?curso=2024&id=0105007\">BIO\u00c9TICA ANIMAL                                                                                     <\/a><\/li>\r\n            <li><a href=\"https:\/\/www.unileon.es\/estudiantes\/estudios\/oferta-de-estudios\/planes?curso=2024&id=0105002\">BIOMETR\u00cdA Y AN\u00c1LISIS ESTAD\u00cdSTICO                                                                    <\/a><\/li>\r\n            <li><a href=\"https:\/\/www.unileon.es\/estudiantes\/estudios\/oferta-de-estudios\/planes?curso=2024&id=0105025\">BIOTECNOLOG\u00cdA GEN\u00c9TICA                                                                              <\/a><\/li>\r\n            <li><a href=\"https:\/\/www.unileon.es\/estudiantes\/estudios\/oferta-de-estudios\/planes?curso=2024&id=0105001\">B\u00daSQUEDA DE LA INFORMACI\u00d3N CIENT\u00cdFICA                                                               <\/a><\/li>\r\n            <li><a href=\"https:\/\/www.unileon.es\/estudiantes\/estudios\/oferta-de-estudios\/planes?curso=2024&id=0105004\">COMUNICACI\u00d3N DE RESULTADOS DE LA INVESTIGACI\u00d3N                                                      <\/a><\/li>\r\n            <li><a href=\"https:\/\/www.unileon.es\/estudiantes\/estudios\/oferta-de-estudios\/planes?curso=2024&id=0105017\">EL ECOSISTEMA RUMINAL                                                                               <\/a><\/li>\r\n            <li><a href=\"https:\/\/www.unileon.es\/estudiantes\/estudios\/oferta-de-estudios\/planes?curso=2024&id=0105022\">GEN\u00d3MICA ANIMAL                                                                                     <\/a><\/li>\r\n            <li><a href=\"https:\/\/www.unileon.es\/estudiantes\/estudios\/oferta-de-estudios\/planes?curso=2024&id=0105021\">MEJORA GEN\u00c9TICA ANIMAL                                                                              <\/a><\/li>\r\n            <li><a href=\"https:\/\/www.unileon.es\/estudiantes\/estudios\/oferta-de-estudios\/planes?curso=2024&id=0105024\">PASTICULTURA                                                                                        <\/a><\/li>\r\n            <li><a href=\"https:\/\/www.unileon.es\/estudiantes\/estudios\/oferta-de-estudios\/planes?curso=2024&id=0105005\">PLANIFICACI\u00d3N Y REDACCI\u00d3N DE UN PROYECTO DE INVESTIGACI\u00d3N                                           <\/a><\/li>\r\n            <li><a href=\"https:\/\/www.unileon.es\/estudiantes\/estudios\/oferta-de-estudios\/planes?curso=2024&id=0105023\">PRODUCCI\u00d3N, ORDE\u00d1O Y CALIDAD DE LA LECHE                                                            <\/a><\/li>\r\n            <li><a href=\"https:\/\/www.unileon.es\/estudiantes\/estudios\/oferta-de-estudios\/planes?curso=2024&id=0105020\">SISTEMAS GANADEROS DE MONTA\u00d1A                                                                       <\/a><\/li>\r\n            <li><a href=\"https:\/\/www.unileon.es\/estudiantes\/estudios\/oferta-de-estudios\/planes?curso=2024&id=0105026\">VALORACI\u00d3N DE REPRODUCTORES                                                                         <\/a><\/li>\r\n            <li><a href=\"https:\/\/www.unileon.es\/estudiantes\/estudios\/oferta-de-estudios\/planes?curso=2024&id=0105018\">VALORACI\u00d3N NUTRITIVA DE LOS ALIMENTOS                                                               <\/a><\/li>\r\n        <\/ul>\r\n<br>\r\n\r\n<h4>0913 - MASTER UNIV. INGENIER\u00cdA AGRON\u00d3MICA<\/h4>\r\n    <ul>\r\n            <li><a href=\"https:\/\/www.unileon.es\/estudiantes\/estudios\/oferta-de-estudios\/planes?curso=2024&id=0913010\">BASES DE LA CIENCIA ANIMAL                                                                          <\/a><\/li>\r\n            <li><a href=\"https:\/\/www.unileon.es\/estudiantes\/estudios\/oferta-de-estudios\/planes?curso=2024&id=0913006\">SISTEMAS DE PRODUCCI\u00d3N ANIMAL                                                                       <\/a><\/li>\r\n            <li><a href=\"https:\/\/www.unileon.es\/estudiantes\/estudios\/oferta-de-estudios\/planes?curso=2024&id=0913023\">INVESTIGACI\u00d3N Y TECNOLOG\u00cdA EN PRODUCCI\u00d3N ANIMAL                                                     <\/a><\/li>\r\n        <\/ul>\r\n<br>\r\n\r\n<h4>1745 - M\u00e1ster Universitario en Investigaci\u00f3n en Biotecnolog\u00eda y Biomedicina<\/h4>\r\n    <ul>\r\n    \r\n        <li><a href=\"https:\/\/www.unileon.es\/estudiantes\/estudiantes-grado\/oferta-de-estudios\/planes?curso=2024&id=1745005\">GEN\u00d3MICA                                                                                            <\/a><\/li>\r\n    \r\n        <li><a href=\"https:\/\/www.unileon.es\/estudiantes\/estudiantes-grado\/oferta-de-estudios\/planes?curso=2024&id=1745012\">TRANSCRIPT\u00d3MICA Y AN\u00c1LISIS FUNCIONAL                                                                <\/a><\/li>\r\n        <\/ul>\r\n<br>\r\n","protected":false},"excerpt":{"rendered":"","protected":false},"author":1,"featured_media":0,"parent":0,"menu_order":5,"comment_status":"closed","ping_status":"open","template":"","meta":{"ngg_post_thumbnail":0,"footnotes":""},"class_list":["post-14","page","type-page","status-publish","hentry"],"yoast_head":"<!-- This site is optimized with the Yoast SEO plugin v25.8 - https:\/\/yoast.com\/wordpress\/plugins\/seo\/ -->\n<title>Asignaturas Impartidas - Departamento de Producci\u00f3n Animal<\/title>\n<meta name=\"robots\" content=\"index, follow, max-snippet:-1, max-image-preview:large, max-video-preview:-1\" \/>\n<link rel=\"canonical\" href=\"https:\/\/departamentos.unileon.es\/produccion-animal\/asignaturas-impartidas\/\" \/>\n<meta property=\"og:locale\" content=\"es_ES\" \/>\n<meta property=\"og:type\" content=\"article\" \/>\n<meta property=\"og:title\" content=\"Asignaturas Impartidas - Departamento de Producci\u00f3n Animal\" \/>\n<meta property=\"og:url\" content=\"https:\/\/departamentos.unileon.es\/produccion-animal\/asignaturas-impartidas\/\" \/>\n<meta property=\"og:site_name\" content=\"Departamento de Producci\u00f3n Animal\" \/>\n<meta property=\"article:modified_time\" content=\"2019-07-04T08:58:22+00:00\" \/>\n<meta name=\"twitter:card\" content=\"summary_large_image\" \/>\n<script type=\"application\/ld+json\" class=\"yoast-schema-graph\">{\"@context\":\"https:\/\/schema.org\",\"@graph\":[{\"@type\":\"WebPage\",\"@id\":\"https:\/\/departamentos.unileon.es\/produccion-animal\/asignaturas-impartidas\/\",\"url\":\"https:\/\/departamentos.unileon.es\/produccion-animal\/asignaturas-impartidas\/\",\"name\":\"Asignaturas Impartidas - Departamento de Producci\u00f3n Animal\",\"isPartOf\":{\"@id\":\"https:\/\/departamentos.unileon.es\/produccion-animal\/#website\"},\"datePublished\":\"2010-08-17T11:17:34+00:00\",\"dateModified\":\"2019-07-04T08:58:22+00:00\",\"inLanguage\":\"es\",\"potentialAction\":[{\"@type\":\"ReadAction\",\"target\":[\"https:\/\/departamentos.unileon.es\/produccion-animal\/asignaturas-impartidas\/\"]}]},{\"@type\":\"WebSite\",\"@id\":\"https:\/\/departamentos.unileon.es\/produccion-animal\/#website\",\"url\":\"https:\/\/departamentos.unileon.es\/produccion-animal\/\",\"name\":\"Departamento de Producci\u00f3n Animal\",\"description\":\"Otro sitio m\u00e1s de Universidad de Le\u00f3n\",\"potentialAction\":[{\"@type\":\"SearchAction\",\"target\":{\"@type\":\"EntryPoint\",\"urlTemplate\":\"https:\/\/departamentos.unileon.es\/produccion-animal\/?s={search_term_string}\"},\"query-input\":{\"@type\":\"PropertyValueSpecification\",\"valueRequired\":true,\"valueName\":\"search_term_string\"}}],\"inLanguage\":\"es\"}]}<\/script>\n<!-- \/ Yoast SEO plugin. -->","yoast_head_json":{"title":"Asignaturas Impartidas - Departamento de Producci\u00f3n Animal","robots":{"index":"index","follow":"follow","max-snippet":"max-snippet:-1","max-image-preview":"max-image-preview:large","max-video-preview":"max-video-preview:-1"},"canonical":"https:\/\/departamentos.unileon.es\/produccion-animal\/asignaturas-impartidas\/","og_locale":"es_ES","og_type":"article","og_title":"Asignaturas Impartidas - Departamento de Producci\u00f3n Animal","og_url":"https:\/\/departamentos.unileon.es\/produccion-animal\/asignaturas-impartidas\/","og_site_name":"Departamento de Producci\u00f3n Animal","article_modified_time":"2019-07-04T08:58:22+00:00","twitter_card":"summary_large_image","schema":{"@context":"https:\/\/schema.org","@graph":[{"@type":"WebPage","@id":"https:\/\/departamentos.unileon.es\/produccion-animal\/asignaturas-impartidas\/","url":"https:\/\/departamentos.unileon.es\/produccion-animal\/asignaturas-impartidas\/","name":"Asignaturas Impartidas - Departamento de Producci\u00f3n Animal","isPartOf":{"@id":"https:\/\/departamentos.unileon.es\/produccion-animal\/#website"},"datePublished":"2010-08-17T11:17:34+00:00","dateModified":"2019-07-04T08:58:22+00:00","inLanguage":"es","potentialAction":[{"@type":"ReadAction","target":["https:\/\/departamentos.unileon.es\/produccion-animal\/asignaturas-impartidas\/"]}]},{"@type":"WebSite","@id":"https:\/\/departamentos.unileon.es\/produccion-animal\/#website","url":"https:\/\/departamentos.unileon.es\/produccion-animal\/","name":"Departamento de Producci\u00f3n Animal","description":"Otro sitio m\u00e1s de Universidad de Le\u00f3n","potentialAction":[{"@type":"SearchAction","target":{"@type":"EntryPoint","urlTemplate":"https:\/\/departamentos.unileon.es\/produccion-animal\/?s={search_term_string}"},"query-input":{"@type":"PropertyValueSpecification","valueRequired":true,"valueName":"search_term_string"}}],"inLanguage":"es"}]}},"_links":{"self":[{"href":"https:\/\/departamentos.unileon.es\/produccion-animal\/wp-json\/wp\/v2\/pages\/14","targetHints":{"allow":["GET"]}}],"collection":[{"href":"https:\/\/departamentos.unileon.es\/produccion-animal\/wp-json\/wp\/v2\/pages"}],"about":[{"href":"https:\/\/departamentos.unileon.es\/produccion-animal\/wp-json\/wp\/v2\/types\/page"}],"author":[{"embeddable":true,"href":"https:\/\/departamentos.unileon.es\/produccion-animal\/wp-json\/wp\/v2\/users\/1"}],"replies":[{"embeddable":true,"href":"https:\/\/departamentos.unileon.es\/produccion-animal\/wp-json\/wp\/v2\/comments?post=14"}],"version-history":[{"count":7,"href":"https:\/\/departamentos.unileon.es\/produccion-animal\/wp-json\/wp\/v2\/pages\/14\/revisions"}],"predecessor-version":[{"id":305,"href":"https:\/\/departamentos.unileon.es\/produccion-animal\/wp-json\/wp\/v2\/pages\/14\/revisions\/305"}],"wp:attachment":[{"href":"https:\/\/departamentos.unileon.es\/produccion-animal\/wp-json\/wp\/v2\/media?parent=14"}],"curies":[{"name":"wp","href":"https:\/\/api.w.org\/{rel}","templated":true}]}}