{"id":5,"date":"2010-08-17T10:20:04","date_gmt":"2010-08-17T10:20:04","guid":{"rendered":"http:\/\/departamentos.unileon.es\/patrimonio-artistico-y-documental\/"},"modified":"2019-07-04T07:33:39","modified_gmt":"2019-07-04T07:33:39","slug":"personal","status":"publish","type":"page","link":"https:\/\/departamentos.unileon.es\/patrimonio-artistico-y-documental\/personal\/","title":{"rendered":"Personal"},"content":{"rendered":"\t\t\t\t\r\n\t\t\t\t\r\n\t\t\t\t\r\n\t\t\t\t<h2>Personal docente e investigador<\/h2>     \r\n                 <h3> \u00c1rea - Biblioteconom\u00eda y documentaci\u00f3n <\/h3>\r\n\t\t\t\t\t<ul>\r\n                        \r\n                        \r\n                       <li> <a href=\"https:\/\/www.unileon.es\/directorio-y-telefonos?usuario=dmarta\">DANIEL MART\u00cdNEZ \u00c1VILA<\/a> - Catedr\u00e1tico de Universidad - <a href =\"https:\/\/www.unileon.es\/ficheros\/perfildocente\/curriculum-dmarta.pdf\"> Perfil Docente<\/a> <\/li>\r\n                                        \r\n                        \r\n                       <li> <a href=\"https:\/\/www.unileon.es\/directorio-y-telefonos?usuario=mbrodb\">MAR\u00cdA BLANCA RODR\u00cdGUEZ BRAVO<\/a> - Catedr\u00e1tico de Universidad - <a href =\"https:\/\/www.unileon.es\/ficheros\/perfildocente\/curriculum-mbrodb.pdf\"> Perfil Docente<\/a> <\/li>\r\n                                        \r\n                        \r\n                       <li> <a href=\"https:\/\/www.unileon.es\/directorio-y-telefonos?usuario=afernr\">ANDR\u00c9S FERN\u00c1NDEZ RAMOS<\/a> - Profesor Titular de Universidad - <a href =\"https:\/\/www.unileon.es\/ficheros\/perfildocente\/curriculum-afernr.pdf\"> Perfil Docente<\/a> <\/li>\r\n                                        \r\n                        \r\n                       <li> <a href=\"https:\/\/www.unileon.es\/directorio-y-telefonos?usuario=jgall\">JOSEFA GALLEGO LORENZO<\/a> - Profesor Titular de Universidad - <a href =\"https:\/\/www.unileon.es\/ficheros\/perfildocente\/curriculum-jgall.pdf\"> Perfil Docente<\/a> <\/li>\r\n                                        \r\n                        \r\n                       <li> <a href=\"https:\/\/www.unileon.es\/directorio-y-telefonos?usuario=mcrodl\">MAR\u00cdA DEL CARMEN RODR\u00cdGUEZ L\u00d3PEZ<\/a> - Profesor Titular de Universidad - <a href =\"https:\/\/www.unileon.es\/ficheros\/perfildocente\/curriculum-mcrodl.pdf\"> Perfil Docente<\/a> <\/li>\r\n                                        \r\n                        \r\n                       <li> <a href=\"https:\/\/www.unileon.es\/directorio-y-telefonos?usuario=mlalvd\">MAR\u00cdA LUISA ALVITE D\u00cdEZ<\/a> - Profesor Titular de Universidad - <a href =\"https:\/\/www.unileon.es\/ficheros\/perfildocente\/curriculum-mlalvd.pdf\"> Perfil Docente<\/a> <\/li>\r\n                                        \r\n                        \r\n                       <li> <a href=\"https:\/\/www.unileon.es\/directorio-y-telefonos?usuario=credd\">CARLOS ALBERTO REDONDO D\u00cdAZ<\/a> - PROFESOR AYUDANTE DOCTOR - <a href =\"https:\/\/www.unileon.es\/ficheros\/perfildocente\/curriculum-credd.pdf\"> Perfil Docente<\/a> <\/li>\r\n                                        \r\n                        \r\n                       <li> <a href=\"https:\/\/www.unileon.es\/directorio-y-telefonos?usuario=rcebr\">RAFAEL CEBALLOS ROA<\/a> - PROFESOR AYUDANTE DOCTOR - <a href =\"https:\/\/www.unileon.es\/ficheros\/perfildocente\/curriculum-rcebr.pdf\"> Perfil Docente<\/a> <\/li>\r\n                                        \r\n                        \r\n                       <li> <a href=\"https:\/\/www.unileon.es\/directorio-y-telefonos?usuario=bulba\">LETICIA BARRIONUEVO ALMUZARA<\/a> - PROFESOR SUSTITUTO - <a href =\"https:\/\/www.unileon.es\/ficheros\/perfildocente\/curriculum-bulba.pdf\"> Perfil Docente<\/a> <\/li>\r\n                                        \r\n                        \r\n                       <li> <a href=\"https:\/\/www.unileon.es\/directorio-y-telefonos?usuario=bulba\">LETICIA BARRIONUEVO ALMUZARA<\/a> - PROFESOR SUSTITUTO - <a href =\"https:\/\/www.unileon.es\/ficheros\/perfildocente\/curriculum-bulba.pdf\"> Perfil Docente<\/a> <\/li>\r\n                                        \r\n                        \r\n                       <li> <a href=\"https:\/\/www.unileon.es\/directorio-y-telefonos?usuario=narrv\">NATALIA ARROYO VAZQUEZ<\/a> - PROFESOR PERMANENTE LABORAL - <a href =\"https:\/\/www.unileon.es\/ficheros\/perfildocente\/curriculum-narrv.pdf\"> Perfil Docente<\/a> <\/li>\r\n                                        \r\n                        \r\n                       <li> <a href=\"https:\/\/www.unileon.es\/directorio-y-telefonos?usuario=phers\">PATRICIA HERRERO S\u00c1NCHEZ<\/a> - PROFESOR SUSTITUTO - <a href =\"https:\/\/www.unileon.es\/ficheros\/perfildocente\/curriculum-phers.pdf\"> Perfil Docente<\/a> <\/li>\r\n                                    <\/ul> <h3> \u00c1rea - Ciencias y T\u00e9cnicas Historiogr\u00e1ficas <\/h3>\r\n\t\t\t\t\t<ul>\r\n                        \r\n                        \r\n                       <li> <a href=\"https:\/\/www.unileon.es\/directorio-y-telefonos?usuario=sdoms\">SANTIAGO DOM\u00cdNGUEZ S\u00c1NCHEZ<\/a> - Catedr\u00e1tico de Universidad - <a href =\"https:\/\/www.unileon.es\/ficheros\/perfildocente\/curriculum-sdoms.pdf\"> Perfil Docente<\/a> <\/li>\r\n                                        \r\n                        \r\n                       <li> <a href=\"https:\/\/www.unileon.es\/directorio-y-telefonos?usuario=memarl\">MAR\u00cdA ENCARNACI\u00d3N MART\u00cdN L\u00d3PEZ<\/a> - Profesor Titular de Universidad - <a href =\"https:\/\/www.unileon.es\/ficheros\/perfildocente\/curriculum-memarl.pdf\"> Perfil Docente<\/a> <\/li>\r\n                                    <\/ul> <h3> \u00c1rea - Historia del Arte <\/h3>\r\n\t\t\t\t\t<ul>\r\n                        \r\n                        \r\n                       <li> <a href=\"https:\/\/www.unileon.es\/directorio-y-telefonos?usuario=iregc\">IV\u00c1N REGA CASTRO<\/a> - Catedr\u00e1tico de Universidad - <a href =\"https:\/\/www.unileon.es\/ficheros\/perfildocente\/curriculum-iregc.pdf\"> Perfil Docente<\/a> <\/li>\r\n                                        \r\n                        \r\n                       <li> <a href=\"https:\/\/www.unileon.es\/directorio-y-telefonos?usuario=mdteip\">MAR\u00cdA DOLORES TEIJEIRA PABLOS<\/a> - Catedr\u00e1tico de Universidad - <a href =\"https:\/\/www.unileon.es\/ficheros\/perfildocente\/curriculum-mdteip.pdf\"> Perfil Docente<\/a> <\/li>\r\n                                        \r\n                        \r\n                       <li> <a href=\"https:\/\/www.unileon.es\/directorio-y-telefonos?usuario=mvhero\">MAR\u00cdA VICTORIA HERR\u00c1EZ ORTEGA<\/a> - Catedr\u00e1tico de Universidad - <a href =\"https:\/\/www.unileon.es\/ficheros\/perfildocente\/curriculum-mvhero.pdf\"> Perfil Docente<\/a> <\/li>\r\n                                        \r\n                        \r\n                       <li> <a href=\"https:\/\/www.unileon.es\/directorio-y-telefonos?usuario=cgara\">C\u00c9SAR GARC\u00cdA \u00c1LVAREZ<\/a> - Profesor Titular de Universidad - <a href =\"https:\/\/www.unileon.es\/ficheros\/perfildocente\/curriculum-cgara.pdf\"> Perfil Docente<\/a> <\/li>\r\n                                        \r\n                        \r\n                       <li> <a href=\"https:\/\/www.unileon.es\/directorio-y-telefonos?usuario=jgarn\">JOAQUIN GARC\u00cdA NISTAL<\/a> - Profesor Titular de Universidad - <a href =\"https:\/\/www.unileon.es\/ficheros\/perfildocente\/curriculum-jgarn.pdf\"> Perfil Docente<\/a> <\/li>\r\n                                        \r\n                        \r\n                       <li> <a href=\"https:\/\/www.unileon.es\/directorio-y-telefonos?usuario=jamorm\">JOS\u00c9 ALBERTO MOR\u00c1IS MOR\u00c1N<\/a> - Profesor Titular de Universidad - <a href =\"https:\/\/www.unileon.es\/ficheros\/perfildocente\/curriculum-jamorm.pdf\"> Perfil Docente<\/a> <\/li>\r\n                                        \r\n                        \r\n                       <li> <a href=\"https:\/\/www.unileon.es\/directorio-y-telefonos?usuario=lrivem\">LUIS DAVID RIVERO MORENO<\/a> - PROFESOR CONTRATADO DOCTOR - <a href =\"https:\/\/www.unileon.es\/ficheros\/perfildocente\/curriculum-lrivem.pdf\"> Perfil Docente<\/a> <\/li>\r\n                                        \r\n                        \r\n                       <li> <a href=\"https:\/\/www.unileon.es\/directorio-y-telefonos?usuario=mmfloc\">MAR\u00cdA DEL MAR FL\u00d3REZ CRESPO<\/a> - PROFESOR CONTRATADO DOCTOR - <a href =\"https:\/\/www.unileon.es\/ficheros\/perfildocente\/curriculum-mmfloc.pdf\"> Perfil Docente<\/a> <\/li>\r\n                                        \r\n                        \r\n                       <li> <a href=\"https:\/\/www.unileon.es\/directorio-y-telefonos?usuario=vjimg\">VANESSA JIMENO GUERRA<\/a> - PROFESOR AYUDANTE DOCTOR - <a href =\"https:\/\/www.unileon.es\/ficheros\/perfildocente\/curriculum-vjimg.pdf\"> Perfil Docente<\/a> <\/li>\r\n                                        \r\n                        \r\n                       <li> <a href=\"https:\/\/www.unileon.es\/directorio-y-telefonos?usuario=asuag\">ANA PILAR SUAREZ GARCIA<\/a> - PROFESOR SUSTITUTO - <a href =\"https:\/\/www.unileon.es\/ficheros\/perfildocente\/curriculum-asuag.pdf\"> Perfil Docente<\/a> <\/li>\r\n                                        \r\n                        \r\n                       <li> <a href=\"https:\/\/www.unileon.es\/directorio-y-telefonos?usuario=jcasl\">JAVIER CASTI\u00d1EIRAS L\u00d3PEZ<\/a> - PROFESOR PERMANENTE LABORAL - <a href =\"https:\/\/www.unileon.es\/ficheros\/perfildocente\/curriculum-jcasl.pdf\"> Perfil Docente<\/a> <\/li>\r\n                                        \r\n                        \r\n                       <li> <a href=\"https:\/\/www.unileon.es\/directorio-y-telefonos?usuario=mherv\">MIGUEL HERGUEDAS VELA<\/a> - PROFESOR PERMANENTE LABORAL - <a href =\"https:\/\/www.unileon.es\/ficheros\/perfildocente\/curriculum-mherv.pdf\"> Perfil Docente<\/a> <\/li>\r\n                                        \r\n                        \r\n                       <li> <a href=\"https:\/\/www.unileon.es\/directorio-y-telefonos?usuario=nferg\">NOELIA FERN\u00c1NDEZ GARC\u00cdA<\/a> - PROFESOR PERMANENTE LABORAL - <a href =\"https:\/\/www.unileon.es\/ficheros\/perfildocente\/curriculum-nferg.pdf\"> Perfil Docente<\/a> <\/li>\r\n                                        \r\n                        \r\n                       <li> <a href=\"https:\/\/www.unileon.es\/directorio-y-telefonos?usuario=rcass\">ROBERTO CASTRILLO SOTO<\/a> - PROFESOR COLABORADOR - <a href =\"https:\/\/www.unileon.es\/ficheros\/perfildocente\/curriculum-rcass.pdf\"> Perfil Docente<\/a> <\/li>\r\n                                        \r\n                        \r\n                       <li> <a href=\"https:\/\/www.unileon.es\/directorio-y-telefonos?usuario=vrabg\">V\u00cdCTOR RABASCO GARC\u00cdA<\/a> - PROFESOR PERMANENTE LABORAL - <a href =\"https:\/\/www.unileon.es\/ficheros\/perfildocente\/curriculum-vrabg.pdf\"> Perfil Docente<\/a> <\/li>\r\n                                      \r\n\t\t\t\t<\/ul>\r\n\r\n\t\t\t\t\t\r\n\t\t\t\r\n\t\t\t<p>\u00a0<\/p>\r\n\t\t\t<h2>Personal de administraci\u00f3n y servicios<\/h2>\r\n\t\t\t<ul>\r\n\r\n\r\n\r\n\t\t\t\r\n                \r\n                    <li><a href=\"https:\/\/www.unileon.es\/directorio-y-telefonos?usuario=gerbab\">MAR\u00cdA BEL\u00c9N ALONSO BANDERA<\/a> - E. ADMINISTRATIVA DE LA UNIV. DE LE\u00d3N<\/li>\r\n            \r\n\t\t\t\r\n                <\/ul>\r\n\r\n","protected":false},"excerpt":{"rendered":"","protected":false},"author":1,"featured_media":0,"parent":0,"menu_order":1,"comment_status":"closed","ping_status":"open","template":"","meta":{"ngg_post_thumbnail":0,"footnotes":""},"class_list":["post-5","page","type-page","status-publish","hentry"],"yoast_head":"<!-- This site is optimized with the Yoast SEO plugin v25.8 - https:\/\/yoast.com\/wordpress\/plugins\/seo\/ -->\n<title>Personal - Departamento de Patrimonio Art\u00edstico y Documental<\/title>\n<meta name=\"robots\" content=\"index, follow, max-snippet:-1, max-image-preview:large, max-video-preview:-1\" \/>\n<link rel=\"canonical\" href=\"https:\/\/departamentos.unileon.es\/patrimonio-artistico-y-documental\/personal\/\" \/>\n<meta property=\"og:locale\" content=\"es_ES\" \/>\n<meta property=\"og:type\" content=\"article\" \/>\n<meta property=\"og:title\" content=\"Personal - Departamento de Patrimonio Art\u00edstico y Documental\" \/>\n<meta property=\"og:url\" content=\"https:\/\/departamentos.unileon.es\/patrimonio-artistico-y-documental\/personal\/\" \/>\n<meta property=\"og:site_name\" content=\"Departamento de Patrimonio Art\u00edstico y Documental\" \/>\n<meta property=\"article:modified_time\" content=\"2019-07-04T07:33:39+00:00\" \/>\n<meta name=\"twitter:card\" content=\"summary_large_image\" \/>\n<script type=\"application\/ld+json\" class=\"yoast-schema-graph\">{\"@context\":\"https:\/\/schema.org\",\"@graph\":[{\"@type\":\"WebPage\",\"@id\":\"https:\/\/departamentos.unileon.es\/patrimonio-artistico-y-documental\/personal\/\",\"url\":\"https:\/\/departamentos.unileon.es\/patrimonio-artistico-y-documental\/personal\/\",\"name\":\"Personal - Departamento de Patrimonio Art\u00edstico y Documental\",\"isPartOf\":{\"@id\":\"https:\/\/departamentos.unileon.es\/patrimonio-artistico-y-documental\/#website\"},\"datePublished\":\"2010-08-17T10:20:04+00:00\",\"dateModified\":\"2019-07-04T07:33:39+00:00\",\"inLanguage\":\"es\",\"potentialAction\":[{\"@type\":\"ReadAction\",\"target\":[\"https:\/\/departamentos.unileon.es\/patrimonio-artistico-y-documental\/personal\/\"]}]},{\"@type\":\"WebSite\",\"@id\":\"https:\/\/departamentos.unileon.es\/patrimonio-artistico-y-documental\/#website\",\"url\":\"https:\/\/departamentos.unileon.es\/patrimonio-artistico-y-documental\/\",\"name\":\"Departamento de Patrimonio Art\u00edstico y Documental\",\"description\":\"Otro sitio m\u00e1s de Universidad de Le\u00f3n\",\"potentialAction\":[{\"@type\":\"SearchAction\",\"target\":{\"@type\":\"EntryPoint\",\"urlTemplate\":\"https:\/\/departamentos.unileon.es\/patrimonio-artistico-y-documental\/?s={search_term_string}\"},\"query-input\":{\"@type\":\"PropertyValueSpecification\",\"valueRequired\":true,\"valueName\":\"search_term_string\"}}],\"inLanguage\":\"es\"}]}<\/script>\n<!-- \/ Yoast SEO plugin. -->","yoast_head_json":{"title":"Personal - Departamento de Patrimonio Art\u00edstico y Documental","robots":{"index":"index","follow":"follow","max-snippet":"max-snippet:-1","max-image-preview":"max-image-preview:large","max-video-preview":"max-video-preview:-1"},"canonical":"https:\/\/departamentos.unileon.es\/patrimonio-artistico-y-documental\/personal\/","og_locale":"es_ES","og_type":"article","og_title":"Personal - Departamento de Patrimonio Art\u00edstico y Documental","og_url":"https:\/\/departamentos.unileon.es\/patrimonio-artistico-y-documental\/personal\/","og_site_name":"Departamento de Patrimonio Art\u00edstico y Documental","article_modified_time":"2019-07-04T07:33:39+00:00","twitter_card":"summary_large_image","schema":{"@context":"https:\/\/schema.org","@graph":[{"@type":"WebPage","@id":"https:\/\/departamentos.unileon.es\/patrimonio-artistico-y-documental\/personal\/","url":"https:\/\/departamentos.unileon.es\/patrimonio-artistico-y-documental\/personal\/","name":"Personal - Departamento de Patrimonio Art\u00edstico y Documental","isPartOf":{"@id":"https:\/\/departamentos.unileon.es\/patrimonio-artistico-y-documental\/#website"},"datePublished":"2010-08-17T10:20:04+00:00","dateModified":"2019-07-04T07:33:39+00:00","inLanguage":"es","potentialAction":[{"@type":"ReadAction","target":["https:\/\/departamentos.unileon.es\/patrimonio-artistico-y-documental\/personal\/"]}]},{"@type":"WebSite","@id":"https:\/\/departamentos.unileon.es\/patrimonio-artistico-y-documental\/#website","url":"https:\/\/departamentos.unileon.es\/patrimonio-artistico-y-documental\/","name":"Departamento de Patrimonio Art\u00edstico y Documental","description":"Otro sitio m\u00e1s de Universidad de Le\u00f3n","potentialAction":[{"@type":"SearchAction","target":{"@type":"EntryPoint","urlTemplate":"https:\/\/departamentos.unileon.es\/patrimonio-artistico-y-documental\/?s={search_term_string}"},"query-input":{"@type":"PropertyValueSpecification","valueRequired":true,"valueName":"search_term_string"}}],"inLanguage":"es"}]}},"_links":{"self":[{"href":"https:\/\/departamentos.unileon.es\/patrimonio-artistico-y-documental\/wp-json\/wp\/v2\/pages\/5","targetHints":{"allow":["GET"]}}],"collection":[{"href":"https:\/\/departamentos.unileon.es\/patrimonio-artistico-y-documental\/wp-json\/wp\/v2\/pages"}],"about":[{"href":"https:\/\/departamentos.unileon.es\/patrimonio-artistico-y-documental\/wp-json\/wp\/v2\/types\/page"}],"author":[{"embeddable":true,"href":"https:\/\/departamentos.unileon.es\/patrimonio-artistico-y-documental\/wp-json\/wp\/v2\/users\/1"}],"replies":[{"embeddable":true,"href":"https:\/\/departamentos.unileon.es\/patrimonio-artistico-y-documental\/wp-json\/wp\/v2\/comments?post=5"}],"version-history":[{"count":7,"href":"https:\/\/departamentos.unileon.es\/patrimonio-artistico-y-documental\/wp-json\/wp\/v2\/pages\/5\/revisions"}],"predecessor-version":[{"id":115,"href":"https:\/\/departamentos.unileon.es\/patrimonio-artistico-y-documental\/wp-json\/wp\/v2\/pages\/5\/revisions\/115"}],"wp:attachment":[{"href":"https:\/\/departamentos.unileon.es\/patrimonio-artistico-y-documental\/wp-json\/wp\/v2\/media?parent=5"}],"curies":[{"name":"wp","href":"https:\/\/api.w.org\/{rel}","templated":true}]}}