{"id":33,"date":"2010-09-15T10:53:24","date_gmt":"2010-09-15T10:53:24","guid":{"rendered":"http:\/\/departamentos.unileon.es\/patrimonio-artistico-y-documental\/"},"modified":"2010-12-01T09:46:15","modified_gmt":"2010-12-01T09:46:15","slug":"ubicacion-y-contacto","status":"publish","type":"page","link":"https:\/\/departamentos.unileon.es\/patrimonio-artistico-y-documental\/ubicacion-y-contacto\/","title":{"rendered":"Ubicaci\u00f3n y Contacto"},"content":{"rendered":"<table>\r\n<tbody>\r\n<tr>\r\n<th class=\"alignleft\">P\u00e1gina Web del Departamento<\/th>\r\n<td><a class=\"enlace\" href=\"http:\/\/departamentos.unileon.es\/patrimonio-artistico-y-documental\/\">http:\/\/departamentos.unileon.es\/patrimonio-artistico-y-documental\/<\/a><\/td>\r\n<\/tr>\r\n<tr>\r\n<th class=\"alignleft\">Direcci\u00f3n Postal<\/th>\r\n<td>Departamento de Patrimonio Art\u00edstico y Documental\r\nUNIVERSIDAD DE LE\u00d3N\r\nFacultad de Filosof\u00eda y Letras\r\nCampus de Vegazana, s\/n\r\n24071 LE\u00d3N<\/td>\r\n<\/tr>\r\n<tr>\r\n<th class=\"alignleft\">Tel\u00e9fono<\/th>\r\n<td>987 29 10 64<\/td>\r\n<\/tr>\r\n<tr>\r\n<th class=\"alignleft\">FAX<\/th>\r\n<td>987 29 18 63<\/td>\r\n<\/tr>\r\n<tr>\r\n<th class=\"alignleft\">Buz\u00f3n electr\u00f3nico<\/th>\r\n<td><a href=\"mailto:dpadadm@unileon.es\">dpadadm@unileon.es<\/a><\/td>\r\n<\/tr>\r\n<\/tbody>\r\n<\/table>","protected":false},"excerpt":{"rendered":"<p>P\u00e1gina Web del Departamento http:\/\/departamentos.unileon.es\/patrimonio-artistico-y-documental\/ Direcci\u00f3n Postal Departamento de Patrimonio Art\u00edstico y Documental UNIVERSIDAD DE LE\u00d3N Facultad de Filosof\u00eda y Letras Campus de Vegazana, s\/n 24071 LE\u00d3N Tel\u00e9fono 987 29 10 64 FAX 987 29 18 63 Buz\u00f3n electr\u00f3nico dpadadm@unileon.es<\/p>\n","protected":false},"author":27,"featured_media":0,"parent":0,"menu_order":0,"comment_status":"closed","ping_status":"open","template":"","meta":{"ngg_post_thumbnail":0,"footnotes":""},"class_list":["post-33","page","type-page","status-publish","hentry"],"yoast_head":"<!-- This site is optimized with the Yoast SEO plugin v25.8 - https:\/\/yoast.com\/wordpress\/plugins\/seo\/ -->\n<title>Ubicaci\u00f3n y Contacto - Departamento de Patrimonio Art\u00edstico y Documental<\/title>\n<meta name=\"robots\" content=\"index, follow, max-snippet:-1, max-image-preview:large, max-video-preview:-1\" \/>\n<link rel=\"canonical\" href=\"https:\/\/departamentos.unileon.es\/patrimonio-artistico-y-documental\/ubicacion-y-contacto\/\" \/>\n<meta property=\"og:locale\" content=\"es_ES\" \/>\n<meta property=\"og:type\" content=\"article\" \/>\n<meta property=\"og:title\" content=\"Ubicaci\u00f3n y Contacto - Departamento de Patrimonio Art\u00edstico y Documental\" \/>\n<meta property=\"og:description\" content=\"P\u00e1gina Web del Departamento http:\/\/departamentos.unileon.es\/patrimonio-artistico-y-documental\/ Direcci\u00f3n Postal Departamento de Patrimonio Art\u00edstico y Documental UNIVERSIDAD DE LE\u00d3N Facultad de Filosof\u00eda y Letras Campus de Vegazana, s\/n 24071 LE\u00d3N Tel\u00e9fono 987 29 10 64 FAX 987 29 18 63 Buz\u00f3n electr\u00f3nico dpadadm@unileon.es\" \/>\n<meta property=\"og:url\" content=\"https:\/\/departamentos.unileon.es\/patrimonio-artistico-y-documental\/ubicacion-y-contacto\/\" \/>\n<meta property=\"og:site_name\" content=\"Departamento de Patrimonio Art\u00edstico y Documental\" \/>\n<meta property=\"article:modified_time\" content=\"2010-12-01T09:46:15+00:00\" \/>\n<meta name=\"twitter:card\" content=\"summary_large_image\" \/>\n<script type=\"application\/ld+json\" class=\"yoast-schema-graph\">{\"@context\":\"https:\/\/schema.org\",\"@graph\":[{\"@type\":\"WebPage\",\"@id\":\"https:\/\/departamentos.unileon.es\/patrimonio-artistico-y-documental\/ubicacion-y-contacto\/\",\"url\":\"https:\/\/departamentos.unileon.es\/patrimonio-artistico-y-documental\/ubicacion-y-contacto\/\",\"name\":\"Ubicaci\u00f3n y Contacto - Departamento de Patrimonio Art\u00edstico y Documental\",\"isPartOf\":{\"@id\":\"https:\/\/departamentos.unileon.es\/patrimonio-artistico-y-documental\/#website\"},\"datePublished\":\"2010-09-15T10:53:24+00:00\",\"dateModified\":\"2010-12-01T09:46:15+00:00\",\"inLanguage\":\"es\",\"potentialAction\":[{\"@type\":\"ReadAction\",\"target\":[\"https:\/\/departamentos.unileon.es\/patrimonio-artistico-y-documental\/ubicacion-y-contacto\/\"]}]},{\"@type\":\"WebSite\",\"@id\":\"https:\/\/departamentos.unileon.es\/patrimonio-artistico-y-documental\/#website\",\"url\":\"https:\/\/departamentos.unileon.es\/patrimonio-artistico-y-documental\/\",\"name\":\"Departamento de Patrimonio Art\u00edstico y Documental\",\"description\":\"Otro sitio m\u00e1s de Universidad de Le\u00f3n\",\"potentialAction\":[{\"@type\":\"SearchAction\",\"target\":{\"@type\":\"EntryPoint\",\"urlTemplate\":\"https:\/\/departamentos.unileon.es\/patrimonio-artistico-y-documental\/?s={search_term_string}\"},\"query-input\":{\"@type\":\"PropertyValueSpecification\",\"valueRequired\":true,\"valueName\":\"search_term_string\"}}],\"inLanguage\":\"es\"}]}<\/script>\n<!-- \/ Yoast SEO plugin. -->","yoast_head_json":{"title":"Ubicaci\u00f3n y Contacto - Departamento de Patrimonio Art\u00edstico y Documental","robots":{"index":"index","follow":"follow","max-snippet":"max-snippet:-1","max-image-preview":"max-image-preview:large","max-video-preview":"max-video-preview:-1"},"canonical":"https:\/\/departamentos.unileon.es\/patrimonio-artistico-y-documental\/ubicacion-y-contacto\/","og_locale":"es_ES","og_type":"article","og_title":"Ubicaci\u00f3n y Contacto - Departamento de Patrimonio Art\u00edstico y Documental","og_description":"P\u00e1gina Web del Departamento http:\/\/departamentos.unileon.es\/patrimonio-artistico-y-documental\/ Direcci\u00f3n Postal Departamento de Patrimonio Art\u00edstico y Documental UNIVERSIDAD DE LE\u00d3N Facultad de Filosof\u00eda y Letras Campus de Vegazana, s\/n 24071 LE\u00d3N Tel\u00e9fono 987 29 10 64 FAX 987 29 18 63 Buz\u00f3n electr\u00f3nico dpadadm@unileon.es","og_url":"https:\/\/departamentos.unileon.es\/patrimonio-artistico-y-documental\/ubicacion-y-contacto\/","og_site_name":"Departamento de Patrimonio Art\u00edstico y Documental","article_modified_time":"2010-12-01T09:46:15+00:00","twitter_card":"summary_large_image","schema":{"@context":"https:\/\/schema.org","@graph":[{"@type":"WebPage","@id":"https:\/\/departamentos.unileon.es\/patrimonio-artistico-y-documental\/ubicacion-y-contacto\/","url":"https:\/\/departamentos.unileon.es\/patrimonio-artistico-y-documental\/ubicacion-y-contacto\/","name":"Ubicaci\u00f3n y Contacto - Departamento de Patrimonio Art\u00edstico y Documental","isPartOf":{"@id":"https:\/\/departamentos.unileon.es\/patrimonio-artistico-y-documental\/#website"},"datePublished":"2010-09-15T10:53:24+00:00","dateModified":"2010-12-01T09:46:15+00:00","inLanguage":"es","potentialAction":[{"@type":"ReadAction","target":["https:\/\/departamentos.unileon.es\/patrimonio-artistico-y-documental\/ubicacion-y-contacto\/"]}]},{"@type":"WebSite","@id":"https:\/\/departamentos.unileon.es\/patrimonio-artistico-y-documental\/#website","url":"https:\/\/departamentos.unileon.es\/patrimonio-artistico-y-documental\/","name":"Departamento de Patrimonio Art\u00edstico y Documental","description":"Otro sitio m\u00e1s de Universidad de Le\u00f3n","potentialAction":[{"@type":"SearchAction","target":{"@type":"EntryPoint","urlTemplate":"https:\/\/departamentos.unileon.es\/patrimonio-artistico-y-documental\/?s={search_term_string}"},"query-input":{"@type":"PropertyValueSpecification","valueRequired":true,"valueName":"search_term_string"}}],"inLanguage":"es"}]}},"_links":{"self":[{"href":"https:\/\/departamentos.unileon.es\/patrimonio-artistico-y-documental\/wp-json\/wp\/v2\/pages\/33","targetHints":{"allow":["GET"]}}],"collection":[{"href":"https:\/\/departamentos.unileon.es\/patrimonio-artistico-y-documental\/wp-json\/wp\/v2\/pages"}],"about":[{"href":"https:\/\/departamentos.unileon.es\/patrimonio-artistico-y-documental\/wp-json\/wp\/v2\/types\/page"}],"author":[{"embeddable":true,"href":"https:\/\/departamentos.unileon.es\/patrimonio-artistico-y-documental\/wp-json\/wp\/v2\/users\/27"}],"replies":[{"embeddable":true,"href":"https:\/\/departamentos.unileon.es\/patrimonio-artistico-y-documental\/wp-json\/wp\/v2\/comments?post=33"}],"version-history":[{"count":2,"href":"https:\/\/departamentos.unileon.es\/patrimonio-artistico-y-documental\/wp-json\/wp\/v2\/pages\/33\/revisions"}],"predecessor-version":[{"id":53,"href":"https:\/\/departamentos.unileon.es\/patrimonio-artistico-y-documental\/wp-json\/wp\/v2\/pages\/33\/revisions\/53"}],"wp:attachment":[{"href":"https:\/\/departamentos.unileon.es\/patrimonio-artistico-y-documental\/wp-json\/wp\/v2\/media?parent=33"}],"curies":[{"name":"wp","href":"https:\/\/api.w.org\/{rel}","templated":true}]}}