{"id":70,"date":"2018-06-19T11:23:04","date_gmt":"2018-06-19T11:23:04","guid":{"rendered":"http:\/\/departamentos.unileon.es\/medicina-preventiva-y-salud-publica\/?page_id=70"},"modified":"2023-07-12T15:06:21","modified_gmt":"2023-07-12T15:06:21","slug":"asignaturas-impartidas","status":"publish","type":"page","link":"https:\/\/departamentos.unileon.es\/medicina-preventiva-y-salud-publica\/asignaturas-impartidas\/","title":{"rendered":"Asignaturas impartidas"},"content":{"rendered":"<h2>Estudios: Grado<\/h2>\nGRADO EN CIENCIA Y TECNOLOG\u00cdA DE LOS ALIMENTOS\n<ul>\n \t<li><a href=\"https:\/\/www.unileon.es\/estudiantes\/estudiantes-grado\/oferta-de-estudios\/planes?curso=2017&amp;id=0107022\">SALUD P\u00daBLICA<\/a><\/li>\n<\/ul>\nGRADO EN CIENCIAS AMBIENTALES\n<ul>\n \t<li><a href=\"https:\/\/www.unileon.es\/estudiantes\/oferta-academica\/grados\/grado-en-ciencias-ambientales\/plan-estudios?id=0207027&amp;cursoa=2023\">TOXICOLOG\u00cdA Y SALUD P\u00daBLICA<\/a><\/li>\n<\/ul>\nGRADO EN ENFERMER\u00cdA\n<ul>\n \t<li><a href=\"https:\/\/www.unileon.es\/estudiantes\/estudiantes-grado\/oferta-de-estudios\/planes?curso=2017&amp;id=1105005\">BIOESTAD\u00cdSTICA Y METODOLOG\u00cdA CIENT\u00cdFICA EN CIENCIAS DE LA SALUD<\/a><\/li>\n \t<li><a href=\"https:\/\/www.unileon.es\/estudiantes\/estudiantes-grado\/oferta-de-estudios\/planes?curso=2017&amp;id=1105019\">SALUD P\u00daBLICA<\/a><\/li>\n<\/ul>\nGRADO EN ENFERMER\u00cdA (PONFERRADA)\n<ul>\n \t<li><a href=\"https:\/\/www.unileon.es\/estudiantes\/estudiantes-grado\/oferta-de-estudios\/planes?curso=2017&amp;id=1106005\">BIOESTAD\u00cdSTICA Y METODOLOG\u00cdA CIENT\u00cdFICA EN CIENCIAS DE LA SALUD<\/a><\/li>\n \t<li><a href=\"https:\/\/www.unileon.es\/estudiantes\/estudiantes-grado\/oferta-de-estudios\/planes?curso=2017&amp;id=1106019\">SALUD P\u00daBLICA<\/a><\/li>\n<\/ul>\nGRADO EN FISIOTERAPIA (PONFERRADA)\n<ul>\n \t<li><a href=\"https:\/\/www.unileon.es\/estudiantes\/estudiantes-grado\/oferta-de-estudios\/planes?curso=2017&amp;id=1107010\">BIOESTAD\u00cdSTICA EN FISIOTERAPIA<\/a><\/li>\n \t<li><a href=\"https:\/\/www.unileon.es\/estudiantes\/estudiantes-grado\/oferta-de-estudios\/planes?curso=2017&amp;id=1107016\">LEGISLACI\u00d3N, SALUD P\u00daBLICA, ADMINISTRACI\u00d3N SANITARIA Y FISIOTERAPIA COMUNITARIA<\/a><\/li>\n<\/ul>\nGRADO EN PODOLOG\u00cdA (PONFERRADA)\n<ul>\n \t<li><a href=\"https:\/\/www.unileon.es\/estudiantes\/oferta-academica\/grados\/grado-en-podologia\/plan-estudios?id=1108004&amp;cursoa=2023\">BIOESTAD\u00cdSTICA Y METODOLOG\u00cdA CIENT\u00cdFICA EN CIENCIAS DE LA SALUD<\/a><\/li>\n \t<li><a href=\"https:\/\/www.unileon.es\/estudiantes\/oferta-academica\/grados\/grado-en-podologia\/plan-estudios?id=1108008&amp;cursoa=2023\">SALUD P\u00daBLICA<\/a><\/li>\n<\/ul>\nGRADO EN NUTRICI\u00d3N HUMANA Y DIET\u00c9TICA (PONFERRADA)\n<ul>\n \t<li><a href=\"https:\/\/www.unileon.es\/estudiantes\/oferta-academica\/grados\/grado-en-nutricion-y-dietetica\/plan-estudios?id=1109007&amp;cursoa=2023\">BIOESTAD\u00cdSTICA Y METODOLOG\u00cdA CIENT\u00cdFICA<\/a><\/li>\n<\/ul>\n&nbsp;\n<h2>Estudios: Posgrado<\/h2>\nM\u00c1STER UNIVERSITARIO EN RIESGOS NATURALES\n<ul>\n \t<li><a href=\"https:\/\/www.unileon.es\/estudiantes\/oferta-academica\/masteres\/mu-riesgos-naturales\/plan-estudios?id=1735006&amp;curso=2023\">SALUD HUMANA Y RIESGOS NATURALES<\/a><\/li>\n<\/ul>\n<span style=\"font-size: revert;\">M\u00c1STER UNIVERSITARIO EN ENVEJECIMIENTO SALUDABLE Y CALIDAD DE VIDA<\/span>\n<ul>\n \t<li><a href=\"https:\/\/www.unileon.es\/estudiantes\/oferta-academica\/masteres\/mu-envejecimiento-saludable-y-calidad-de-vida-online\/plan-estudios?id=1741005&amp;cursoa=2023\">EPIDEMIOLOG\u00cdA CL\u00cdNICA<\/a><\/li>\n \t<li><a href=\"https:\/\/www.unileon.es\/estudiantes\/oferta-academica\/masteres\/mu-envejecimiento-saludable-y-calidad-de-vida-online\/plan-estudios?id=1741019&amp;cursoa=2023\">AVANCES EN INTERVENCI\u00d3N Y GESTI\u00d3N EN ATENCI\u00d3N AL MAYOR<\/a><\/li>\n<\/ul>\nM\u00c1STER UNIVERSITARIO EN GESTI\u00d3N DE PERSONAL Y PR\u00c1CTICA LABORAL\n<ul>\n \t<li><a href=\"https:\/\/www.unileon.es\/estudiantes\/estudiantes-grado\/oferta-de-estudios\/planes?curso=2017&amp;id=0607012\">PREVENCI\u00d3N Y PROMOCI\u00d3N DE LA SALUD EN EL MEDIO LABORAL<\/a><\/li>\n<\/ul>\nM\u00c1STER UNIVERSITARIO EN INVESTIGACI\u00d3N EN CIENCIAS SOCIOSANITARIAS\n<ul>\n \t<li><a href=\"https:\/\/www.unileon.es\/estudiantes\/estudiantes-grado\/oferta-de-estudios\/planes?curso=2017&amp;id=1722005\">ESTAD\u00cdSTICA<\/a><\/li>\n<\/ul>\nM\u00c1STER UNIVERSITARIO EN INNOVACI\u00d3N E INVESTIGACI\u00d3N EN CIENCIAS DE LA ACTIVIDAD F\u00cdSICA Y EL DEPORTE\n<ul>\n \t<li><a href=\"https:\/\/www.unileon.es\/estudiantes\/estudiantes-grado\/oferta-de-estudios\/planes?curso=2017&amp;id=1709102\">ESTAD\u00cdSTICA APLICADA EN CIENCIAS DE LA ACTIVIDAD F\u00cdSICA Y EL DEPORTE<\/a><\/li>\n<\/ul>\nM\u00c1STER UNIVERSITARIO EN INVESTIGACI\u00d3N EN ATENCI\u00d3N PRIMARIA DE SALUD\n<ul>\n \t<li><a href=\"https:\/\/www.unileon.es\/estudiantes\/oferta-academica\/masteres\/mu-atencion-primaria-de-salud\/plan-estudios?id=1749002&amp;cursoa=2023\">INTRODUCCI\u00d3N A LA METODOLOG\u00cdA DE LA INVESTIGACI\u00d3N<\/a><\/li>\n \t<li><a href=\"https:\/\/www.unileon.es\/estudiantes\/oferta-academica\/masteres\/mu-atencion-primaria-de-salud\/plan-estudios?id=1749003&amp;cursoa=2023\">AN\u00c1LISIS ESTAD\u00cdSTICO<\/a><\/li>\n \t<li><a href=\"https:\/\/www.unileon.es\/estudiantes\/oferta-academica\/masteres\/mu-atencion-primaria-de-salud\/plan-estudios?id=1749004&amp;cursoa=2023\">AN\u00c1LISIS EPIDEMIOL\u00d3GICO<\/a><\/li>\n \t<li><a href=\"https:\/\/www.unileon.es\/estudiantes\/oferta-academica\/masteres\/mu-atencion-primaria-de-salud\/plan-estudios?id=1749005&amp;cursoa=2023\">ELABORACI\u00d3N Y DIFUSI\u00d3N DE LA INVESTIGACI\u00d3N<\/a><\/li>\n \t<li><a href=\"https:\/\/www.unileon.es\/estudiantes\/oferta-academica\/masteres\/mu-atencion-primaria-de-salud\/plan-estudios?id=1749007&amp;cursoa=2023\">INVESTIGACI\u00d3N EN ENFERMEDADES CARDIOVASCULARES EN AP<\/a><\/li>\n \t<li><a href=\"https:\/\/www.unileon.es\/estudiantes\/oferta-academica\/masteres\/mu-atencion-primaria-de-salud\/plan-estudios?id=1749011&amp;cursoa=2023\"><span style=\"font-size: revert;\">INVESTIGACI\u00d3N EN CALIDAD DE VIDA EN AP<\/span><\/a><\/li>\n \t<li><a href=\"https:\/\/www.unileon.es\/estudiantes\/oferta-academica\/masteres\/mu-atencion-primaria-de-salud\/plan-estudios?id=1749012&amp;cursoa=2023\"><span style=\"font-size: revert;\">SEGURIDAD DEL PACIENTE EN AP<\/span><span style=\"font-size: revert;\">&nbsp;<\/span><\/a><\/li>\n<\/ul>\nM\u00c1STER UNIVERSITARIO EN GESTI\u00d3N DE PREVENCI\u00d3N DE RIESGOS LABORALES\n<ul>\n \t<li><a href=\"https:\/\/www.unileon.es\/estudiantes\/oferta-academica\/masteres\/mu-gestion-prevencion-riesgos-laborales\/plan-estudios?id=0604008&amp;curso=2023\">T\u00c9CNICAS DE PREVENCI\u00d3N DE RIESGOS LABORALES: MEDICINA DEL TRABAJO<\/a><\/li>\n<\/ul>","protected":false},"excerpt":{"rendered":"<p>Estudios: Grado GRADO EN CIENCIA Y TECNOLOG\u00cdA DE LOS ALIMENTOS SALUD P\u00daBLICA GRADO EN CIENCIAS AMBIENTALES TOXICOLOG\u00cdA Y SALUD P\u00daBLICA GRADO EN ENFERMER\u00cdA BIOESTAD\u00cdSTICA Y METODOLOG\u00cdA CIENT\u00cdFICA EN CIENCIAS DE LA SALUD SALUD P\u00daBLICA GRADO EN ENFERMER\u00cdA (PONFERRADA) BIOESTAD\u00cdSTICA Y METODOLOG\u00cdA CIENT\u00cdFICA EN CIENCIAS DE LA SALUD SALUD P\u00daBLICA GRADO EN FISIOTERAPIA (PONFERRADA) BIOESTAD\u00cdSTICA EN [&hellip;]<\/p>\n","protected":false},"author":160,"featured_media":0,"parent":0,"menu_order":0,"comment_status":"closed","ping_status":"closed","template":"","meta":{"ngg_post_thumbnail":0,"footnotes":""},"class_list":["post-70","page","type-page","status-publish","hentry"],"yoast_head":"<!-- This site is optimized with the Yoast SEO plugin v25.8 - https:\/\/yoast.com\/wordpress\/plugins\/seo\/ -->\n<title>Asignaturas impartidas - Medicina Preventiva y Salud P\u00fablica<\/title>\n<meta name=\"robots\" content=\"index, follow, max-snippet:-1, max-image-preview:large, max-video-preview:-1\" \/>\n<link rel=\"canonical\" href=\"https:\/\/departamentos.unileon.es\/medicina-preventiva-y-salud-publica\/asignaturas-impartidas\/\" \/>\n<meta property=\"og:locale\" content=\"es_ES\" \/>\n<meta property=\"og:type\" content=\"article\" \/>\n<meta property=\"og:title\" content=\"Asignaturas impartidas - Medicina Preventiva y Salud P\u00fablica\" \/>\n<meta property=\"og:description\" content=\"Estudios: Grado GRADO EN CIENCIA Y TECNOLOG\u00cdA DE LOS ALIMENTOS SALUD P\u00daBLICA GRADO EN CIENCIAS AMBIENTALES TOXICOLOG\u00cdA Y SALUD P\u00daBLICA GRADO EN ENFERMER\u00cdA BIOESTAD\u00cdSTICA Y METODOLOG\u00cdA CIENT\u00cdFICA EN CIENCIAS DE LA SALUD SALUD P\u00daBLICA GRADO EN ENFERMER\u00cdA (PONFERRADA) BIOESTAD\u00cdSTICA Y METODOLOG\u00cdA CIENT\u00cdFICA EN CIENCIAS DE LA SALUD SALUD P\u00daBLICA GRADO EN FISIOTERAPIA (PONFERRADA) BIOESTAD\u00cdSTICA EN [&hellip;]\" \/>\n<meta property=\"og:url\" content=\"https:\/\/departamentos.unileon.es\/medicina-preventiva-y-salud-publica\/asignaturas-impartidas\/\" \/>\n<meta property=\"og:site_name\" content=\"Medicina Preventiva y Salud P\u00fablica\" \/>\n<meta property=\"article:modified_time\" content=\"2023-07-12T15:06:21+00:00\" \/>\n<meta name=\"twitter:card\" content=\"summary_large_image\" \/>\n<meta name=\"twitter:label1\" content=\"Tiempo de lectura\" \/>\n\t<meta name=\"twitter:data1\" content=\"2 minutos\" \/>\n<script type=\"application\/ld+json\" class=\"yoast-schema-graph\">{\"@context\":\"https:\/\/schema.org\",\"@graph\":[{\"@type\":\"WebPage\",\"@id\":\"https:\/\/departamentos.unileon.es\/medicina-preventiva-y-salud-publica\/asignaturas-impartidas\/\",\"url\":\"https:\/\/departamentos.unileon.es\/medicina-preventiva-y-salud-publica\/asignaturas-impartidas\/\",\"name\":\"Asignaturas impartidas - Medicina Preventiva y Salud P\u00fablica\",\"isPartOf\":{\"@id\":\"https:\/\/departamentos.unileon.es\/medicina-preventiva-y-salud-publica\/#website\"},\"datePublished\":\"2018-06-19T11:23:04+00:00\",\"dateModified\":\"2023-07-12T15:06:21+00:00\",\"inLanguage\":\"es\",\"potentialAction\":[{\"@type\":\"ReadAction\",\"target\":[\"https:\/\/departamentos.unileon.es\/medicina-preventiva-y-salud-publica\/asignaturas-impartidas\/\"]}]},{\"@type\":\"WebSite\",\"@id\":\"https:\/\/departamentos.unileon.es\/medicina-preventiva-y-salud-publica\/#website\",\"url\":\"https:\/\/departamentos.unileon.es\/medicina-preventiva-y-salud-publica\/\",\"name\":\"Medicina Preventiva y Salud P\u00fablica\",\"description\":\"Otro sitio m\u00e1s de Universidad de Le\u00f3n\",\"potentialAction\":[{\"@type\":\"SearchAction\",\"target\":{\"@type\":\"EntryPoint\",\"urlTemplate\":\"https:\/\/departamentos.unileon.es\/medicina-preventiva-y-salud-publica\/?s={search_term_string}\"},\"query-input\":{\"@type\":\"PropertyValueSpecification\",\"valueRequired\":true,\"valueName\":\"search_term_string\"}}],\"inLanguage\":\"es\"}]}<\/script>\n<!-- \/ Yoast SEO plugin. -->","yoast_head_json":{"title":"Asignaturas impartidas - Medicina Preventiva y Salud P\u00fablica","robots":{"index":"index","follow":"follow","max-snippet":"max-snippet:-1","max-image-preview":"max-image-preview:large","max-video-preview":"max-video-preview:-1"},"canonical":"https:\/\/departamentos.unileon.es\/medicina-preventiva-y-salud-publica\/asignaturas-impartidas\/","og_locale":"es_ES","og_type":"article","og_title":"Asignaturas impartidas - Medicina Preventiva y Salud P\u00fablica","og_description":"Estudios: Grado GRADO EN CIENCIA Y TECNOLOG\u00cdA DE LOS ALIMENTOS SALUD P\u00daBLICA GRADO EN CIENCIAS AMBIENTALES TOXICOLOG\u00cdA Y SALUD P\u00daBLICA GRADO EN ENFERMER\u00cdA BIOESTAD\u00cdSTICA Y METODOLOG\u00cdA CIENT\u00cdFICA EN CIENCIAS DE LA SALUD SALUD P\u00daBLICA GRADO EN ENFERMER\u00cdA (PONFERRADA) BIOESTAD\u00cdSTICA Y METODOLOG\u00cdA CIENT\u00cdFICA EN CIENCIAS DE LA SALUD SALUD P\u00daBLICA GRADO EN FISIOTERAPIA (PONFERRADA) BIOESTAD\u00cdSTICA EN [&hellip;]","og_url":"https:\/\/departamentos.unileon.es\/medicina-preventiva-y-salud-publica\/asignaturas-impartidas\/","og_site_name":"Medicina Preventiva y Salud P\u00fablica","article_modified_time":"2023-07-12T15:06:21+00:00","twitter_card":"summary_large_image","twitter_misc":{"Tiempo de lectura":"2 minutos"},"schema":{"@context":"https:\/\/schema.org","@graph":[{"@type":"WebPage","@id":"https:\/\/departamentos.unileon.es\/medicina-preventiva-y-salud-publica\/asignaturas-impartidas\/","url":"https:\/\/departamentos.unileon.es\/medicina-preventiva-y-salud-publica\/asignaturas-impartidas\/","name":"Asignaturas impartidas - Medicina Preventiva y Salud P\u00fablica","isPartOf":{"@id":"https:\/\/departamentos.unileon.es\/medicina-preventiva-y-salud-publica\/#website"},"datePublished":"2018-06-19T11:23:04+00:00","dateModified":"2023-07-12T15:06:21+00:00","inLanguage":"es","potentialAction":[{"@type":"ReadAction","target":["https:\/\/departamentos.unileon.es\/medicina-preventiva-y-salud-publica\/asignaturas-impartidas\/"]}]},{"@type":"WebSite","@id":"https:\/\/departamentos.unileon.es\/medicina-preventiva-y-salud-publica\/#website","url":"https:\/\/departamentos.unileon.es\/medicina-preventiva-y-salud-publica\/","name":"Medicina Preventiva y Salud P\u00fablica","description":"Otro sitio m\u00e1s de Universidad de Le\u00f3n","potentialAction":[{"@type":"SearchAction","target":{"@type":"EntryPoint","urlTemplate":"https:\/\/departamentos.unileon.es\/medicina-preventiva-y-salud-publica\/?s={search_term_string}"},"query-input":{"@type":"PropertyValueSpecification","valueRequired":true,"valueName":"search_term_string"}}],"inLanguage":"es"}]}},"_links":{"self":[{"href":"https:\/\/departamentos.unileon.es\/medicina-preventiva-y-salud-publica\/wp-json\/wp\/v2\/pages\/70","targetHints":{"allow":["GET"]}}],"collection":[{"href":"https:\/\/departamentos.unileon.es\/medicina-preventiva-y-salud-publica\/wp-json\/wp\/v2\/pages"}],"about":[{"href":"https:\/\/departamentos.unileon.es\/medicina-preventiva-y-salud-publica\/wp-json\/wp\/v2\/types\/page"}],"author":[{"embeddable":true,"href":"https:\/\/departamentos.unileon.es\/medicina-preventiva-y-salud-publica\/wp-json\/wp\/v2\/users\/160"}],"replies":[{"embeddable":true,"href":"https:\/\/departamentos.unileon.es\/medicina-preventiva-y-salud-publica\/wp-json\/wp\/v2\/comments?post=70"}],"version-history":[{"count":9,"href":"https:\/\/departamentos.unileon.es\/medicina-preventiva-y-salud-publica\/wp-json\/wp\/v2\/pages\/70\/revisions"}],"predecessor-version":[{"id":456,"href":"https:\/\/departamentos.unileon.es\/medicina-preventiva-y-salud-publica\/wp-json\/wp\/v2\/pages\/70\/revisions\/456"}],"wp:attachment":[{"href":"https:\/\/departamentos.unileon.es\/medicina-preventiva-y-salud-publica\/wp-json\/wp\/v2\/media?parent=70"}],"curies":[{"name":"wp","href":"https:\/\/api.w.org\/{rel}","templated":true}]}}