{"id":65,"date":"2018-06-19T11:20:05","date_gmt":"2018-06-19T11:20:05","guid":{"rendered":"http:\/\/departamentos.unileon.es\/medicina-preventiva-y-salud-publica\/?page_id=65"},"modified":"2023-03-19T10:21:48","modified_gmt":"2023-03-19T10:21:48","slug":"centros-de-docencia","status":"publish","type":"page","link":"https:\/\/departamentos.unileon.es\/medicina-preventiva-y-salud-publica\/centros-de-docencia\/","title":{"rendered":"Centros de docencia"},"content":{"rendered":"<ul>\n \t<li><a href=\"http:\/\/centros.unileon.es\/veterinaria\/\">FACULTAD DE VETERINARIA<\/a><\/li>\n \t<li><a href=\"http:\/\/centros.unileon.es\/cienciasdelasalud\/\">FACULTAD DE CIENCIAS DE LA SALUD<\/a><\/li>\n \t<li><a href=\"https:\/\/centros.unileon.es\/biologia\/\">FACULTAD DE CIENCIAS BIOL\u00d3GICAS Y AMBIENTALES<\/a><\/li>\n \t<li>ESTUDIOS DE POSGRADO<\/li>\n \t<li><a href=\"https:\/\/centros.unileon.es\/esdule\/\">ESCUELA DE DOCTORADO<\/a><\/li>\n<\/ul>","protected":false},"excerpt":{"rendered":"<p>FACULTAD DE VETERINARIA FACULTAD DE CIENCIAS DE LA SALUD FACULTAD DE CIENCIAS BIOL\u00d3GICAS Y AMBIENTALES ESTUDIOS DE POSGRADO ESCUELA DE DOCTORADO<\/p>\n","protected":false},"author":160,"featured_media":0,"parent":0,"menu_order":0,"comment_status":"closed","ping_status":"closed","template":"","meta":{"ngg_post_thumbnail":0,"footnotes":""},"class_list":["post-65","page","type-page","status-publish","hentry"],"yoast_head":"<!-- This site is optimized with the Yoast SEO plugin v25.8 - https:\/\/yoast.com\/wordpress\/plugins\/seo\/ -->\n<title>Centros de docencia - Medicina Preventiva y Salud P\u00fablica<\/title>\n<meta name=\"robots\" content=\"index, follow, max-snippet:-1, max-image-preview:large, max-video-preview:-1\" \/>\n<link rel=\"canonical\" href=\"https:\/\/departamentos.unileon.es\/medicina-preventiva-y-salud-publica\/centros-de-docencia\/\" \/>\n<meta property=\"og:locale\" content=\"es_ES\" \/>\n<meta property=\"og:type\" content=\"article\" \/>\n<meta property=\"og:title\" content=\"Centros de docencia - Medicina Preventiva y Salud P\u00fablica\" \/>\n<meta property=\"og:description\" content=\"FACULTAD DE VETERINARIA FACULTAD DE CIENCIAS DE LA SALUD FACULTAD DE CIENCIAS BIOL\u00d3GICAS Y AMBIENTALES ESTUDIOS DE POSGRADO ESCUELA DE DOCTORADO\" \/>\n<meta property=\"og:url\" content=\"https:\/\/departamentos.unileon.es\/medicina-preventiva-y-salud-publica\/centros-de-docencia\/\" \/>\n<meta property=\"og:site_name\" content=\"Medicina Preventiva y Salud P\u00fablica\" \/>\n<meta property=\"article:modified_time\" content=\"2023-03-19T10:21:48+00:00\" \/>\n<meta name=\"twitter:card\" content=\"summary_large_image\" \/>\n<meta name=\"twitter:label1\" content=\"Tiempo de lectura\" \/>\n\t<meta name=\"twitter:data1\" content=\"1 minuto\" \/>\n<script type=\"application\/ld+json\" class=\"yoast-schema-graph\">{\"@context\":\"https:\/\/schema.org\",\"@graph\":[{\"@type\":\"WebPage\",\"@id\":\"https:\/\/departamentos.unileon.es\/medicina-preventiva-y-salud-publica\/centros-de-docencia\/\",\"url\":\"https:\/\/departamentos.unileon.es\/medicina-preventiva-y-salud-publica\/centros-de-docencia\/\",\"name\":\"Centros de docencia - Medicina Preventiva y Salud P\u00fablica\",\"isPartOf\":{\"@id\":\"https:\/\/departamentos.unileon.es\/medicina-preventiva-y-salud-publica\/#website\"},\"datePublished\":\"2018-06-19T11:20:05+00:00\",\"dateModified\":\"2023-03-19T10:21:48+00:00\",\"inLanguage\":\"es\",\"potentialAction\":[{\"@type\":\"ReadAction\",\"target\":[\"https:\/\/departamentos.unileon.es\/medicina-preventiva-y-salud-publica\/centros-de-docencia\/\"]}]},{\"@type\":\"WebSite\",\"@id\":\"https:\/\/departamentos.unileon.es\/medicina-preventiva-y-salud-publica\/#website\",\"url\":\"https:\/\/departamentos.unileon.es\/medicina-preventiva-y-salud-publica\/\",\"name\":\"Medicina Preventiva y Salud P\u00fablica\",\"description\":\"Otro sitio m\u00e1s de Universidad de Le\u00f3n\",\"potentialAction\":[{\"@type\":\"SearchAction\",\"target\":{\"@type\":\"EntryPoint\",\"urlTemplate\":\"https:\/\/departamentos.unileon.es\/medicina-preventiva-y-salud-publica\/?s={search_term_string}\"},\"query-input\":{\"@type\":\"PropertyValueSpecification\",\"valueRequired\":true,\"valueName\":\"search_term_string\"}}],\"inLanguage\":\"es\"}]}<\/script>\n<!-- \/ Yoast SEO plugin. -->","yoast_head_json":{"title":"Centros de docencia - Medicina Preventiva y Salud P\u00fablica","robots":{"index":"index","follow":"follow","max-snippet":"max-snippet:-1","max-image-preview":"max-image-preview:large","max-video-preview":"max-video-preview:-1"},"canonical":"https:\/\/departamentos.unileon.es\/medicina-preventiva-y-salud-publica\/centros-de-docencia\/","og_locale":"es_ES","og_type":"article","og_title":"Centros de docencia - Medicina Preventiva y Salud P\u00fablica","og_description":"FACULTAD DE VETERINARIA FACULTAD DE CIENCIAS DE LA SALUD FACULTAD DE CIENCIAS BIOL\u00d3GICAS Y AMBIENTALES ESTUDIOS DE POSGRADO ESCUELA DE DOCTORADO","og_url":"https:\/\/departamentos.unileon.es\/medicina-preventiva-y-salud-publica\/centros-de-docencia\/","og_site_name":"Medicina Preventiva y Salud P\u00fablica","article_modified_time":"2023-03-19T10:21:48+00:00","twitter_card":"summary_large_image","twitter_misc":{"Tiempo de lectura":"1 minuto"},"schema":{"@context":"https:\/\/schema.org","@graph":[{"@type":"WebPage","@id":"https:\/\/departamentos.unileon.es\/medicina-preventiva-y-salud-publica\/centros-de-docencia\/","url":"https:\/\/departamentos.unileon.es\/medicina-preventiva-y-salud-publica\/centros-de-docencia\/","name":"Centros de docencia - Medicina Preventiva y Salud P\u00fablica","isPartOf":{"@id":"https:\/\/departamentos.unileon.es\/medicina-preventiva-y-salud-publica\/#website"},"datePublished":"2018-06-19T11:20:05+00:00","dateModified":"2023-03-19T10:21:48+00:00","inLanguage":"es","potentialAction":[{"@type":"ReadAction","target":["https:\/\/departamentos.unileon.es\/medicina-preventiva-y-salud-publica\/centros-de-docencia\/"]}]},{"@type":"WebSite","@id":"https:\/\/departamentos.unileon.es\/medicina-preventiva-y-salud-publica\/#website","url":"https:\/\/departamentos.unileon.es\/medicina-preventiva-y-salud-publica\/","name":"Medicina Preventiva y Salud P\u00fablica","description":"Otro sitio m\u00e1s de Universidad de Le\u00f3n","potentialAction":[{"@type":"SearchAction","target":{"@type":"EntryPoint","urlTemplate":"https:\/\/departamentos.unileon.es\/medicina-preventiva-y-salud-publica\/?s={search_term_string}"},"query-input":{"@type":"PropertyValueSpecification","valueRequired":true,"valueName":"search_term_string"}}],"inLanguage":"es"}]}},"_links":{"self":[{"href":"https:\/\/departamentos.unileon.es\/medicina-preventiva-y-salud-publica\/wp-json\/wp\/v2\/pages\/65","targetHints":{"allow":["GET"]}}],"collection":[{"href":"https:\/\/departamentos.unileon.es\/medicina-preventiva-y-salud-publica\/wp-json\/wp\/v2\/pages"}],"about":[{"href":"https:\/\/departamentos.unileon.es\/medicina-preventiva-y-salud-publica\/wp-json\/wp\/v2\/types\/page"}],"author":[{"embeddable":true,"href":"https:\/\/departamentos.unileon.es\/medicina-preventiva-y-salud-publica\/wp-json\/wp\/v2\/users\/160"}],"replies":[{"embeddable":true,"href":"https:\/\/departamentos.unileon.es\/medicina-preventiva-y-salud-publica\/wp-json\/wp\/v2\/comments?post=65"}],"version-history":[{"count":5,"href":"https:\/\/departamentos.unileon.es\/medicina-preventiva-y-salud-publica\/wp-json\/wp\/v2\/pages\/65\/revisions"}],"predecessor-version":[{"id":448,"href":"https:\/\/departamentos.unileon.es\/medicina-preventiva-y-salud-publica\/wp-json\/wp\/v2\/pages\/65\/revisions\/448"}],"wp:attachment":[{"href":"https:\/\/departamentos.unileon.es\/medicina-preventiva-y-salud-publica\/wp-json\/wp\/v2\/media?parent=65"}],"curies":[{"name":"wp","href":"https:\/\/api.w.org\/{rel}","templated":true}]}}