{"id":63,"date":"2018-06-19T11:19:49","date_gmt":"2018-06-19T11:19:49","guid":{"rendered":"http:\/\/departamentos.unileon.es\/medicina-preventiva-y-salud-publica\/?page_id=63"},"modified":"2025-07-14T08:41:22","modified_gmt":"2025-07-14T08:41:22","slug":"profesores-e-investigadores-del-area","status":"publish","type":"page","link":"https:\/\/departamentos.unileon.es\/medicina-preventiva-y-salud-publica\/profesores-e-investigadores-del-area\/","title":{"rendered":"Profesores e investigadores del \u00c1rea"},"content":{"rendered":"\n<h2>Campus de Le\u00f3n<\/h2>\n<ul class=\"wp-block-list\">\n<li><a href=\"https:\/\/portalcientifico.unileon.es\/investigadores\/97185\/detalle\">VICENTE MART\u00cdN SANCHEZ<\/a>.&nbsp; Catedr\u00e1tico de Universidad.<\/li>\n<li><a href=\"https:\/\/portalcientifico.unileon.es\/investigadores\/97395\/detalle\">ANTONIO JOS\u00c9 MOLINA DE LA TORRE<\/a>. Profesor Titular de Universidad.&nbsp;<\/li>\n<li><a href=\"https:\/\/portalcientifico.unileon.es\/investigadores\/97663\/detalle\">MAR\u00cdA RUBIN GARC\u00cdA<\/a>. Profesora Ayudante Doctor.<\/li>\n<li><a href=\"https:\/\/directorio.unileon.es\/index?title=0&amp;findByCnLdap=&amp;donde_buscar=universidad&amp;filter=lgarm\">LIDIA GARC\u00cdA MART\u00cdNEZ<\/a>. Profesor Asociada.<\/li>\n<li><a href=\"https:\/\/portalcientifico.unileon.es\/investigadores\/456361\/detalle\">LORENA BOTELLA JUAN<\/a>. Investigadora Postdoctoral.<\/li>\n<\/ul>\n<h2>Campus de Ponferrada<\/h2>\n<ul class=\"wp-block-list\">\n<li><a href=\"https:\/\/portalcientifico.unileon.es\/investigadores\/97459\/detalle\">TANIA FERN\u00c1NDEZ VILLA<\/a>. Profesora Titular de Universidad. &nbsp;(Coordinadora del \u00c1rea)<\/li>\n<li><a href=\"https:\/\/portalcientifico.unileon.es\/investigadores\/97513\/detalle\">ALBA MARCOS DELGADO<\/a>. Profesora Ayudante Doctor.<\/li>\n<li><a href=\"https:\/\/portalcientifico.unileon.es\/investigadores\/1295677\/detalle\">LAURA \u00c1LVAREZ \u00c1LVAREZ<\/a>. Profesora Ayudante Doctor.<\/li>\n<li><a href=\"https:\/\/portalcientifico.unileon.es\/investigadores\/456387\/detalle\">NATALIA HERN\u00c1NDEZ SEGURA<\/a>. Ayudante.<\/li>\n<li><a href=\"https:\/\/directorio.unileon.es\/index?title=0&amp;findByCnLdap=&amp;donde_buscar=universidad&amp;filter=jpelt\">JOS\u00c9 MAR\u00cdA PELAYO TER\u00c1N<\/a>. Profesor Asociado.<\/li>\n<li><a href=\"https:\/\/directorio.unileon.es\/index?title=0&amp;findByCnLdap=&amp;donde_buscar=universidad&amp;filter=fruis\">FRANCISCO JAVIER RUIZ S\u00c1NZHEZ<\/a>. Profesor Sustituto.<\/li>\n<li><a href=\"https:\/\/directorio.unileon.es\/index?title=0&amp;findByCnLdap=&amp;donde_buscar=universidad&amp;filter=lagog\">LAURA GONZ\u00c1LEZ GARRIDO<\/a>. Profesora Sustituta.<\/li>\n<\/ul>\n\n\n\n<h2 class=\"wp-block-heading\">&nbsp;<\/h2>\n\n\n\n<div class=\"wp-block-columns is-layout-flex wp-container-core-columns-is-layout-9d6595d7 wp-block-columns-is-layout-flex\">\n<div class=\"wp-block-column is-layout-flow wp-block-column-is-layout-flow\" style=\"flex-basis:100%\">\n<div class=\"wp-block-columns is-layout-flex wp-container-core-columns-is-layout-9d6595d7 wp-block-columns-is-layout-flex\">\n<div class=\"wp-block-column is-layout-flow wp-block-column-is-layout-flow\" style=\"flex-basis:100%\">\n<div class=\"wp-block-columns is-layout-flex wp-container-core-columns-is-layout-9d6595d7 wp-block-columns-is-layout-flex\">\n<div class=\"wp-block-column is-layout-flow wp-block-column-is-layout-flow\"><\/div>\n\n\n\n<div class=\"wp-block-column is-layout-flow wp-block-column-is-layout-flow\"><\/div>\n\n\n\n<div class=\"wp-block-column is-layout-flow wp-block-column-is-layout-flow\"><\/div>\n<\/div>\n<\/div>\n<\/div>\n<\/div>\n<\/div>\n","protected":false},"excerpt":{"rendered":"<p>Campus de Le\u00f3n VICENTE MART\u00cdN SANCHEZ.&nbsp; Catedr\u00e1tico de Universidad. ANTONIO JOS\u00c9 MOLINA DE LA TORRE. Profesor Titular de Universidad.&nbsp; MAR\u00cdA RUBIN GARC\u00cdA. Profesora Ayudante Doctor. LIDIA GARC\u00cdA MART\u00cdNEZ. Profesor Asociada. LORENA BOTELLA JUAN. Investigadora Postdoctoral. Campus de Ponferrada TANIA FERN\u00c1NDEZ VILLA. Profesora Titular de Universidad. &nbsp;(Coordinadora del \u00c1rea) ALBA MARCOS DELGADO. Profesora Ayudante Doctor. LAURA [&hellip;]<\/p>\n","protected":false},"author":160,"featured_media":0,"parent":0,"menu_order":0,"comment_status":"closed","ping_status":"closed","template":"","meta":{"ngg_post_thumbnail":0,"footnotes":""},"class_list":["post-63","page","type-page","status-publish","hentry"],"yoast_head":"<!-- This site is optimized with the Yoast SEO plugin v25.8 - https:\/\/yoast.com\/wordpress\/plugins\/seo\/ -->\n<title>Profesores e investigadores del \u00c1rea - Medicina Preventiva y Salud P\u00fablica<\/title>\n<meta name=\"robots\" content=\"index, follow, max-snippet:-1, max-image-preview:large, max-video-preview:-1\" \/>\n<link rel=\"canonical\" href=\"https:\/\/departamentos.unileon.es\/medicina-preventiva-y-salud-publica\/profesores-e-investigadores-del-area\/\" \/>\n<meta property=\"og:locale\" content=\"es_ES\" \/>\n<meta property=\"og:type\" content=\"article\" \/>\n<meta property=\"og:title\" content=\"Profesores e investigadores del \u00c1rea - Medicina Preventiva y Salud P\u00fablica\" \/>\n<meta property=\"og:description\" content=\"Campus de Le\u00f3n VICENTE MART\u00cdN SANCHEZ.&nbsp; Catedr\u00e1tico de Universidad. ANTONIO JOS\u00c9 MOLINA DE LA TORRE. Profesor Titular de Universidad.&nbsp; MAR\u00cdA RUBIN GARC\u00cdA. Profesora Ayudante Doctor. LIDIA GARC\u00cdA MART\u00cdNEZ. Profesor Asociada. LORENA BOTELLA JUAN. Investigadora Postdoctoral. Campus de Ponferrada TANIA FERN\u00c1NDEZ VILLA. Profesora Titular de Universidad. &nbsp;(Coordinadora del \u00c1rea) ALBA MARCOS DELGADO. Profesora Ayudante Doctor. LAURA [&hellip;]\" \/>\n<meta property=\"og:url\" content=\"https:\/\/departamentos.unileon.es\/medicina-preventiva-y-salud-publica\/profesores-e-investigadores-del-area\/\" \/>\n<meta property=\"og:site_name\" content=\"Medicina Preventiva y Salud P\u00fablica\" \/>\n<meta property=\"article:modified_time\" content=\"2025-07-14T08:41:22+00:00\" \/>\n<meta name=\"twitter:card\" content=\"summary_large_image\" \/>\n<meta name=\"twitter:label1\" content=\"Tiempo de lectura\" \/>\n\t<meta name=\"twitter:data1\" content=\"1 minuto\" \/>\n<script type=\"application\/ld+json\" class=\"yoast-schema-graph\">{\"@context\":\"https:\/\/schema.org\",\"@graph\":[{\"@type\":\"WebPage\",\"@id\":\"https:\/\/departamentos.unileon.es\/medicina-preventiva-y-salud-publica\/profesores-e-investigadores-del-area\/\",\"url\":\"https:\/\/departamentos.unileon.es\/medicina-preventiva-y-salud-publica\/profesores-e-investigadores-del-area\/\",\"name\":\"Profesores e investigadores del \u00c1rea - Medicina Preventiva y Salud P\u00fablica\",\"isPartOf\":{\"@id\":\"https:\/\/departamentos.unileon.es\/medicina-preventiva-y-salud-publica\/#website\"},\"datePublished\":\"2018-06-19T11:19:49+00:00\",\"dateModified\":\"2025-07-14T08:41:22+00:00\",\"inLanguage\":\"es\",\"potentialAction\":[{\"@type\":\"ReadAction\",\"target\":[\"https:\/\/departamentos.unileon.es\/medicina-preventiva-y-salud-publica\/profesores-e-investigadores-del-area\/\"]}]},{\"@type\":\"WebSite\",\"@id\":\"https:\/\/departamentos.unileon.es\/medicina-preventiva-y-salud-publica\/#website\",\"url\":\"https:\/\/departamentos.unileon.es\/medicina-preventiva-y-salud-publica\/\",\"name\":\"Medicina Preventiva y Salud P\u00fablica\",\"description\":\"Otro sitio m\u00e1s de Universidad de Le\u00f3n\",\"potentialAction\":[{\"@type\":\"SearchAction\",\"target\":{\"@type\":\"EntryPoint\",\"urlTemplate\":\"https:\/\/departamentos.unileon.es\/medicina-preventiva-y-salud-publica\/?s={search_term_string}\"},\"query-input\":{\"@type\":\"PropertyValueSpecification\",\"valueRequired\":true,\"valueName\":\"search_term_string\"}}],\"inLanguage\":\"es\"}]}<\/script>\n<!-- \/ Yoast SEO plugin. -->","yoast_head_json":{"title":"Profesores e investigadores del \u00c1rea - Medicina Preventiva y Salud P\u00fablica","robots":{"index":"index","follow":"follow","max-snippet":"max-snippet:-1","max-image-preview":"max-image-preview:large","max-video-preview":"max-video-preview:-1"},"canonical":"https:\/\/departamentos.unileon.es\/medicina-preventiva-y-salud-publica\/profesores-e-investigadores-del-area\/","og_locale":"es_ES","og_type":"article","og_title":"Profesores e investigadores del \u00c1rea - Medicina Preventiva y Salud P\u00fablica","og_description":"Campus de Le\u00f3n VICENTE MART\u00cdN SANCHEZ.&nbsp; Catedr\u00e1tico de Universidad. ANTONIO JOS\u00c9 MOLINA DE LA TORRE. Profesor Titular de Universidad.&nbsp; MAR\u00cdA RUBIN GARC\u00cdA. Profesora Ayudante Doctor. LIDIA GARC\u00cdA MART\u00cdNEZ. Profesor Asociada. LORENA BOTELLA JUAN. Investigadora Postdoctoral. Campus de Ponferrada TANIA FERN\u00c1NDEZ VILLA. Profesora Titular de Universidad. &nbsp;(Coordinadora del \u00c1rea) ALBA MARCOS DELGADO. Profesora Ayudante Doctor. LAURA [&hellip;]","og_url":"https:\/\/departamentos.unileon.es\/medicina-preventiva-y-salud-publica\/profesores-e-investigadores-del-area\/","og_site_name":"Medicina Preventiva y Salud P\u00fablica","article_modified_time":"2025-07-14T08:41:22+00:00","twitter_card":"summary_large_image","twitter_misc":{"Tiempo de lectura":"1 minuto"},"schema":{"@context":"https:\/\/schema.org","@graph":[{"@type":"WebPage","@id":"https:\/\/departamentos.unileon.es\/medicina-preventiva-y-salud-publica\/profesores-e-investigadores-del-area\/","url":"https:\/\/departamentos.unileon.es\/medicina-preventiva-y-salud-publica\/profesores-e-investigadores-del-area\/","name":"Profesores e investigadores del \u00c1rea - Medicina Preventiva y Salud P\u00fablica","isPartOf":{"@id":"https:\/\/departamentos.unileon.es\/medicina-preventiva-y-salud-publica\/#website"},"datePublished":"2018-06-19T11:19:49+00:00","dateModified":"2025-07-14T08:41:22+00:00","inLanguage":"es","potentialAction":[{"@type":"ReadAction","target":["https:\/\/departamentos.unileon.es\/medicina-preventiva-y-salud-publica\/profesores-e-investigadores-del-area\/"]}]},{"@type":"WebSite","@id":"https:\/\/departamentos.unileon.es\/medicina-preventiva-y-salud-publica\/#website","url":"https:\/\/departamentos.unileon.es\/medicina-preventiva-y-salud-publica\/","name":"Medicina Preventiva y Salud P\u00fablica","description":"Otro sitio m\u00e1s de Universidad de Le\u00f3n","potentialAction":[{"@type":"SearchAction","target":{"@type":"EntryPoint","urlTemplate":"https:\/\/departamentos.unileon.es\/medicina-preventiva-y-salud-publica\/?s={search_term_string}"},"query-input":{"@type":"PropertyValueSpecification","valueRequired":true,"valueName":"search_term_string"}}],"inLanguage":"es"}]}},"_links":{"self":[{"href":"https:\/\/departamentos.unileon.es\/medicina-preventiva-y-salud-publica\/wp-json\/wp\/v2\/pages\/63","targetHints":{"allow":["GET"]}}],"collection":[{"href":"https:\/\/departamentos.unileon.es\/medicina-preventiva-y-salud-publica\/wp-json\/wp\/v2\/pages"}],"about":[{"href":"https:\/\/departamentos.unileon.es\/medicina-preventiva-y-salud-publica\/wp-json\/wp\/v2\/types\/page"}],"author":[{"embeddable":true,"href":"https:\/\/departamentos.unileon.es\/medicina-preventiva-y-salud-publica\/wp-json\/wp\/v2\/users\/160"}],"replies":[{"embeddable":true,"href":"https:\/\/departamentos.unileon.es\/medicina-preventiva-y-salud-publica\/wp-json\/wp\/v2\/comments?post=63"}],"version-history":[{"count":31,"href":"https:\/\/departamentos.unileon.es\/medicina-preventiva-y-salud-publica\/wp-json\/wp\/v2\/pages\/63\/revisions"}],"predecessor-version":[{"id":499,"href":"https:\/\/departamentos.unileon.es\/medicina-preventiva-y-salud-publica\/wp-json\/wp\/v2\/pages\/63\/revisions\/499"}],"wp:attachment":[{"href":"https:\/\/departamentos.unileon.es\/medicina-preventiva-y-salud-publica\/wp-json\/wp\/v2\/media?parent=63"}],"curies":[{"name":"wp","href":"https:\/\/api.w.org\/{rel}","templated":true}]}}