{"id":61,"date":"2018-06-19T11:18:25","date_gmt":"2018-06-19T11:18:25","guid":{"rendered":"http:\/\/departamentos.unileon.es\/medicina-preventiva-y-salud-publica\/?page_id=61"},"modified":"2018-06-19T11:39:27","modified_gmt":"2018-06-19T11:39:27","slug":"ubicacion-y-contacto","status":"publish","type":"page","link":"https:\/\/departamentos.unileon.es\/medicina-preventiva-y-salud-publica\/ubicacion-y-contacto\/","title":{"rendered":"Ubicaci\u00f3n y contacto"},"content":{"rendered":"<table class=\"aligncenter\" style=\"width: 85.6809%; border-collapse: collapse; border-style: double;\" border=\"1\">\r\n<tbody>\r\n<tr>\r\n<th style=\"width: 33.4375%; vertical-align: middle;\">&nbsp;Direcci\u00f3n Postal<\/th>\r\n<td style=\"width: 52.2434%; vertical-align: middle;\">\u00c1REA DE MEDICINA PREVENTIVA Y SALUD P\u00daBLICA\r\nDepartamento de Ciencias Biom\u00e9dicas\r\nUniversidad de Le\u00f3n\r\nFacultad de Veterinaria\r\nCampus de Vegazana, s\/n\r\n24071 LE\u00d3N<\/td>\r\n<\/tr>\r\n<tr>\r\n<th style=\"width: 33.4375%; vertical-align: middle;\">Tel\u00e9fono<\/th>\r\n<td style=\"width: 52.2434%; vertical-align: middle;\">987 291788<\/td>\r\n<\/tr>\r\n<tr>\r\n<th style=\"width: 33.4375%; vertical-align: middle;\">Correo electr\u00f3nico<\/th>\r\n<td style=\"width: 52.2434%; vertical-align: middle;\">dcbadm@unileon.es<\/td>\r\n<\/tr>\r\n<\/tbody>\r\n<\/table>","protected":false},"excerpt":{"rendered":"<p>&nbsp;Direcci\u00f3n Postal \u00c1REA DE MEDICINA PREVENTIVA Y SALUD P\u00daBLICA Departamento de Ciencias Biom\u00e9dicas Universidad de Le\u00f3n Facultad de Veterinaria Campus de Vegazana, s\/n 24071 LE\u00d3N Tel\u00e9fono 987 291788 Correo electr\u00f3nico dcbadm@unileon.es<\/p>\n","protected":false},"author":160,"featured_media":0,"parent":0,"menu_order":0,"comment_status":"closed","ping_status":"closed","template":"","meta":{"ngg_post_thumbnail":0,"footnotes":""},"class_list":["post-61","page","type-page","status-publish","hentry"],"yoast_head":"<!-- This site is optimized with the Yoast SEO plugin v25.8 - https:\/\/yoast.com\/wordpress\/plugins\/seo\/ -->\n<title>Ubicaci\u00f3n y contacto - Medicina Preventiva y Salud P\u00fablica<\/title>\n<meta name=\"robots\" content=\"index, follow, max-snippet:-1, max-image-preview:large, max-video-preview:-1\" \/>\n<link rel=\"canonical\" href=\"https:\/\/departamentos.unileon.es\/medicina-preventiva-y-salud-publica\/ubicacion-y-contacto\/\" \/>\n<meta property=\"og:locale\" content=\"es_ES\" \/>\n<meta property=\"og:type\" content=\"article\" \/>\n<meta property=\"og:title\" content=\"Ubicaci\u00f3n y contacto - Medicina Preventiva y Salud P\u00fablica\" \/>\n<meta property=\"og:description\" content=\"&nbsp;Direcci\u00f3n Postal \u00c1REA DE MEDICINA PREVENTIVA Y SALUD P\u00daBLICA Departamento de Ciencias Biom\u00e9dicas Universidad de Le\u00f3n Facultad de Veterinaria Campus de Vegazana, s\/n 24071 LE\u00d3N Tel\u00e9fono 987 291788 Correo electr\u00f3nico dcbadm@unileon.es\" \/>\n<meta property=\"og:url\" content=\"https:\/\/departamentos.unileon.es\/medicina-preventiva-y-salud-publica\/ubicacion-y-contacto\/\" \/>\n<meta property=\"og:site_name\" content=\"Medicina Preventiva y Salud P\u00fablica\" \/>\n<meta property=\"article:modified_time\" content=\"2018-06-19T11:39:27+00:00\" \/>\n<meta name=\"twitter:card\" content=\"summary_large_image\" \/>\n<script type=\"application\/ld+json\" class=\"yoast-schema-graph\">{\"@context\":\"https:\/\/schema.org\",\"@graph\":[{\"@type\":\"WebPage\",\"@id\":\"https:\/\/departamentos.unileon.es\/medicina-preventiva-y-salud-publica\/ubicacion-y-contacto\/\",\"url\":\"https:\/\/departamentos.unileon.es\/medicina-preventiva-y-salud-publica\/ubicacion-y-contacto\/\",\"name\":\"Ubicaci\u00f3n y contacto - Medicina Preventiva y Salud P\u00fablica\",\"isPartOf\":{\"@id\":\"https:\/\/departamentos.unileon.es\/medicina-preventiva-y-salud-publica\/#website\"},\"datePublished\":\"2018-06-19T11:18:25+00:00\",\"dateModified\":\"2018-06-19T11:39:27+00:00\",\"inLanguage\":\"es\",\"potentialAction\":[{\"@type\":\"ReadAction\",\"target\":[\"https:\/\/departamentos.unileon.es\/medicina-preventiva-y-salud-publica\/ubicacion-y-contacto\/\"]}]},{\"@type\":\"WebSite\",\"@id\":\"https:\/\/departamentos.unileon.es\/medicina-preventiva-y-salud-publica\/#website\",\"url\":\"https:\/\/departamentos.unileon.es\/medicina-preventiva-y-salud-publica\/\",\"name\":\"Medicina Preventiva y Salud P\u00fablica\",\"description\":\"Otro sitio m\u00e1s de Universidad de Le\u00f3n\",\"potentialAction\":[{\"@type\":\"SearchAction\",\"target\":{\"@type\":\"EntryPoint\",\"urlTemplate\":\"https:\/\/departamentos.unileon.es\/medicina-preventiva-y-salud-publica\/?s={search_term_string}\"},\"query-input\":{\"@type\":\"PropertyValueSpecification\",\"valueRequired\":true,\"valueName\":\"search_term_string\"}}],\"inLanguage\":\"es\"}]}<\/script>\n<!-- \/ Yoast SEO plugin. -->","yoast_head_json":{"title":"Ubicaci\u00f3n y contacto - Medicina Preventiva y Salud P\u00fablica","robots":{"index":"index","follow":"follow","max-snippet":"max-snippet:-1","max-image-preview":"max-image-preview:large","max-video-preview":"max-video-preview:-1"},"canonical":"https:\/\/departamentos.unileon.es\/medicina-preventiva-y-salud-publica\/ubicacion-y-contacto\/","og_locale":"es_ES","og_type":"article","og_title":"Ubicaci\u00f3n y contacto - Medicina Preventiva y Salud P\u00fablica","og_description":"&nbsp;Direcci\u00f3n Postal \u00c1REA DE MEDICINA PREVENTIVA Y SALUD P\u00daBLICA Departamento de Ciencias Biom\u00e9dicas Universidad de Le\u00f3n Facultad de Veterinaria Campus de Vegazana, s\/n 24071 LE\u00d3N Tel\u00e9fono 987 291788 Correo electr\u00f3nico dcbadm@unileon.es","og_url":"https:\/\/departamentos.unileon.es\/medicina-preventiva-y-salud-publica\/ubicacion-y-contacto\/","og_site_name":"Medicina Preventiva y Salud P\u00fablica","article_modified_time":"2018-06-19T11:39:27+00:00","twitter_card":"summary_large_image","schema":{"@context":"https:\/\/schema.org","@graph":[{"@type":"WebPage","@id":"https:\/\/departamentos.unileon.es\/medicina-preventiva-y-salud-publica\/ubicacion-y-contacto\/","url":"https:\/\/departamentos.unileon.es\/medicina-preventiva-y-salud-publica\/ubicacion-y-contacto\/","name":"Ubicaci\u00f3n y contacto - Medicina Preventiva y Salud P\u00fablica","isPartOf":{"@id":"https:\/\/departamentos.unileon.es\/medicina-preventiva-y-salud-publica\/#website"},"datePublished":"2018-06-19T11:18:25+00:00","dateModified":"2018-06-19T11:39:27+00:00","inLanguage":"es","potentialAction":[{"@type":"ReadAction","target":["https:\/\/departamentos.unileon.es\/medicina-preventiva-y-salud-publica\/ubicacion-y-contacto\/"]}]},{"@type":"WebSite","@id":"https:\/\/departamentos.unileon.es\/medicina-preventiva-y-salud-publica\/#website","url":"https:\/\/departamentos.unileon.es\/medicina-preventiva-y-salud-publica\/","name":"Medicina Preventiva y Salud P\u00fablica","description":"Otro sitio m\u00e1s de Universidad de Le\u00f3n","potentialAction":[{"@type":"SearchAction","target":{"@type":"EntryPoint","urlTemplate":"https:\/\/departamentos.unileon.es\/medicina-preventiva-y-salud-publica\/?s={search_term_string}"},"query-input":{"@type":"PropertyValueSpecification","valueRequired":true,"valueName":"search_term_string"}}],"inLanguage":"es"}]}},"_links":{"self":[{"href":"https:\/\/departamentos.unileon.es\/medicina-preventiva-y-salud-publica\/wp-json\/wp\/v2\/pages\/61","targetHints":{"allow":["GET"]}}],"collection":[{"href":"https:\/\/departamentos.unileon.es\/medicina-preventiva-y-salud-publica\/wp-json\/wp\/v2\/pages"}],"about":[{"href":"https:\/\/departamentos.unileon.es\/medicina-preventiva-y-salud-publica\/wp-json\/wp\/v2\/types\/page"}],"author":[{"embeddable":true,"href":"https:\/\/departamentos.unileon.es\/medicina-preventiva-y-salud-publica\/wp-json\/wp\/v2\/users\/160"}],"replies":[{"embeddable":true,"href":"https:\/\/departamentos.unileon.es\/medicina-preventiva-y-salud-publica\/wp-json\/wp\/v2\/comments?post=61"}],"version-history":[{"count":3,"href":"https:\/\/departamentos.unileon.es\/medicina-preventiva-y-salud-publica\/wp-json\/wp\/v2\/pages\/61\/revisions"}],"predecessor-version":[{"id":85,"href":"https:\/\/departamentos.unileon.es\/medicina-preventiva-y-salud-publica\/wp-json\/wp\/v2\/pages\/61\/revisions\/85"}],"wp:attachment":[{"href":"https:\/\/departamentos.unileon.es\/medicina-preventiva-y-salud-publica\/wp-json\/wp\/v2\/media?parent=61"}],"curies":[{"name":"wp","href":"https:\/\/api.w.org\/{rel}","templated":true}]}}