{"id":57,"date":"2018-06-19T11:15:35","date_gmt":"2018-06-19T11:15:35","guid":{"rendered":"http:\/\/departamentos.unileon.es\/medicina-preventiva-y-salud-publica\/?page_id=57"},"modified":"2025-07-14T11:15:07","modified_gmt":"2025-07-14T11:15:07","slug":"pagina-de-inicio","status":"publish","type":"page","link":"https:\/\/departamentos.unileon.es\/medicina-preventiva-y-salud-publica\/","title":{"rendered":"P\u00e1gina de Inicio"},"content":{"rendered":"<p>Te damos la bienvenida a la p\u00e1gina del&nbsp;<strong>\u00c1rea de Medicina Preventiva y Salud P\u00fablica<\/strong>&nbsp;del Departamento de Ciencias Biom\u00e9dicas.<\/p>\n\n\n\n\n<figure class=\"wp-block-image size-large\"><img loading=\"lazy\" decoding=\"async\" width=\"984\" height=\"1024\" src=\"https:\/\/departamentos.unileon.es\/medicina-preventiva-y-salud-publica\/files\/2025\/07\/foto-1-984x1024.jpg\" alt=\"\" class=\"wp-image-506\" srcset=\"https:\/\/departamentos.unileon.es\/medicina-preventiva-y-salud-publica\/files\/2025\/07\/foto-1-984x1024.jpg 984w, https:\/\/departamentos.unileon.es\/medicina-preventiva-y-salud-publica\/files\/2025\/07\/foto-1-288x300.jpg 288w, https:\/\/departamentos.unileon.es\/medicina-preventiva-y-salud-publica\/files\/2025\/07\/foto-1-768x799.jpg 768w, https:\/\/departamentos.unileon.es\/medicina-preventiva-y-salud-publica\/files\/2025\/07\/foto-1-1476x1536.jpg 1476w, https:\/\/departamentos.unileon.es\/medicina-preventiva-y-salud-publica\/files\/2025\/07\/foto-1-1968x2048.jpg 1968w\" sizes=\"auto, (max-width: 984px) 100vw, 984px\" \/><\/figure>\n","protected":false},"excerpt":{"rendered":"<p>Te damos la bienvenida a la p\u00e1gina del&nbsp;\u00c1rea de Medicina Preventiva y Salud P\u00fablica&nbsp;del Departamento de Ciencias Biom\u00e9dicas.<\/p>\n","protected":false},"author":160,"featured_media":0,"parent":0,"menu_order":0,"comment_status":"closed","ping_status":"closed","template":"","meta":{"ngg_post_thumbnail":0,"footnotes":""},"class_list":["post-57","page","type-page","status-publish","hentry"],"yoast_head":"<!-- This site is optimized with the Yoast SEO plugin v25.8 - https:\/\/yoast.com\/wordpress\/plugins\/seo\/ -->\n<title>P\u00e1gina de Inicio - Medicina Preventiva y Salud P\u00fablica<\/title>\n<meta name=\"robots\" content=\"index, follow, max-snippet:-1, max-image-preview:large, max-video-preview:-1\" \/>\n<link rel=\"canonical\" href=\"https:\/\/departamentos.unileon.es\/medicina-preventiva-y-salud-publica\/\" \/>\n<meta property=\"og:locale\" content=\"es_ES\" \/>\n<meta property=\"og:type\" content=\"article\" \/>\n<meta property=\"og:title\" content=\"P\u00e1gina de Inicio - Medicina Preventiva y Salud P\u00fablica\" \/>\n<meta property=\"og:description\" content=\"Te damos la bienvenida a la p\u00e1gina del&nbsp;\u00c1rea de Medicina Preventiva y Salud P\u00fablica&nbsp;del Departamento de Ciencias Biom\u00e9dicas.\" \/>\n<meta property=\"og:url\" content=\"https:\/\/departamentos.unileon.es\/medicina-preventiva-y-salud-publica\/\" \/>\n<meta property=\"og:site_name\" content=\"Medicina Preventiva y Salud P\u00fablica\" \/>\n<meta property=\"article:modified_time\" content=\"2025-07-14T11:15:07+00:00\" \/>\n<meta property=\"og:image\" content=\"https:\/\/departamentos.unileon.es\/medicina-preventiva-y-salud-publica\/files\/2025\/07\/foto-1-scaled.jpg\" \/>\n\t<meta property=\"og:image:width\" content=\"2460\" \/>\n\t<meta property=\"og:image:height\" content=\"2560\" \/>\n\t<meta property=\"og:image:type\" content=\"image\/jpeg\" \/>\n<meta name=\"twitter:card\" content=\"summary_large_image\" \/>\n<meta name=\"twitter:label1\" content=\"Tiempo de lectura\" \/>\n\t<meta name=\"twitter:data1\" content=\"1 minuto\" \/>\n<script type=\"application\/ld+json\" class=\"yoast-schema-graph\">{\"@context\":\"https:\/\/schema.org\",\"@graph\":[{\"@type\":\"WebPage\",\"@id\":\"https:\/\/departamentos.unileon.es\/medicina-preventiva-y-salud-publica\/\",\"url\":\"https:\/\/departamentos.unileon.es\/medicina-preventiva-y-salud-publica\/\",\"name\":\"P\u00e1gina de Inicio - Medicina Preventiva y Salud P\u00fablica\",\"isPartOf\":{\"@id\":\"https:\/\/departamentos.unileon.es\/medicina-preventiva-y-salud-publica\/#website\"},\"primaryImageOfPage\":{\"@id\":\"https:\/\/departamentos.unileon.es\/medicina-preventiva-y-salud-publica\/#primaryimage\"},\"image\":{\"@id\":\"https:\/\/departamentos.unileon.es\/medicina-preventiva-y-salud-publica\/#primaryimage\"},\"thumbnailUrl\":\"https:\/\/departamentos.unileon.es\/medicina-preventiva-y-salud-publica\/files\/2025\/07\/foto-1-984x1024.jpg\",\"datePublished\":\"2018-06-19T11:15:35+00:00\",\"dateModified\":\"2025-07-14T11:15:07+00:00\",\"inLanguage\":\"es\",\"potentialAction\":[{\"@type\":\"ReadAction\",\"target\":[\"https:\/\/departamentos.unileon.es\/medicina-preventiva-y-salud-publica\/\"]}]},{\"@type\":\"ImageObject\",\"inLanguage\":\"es\",\"@id\":\"https:\/\/departamentos.unileon.es\/medicina-preventiva-y-salud-publica\/#primaryimage\",\"url\":\"https:\/\/departamentos.unileon.es\/medicina-preventiva-y-salud-publica\/files\/2025\/07\/foto-1-scaled.jpg\",\"contentUrl\":\"https:\/\/departamentos.unileon.es\/medicina-preventiva-y-salud-publica\/files\/2025\/07\/foto-1-scaled.jpg\",\"width\":2460,\"height\":2560},{\"@type\":\"WebSite\",\"@id\":\"https:\/\/departamentos.unileon.es\/medicina-preventiva-y-salud-publica\/#website\",\"url\":\"https:\/\/departamentos.unileon.es\/medicina-preventiva-y-salud-publica\/\",\"name\":\"Medicina Preventiva y Salud P\u00fablica\",\"description\":\"Otro sitio m\u00e1s de Universidad de Le\u00f3n\",\"potentialAction\":[{\"@type\":\"SearchAction\",\"target\":{\"@type\":\"EntryPoint\",\"urlTemplate\":\"https:\/\/departamentos.unileon.es\/medicina-preventiva-y-salud-publica\/?s={search_term_string}\"},\"query-input\":{\"@type\":\"PropertyValueSpecification\",\"valueRequired\":true,\"valueName\":\"search_term_string\"}}],\"inLanguage\":\"es\"}]}<\/script>\n<!-- \/ Yoast SEO plugin. -->","yoast_head_json":{"title":"P\u00e1gina de Inicio - Medicina Preventiva y Salud P\u00fablica","robots":{"index":"index","follow":"follow","max-snippet":"max-snippet:-1","max-image-preview":"max-image-preview:large","max-video-preview":"max-video-preview:-1"},"canonical":"https:\/\/departamentos.unileon.es\/medicina-preventiva-y-salud-publica\/","og_locale":"es_ES","og_type":"article","og_title":"P\u00e1gina de Inicio - Medicina Preventiva y Salud P\u00fablica","og_description":"Te damos la bienvenida a la p\u00e1gina del&nbsp;\u00c1rea de Medicina Preventiva y Salud P\u00fablica&nbsp;del Departamento de Ciencias Biom\u00e9dicas.","og_url":"https:\/\/departamentos.unileon.es\/medicina-preventiva-y-salud-publica\/","og_site_name":"Medicina Preventiva y Salud P\u00fablica","article_modified_time":"2025-07-14T11:15:07+00:00","og_image":[{"width":2460,"height":2560,"url":"https:\/\/departamentos.unileon.es\/medicina-preventiva-y-salud-publica\/files\/2025\/07\/foto-1-scaled.jpg","type":"image\/jpeg"}],"twitter_card":"summary_large_image","twitter_misc":{"Tiempo de lectura":"1 minuto"},"schema":{"@context":"https:\/\/schema.org","@graph":[{"@type":"WebPage","@id":"https:\/\/departamentos.unileon.es\/medicina-preventiva-y-salud-publica\/","url":"https:\/\/departamentos.unileon.es\/medicina-preventiva-y-salud-publica\/","name":"P\u00e1gina de Inicio - Medicina Preventiva y Salud P\u00fablica","isPartOf":{"@id":"https:\/\/departamentos.unileon.es\/medicina-preventiva-y-salud-publica\/#website"},"primaryImageOfPage":{"@id":"https:\/\/departamentos.unileon.es\/medicina-preventiva-y-salud-publica\/#primaryimage"},"image":{"@id":"https:\/\/departamentos.unileon.es\/medicina-preventiva-y-salud-publica\/#primaryimage"},"thumbnailUrl":"https:\/\/departamentos.unileon.es\/medicina-preventiva-y-salud-publica\/files\/2025\/07\/foto-1-984x1024.jpg","datePublished":"2018-06-19T11:15:35+00:00","dateModified":"2025-07-14T11:15:07+00:00","inLanguage":"es","potentialAction":[{"@type":"ReadAction","target":["https:\/\/departamentos.unileon.es\/medicina-preventiva-y-salud-publica\/"]}]},{"@type":"ImageObject","inLanguage":"es","@id":"https:\/\/departamentos.unileon.es\/medicina-preventiva-y-salud-publica\/#primaryimage","url":"https:\/\/departamentos.unileon.es\/medicina-preventiva-y-salud-publica\/files\/2025\/07\/foto-1-scaled.jpg","contentUrl":"https:\/\/departamentos.unileon.es\/medicina-preventiva-y-salud-publica\/files\/2025\/07\/foto-1-scaled.jpg","width":2460,"height":2560},{"@type":"WebSite","@id":"https:\/\/departamentos.unileon.es\/medicina-preventiva-y-salud-publica\/#website","url":"https:\/\/departamentos.unileon.es\/medicina-preventiva-y-salud-publica\/","name":"Medicina Preventiva y Salud P\u00fablica","description":"Otro sitio m\u00e1s de Universidad de Le\u00f3n","potentialAction":[{"@type":"SearchAction","target":{"@type":"EntryPoint","urlTemplate":"https:\/\/departamentos.unileon.es\/medicina-preventiva-y-salud-publica\/?s={search_term_string}"},"query-input":{"@type":"PropertyValueSpecification","valueRequired":true,"valueName":"search_term_string"}}],"inLanguage":"es"}]}},"_links":{"self":[{"href":"https:\/\/departamentos.unileon.es\/medicina-preventiva-y-salud-publica\/wp-json\/wp\/v2\/pages\/57","targetHints":{"allow":["GET"]}}],"collection":[{"href":"https:\/\/departamentos.unileon.es\/medicina-preventiva-y-salud-publica\/wp-json\/wp\/v2\/pages"}],"about":[{"href":"https:\/\/departamentos.unileon.es\/medicina-preventiva-y-salud-publica\/wp-json\/wp\/v2\/types\/page"}],"author":[{"embeddable":true,"href":"https:\/\/departamentos.unileon.es\/medicina-preventiva-y-salud-publica\/wp-json\/wp\/v2\/users\/160"}],"replies":[{"embeddable":true,"href":"https:\/\/departamentos.unileon.es\/medicina-preventiva-y-salud-publica\/wp-json\/wp\/v2\/comments?post=57"}],"version-history":[{"count":3,"href":"https:\/\/departamentos.unileon.es\/medicina-preventiva-y-salud-publica\/wp-json\/wp\/v2\/pages\/57\/revisions"}],"predecessor-version":[{"id":507,"href":"https:\/\/departamentos.unileon.es\/medicina-preventiva-y-salud-publica\/wp-json\/wp\/v2\/pages\/57\/revisions\/507"}],"wp:attachment":[{"href":"https:\/\/departamentos.unileon.es\/medicina-preventiva-y-salud-publica\/wp-json\/wp\/v2\/media?parent=57"}],"curies":[{"name":"wp","href":"https:\/\/api.w.org\/{rel}","templated":true}]}}