{"id":127,"date":"2018-07-11T08:29:01","date_gmt":"2018-07-11T08:29:01","guid":{"rendered":"http:\/\/departamentos.unileon.es\/medicina-preventiva-y-salud-publica\/?page_id=127"},"modified":"2018-07-11T08:29:01","modified_gmt":"2018-07-11T08:29:01","slug":"interacciones-gen-ambiente-salud","status":"publish","type":"page","link":"https:\/\/departamentos.unileon.es\/medicina-preventiva-y-salud-publica\/interacciones-gen-ambiente-salud\/","title":{"rendered":"Interacciones Gen- Ambiente- Salud"},"content":{"rendered":"","protected":false},"excerpt":{"rendered":"","protected":false},"author":160,"featured_media":0,"parent":0,"menu_order":0,"comment_status":"closed","ping_status":"closed","template":"","meta":{"ngg_post_thumbnail":0,"footnotes":""},"class_list":["post-127","page","type-page","status-publish","hentry"],"yoast_head":"<!-- This site is optimized with the Yoast SEO plugin v25.8 - https:\/\/yoast.com\/wordpress\/plugins\/seo\/ -->\n<title>Interacciones Gen- Ambiente- Salud - Medicina Preventiva y Salud P\u00fablica<\/title>\n<meta name=\"robots\" content=\"index, follow, max-snippet:-1, max-image-preview:large, max-video-preview:-1\" \/>\n<link rel=\"canonical\" href=\"https:\/\/departamentos.unileon.es\/medicina-preventiva-y-salud-publica\/interacciones-gen-ambiente-salud\/\" \/>\n<meta property=\"og:locale\" content=\"es_ES\" \/>\n<meta property=\"og:type\" content=\"article\" \/>\n<meta property=\"og:title\" content=\"Interacciones Gen- Ambiente- Salud - Medicina Preventiva y Salud P\u00fablica\" \/>\n<meta property=\"og:url\" content=\"https:\/\/departamentos.unileon.es\/medicina-preventiva-y-salud-publica\/interacciones-gen-ambiente-salud\/\" \/>\n<meta property=\"og:site_name\" content=\"Medicina Preventiva y Salud P\u00fablica\" \/>\n<meta name=\"twitter:card\" content=\"summary_large_image\" \/>\n<script type=\"application\/ld+json\" class=\"yoast-schema-graph\">{\"@context\":\"https:\/\/schema.org\",\"@graph\":[{\"@type\":\"WebPage\",\"@id\":\"https:\/\/departamentos.unileon.es\/medicina-preventiva-y-salud-publica\/interacciones-gen-ambiente-salud\/\",\"url\":\"https:\/\/departamentos.unileon.es\/medicina-preventiva-y-salud-publica\/interacciones-gen-ambiente-salud\/\",\"name\":\"Interacciones Gen- Ambiente- Salud - Medicina Preventiva y Salud P\u00fablica\",\"isPartOf\":{\"@id\":\"https:\/\/departamentos.unileon.es\/medicina-preventiva-y-salud-publica\/#website\"},\"datePublished\":\"2018-07-11T08:29:01+00:00\",\"inLanguage\":\"es\",\"potentialAction\":[{\"@type\":\"ReadAction\",\"target\":[\"https:\/\/departamentos.unileon.es\/medicina-preventiva-y-salud-publica\/interacciones-gen-ambiente-salud\/\"]}]},{\"@type\":\"WebSite\",\"@id\":\"https:\/\/departamentos.unileon.es\/medicina-preventiva-y-salud-publica\/#website\",\"url\":\"https:\/\/departamentos.unileon.es\/medicina-preventiva-y-salud-publica\/\",\"name\":\"Medicina Preventiva y Salud P\u00fablica\",\"description\":\"Otro sitio m\u00e1s de Universidad de Le\u00f3n\",\"potentialAction\":[{\"@type\":\"SearchAction\",\"target\":{\"@type\":\"EntryPoint\",\"urlTemplate\":\"https:\/\/departamentos.unileon.es\/medicina-preventiva-y-salud-publica\/?s={search_term_string}\"},\"query-input\":{\"@type\":\"PropertyValueSpecification\",\"valueRequired\":true,\"valueName\":\"search_term_string\"}}],\"inLanguage\":\"es\"}]}<\/script>\n<!-- \/ Yoast SEO plugin. -->","yoast_head_json":{"title":"Interacciones Gen- Ambiente- Salud - Medicina Preventiva y Salud P\u00fablica","robots":{"index":"index","follow":"follow","max-snippet":"max-snippet:-1","max-image-preview":"max-image-preview:large","max-video-preview":"max-video-preview:-1"},"canonical":"https:\/\/departamentos.unileon.es\/medicina-preventiva-y-salud-publica\/interacciones-gen-ambiente-salud\/","og_locale":"es_ES","og_type":"article","og_title":"Interacciones Gen- Ambiente- Salud - Medicina Preventiva y Salud P\u00fablica","og_url":"https:\/\/departamentos.unileon.es\/medicina-preventiva-y-salud-publica\/interacciones-gen-ambiente-salud\/","og_site_name":"Medicina Preventiva y Salud P\u00fablica","twitter_card":"summary_large_image","schema":{"@context":"https:\/\/schema.org","@graph":[{"@type":"WebPage","@id":"https:\/\/departamentos.unileon.es\/medicina-preventiva-y-salud-publica\/interacciones-gen-ambiente-salud\/","url":"https:\/\/departamentos.unileon.es\/medicina-preventiva-y-salud-publica\/interacciones-gen-ambiente-salud\/","name":"Interacciones Gen- Ambiente- Salud - Medicina Preventiva y Salud P\u00fablica","isPartOf":{"@id":"https:\/\/departamentos.unileon.es\/medicina-preventiva-y-salud-publica\/#website"},"datePublished":"2018-07-11T08:29:01+00:00","inLanguage":"es","potentialAction":[{"@type":"ReadAction","target":["https:\/\/departamentos.unileon.es\/medicina-preventiva-y-salud-publica\/interacciones-gen-ambiente-salud\/"]}]},{"@type":"WebSite","@id":"https:\/\/departamentos.unileon.es\/medicina-preventiva-y-salud-publica\/#website","url":"https:\/\/departamentos.unileon.es\/medicina-preventiva-y-salud-publica\/","name":"Medicina Preventiva y Salud P\u00fablica","description":"Otro sitio m\u00e1s de Universidad de Le\u00f3n","potentialAction":[{"@type":"SearchAction","target":{"@type":"EntryPoint","urlTemplate":"https:\/\/departamentos.unileon.es\/medicina-preventiva-y-salud-publica\/?s={search_term_string}"},"query-input":{"@type":"PropertyValueSpecification","valueRequired":true,"valueName":"search_term_string"}}],"inLanguage":"es"}]}},"_links":{"self":[{"href":"https:\/\/departamentos.unileon.es\/medicina-preventiva-y-salud-publica\/wp-json\/wp\/v2\/pages\/127","targetHints":{"allow":["GET"]}}],"collection":[{"href":"https:\/\/departamentos.unileon.es\/medicina-preventiva-y-salud-publica\/wp-json\/wp\/v2\/pages"}],"about":[{"href":"https:\/\/departamentos.unileon.es\/medicina-preventiva-y-salud-publica\/wp-json\/wp\/v2\/types\/page"}],"author":[{"embeddable":true,"href":"https:\/\/departamentos.unileon.es\/medicina-preventiva-y-salud-publica\/wp-json\/wp\/v2\/users\/160"}],"replies":[{"embeddable":true,"href":"https:\/\/departamentos.unileon.es\/medicina-preventiva-y-salud-publica\/wp-json\/wp\/v2\/comments?post=127"}],"version-history":[{"count":1,"href":"https:\/\/departamentos.unileon.es\/medicina-preventiva-y-salud-publica\/wp-json\/wp\/v2\/pages\/127\/revisions"}],"predecessor-version":[{"id":128,"href":"https:\/\/departamentos.unileon.es\/medicina-preventiva-y-salud-publica\/wp-json\/wp\/v2\/pages\/127\/revisions\/128"}],"wp:attachment":[{"href":"https:\/\/departamentos.unileon.es\/medicina-preventiva-y-salud-publica\/wp-json\/wp\/v2\/media?parent=127"}],"curies":[{"name":"wp","href":"https:\/\/api.w.org\/{rel}","templated":true}]}}