{"id":8,"date":"2010-08-17T10:14:10","date_gmt":"2010-08-17T10:14:10","guid":{"rendered":"http:\/\/departamentos.unileon.es\/medicina-cirugia-y-anatomia-veterinaria\/"},"modified":"2019-07-04T07:42:01","modified_gmt":"2019-07-04T07:42:01","slug":"personal","status":"publish","type":"page","link":"https:\/\/departamentos.unileon.es\/medicina-cirugia-y-anatomia-veterinaria\/personal\/","title":{"rendered":"Personal"},"content":{"rendered":"\t\t\t\t\r\n\t\t\t\t\r\n\t\t\t\t\r\n\t\t\t\t<h2>Personal docente e investigador<\/h2>     \r\n                 <h3> \u00c1rea - Anatom\u00eda y Anatom\u00eda Patol\u00f3gica Comparadas <\/h3>\r\n\t\t\t\t\t<ul>\r\n                        \r\n                        \r\n                       <li> <a href=\"https:\/\/www.unileon.es\/directorio-y-telefonos?usuario=cachaa\">C\u00c9SAR \u00c1NGEL CHAMORRO \u00c1LVAREZ<\/a> - Catedr\u00e1tico de Universidad - <a href =\"https:\/\/www.unileon.es\/ficheros\/perfildocente\/curriculum-cachaa.pdf\"> Perfil Docente<\/a> <\/li>\r\n                                        \r\n                        \r\n                       <li> <a href=\"https:\/\/www.unileon.es\/directorio-y-telefonos?usuario=jgfera\">JOSE GABRIEL FERN\u00c1NDEZ \u00c1LVAREZ<\/a> - Catedr\u00e1tico de Universidad - <a href =\"https:\/\/www.unileon.es\/ficheros\/perfildocente\/curriculum-jgfera.pdf\"> Perfil Docente<\/a> <\/li>\r\n                                        \r\n                        \r\n                       <li> <a href=\"https:\/\/www.unileon.es\/directorio-y-telefonos?usuario=lanel\">LUIS ANEL L\u00d3PEZ<\/a> - Profesor Titular de Universidad - <a href =\"https:\/\/www.unileon.es\/ficheros\/perfildocente\/curriculum-lanel.pdf\"> Perfil Docente<\/a> <\/li>\r\n                                        \r\n                        \r\n                       <li> <a href=\"https:\/\/www.unileon.es\/directorio-y-telefonos?usuario=mvvils\">MAR\u00cdA VEGA VILLAR SU\u00c1REZ<\/a> - Profesor Titular de Universidad - <a href =\"https:\/\/www.unileon.es\/ficheros\/perfildocente\/curriculum-mvvils.pdf\"> Perfil Docente<\/a> <\/li>\r\n                                        \r\n                        \r\n                       <li> <a href=\"https:\/\/www.unileon.es\/directorio-y-telefonos?usuario=mferc\">MAXIMINO FERN\u00c1NDEZ CASO<\/a> - Profesor Titular de Universidad - <a href =\"https:\/\/www.unileon.es\/ficheros\/perfildocente\/curriculum-mferc.pdf\"> Perfil Docente<\/a> <\/li>\r\n                                        \r\n                        \r\n                       <li> <a href=\"https:\/\/www.unileon.es\/directorio-y-telefonos?usuario=smarf\">SUSANA MART\u00cdNEZ FL\u00d3REZ<\/a> - PROFESOR CONTRATADO DOCTOR - <a href =\"https:\/\/www.unileon.es\/ficheros\/perfildocente\/curriculum-smarf.pdf\"> Perfil Docente<\/a> <\/li>\r\n                                        \r\n                        \r\n                       <li> <a href=\"https:\/\/www.unileon.es\/directorio-y-telefonos?usuario=egonzc\">ELSA GONZ\u00c1LEZ CUBERO<\/a> - PROFESOR AYUDANTE DOCTOR - <a href =\"https:\/\/www.unileon.es\/ficheros\/perfildocente\/curriculum-egonzc.pdf\"> Perfil Docente<\/a> <\/li>\r\n                                        \r\n                        \r\n                       <li> <a href=\"https:\/\/www.unileon.es\/directorio-y-telefonos?usuario=algarg\">ALICIA GARC\u00cdA GARC\u00cdA<\/a> - PROFESOR ASOCIADO - <a href =\"https:\/\/www.unileon.es\/ficheros\/perfildocente\/curriculum-algarg.pdf\"> Perfil Docente<\/a> <\/li>\r\n                                        \r\n                        \r\n                       <li> <a href=\"https:\/\/www.unileon.es\/directorio-y-telefonos?usuario=imorp\">ISMAEL MORAN PONCELAS<\/a> - PROFESOR ASOCIADO - <a href =\"https:\/\/www.unileon.es\/ficheros\/perfildocente\/curriculum-imorp.pdf\"> Perfil Docente<\/a> <\/li>\r\n                                        \r\n                        \r\n                       <li> <a href=\"https:\/\/www.unileon.es\/directorio-y-telefonos?usuario=mmard\">MAR\u00cdA ANTONIA MART\u00cdNEZ DOM\u00cdNGUEZ<\/a> - PROFESOR ASOCIADO - <a href =\"https:\/\/www.unileon.es\/ficheros\/perfildocente\/curriculum-mmard.pdf\"> Perfil Docente<\/a> <\/li>\r\n                                        \r\n                        \r\n                       <li> <a href=\"https:\/\/www.unileon.es\/directorio-y-telefonos?usuario=cmasm\">CAROLINA MASIDE MIELGO<\/a> - PROFESOR PERMANENTE LABORAL - <a href =\"https:\/\/www.unileon.es\/ficheros\/perfildocente\/curriculum-cmasm.pdf\"> Perfil Docente<\/a> <\/li>\r\n                                    <\/ul> <h3> \u00c1rea - Medicina y Cirug\u00eda Animal <\/h3>\r\n\t\t\t\t\t<ul>\r\n                        \r\n                        \r\n                       <li> <a href=\"https:\/\/www.unileon.es\/directorio-y-telefonos?usuario=jarodma\">JOS\u00c9 ANTONIO RODR\u00cdGUEZ-ALTONAGA MART\u00cdNEZ<\/a> - Catedr\u00e1tico de Universidad - <a href =\"https:\/\/www.unileon.es\/ficheros\/perfildocente\/curriculum-jarodma.pdf\"> Perfil Docente<\/a> <\/li>\r\n                                        \r\n                        \r\n                       <li> <a href=\"https:\/\/www.unileon.es\/directorio-y-telefonos?usuario=jmgono\">JOS\u00c9 MANUEL GONZALO ORDEN<\/a> - Catedr\u00e1tico de Universidad - <a href =\"https:\/\/www.unileon.es\/ficheros\/perfildocente\/curriculum-jmgono.pdf\"> Perfil Docente<\/a> <\/li>\r\n                                        \r\n                        \r\n                       <li> <a href=\"https:\/\/www.unileon.es\/directorio-y-telefonos?usuario=mmalvg\">MAR\u00cdA MERCEDES \u00c1LVAREZ GARC\u00cdA<\/a> - Catedr\u00e1tico de Universidad - <a href =\"https:\/\/www.unileon.es\/ficheros\/perfildocente\/curriculum-mmalvg.pdf\"> Perfil Docente<\/a> <\/li>\r\n                                        \r\n                        \r\n                       <li> <a href=\"https:\/\/www.unileon.es\/directorio-y-telefonos?usuario=matesd\">MIGUEL \u00c1NGEL TESOURO D\u00cdEZ<\/a> - Catedr\u00e1tico de Universidad - <a href =\"https:\/\/www.unileon.es\/ficheros\/perfildocente\/curriculum-matesd.pdf\"> Perfil Docente<\/a> <\/li>\r\n                                        \r\n                        \r\n                       <li> <a href=\"https:\/\/www.unileon.es\/directorio-y-telefonos?usuario=aeserg\">ALICIA ESTER SERANTES G\u00d3MEZ<\/a> - Profesor Titular de Universidad - <a href =\"https:\/\/www.unileon.es\/ficheros\/perfildocente\/curriculum-aeserg.pdf\"> Perfil Docente<\/a> <\/li>\r\n                                        \r\n                        \r\n                       <li> <a href=\"https:\/\/www.unileon.es\/directorio-y-telefonos?usuario=ccperg\">CARLOS C\u00c9SAR P\u00c9REZ GARC\u00cdA<\/a> - Profesor Titular de Universidad - <a href =\"https:\/\/www.unileon.es\/ficheros\/perfildocente\/curriculum-ccperg.pdf\"> Perfil Docente<\/a> <\/li>\r\n                                        \r\n                        \r\n                       <li> <a href=\"https:\/\/www.unileon.es\/directorio-y-telefonos?usuario=jsang\">JES\u00daS S\u00c1NCHEZ GARC\u00cdA<\/a> - Profesor Titular de Universidad - <a href =\"https:\/\/www.unileon.es\/ficheros\/perfildocente\/curriculum-jsang.pdf\"> Perfil Docente<\/a> <\/li>\r\n                                        \r\n                        \r\n                       <li> <a href=\"https:\/\/www.unileon.es\/directorio-y-telefonos?usuario=jrgonm\">JOS\u00c9 RAMIRO GONZ\u00c1LEZ MONTA\u00d1A<\/a> - Profesor Titular de Universidad - <a href =\"https:\/\/www.unileon.es\/ficheros\/perfildocente\/curriculum-jrgonm.pdf\"> Perfil Docente<\/a> <\/li>\r\n                                        \r\n                        \r\n                       <li> <a href=\"https:\/\/www.unileon.es\/directorio-y-telefonos?usuario=jhrejl\">JUAN HIP\u00d3LITO REJAS L\u00d3PEZ<\/a> - Profesor Titular de Universidad - <a href =\"https:\/\/www.unileon.es\/ficheros\/perfildocente\/curriculum-jhrejl.pdf\"> Perfil Docente<\/a> <\/li>\r\n                                        \r\n                        \r\n                       <li> <a href=\"https:\/\/www.unileon.es\/directorio-y-telefonos?usuario=mariog\">MAR\u00cdA ANGELES R\u00cdOS GRANJA<\/a> - Profesor Titular de Universidad - <a href =\"https:\/\/www.unileon.es\/ficheros\/perfildocente\/curriculum-mariog.pdf\"> Perfil Docente<\/a> <\/li>\r\n                                        \r\n                        \r\n                       <li> <a href=\"https:\/\/www.unileon.es\/directorio-y-telefonos?usuario=mbgarr\">MAR\u00cdA BELEN GARC\u00cdA RODR\u00cdGUEZ<\/a> - Profesor Titular de Universidad - <a href =\"https:\/\/www.unileon.es\/ficheros\/perfildocente\/curriculum-mbgarr.pdf\"> Perfil Docente<\/a> <\/li>\r\n                                        \r\n                        \r\n                       <li> <a href=\"https:\/\/www.unileon.es\/directorio-y-telefonos?usuario=mtcarr\">MAR\u00cdA TERESA CARBAJO RUEDA<\/a> - Profesor Titular de Universidad - <a href =\"https:\/\/www.unileon.es\/ficheros\/perfildocente\/curriculum-mtcarr.pdf\"> Perfil Docente<\/a> <\/li>\r\n                                        \r\n                        \r\n                       <li> <a href=\"https:\/\/www.unileon.es\/directorio-y-telefonos?usuario=rtora\">RAMIRO TOR\u00cdO \u00c1LVAREZ<\/a> - Profesor Titular de Universidad - <a href =\"https:\/\/www.unileon.es\/ficheros\/perfildocente\/curriculum-rtora.pdf\"> Perfil Docente<\/a> <\/li>\r\n                                        \r\n                        \r\n                       <li> <a href=\"https:\/\/www.unileon.es\/directorio-y-telefonos?usuario=ajalod\">\u00c1NGEL JAVIER ALONSO D\u00cdEZ<\/a> - Profesor Titular de Universidad - <a href =\"https:\/\/www.unileon.es\/ficheros\/perfildocente\/curriculum-ajalod.pdf\"> Perfil Docente<\/a> <\/li>\r\n                                        \r\n                        \r\n                       <li> <a href=\"https:\/\/www.unileon.es\/directorio-y-telefonos?usuario=mregf\">MARTA MAR\u00cdA REGUEIRO PURRI\u00d1OS<\/a> - PROFESOR CONTRATADO DOCTOR - <a href =\"https:\/\/www.unileon.es\/ficheros\/perfildocente\/curriculum-mregf.pdf\"> Perfil Docente<\/a> <\/li>\r\n                                        \r\n                        \r\n                       <li> <a href=\"https:\/\/www.unileon.es\/directorio-y-telefonos?usuario=cpalm\">CRISTINA PALAC\u00cdN MART\u00cdNEZ<\/a> - PROFESOR AYUDANTE DOCTOR - <a href =\"https:\/\/www.unileon.es\/ficheros\/perfildocente\/curriculum-cpalm.pdf\"> Perfil Docente<\/a> <\/li>\r\n                                        \r\n                        \r\n                       <li> <a href=\"https:\/\/www.unileon.es\/directorio-y-telefonos?usuario=rmong\">RAFAEL MONTES GARRIDO<\/a> - PROFESOR AYUDANTE DOCTOR - <a href =\"https:\/\/www.unileon.es\/ficheros\/perfildocente\/curriculum-rmong.pdf\"> Perfil Docente<\/a> <\/li>\r\n                                        \r\n                        \r\n                       <li> <a href=\"https:\/\/www.unileon.es\/directorio-y-telefonos?usuario=djorc\">DEBORA JORGE CASADO<\/a> - PROFESOR ASOCIADO - <a href =\"https:\/\/www.unileon.es\/ficheros\/perfildocente\/curriculum-djorc.pdf\"> Perfil Docente<\/a> <\/li>\r\n                                        \r\n                        \r\n                       <li> <a href=\"https:\/\/www.unileon.es\/directorio-y-telefonos?usuario=ipraa\">IV\u00c1N PRADA AREAN<\/a> - PROFESOR ASOCIADO - <a href =\"https:\/\/www.unileon.es\/ficheros\/perfildocente\/curriculum-ipraa.pdf\"> Perfil Docente<\/a> <\/li>\r\n                                        \r\n                        \r\n                       <li> <a href=\"https:\/\/www.unileon.es\/directorio-y-telefonos?usuario=jguig\">JAVIER GUIJARRO GONZ\u00c1LEZ-MOYA<\/a> - PROFESOR ASOCIADO - <a href =\"https:\/\/www.unileon.es\/ficheros\/perfildocente\/curriculum-jguig.pdf\"> Perfil Docente<\/a> <\/li>\r\n                                        \r\n                        \r\n                       <li> <a href=\"https:\/\/www.unileon.es\/directorio-y-telefonos?usuario=lmilv\">LORENA MILL\u00c1N VARELA<\/a> - PROFESOR ASOCIADO - <a href =\"https:\/\/www.unileon.es\/ficheros\/perfildocente\/curriculum-lmilv.pdf\"> Perfil Docente<\/a> <\/li>\r\n                                        \r\n                        \r\n                       <li> <a href=\"https:\/\/www.unileon.es\/directorio-y-telefonos?usuario=msotl\">MAR\u00cdA VICTORIA SOTO L\u00d3PEZ<\/a> - PROFESOR ASOCIADO - <a href =\"https:\/\/www.unileon.es\/ficheros\/perfildocente\/curriculum-msotl.pdf\"> Perfil Docente<\/a> <\/li>\r\n                                        \r\n                        \r\n                       <li> <a href=\"https:\/\/www.unileon.es\/directorio-y-telefonos?usuario=ngonza\">NORBERTO GONZ\u00c1LEZ ALONSO<\/a> - PROFESOR ASOCIADO - <a href =\"https:\/\/www.unileon.es\/ficheros\/perfildocente\/curriculum-ngonza.pdf\"> Perfil Docente<\/a> <\/li>\r\n                                        \r\n                        \r\n                       <li> <a href=\"https:\/\/www.unileon.es\/directorio-y-telefonos?usuario=pchah\">PATRICIA CHAVARR\u00cdA HOYOS<\/a> - PROFESOR ASOCIADO - <a href =\"https:\/\/www.unileon.es\/ficheros\/perfildocente\/curriculum-pchah.pdf\"> Perfil Docente<\/a> <\/li>\r\n                                        \r\n                        \r\n                       <li> <a href=\"https:\/\/www.unileon.es\/directorio-y-telefonos?usuario=ppelt\">PATRICIA PEL\u00c1EZ TORRES<\/a> - PROFESOR ASOCIADO - <a href =\"https:\/\/www.unileon.es\/ficheros\/perfildocente\/curriculum-ppelt.pdf\"> Perfil Docente<\/a> <\/li>\r\n                                        \r\n                        \r\n                       <li> <a href=\"https:\/\/www.unileon.es\/directorio-y-telefonos?usuario=msoru\">CRISTINA DE LAS MERCEDES SORIANO \u00daBEDA<\/a> - PROFESOR PERMANENTE LABORAL - <a href =\"https:\/\/www.unileon.es\/ficheros\/perfildocente\/curriculum-msoru.pdf\"> Perfil Docente<\/a> <\/li>\r\n                                        \r\n                        \r\n                       <li> <a href=\"https:\/\/www.unileon.es\/directorio-y-telefonos?usuario=laner\">LUIS ANEL RODR\u00cdGUEZ<\/a> - PROFESOR EM\u00c9RITO - <a href =\"https:\/\/www.unileon.es\/ficheros\/perfildocente\/curriculum-laner.pdf\"> Perfil Docente<\/a> <\/li>\r\n                                      \r\n\t\t\t\t<\/ul>\r\n\r\n\t\t\t\t\t\r\n\t\t\t\r\n\t\t\t<p>\u00a0<\/p>\r\n\t\t\t<h2>Personal de administraci\u00f3n y servicios<\/h2>\r\n\t\t\t<ul>\r\n\r\n\r\n\r\n\t\t\t\r\n                \r\n                    <li><a href=\"https:\/\/www.unileon.es\/directorio-y-telefonos?usuario=jjsang\">JOS\u00c9 JAVIER SANZ G\u00d3MEZ<\/a> - T\u00c9CNICO ESPECIALISTA DE LABORATORIO<\/li>\r\n            \r\n\t\t\t\r\n                \r\n                    <li><a href=\"https:\/\/www.unileon.es\/directorio-y-telefonos?usuario=melopg\">M ELISA L\u00d3PEZ GONZ\u00c1LEZ<\/a> - T\u00c9CNICO ESPECIALISTA DE LABORATORIO<\/li>\r\n            \r\n\t\t\t\r\n                \r\n                    <li><a href=\"https:\/\/www.unileon.es\/directorio-y-telefonos?usuario=gerrcp\">ROSA M CIRIA POZA<\/a> - E. ADMINISTRATIVA DE LA UNIV. DE LE\u00d3N<\/li>\r\n            \r\n\t\t\t\r\n                \r\n                    <li><a href=\"https:\/\/www.unileon.es\/directorio-y-telefonos?usuario=gersbm\">SANTIAGO BLANCO M\u00c9NDEZ<\/a> - T\u00c9CNICO ESPECIALISTA DE LABORATORIO<\/li>\r\n            \r\n\t\t\t\r\n                <\/ul>\r\n\r\n","protected":false},"excerpt":{"rendered":"","protected":false},"author":1,"featured_media":0,"parent":0,"menu_order":2,"comment_status":"closed","ping_status":"open","template":"","meta":{"ngg_post_thumbnail":0,"footnotes":""},"class_list":["post-8","page","type-page","status-publish","hentry"],"yoast_head":"<!-- This site is optimized with the Yoast SEO plugin v25.8 - https:\/\/yoast.com\/wordpress\/plugins\/seo\/ -->\n<title>Personal - Departamento de Medicina, Cirug\u00eda y Anatom\u00eda Veterinaria<\/title>\n<meta name=\"robots\" content=\"index, follow, max-snippet:-1, max-image-preview:large, max-video-preview:-1\" \/>\n<link rel=\"canonical\" href=\"https:\/\/departamentos.unileon.es\/medicina-cirugia-y-anatomia-veterinaria\/personal\/\" \/>\n<meta property=\"og:locale\" content=\"es_ES\" \/>\n<meta property=\"og:type\" content=\"article\" \/>\n<meta property=\"og:title\" content=\"Personal - Departamento de Medicina, Cirug\u00eda y Anatom\u00eda Veterinaria\" \/>\n<meta property=\"og:url\" content=\"https:\/\/departamentos.unileon.es\/medicina-cirugia-y-anatomia-veterinaria\/personal\/\" \/>\n<meta property=\"og:site_name\" content=\"Departamento de Medicina, Cirug\u00eda y Anatom\u00eda Veterinaria\" \/>\n<meta property=\"article:modified_time\" content=\"2019-07-04T07:42:01+00:00\" \/>\n<meta name=\"twitter:card\" content=\"summary_large_image\" \/>\n<script type=\"application\/ld+json\" class=\"yoast-schema-graph\">{\"@context\":\"https:\/\/schema.org\",\"@graph\":[{\"@type\":\"WebPage\",\"@id\":\"https:\/\/departamentos.unileon.es\/medicina-cirugia-y-anatomia-veterinaria\/personal\/\",\"url\":\"https:\/\/departamentos.unileon.es\/medicina-cirugia-y-anatomia-veterinaria\/personal\/\",\"name\":\"Personal - Departamento de Medicina, Cirug\u00eda y Anatom\u00eda Veterinaria\",\"isPartOf\":{\"@id\":\"https:\/\/departamentos.unileon.es\/medicina-cirugia-y-anatomia-veterinaria\/#website\"},\"datePublished\":\"2010-08-17T10:14:10+00:00\",\"dateModified\":\"2019-07-04T07:42:01+00:00\",\"inLanguage\":\"es\",\"potentialAction\":[{\"@type\":\"ReadAction\",\"target\":[\"https:\/\/departamentos.unileon.es\/medicina-cirugia-y-anatomia-veterinaria\/personal\/\"]}]},{\"@type\":\"WebSite\",\"@id\":\"https:\/\/departamentos.unileon.es\/medicina-cirugia-y-anatomia-veterinaria\/#website\",\"url\":\"https:\/\/departamentos.unileon.es\/medicina-cirugia-y-anatomia-veterinaria\/\",\"name\":\"Departamento de Medicina, Cirug\u00eda y Anatom\u00eda Veterinaria\",\"description\":\"Otro sitio m\u00e1s de Universidad de Le\u00f3n\",\"potentialAction\":[{\"@type\":\"SearchAction\",\"target\":{\"@type\":\"EntryPoint\",\"urlTemplate\":\"https:\/\/departamentos.unileon.es\/medicina-cirugia-y-anatomia-veterinaria\/?s={search_term_string}\"},\"query-input\":{\"@type\":\"PropertyValueSpecification\",\"valueRequired\":true,\"valueName\":\"search_term_string\"}}],\"inLanguage\":\"es\"}]}<\/script>\n<!-- \/ Yoast SEO plugin. -->","yoast_head_json":{"title":"Personal - Departamento de Medicina, Cirug\u00eda y Anatom\u00eda Veterinaria","robots":{"index":"index","follow":"follow","max-snippet":"max-snippet:-1","max-image-preview":"max-image-preview:large","max-video-preview":"max-video-preview:-1"},"canonical":"https:\/\/departamentos.unileon.es\/medicina-cirugia-y-anatomia-veterinaria\/personal\/","og_locale":"es_ES","og_type":"article","og_title":"Personal - Departamento de Medicina, Cirug\u00eda y Anatom\u00eda Veterinaria","og_url":"https:\/\/departamentos.unileon.es\/medicina-cirugia-y-anatomia-veterinaria\/personal\/","og_site_name":"Departamento de Medicina, Cirug\u00eda y Anatom\u00eda Veterinaria","article_modified_time":"2019-07-04T07:42:01+00:00","twitter_card":"summary_large_image","schema":{"@context":"https:\/\/schema.org","@graph":[{"@type":"WebPage","@id":"https:\/\/departamentos.unileon.es\/medicina-cirugia-y-anatomia-veterinaria\/personal\/","url":"https:\/\/departamentos.unileon.es\/medicina-cirugia-y-anatomia-veterinaria\/personal\/","name":"Personal - Departamento de Medicina, Cirug\u00eda y Anatom\u00eda Veterinaria","isPartOf":{"@id":"https:\/\/departamentos.unileon.es\/medicina-cirugia-y-anatomia-veterinaria\/#website"},"datePublished":"2010-08-17T10:14:10+00:00","dateModified":"2019-07-04T07:42:01+00:00","inLanguage":"es","potentialAction":[{"@type":"ReadAction","target":["https:\/\/departamentos.unileon.es\/medicina-cirugia-y-anatomia-veterinaria\/personal\/"]}]},{"@type":"WebSite","@id":"https:\/\/departamentos.unileon.es\/medicina-cirugia-y-anatomia-veterinaria\/#website","url":"https:\/\/departamentos.unileon.es\/medicina-cirugia-y-anatomia-veterinaria\/","name":"Departamento de Medicina, Cirug\u00eda y Anatom\u00eda Veterinaria","description":"Otro sitio m\u00e1s de Universidad de Le\u00f3n","potentialAction":[{"@type":"SearchAction","target":{"@type":"EntryPoint","urlTemplate":"https:\/\/departamentos.unileon.es\/medicina-cirugia-y-anatomia-veterinaria\/?s={search_term_string}"},"query-input":{"@type":"PropertyValueSpecification","valueRequired":true,"valueName":"search_term_string"}}],"inLanguage":"es"}]}},"_links":{"self":[{"href":"https:\/\/departamentos.unileon.es\/medicina-cirugia-y-anatomia-veterinaria\/wp-json\/wp\/v2\/pages\/8","targetHints":{"allow":["GET"]}}],"collection":[{"href":"https:\/\/departamentos.unileon.es\/medicina-cirugia-y-anatomia-veterinaria\/wp-json\/wp\/v2\/pages"}],"about":[{"href":"https:\/\/departamentos.unileon.es\/medicina-cirugia-y-anatomia-veterinaria\/wp-json\/wp\/v2\/types\/page"}],"author":[{"embeddable":true,"href":"https:\/\/departamentos.unileon.es\/medicina-cirugia-y-anatomia-veterinaria\/wp-json\/wp\/v2\/users\/1"}],"replies":[{"embeddable":true,"href":"https:\/\/departamentos.unileon.es\/medicina-cirugia-y-anatomia-veterinaria\/wp-json\/wp\/v2\/comments?post=8"}],"version-history":[{"count":18,"href":"https:\/\/departamentos.unileon.es\/medicina-cirugia-y-anatomia-veterinaria\/wp-json\/wp\/v2\/pages\/8\/revisions"}],"predecessor-version":[{"id":118,"href":"https:\/\/departamentos.unileon.es\/medicina-cirugia-y-anatomia-veterinaria\/wp-json\/wp\/v2\/pages\/8\/revisions\/118"}],"wp:attachment":[{"href":"https:\/\/departamentos.unileon.es\/medicina-cirugia-y-anatomia-veterinaria\/wp-json\/wp\/v2\/media?parent=8"}],"curies":[{"name":"wp","href":"https:\/\/api.w.org\/{rel}","templated":true}]}}