{"id":15,"date":"2010-08-17T10:18:16","date_gmt":"2010-08-17T10:18:16","guid":{"rendered":"http:\/\/departamentos.unileon.es\/medicina-cirugia-y-anatomia-veterinaria\/"},"modified":"2019-07-04T07:42:25","modified_gmt":"2019-07-04T07:42:25","slug":"asignaturas-impartidas","status":"publish","type":"page","link":"https:\/\/departamentos.unileon.es\/medicina-cirugia-y-anatomia-veterinaria\/asignaturas-impartidas\/","title":{"rendered":"Asignaturas Impartidas"},"content":{"rendered":"\r\n\r\n<h2>Estudios: Grado<\/h2>\r\n\r\n<h4>0106 GRADO EN VETERINARIA                         <\/h4>\r\n    <ul>\r\n            <li><a href=\"https:\/\/www.unileon.es\/estudiantes\/estudios\/oferta-de-estudios\/planes?curso=2024&id=0106002\">ANATOM\u00cdA I                                                                                          <\/a><\/li>\r\n            <li><a href=\"https:\/\/www.unileon.es\/estudiantes\/estudios\/oferta-de-estudios\/planes?curso=2024&id=0106006\">ANATOM\u00cdA II                                                                                         <\/a><\/li>\r\n            <li><a href=\"https:\/\/www.unileon.es\/estudiantes\/estudios\/oferta-de-estudios\/planes?curso=2024&id=0106020\">ANATOM\u00cdA Y FISIOLOG\u00cdA DE LOS ANIMALES SILVESTRES, EX\u00d3TICOS Y DE LABORATORIO                         <\/a><\/li>\r\n            <li><a href=\"https:\/\/www.unileon.es\/estudiantes\/estudios\/oferta-de-estudios\/planes?curso=2024&id=0106016\">PATOLOG\u00cdA GENERAL                                                                                   <\/a><\/li>\r\n            <li><a href=\"https:\/\/www.unileon.es\/estudiantes\/estudios\/oferta-de-estudios\/planes?curso=2024&id=0106024\">PATOLOG\u00cdA QUIR\u00daRGICA, ANESTESIOLOG\u00cdA Y RADIOLOG\u00cdA                                                   <\/a><\/li>\r\n            <li><a href=\"https:\/\/www.unileon.es\/estudiantes\/estudios\/oferta-de-estudios\/planes?curso=2024&id=0106022\">PROPED\u00e9UTICA CL\u00edNICA                                                                                <\/a><\/li>\r\n            <li><a href=\"https:\/\/www.unileon.es\/estudiantes\/estudios\/oferta-de-estudios\/planes?curso=2024&id=0106025\">REPRODUCCI\u00f3N Y FUNDAMENTOS OBST\u00e9TRICOS                                                              <\/a><\/li>\r\n            <li><a href=\"https:\/\/www.unileon.es\/estudiantes\/estudios\/oferta-de-estudios\/planes?curso=2024&id=0106035\">CL\u00cdNICA QUIR\u00daRGICA                                                                                  <\/a><\/li>\r\n            <li><a href=\"https:\/\/www.unileon.es\/estudiantes\/estudios\/oferta-de-estudios\/planes?curso=2024&id=0106030\">PATOLOG\u00cdA M\u00c9DICA I                                                                                  <\/a><\/li>\r\n            <li><a href=\"https:\/\/www.unileon.es\/estudiantes\/estudios\/oferta-de-estudios\/planes?curso=2024&id=0106034\">PATOLOG\u00cdA M\u00c9DICA II                                                                                 <\/a><\/li>\r\n            <li><a href=\"https:\/\/www.unileon.es\/estudiantes\/estudios\/oferta-de-estudios\/planes?curso=2024&id=0106036\">PATOLOG\u00cdA OBST\u00c9TRICA Y DE LA REPRODUCCI\u00d3N                                                           <\/a><\/li>\r\n            <li><a href=\"https:\/\/www.unileon.es\/estudiantes\/estudios\/oferta-de-estudios\/planes?curso=2024&id=0106045\">ESTANCIAS                                                                                           <\/a><\/li>\r\n            <li><a href=\"https:\/\/www.unileon.es\/estudiantes\/estudios\/oferta-de-estudios\/planes?curso=2024&id=0106042\">ROTATORIO CL\u00cdNICO                                                                                   <\/a><\/li>\r\n            <li><a href=\"https:\/\/www.unileon.es\/estudiantes\/estudios\/oferta-de-estudios\/planes?curso=2024&id=0106777\">TRABAJO FIN DE GRADO                                                                                <\/a><\/li>\r\n        <\/ul>\r\n<br>\r\n\r\n<h4>0208 - GRADO EN BIOTECNOLOG\u00cdA<\/h4>\r\n    <ul>\r\n            <li><a href=\"https:\/\/www.unileon.es\/estudiantes\/estudios\/oferta-de-estudios\/planes?curso=2024&id=0208040\">MANIPULACI\u00d3N Y BIENESTAR DE ANIMALES DE EXPERIMENTACI\u00d3N                                             <\/a><\/li>\r\n        <\/ul>\r\n<br>\r\n\r\n<h4>1105 - GRADO EN ENFERMER\u00cdA<\/h4>\r\n    <ul>\r\n            <li><a href=\"https:\/\/www.unileon.es\/estudiantes\/estudios\/oferta-de-estudios\/planes?curso=2024&id=1105001\">ESTRUCTURA DEL CUERPO HUMANO                                                                        <\/a><\/li>\r\n        <\/ul>\r\n<br>\r\n\r\n<h4>1106 - GRADO EN ENFERMER\u00cdA (PONFERRADA)<\/h4>\r\n    <ul>\r\n            <li><a href=\"https:\/\/www.unileon.es\/estudiantes\/estudios\/oferta-de-estudios\/planes?curso=2024&id=1106001\">ESTRUCTURA DEL CUERPO HUMANO                                                                        <\/a><\/li>\r\n        <\/ul>\r\n<br>\r\n\r\n<h4>1107 - GRADO EN FISIOTERAPIA (PONFERRADA)<\/h4>\r\n    <ul>\r\n            <li><a href=\"https:\/\/www.unileon.es\/estudiantes\/estudios\/oferta-de-estudios\/planes?curso=2024&id=1107001\">ANATOM\u00cdA DEL APARATO LOCOMOTOR                                                                      <\/a><\/li>\r\n            <li><a href=\"https:\/\/www.unileon.es\/estudiantes\/estudios\/oferta-de-estudios\/planes?curso=2024&id=1107005\">ANATOM\u00cdA Y EMBRIOLOG\u00cdA                                                                              <\/a><\/li>\r\n            <li><a href=\"https:\/\/www.unileon.es\/estudiantes\/estudios\/oferta-de-estudios\/planes?curso=2024&id=1107006\">BIOMEC\u00c1NICA Y F\u00cdSICA APLICADA                                                                       <\/a><\/li>\r\n            <li><a href=\"https:\/\/www.unileon.es\/estudiantes\/estudios\/oferta-de-estudios\/planes?curso=2024&id=1107037\">ANATOMIA RADIOLOGICA                                                                                <\/a><\/li>\r\n        <\/ul>\r\n<br>\r\n\r\n<h4>1108 - GRADO EN PODOLOG\u00cdA(PONFERRADA)<\/h4>\r\n    <ul>\r\n            <li><a href=\"https:\/\/www.unileon.es\/estudiantes\/estudios\/oferta-de-estudios\/planes?curso=2024&id=1108006\">ANATOM\u00cdA DE LA EXTREMIDAD INFERIOR                                                                  <\/a><\/li>\r\n            <li><a href=\"https:\/\/www.unileon.es\/estudiantes\/estudios\/oferta-de-estudios\/planes?curso=2024&id=1108001\">ANATOM\u00cdA HUMANA                                                                                     <\/a><\/li>\r\n            <li><a href=\"https:\/\/www.unileon.es\/estudiantes\/estudios\/oferta-de-estudios\/planes?curso=2024&id=1108015\">ANATOM\u00cdA PATOL\u00d3GICA                                                                                 <\/a><\/li>\r\n        <\/ul>\r\n<br>\r\n\r\n<h4>1109 - GRADO EN NUTRICI\u00d3N Y DIET\u00c9TICA (PONFERRADA)<\/h4>\r\n    <ul>\r\n            <li><a href=\"https:\/\/www.unileon.es\/estudiantes\/estudios\/oferta-de-estudios\/planes?curso=2024&id=1109003\">ESTRUCTURA DEL CUERPO HUMANO                                                                        <\/a><\/li>\r\n        <\/ul>\r\n<br>\r\n<h2>Estudios: Master Oficial<\/h2>\r\n\r\n<h4>0105 MU.INVES.EN VETER. Y C.Y TEC.DE LOS ALIMENTOS<\/h4>\r\n    <ul>\r\n            <li><a href=\"https:\/\/www.unileon.es\/estudiantes\/estudios\/oferta-de-estudios\/planes?curso=2024&id=0105027\">ANATOM\u00cdA FUNCIONAL DE LA REPRODUCCI\u00d3N EN ESPECIES SILVESTRES                                        <\/a><\/li>\r\n            <li><a href=\"https:\/\/www.unileon.es\/estudiantes\/estudios\/oferta-de-estudios\/planes?curso=2024&id=0105009\">AVANCES EN ANESTESIOLOG\u00cdA Y CIRUG\u00cdA                                                                 <\/a><\/li>\r\n            <li><a href=\"https:\/\/www.unileon.es\/estudiantes\/estudios\/oferta-de-estudios\/planes?curso=2024&id=0105014\">AVANCES EN MEDICINA VETERINARIA EN ANIMALES DE COMPA\u00d1\u00cdA                                             <\/a><\/li>\r\n            <li><a href=\"https:\/\/www.unileon.es\/estudiantes\/estudios\/oferta-de-estudios\/planes?curso=2024&id=0105016\">AVANCES EN MEDICINA VETERINARIA EN ANIMALES DE RENTA                                                <\/a><\/li>\r\n            <li><a href=\"https:\/\/www.unileon.es\/estudiantes\/estudios\/oferta-de-estudios\/planes?curso=2024&id=0105033\">CENTROS DE INSEMINACI\u00d3N ARTIFICIAL Y PATOLOG\u00cdA DE LA REPRODUCCI\u00d3N                                   <\/a><\/li>\r\n            <li><a href=\"https:\/\/www.unileon.es\/estudiantes\/estudios\/oferta-de-estudios\/planes?curso=2024&id=0105015\">CIRUG\u00cdA OFTALMOL\u00d3GICA                                                                               <\/a><\/li>\r\n            <li><a href=\"https:\/\/www.unileon.es\/estudiantes\/estudios\/oferta-de-estudios\/planes?curso=2024&id=0105032\">CONSERVACI\u00d3N DE LA BIODIVERSIDAD ANIMAL MEDIANTE BIOTECNOLOG\u00cdA DE LA REPRODUCCI\u00d3N                   <\/a><\/li>\r\n            <li><a href=\"https:\/\/www.unileon.es\/estudiantes\/estudios\/oferta-de-estudios\/planes?curso=2024&id=0105008\">DIAGN\u00d3STICO RADIOL\u00d3GICO Y RM                                                                        <\/a><\/li>\r\n            <li><a href=\"https:\/\/www.unileon.es\/estudiantes\/estudios\/oferta-de-estudios\/planes?curso=2024&id=0105777\">TRABAJO FIN DE MASTER                                                                               <\/a><\/li>\r\n        <\/ul>\r\n<br>\r\n\r\n<h4>1745 - M\u00e1ster Universitario en Investigaci\u00f3n en Biotecnolog\u00eda y Biomedicina<\/h4>\r\n    <ul>\r\n    \r\n        <li><a href=\"https:\/\/www.unileon.es\/estudiantes\/estudiantes-grado\/oferta-de-estudios\/planes?curso=2024&id=1745009\">ACREDITACI\u00d3N PARA EL MANEJO DE ANIMALES DE EXPERIMENTACI\u00d3N                                          <\/a><\/li>\r\n    \r\n        <li><a href=\"https:\/\/www.unileon.es\/estudiantes\/estudiantes-grado\/oferta-de-estudios\/planes?curso=2024&id=1745010\">APLICACIONES DE CULTIVOS CELULARES ANIMALES                                                         <\/a><\/li>\r\n    \r\n        <li><a href=\"https:\/\/www.unileon.es\/estudiantes\/estudiantes-grado\/oferta-de-estudios\/planes?curso=2024&id=1745777\">TRABAJO FIN DE M\u00c1STER                                                                               <\/a><\/li>\r\n        <\/ul>\r\n<br>\r\n","protected":false},"excerpt":{"rendered":"","protected":false},"author":1,"featured_media":0,"parent":0,"menu_order":5,"comment_status":"closed","ping_status":"open","template":"","meta":{"ngg_post_thumbnail":0,"footnotes":""},"class_list":["post-15","page","type-page","status-publish","hentry"],"yoast_head":"<!-- This site is optimized with the Yoast SEO plugin v25.8 - https:\/\/yoast.com\/wordpress\/plugins\/seo\/ -->\n<title>Asignaturas Impartidas - Departamento de Medicina, Cirug\u00eda y Anatom\u00eda Veterinaria<\/title>\n<meta name=\"robots\" content=\"index, follow, max-snippet:-1, max-image-preview:large, max-video-preview:-1\" \/>\n<link rel=\"canonical\" href=\"https:\/\/departamentos.unileon.es\/medicina-cirugia-y-anatomia-veterinaria\/asignaturas-impartidas\/\" \/>\n<meta property=\"og:locale\" content=\"es_ES\" \/>\n<meta property=\"og:type\" content=\"article\" \/>\n<meta property=\"og:title\" content=\"Asignaturas Impartidas - Departamento de Medicina, Cirug\u00eda y Anatom\u00eda Veterinaria\" \/>\n<meta property=\"og:url\" content=\"https:\/\/departamentos.unileon.es\/medicina-cirugia-y-anatomia-veterinaria\/asignaturas-impartidas\/\" \/>\n<meta property=\"og:site_name\" content=\"Departamento de Medicina, Cirug\u00eda y Anatom\u00eda Veterinaria\" \/>\n<meta property=\"article:modified_time\" content=\"2019-07-04T07:42:25+00:00\" \/>\n<meta name=\"twitter:card\" content=\"summary_large_image\" \/>\n<script type=\"application\/ld+json\" class=\"yoast-schema-graph\">{\"@context\":\"https:\/\/schema.org\",\"@graph\":[{\"@type\":\"WebPage\",\"@id\":\"https:\/\/departamentos.unileon.es\/medicina-cirugia-y-anatomia-veterinaria\/asignaturas-impartidas\/\",\"url\":\"https:\/\/departamentos.unileon.es\/medicina-cirugia-y-anatomia-veterinaria\/asignaturas-impartidas\/\",\"name\":\"Asignaturas Impartidas - Departamento de Medicina, Cirug\u00eda y Anatom\u00eda Veterinaria\",\"isPartOf\":{\"@id\":\"https:\/\/departamentos.unileon.es\/medicina-cirugia-y-anatomia-veterinaria\/#website\"},\"datePublished\":\"2010-08-17T10:18:16+00:00\",\"dateModified\":\"2019-07-04T07:42:25+00:00\",\"inLanguage\":\"es\",\"potentialAction\":[{\"@type\":\"ReadAction\",\"target\":[\"https:\/\/departamentos.unileon.es\/medicina-cirugia-y-anatomia-veterinaria\/asignaturas-impartidas\/\"]}]},{\"@type\":\"WebSite\",\"@id\":\"https:\/\/departamentos.unileon.es\/medicina-cirugia-y-anatomia-veterinaria\/#website\",\"url\":\"https:\/\/departamentos.unileon.es\/medicina-cirugia-y-anatomia-veterinaria\/\",\"name\":\"Departamento de Medicina, Cirug\u00eda y Anatom\u00eda Veterinaria\",\"description\":\"Otro sitio m\u00e1s de Universidad de Le\u00f3n\",\"potentialAction\":[{\"@type\":\"SearchAction\",\"target\":{\"@type\":\"EntryPoint\",\"urlTemplate\":\"https:\/\/departamentos.unileon.es\/medicina-cirugia-y-anatomia-veterinaria\/?s={search_term_string}\"},\"query-input\":{\"@type\":\"PropertyValueSpecification\",\"valueRequired\":true,\"valueName\":\"search_term_string\"}}],\"inLanguage\":\"es\"}]}<\/script>\n<!-- \/ Yoast SEO plugin. -->","yoast_head_json":{"title":"Asignaturas Impartidas - Departamento de Medicina, Cirug\u00eda y Anatom\u00eda Veterinaria","robots":{"index":"index","follow":"follow","max-snippet":"max-snippet:-1","max-image-preview":"max-image-preview:large","max-video-preview":"max-video-preview:-1"},"canonical":"https:\/\/departamentos.unileon.es\/medicina-cirugia-y-anatomia-veterinaria\/asignaturas-impartidas\/","og_locale":"es_ES","og_type":"article","og_title":"Asignaturas Impartidas - Departamento de Medicina, Cirug\u00eda y Anatom\u00eda Veterinaria","og_url":"https:\/\/departamentos.unileon.es\/medicina-cirugia-y-anatomia-veterinaria\/asignaturas-impartidas\/","og_site_name":"Departamento de Medicina, Cirug\u00eda y Anatom\u00eda Veterinaria","article_modified_time":"2019-07-04T07:42:25+00:00","twitter_card":"summary_large_image","schema":{"@context":"https:\/\/schema.org","@graph":[{"@type":"WebPage","@id":"https:\/\/departamentos.unileon.es\/medicina-cirugia-y-anatomia-veterinaria\/asignaturas-impartidas\/","url":"https:\/\/departamentos.unileon.es\/medicina-cirugia-y-anatomia-veterinaria\/asignaturas-impartidas\/","name":"Asignaturas Impartidas - Departamento de Medicina, Cirug\u00eda y Anatom\u00eda Veterinaria","isPartOf":{"@id":"https:\/\/departamentos.unileon.es\/medicina-cirugia-y-anatomia-veterinaria\/#website"},"datePublished":"2010-08-17T10:18:16+00:00","dateModified":"2019-07-04T07:42:25+00:00","inLanguage":"es","potentialAction":[{"@type":"ReadAction","target":["https:\/\/departamentos.unileon.es\/medicina-cirugia-y-anatomia-veterinaria\/asignaturas-impartidas\/"]}]},{"@type":"WebSite","@id":"https:\/\/departamentos.unileon.es\/medicina-cirugia-y-anatomia-veterinaria\/#website","url":"https:\/\/departamentos.unileon.es\/medicina-cirugia-y-anatomia-veterinaria\/","name":"Departamento de Medicina, Cirug\u00eda y Anatom\u00eda Veterinaria","description":"Otro sitio m\u00e1s de Universidad de Le\u00f3n","potentialAction":[{"@type":"SearchAction","target":{"@type":"EntryPoint","urlTemplate":"https:\/\/departamentos.unileon.es\/medicina-cirugia-y-anatomia-veterinaria\/?s={search_term_string}"},"query-input":{"@type":"PropertyValueSpecification","valueRequired":true,"valueName":"search_term_string"}}],"inLanguage":"es"}]}},"_links":{"self":[{"href":"https:\/\/departamentos.unileon.es\/medicina-cirugia-y-anatomia-veterinaria\/wp-json\/wp\/v2\/pages\/15","targetHints":{"allow":["GET"]}}],"collection":[{"href":"https:\/\/departamentos.unileon.es\/medicina-cirugia-y-anatomia-veterinaria\/wp-json\/wp\/v2\/pages"}],"about":[{"href":"https:\/\/departamentos.unileon.es\/medicina-cirugia-y-anatomia-veterinaria\/wp-json\/wp\/v2\/types\/page"}],"author":[{"embeddable":true,"href":"https:\/\/departamentos.unileon.es\/medicina-cirugia-y-anatomia-veterinaria\/wp-json\/wp\/v2\/users\/1"}],"replies":[{"embeddable":true,"href":"https:\/\/departamentos.unileon.es\/medicina-cirugia-y-anatomia-veterinaria\/wp-json\/wp\/v2\/comments?post=15"}],"version-history":[{"count":6,"href":"https:\/\/departamentos.unileon.es\/medicina-cirugia-y-anatomia-veterinaria\/wp-json\/wp\/v2\/pages\/15\/revisions"}],"predecessor-version":[{"id":119,"href":"https:\/\/departamentos.unileon.es\/medicina-cirugia-y-anatomia-veterinaria\/wp-json\/wp\/v2\/pages\/15\/revisions\/119"}],"wp:attachment":[{"href":"https:\/\/departamentos.unileon.es\/medicina-cirugia-y-anatomia-veterinaria\/wp-json\/wp\/v2\/media?parent=15"}],"curies":[{"name":"wp","href":"https:\/\/api.w.org\/{rel}","templated":true}]}}