{"id":6,"date":"2010-08-17T10:05:43","date_gmt":"2010-08-17T10:05:43","guid":{"rendered":"http:\/\/departamentos.unileon.es\/matematicas\/"},"modified":"2022-05-25T05:51:37","modified_gmt":"2022-05-25T05:51:37","slug":"ubicacion-y-contacto","status":"publish","type":"page","link":"https:\/\/departamentos.unileon.es\/matematicas\/ubicacion-y-contacto\/","title":{"rendered":"Ubicaci\u00f3n y Contacto"},"content":{"rendered":"<table width=\"662\">\n<tbody>\n<tr>\n<th style=\"width: 134.34375px;\">Direcci\u00f3n Postal<\/th>\n<td style=\"width: 407.671875px;\">Departamento de Matem\u00e1ticas\nUNIVERSIDAD DE LE\u00d3N\nEscuela de Ingenier\u00edas Industrial, Inform\u00e1tica y Aeroespacial\nCampus de Vegazana, s\/n\n24071 LE\u00d3N<\/td>\n<\/tr>\n<tr>\n<th style=\"width: 134.34375px;\">Tel\u00e9fono<\/th>\n<td style=\"width: 407.671875px;\">987 29 14 56<\/td>\n<\/tr>\n<tr>\n<th style=\"width: 134.34375px;\">FAX<\/th>\n<td style=\"width: 407.671875px;\">987 29 19 34<\/td>\n<\/tr>\n<tr>\n<th style=\"width: 134.34375px;\">Buz\u00f3n electr\u00f3nico<\/th>\n<td style=\"width: 407.671875px;\"><a href=\"mailto:demadm@unileon.es\">demadm@unileon.es<\/a><\/td>\n<\/tr>\n<\/tbody>\n<\/table>\n<h2>\u00bfD\u00f3nde nos puedes encontrar?<\/h2>\n<h4>Puedes encontrar nuestro departamento en la planta tercera del Edificio Tecnol\u00f3gico de la Escuela de Ingenier\u00edas Industrial, Inform\u00e1tica y Aeroespacial (segunda fase):<\/h4>\n<!--\n<iframe loading=\"lazy\" src=\"https:\/\/www.google.com\/maps\/embed?pb=!1m14!1m12!1m3!1d1539.315162919373!2d-5.561912255781985!3d42.61451703712272!2m3!1f0!2f0!3f0!3m2!1i1024!2i768!4f13.1!5e0!3m2!1ses!2ses!4v1513027736049\" width=\"560\" height=\"360\" frameborder=\"0\" style=\"border:0\" allowfullscreen><\/iframe>\n-->\n\n<iframe loading=\"lazy\" style=\"border: 0;\" src=\"https:\/\/www.google.com\/maps\/embed?pb=!1m18!1m12!1m3!1d1573.4782806750557!2d-5.562267778590685!3d42.61441717166866!2m3!1f0!2f0!3f0!3m2!1i1024!2i768!4f13.1!3m3!1m2!1s0xd379a7f7a66a59f%3A0x577d5ee30544193e!2sDepartamento+de+Matem%C3%A1ticas!5e0!3m2!1ses!2ses!4v1513678775519\" allowfullscreen=\"allowfullscreen\" width=\"560\" height=\"360\" frameborder=\"0\"><\/iframe>","protected":false},"excerpt":{"rendered":"<p>Direcci\u00f3n Postal Departamento de Matem\u00e1ticas UNIVERSIDAD DE LE\u00d3N Escuela de Ingenier\u00edas Industrial, Inform\u00e1tica y Aeroespacial Campus de Vegazana, s\/n 24071 LE\u00d3N Tel\u00e9fono 987 29 14 56 FAX 987 29 19 34 Buz\u00f3n electr\u00f3nico demadm@unileon.es \u00bfD\u00f3nde nos puedes encontrar? Puedes encontrar nuestro departamento en la planta tercera del Edificio Tecnol\u00f3gico de la Escuela de Ingenier\u00edas Industrial, [&hellip;]<\/p>\n","protected":false},"author":25,"featured_media":0,"parent":0,"menu_order":1,"comment_status":"closed","ping_status":"open","template":"","meta":{"ngg_post_thumbnail":0,"footnotes":""},"class_list":["post-6","page","type-page","status-publish","hentry"],"yoast_head":"<!-- This site is optimized with the Yoast SEO plugin v25.8 - https:\/\/yoast.com\/wordpress\/plugins\/seo\/ -->\n<title>Ubicaci\u00f3n y Contacto - Departamento de Matem\u00e1ticas<\/title>\n<meta name=\"robots\" content=\"index, follow, max-snippet:-1, max-image-preview:large, max-video-preview:-1\" \/>\n<link rel=\"canonical\" href=\"https:\/\/departamentos.unileon.es\/matematicas\/ubicacion-y-contacto\/\" \/>\n<meta property=\"og:locale\" content=\"es_ES\" \/>\n<meta property=\"og:type\" content=\"article\" \/>\n<meta property=\"og:title\" content=\"Ubicaci\u00f3n y Contacto - Departamento de Matem\u00e1ticas\" \/>\n<meta property=\"og:description\" content=\"Direcci\u00f3n Postal Departamento de Matem\u00e1ticas UNIVERSIDAD DE LE\u00d3N Escuela de Ingenier\u00edas Industrial, Inform\u00e1tica y Aeroespacial Campus de Vegazana, s\/n 24071 LE\u00d3N Tel\u00e9fono 987 29 14 56 FAX 987 29 19 34 Buz\u00f3n electr\u00f3nico demadm@unileon.es \u00bfD\u00f3nde nos puedes encontrar? Puedes encontrar nuestro departamento en la planta tercera del Edificio Tecnol\u00f3gico de la Escuela de Ingenier\u00edas Industrial, [&hellip;]\" \/>\n<meta property=\"og:url\" content=\"https:\/\/departamentos.unileon.es\/matematicas\/ubicacion-y-contacto\/\" \/>\n<meta property=\"og:site_name\" content=\"Departamento de Matem\u00e1ticas\" \/>\n<meta property=\"article:modified_time\" content=\"2022-05-25T05:51:37+00:00\" \/>\n<meta name=\"twitter:card\" content=\"summary_large_image\" \/>\n<script type=\"application\/ld+json\" class=\"yoast-schema-graph\">{\"@context\":\"https:\/\/schema.org\",\"@graph\":[{\"@type\":\"WebPage\",\"@id\":\"https:\/\/departamentos.unileon.es\/matematicas\/ubicacion-y-contacto\/\",\"url\":\"https:\/\/departamentos.unileon.es\/matematicas\/ubicacion-y-contacto\/\",\"name\":\"Ubicaci\u00f3n y Contacto - Departamento de Matem\u00e1ticas\",\"isPartOf\":{\"@id\":\"https:\/\/departamentos.unileon.es\/matematicas\/#website\"},\"datePublished\":\"2010-08-17T10:05:43+00:00\",\"dateModified\":\"2022-05-25T05:51:37+00:00\",\"inLanguage\":\"es\",\"potentialAction\":[{\"@type\":\"ReadAction\",\"target\":[\"https:\/\/departamentos.unileon.es\/matematicas\/ubicacion-y-contacto\/\"]}]},{\"@type\":\"WebSite\",\"@id\":\"https:\/\/departamentos.unileon.es\/matematicas\/#website\",\"url\":\"https:\/\/departamentos.unileon.es\/matematicas\/\",\"name\":\"Departamento de Matem\u00e1ticas\",\"description\":\"Otro sitio m\u00e1s de Universidad de Le\u00f3n\",\"potentialAction\":[{\"@type\":\"SearchAction\",\"target\":{\"@type\":\"EntryPoint\",\"urlTemplate\":\"https:\/\/departamentos.unileon.es\/matematicas\/?s={search_term_string}\"},\"query-input\":{\"@type\":\"PropertyValueSpecification\",\"valueRequired\":true,\"valueName\":\"search_term_string\"}}],\"inLanguage\":\"es\"}]}<\/script>\n<!-- \/ Yoast SEO plugin. -->","yoast_head_json":{"title":"Ubicaci\u00f3n y Contacto - Departamento de Matem\u00e1ticas","robots":{"index":"index","follow":"follow","max-snippet":"max-snippet:-1","max-image-preview":"max-image-preview:large","max-video-preview":"max-video-preview:-1"},"canonical":"https:\/\/departamentos.unileon.es\/matematicas\/ubicacion-y-contacto\/","og_locale":"es_ES","og_type":"article","og_title":"Ubicaci\u00f3n y Contacto - Departamento de Matem\u00e1ticas","og_description":"Direcci\u00f3n Postal Departamento de Matem\u00e1ticas UNIVERSIDAD DE LE\u00d3N Escuela de Ingenier\u00edas Industrial, Inform\u00e1tica y Aeroespacial Campus de Vegazana, s\/n 24071 LE\u00d3N Tel\u00e9fono 987 29 14 56 FAX 987 29 19 34 Buz\u00f3n electr\u00f3nico demadm@unileon.es \u00bfD\u00f3nde nos puedes encontrar? Puedes encontrar nuestro departamento en la planta tercera del Edificio Tecnol\u00f3gico de la Escuela de Ingenier\u00edas Industrial, [&hellip;]","og_url":"https:\/\/departamentos.unileon.es\/matematicas\/ubicacion-y-contacto\/","og_site_name":"Departamento de Matem\u00e1ticas","article_modified_time":"2022-05-25T05:51:37+00:00","twitter_card":"summary_large_image","schema":{"@context":"https:\/\/schema.org","@graph":[{"@type":"WebPage","@id":"https:\/\/departamentos.unileon.es\/matematicas\/ubicacion-y-contacto\/","url":"https:\/\/departamentos.unileon.es\/matematicas\/ubicacion-y-contacto\/","name":"Ubicaci\u00f3n y Contacto - Departamento de Matem\u00e1ticas","isPartOf":{"@id":"https:\/\/departamentos.unileon.es\/matematicas\/#website"},"datePublished":"2010-08-17T10:05:43+00:00","dateModified":"2022-05-25T05:51:37+00:00","inLanguage":"es","potentialAction":[{"@type":"ReadAction","target":["https:\/\/departamentos.unileon.es\/matematicas\/ubicacion-y-contacto\/"]}]},{"@type":"WebSite","@id":"https:\/\/departamentos.unileon.es\/matematicas\/#website","url":"https:\/\/departamentos.unileon.es\/matematicas\/","name":"Departamento de Matem\u00e1ticas","description":"Otro sitio m\u00e1s de Universidad de Le\u00f3n","potentialAction":[{"@type":"SearchAction","target":{"@type":"EntryPoint","urlTemplate":"https:\/\/departamentos.unileon.es\/matematicas\/?s={search_term_string}"},"query-input":{"@type":"PropertyValueSpecification","valueRequired":true,"valueName":"search_term_string"}}],"inLanguage":"es"}]}},"_links":{"self":[{"href":"https:\/\/departamentos.unileon.es\/matematicas\/wp-json\/wp\/v2\/pages\/6","targetHints":{"allow":["GET"]}}],"collection":[{"href":"https:\/\/departamentos.unileon.es\/matematicas\/wp-json\/wp\/v2\/pages"}],"about":[{"href":"https:\/\/departamentos.unileon.es\/matematicas\/wp-json\/wp\/v2\/types\/page"}],"author":[{"embeddable":true,"href":"https:\/\/departamentos.unileon.es\/matematicas\/wp-json\/wp\/v2\/users\/25"}],"replies":[{"embeddable":true,"href":"https:\/\/departamentos.unileon.es\/matematicas\/wp-json\/wp\/v2\/comments?post=6"}],"version-history":[{"count":32,"href":"https:\/\/departamentos.unileon.es\/matematicas\/wp-json\/wp\/v2\/pages\/6\/revisions"}],"predecessor-version":[{"id":576,"href":"https:\/\/departamentos.unileon.es\/matematicas\/wp-json\/wp\/v2\/pages\/6\/revisions\/576"}],"wp:attachment":[{"href":"https:\/\/departamentos.unileon.es\/matematicas\/wp-json\/wp\/v2\/media?parent=6"}],"curies":[{"name":"wp","href":"https:\/\/api.w.org\/{rel}","templated":true}]}}