{"id":431,"date":"2019-05-17T10:26:46","date_gmt":"2019-05-17T10:26:46","guid":{"rendered":"http:\/\/departamentos.unileon.es\/matematicas\/?page_id=431"},"modified":"2019-06-07T10:50:59","modified_gmt":"2019-06-07T10:50:59","slug":"comparacion-de-una-placa-base-antigua-y-una-moderna","status":"publish","type":"page","link":"https:\/\/departamentos.unileon.es\/matematicas\/catalogo-de-antiguos-ordenadores-del-atico\/comparacion-de-una-placa-base-antigua-y-una-moderna\/","title":{"rendered":"Comparaci\u00f3n de una placa base antigua y una moderna"},"content":{"rendered":"\n<p>A continuaci\u00f3n se muestran dos placas base con sus componentes se\u00f1alados. La primera de ellas pertenece a un Macintosh Quadra, donde se observan multitud de elementos. En la segunda, de un ordenador moderno, se aprecian componentes mucho m\u00e1s peque\u00f1os.<\/p>\n\n\n\n<div class=\"wp-block-image\"><figure class=\"aligncenter is-resized\"><img loading=\"lazy\" decoding=\"async\" src=\"https:\/\/lh4.googleusercontent.com\/TpEgTwrMLtaXLqO-a0c_hM1Hz-0IfkB80Y1cwa7zgH4Gdq8t6CKv38IjRHA-2SVjqceFLV0TNzOagsa7A41IUmCKz5Fk8rOuzjJus-FlI1UdX2lKICMxB2UH8CYN6oLTU8KqYky1\" alt=\"\" width=\"431\" height=\"575\"\/><\/figure><\/div>\n\n\n\n<figure class=\"wp-block-image\"><img decoding=\"async\" src=\"https:\/\/lh5.googleusercontent.com\/41IMAwh3yd1CZVZY5moLHexxXHAyuZ6x3trLbQt4uhpe5rOP5yLl62zp5uPG0aXU0KIWBYOays3w5ATUoOFM-DGzw2iCwrNq7gmLrhP7P1PvTQXr9NqFv-g4wiM30g_1WOSZ1zPo\" alt=\"\"\/><\/figure>\n\n\n\n<figure class=\"wp-block-image\"><img decoding=\"async\" src=\"https:\/\/lh3.googleusercontent.com\/nSAEC9W1sKer0ukhDq3pGdedseRLwSrbdT8fSFj7oi3-vWtnoxuY21bD0B4KxzXhXZ1zU9z5eyNCtXryq4TKAl7baiXklkXd8Z4-D_39J84wbjmWAPQGArJ8nwrggAv0oRYGZAMc\" alt=\"\"\/><\/figure>\n","protected":false},"excerpt":{"rendered":"<p>A continuaci\u00f3n se muestran dos placas base con sus componentes se\u00f1alados. La primera de ellas pertenece a un Macintosh Quadra, donde se observan multitud de elementos. En la segunda, de un ordenador moderno, se aprecian componentes mucho m\u00e1s peque\u00f1os.<\/p>\n","protected":false},"author":166,"featured_media":0,"parent":408,"menu_order":0,"comment_status":"closed","ping_status":"closed","template":"","meta":{"ngg_post_thumbnail":0,"footnotes":""},"class_list":["post-431","page","type-page","status-publish","hentry"],"yoast_head":"<!-- This site is optimized with the Yoast SEO plugin v25.8 - https:\/\/yoast.com\/wordpress\/plugins\/seo\/ -->\n<title>Comparaci\u00f3n de una placa base antigua y una moderna - Departamento de Matem\u00e1ticas<\/title>\n<meta name=\"robots\" content=\"index, follow, max-snippet:-1, max-image-preview:large, max-video-preview:-1\" \/>\n<link rel=\"canonical\" href=\"https:\/\/departamentos.unileon.es\/matematicas\/catalogo-de-antiguos-ordenadores-del-atico\/comparacion-de-una-placa-base-antigua-y-una-moderna\/\" \/>\n<meta property=\"og:locale\" content=\"es_ES\" \/>\n<meta property=\"og:type\" content=\"article\" \/>\n<meta property=\"og:title\" content=\"Comparaci\u00f3n de una placa base antigua y una moderna - Departamento de Matem\u00e1ticas\" \/>\n<meta property=\"og:description\" content=\"A continuaci\u00f3n se muestran dos placas base con sus componentes se\u00f1alados. La primera de ellas pertenece a un Macintosh Quadra, donde se observan multitud de elementos. En la segunda, de un ordenador moderno, se aprecian componentes mucho m\u00e1s peque\u00f1os.\" \/>\n<meta property=\"og:url\" content=\"https:\/\/departamentos.unileon.es\/matematicas\/catalogo-de-antiguos-ordenadores-del-atico\/comparacion-de-una-placa-base-antigua-y-una-moderna\/\" \/>\n<meta property=\"og:site_name\" content=\"Departamento de Matem\u00e1ticas\" \/>\n<meta property=\"article:modified_time\" content=\"2019-06-07T10:50:59+00:00\" \/>\n<meta property=\"og:image\" content=\"https:\/\/lh4.googleusercontent.com\/TpEgTwrMLtaXLqO-a0c_hM1Hz-0IfkB80Y1cwa7zgH4Gdq8t6CKv38IjRHA-2SVjqceFLV0TNzOagsa7A41IUmCKz5Fk8rOuzjJus-FlI1UdX2lKICMxB2UH8CYN6oLTU8KqYky1\" \/>\n<meta name=\"twitter:card\" content=\"summary_large_image\" \/>\n<script type=\"application\/ld+json\" class=\"yoast-schema-graph\">{\"@context\":\"https:\/\/schema.org\",\"@graph\":[{\"@type\":\"WebPage\",\"@id\":\"https:\/\/departamentos.unileon.es\/matematicas\/catalogo-de-antiguos-ordenadores-del-atico\/comparacion-de-una-placa-base-antigua-y-una-moderna\/\",\"url\":\"https:\/\/departamentos.unileon.es\/matematicas\/catalogo-de-antiguos-ordenadores-del-atico\/comparacion-de-una-placa-base-antigua-y-una-moderna\/\",\"name\":\"Comparaci\u00f3n de una placa base antigua y una moderna - Departamento de Matem\u00e1ticas\",\"isPartOf\":{\"@id\":\"https:\/\/departamentos.unileon.es\/matematicas\/#website\"},\"primaryImageOfPage\":{\"@id\":\"https:\/\/departamentos.unileon.es\/matematicas\/catalogo-de-antiguos-ordenadores-del-atico\/comparacion-de-una-placa-base-antigua-y-una-moderna\/#primaryimage\"},\"image\":{\"@id\":\"https:\/\/departamentos.unileon.es\/matematicas\/catalogo-de-antiguos-ordenadores-del-atico\/comparacion-de-una-placa-base-antigua-y-una-moderna\/#primaryimage\"},\"thumbnailUrl\":\"https:\/\/lh4.googleusercontent.com\/TpEgTwrMLtaXLqO-a0c_hM1Hz-0IfkB80Y1cwa7zgH4Gdq8t6CKv38IjRHA-2SVjqceFLV0TNzOagsa7A41IUmCKz5Fk8rOuzjJus-FlI1UdX2lKICMxB2UH8CYN6oLTU8KqYky1\",\"datePublished\":\"2019-05-17T10:26:46+00:00\",\"dateModified\":\"2019-06-07T10:50:59+00:00\",\"breadcrumb\":{\"@id\":\"https:\/\/departamentos.unileon.es\/matematicas\/catalogo-de-antiguos-ordenadores-del-atico\/comparacion-de-una-placa-base-antigua-y-una-moderna\/#breadcrumb\"},\"inLanguage\":\"es\",\"potentialAction\":[{\"@type\":\"ReadAction\",\"target\":[\"https:\/\/departamentos.unileon.es\/matematicas\/catalogo-de-antiguos-ordenadores-del-atico\/comparacion-de-una-placa-base-antigua-y-una-moderna\/\"]}]},{\"@type\":\"ImageObject\",\"inLanguage\":\"es\",\"@id\":\"https:\/\/departamentos.unileon.es\/matematicas\/catalogo-de-antiguos-ordenadores-del-atico\/comparacion-de-una-placa-base-antigua-y-una-moderna\/#primaryimage\",\"url\":\"https:\/\/lh4.googleusercontent.com\/TpEgTwrMLtaXLqO-a0c_hM1Hz-0IfkB80Y1cwa7zgH4Gdq8t6CKv38IjRHA-2SVjqceFLV0TNzOagsa7A41IUmCKz5Fk8rOuzjJus-FlI1UdX2lKICMxB2UH8CYN6oLTU8KqYky1\",\"contentUrl\":\"https:\/\/lh4.googleusercontent.com\/TpEgTwrMLtaXLqO-a0c_hM1Hz-0IfkB80Y1cwa7zgH4Gdq8t6CKv38IjRHA-2SVjqceFLV0TNzOagsa7A41IUmCKz5Fk8rOuzjJus-FlI1UdX2lKICMxB2UH8CYN6oLTU8KqYky1\"},{\"@type\":\"BreadcrumbList\",\"@id\":\"https:\/\/departamentos.unileon.es\/matematicas\/catalogo-de-antiguos-ordenadores-del-atico\/comparacion-de-una-placa-base-antigua-y-una-moderna\/#breadcrumb\",\"itemListElement\":[{\"@type\":\"ListItem\",\"position\":1,\"name\":\"Cat\u00e1logo de antiguos ordenadores\",\"item\":\"https:\/\/departamentos.unileon.es\/matematicas\/catalogo-de-antiguos-ordenadores-del-atico\/\"},{\"@type\":\"ListItem\",\"position\":2,\"name\":\"Comparaci\u00f3n de una placa base antigua y una moderna\"}]},{\"@type\":\"WebSite\",\"@id\":\"https:\/\/departamentos.unileon.es\/matematicas\/#website\",\"url\":\"https:\/\/departamentos.unileon.es\/matematicas\/\",\"name\":\"Departamento de Matem\u00e1ticas\",\"description\":\"Otro sitio m\u00e1s de Universidad de Le\u00f3n\",\"potentialAction\":[{\"@type\":\"SearchAction\",\"target\":{\"@type\":\"EntryPoint\",\"urlTemplate\":\"https:\/\/departamentos.unileon.es\/matematicas\/?s={search_term_string}\"},\"query-input\":{\"@type\":\"PropertyValueSpecification\",\"valueRequired\":true,\"valueName\":\"search_term_string\"}}],\"inLanguage\":\"es\"}]}<\/script>\n<!-- \/ Yoast SEO plugin. -->","yoast_head_json":{"title":"Comparaci\u00f3n de una placa base antigua y una moderna - Departamento de Matem\u00e1ticas","robots":{"index":"index","follow":"follow","max-snippet":"max-snippet:-1","max-image-preview":"max-image-preview:large","max-video-preview":"max-video-preview:-1"},"canonical":"https:\/\/departamentos.unileon.es\/matematicas\/catalogo-de-antiguos-ordenadores-del-atico\/comparacion-de-una-placa-base-antigua-y-una-moderna\/","og_locale":"es_ES","og_type":"article","og_title":"Comparaci\u00f3n de una placa base antigua y una moderna - Departamento de Matem\u00e1ticas","og_description":"A continuaci\u00f3n se muestran dos placas base con sus componentes se\u00f1alados. La primera de ellas pertenece a un Macintosh Quadra, donde se observan multitud de elementos. En la segunda, de un ordenador moderno, se aprecian componentes mucho m\u00e1s peque\u00f1os.","og_url":"https:\/\/departamentos.unileon.es\/matematicas\/catalogo-de-antiguos-ordenadores-del-atico\/comparacion-de-una-placa-base-antigua-y-una-moderna\/","og_site_name":"Departamento de Matem\u00e1ticas","article_modified_time":"2019-06-07T10:50:59+00:00","og_image":[{"url":"https:\/\/lh4.googleusercontent.com\/TpEgTwrMLtaXLqO-a0c_hM1Hz-0IfkB80Y1cwa7zgH4Gdq8t6CKv38IjRHA-2SVjqceFLV0TNzOagsa7A41IUmCKz5Fk8rOuzjJus-FlI1UdX2lKICMxB2UH8CYN6oLTU8KqYky1","type":"","width":"","height":""}],"twitter_card":"summary_large_image","schema":{"@context":"https:\/\/schema.org","@graph":[{"@type":"WebPage","@id":"https:\/\/departamentos.unileon.es\/matematicas\/catalogo-de-antiguos-ordenadores-del-atico\/comparacion-de-una-placa-base-antigua-y-una-moderna\/","url":"https:\/\/departamentos.unileon.es\/matematicas\/catalogo-de-antiguos-ordenadores-del-atico\/comparacion-de-una-placa-base-antigua-y-una-moderna\/","name":"Comparaci\u00f3n de una placa base antigua y una moderna - Departamento de Matem\u00e1ticas","isPartOf":{"@id":"https:\/\/departamentos.unileon.es\/matematicas\/#website"},"primaryImageOfPage":{"@id":"https:\/\/departamentos.unileon.es\/matematicas\/catalogo-de-antiguos-ordenadores-del-atico\/comparacion-de-una-placa-base-antigua-y-una-moderna\/#primaryimage"},"image":{"@id":"https:\/\/departamentos.unileon.es\/matematicas\/catalogo-de-antiguos-ordenadores-del-atico\/comparacion-de-una-placa-base-antigua-y-una-moderna\/#primaryimage"},"thumbnailUrl":"https:\/\/lh4.googleusercontent.com\/TpEgTwrMLtaXLqO-a0c_hM1Hz-0IfkB80Y1cwa7zgH4Gdq8t6CKv38IjRHA-2SVjqceFLV0TNzOagsa7A41IUmCKz5Fk8rOuzjJus-FlI1UdX2lKICMxB2UH8CYN6oLTU8KqYky1","datePublished":"2019-05-17T10:26:46+00:00","dateModified":"2019-06-07T10:50:59+00:00","breadcrumb":{"@id":"https:\/\/departamentos.unileon.es\/matematicas\/catalogo-de-antiguos-ordenadores-del-atico\/comparacion-de-una-placa-base-antigua-y-una-moderna\/#breadcrumb"},"inLanguage":"es","potentialAction":[{"@type":"ReadAction","target":["https:\/\/departamentos.unileon.es\/matematicas\/catalogo-de-antiguos-ordenadores-del-atico\/comparacion-de-una-placa-base-antigua-y-una-moderna\/"]}]},{"@type":"ImageObject","inLanguage":"es","@id":"https:\/\/departamentos.unileon.es\/matematicas\/catalogo-de-antiguos-ordenadores-del-atico\/comparacion-de-una-placa-base-antigua-y-una-moderna\/#primaryimage","url":"https:\/\/lh4.googleusercontent.com\/TpEgTwrMLtaXLqO-a0c_hM1Hz-0IfkB80Y1cwa7zgH4Gdq8t6CKv38IjRHA-2SVjqceFLV0TNzOagsa7A41IUmCKz5Fk8rOuzjJus-FlI1UdX2lKICMxB2UH8CYN6oLTU8KqYky1","contentUrl":"https:\/\/lh4.googleusercontent.com\/TpEgTwrMLtaXLqO-a0c_hM1Hz-0IfkB80Y1cwa7zgH4Gdq8t6CKv38IjRHA-2SVjqceFLV0TNzOagsa7A41IUmCKz5Fk8rOuzjJus-FlI1UdX2lKICMxB2UH8CYN6oLTU8KqYky1"},{"@type":"BreadcrumbList","@id":"https:\/\/departamentos.unileon.es\/matematicas\/catalogo-de-antiguos-ordenadores-del-atico\/comparacion-de-una-placa-base-antigua-y-una-moderna\/#breadcrumb","itemListElement":[{"@type":"ListItem","position":1,"name":"Cat\u00e1logo de antiguos ordenadores","item":"https:\/\/departamentos.unileon.es\/matematicas\/catalogo-de-antiguos-ordenadores-del-atico\/"},{"@type":"ListItem","position":2,"name":"Comparaci\u00f3n de una placa base antigua y una moderna"}]},{"@type":"WebSite","@id":"https:\/\/departamentos.unileon.es\/matematicas\/#website","url":"https:\/\/departamentos.unileon.es\/matematicas\/","name":"Departamento de Matem\u00e1ticas","description":"Otro sitio m\u00e1s de Universidad de Le\u00f3n","potentialAction":[{"@type":"SearchAction","target":{"@type":"EntryPoint","urlTemplate":"https:\/\/departamentos.unileon.es\/matematicas\/?s={search_term_string}"},"query-input":{"@type":"PropertyValueSpecification","valueRequired":true,"valueName":"search_term_string"}}],"inLanguage":"es"}]}},"_links":{"self":[{"href":"https:\/\/departamentos.unileon.es\/matematicas\/wp-json\/wp\/v2\/pages\/431","targetHints":{"allow":["GET"]}}],"collection":[{"href":"https:\/\/departamentos.unileon.es\/matematicas\/wp-json\/wp\/v2\/pages"}],"about":[{"href":"https:\/\/departamentos.unileon.es\/matematicas\/wp-json\/wp\/v2\/types\/page"}],"author":[{"embeddable":true,"href":"https:\/\/departamentos.unileon.es\/matematicas\/wp-json\/wp\/v2\/users\/166"}],"replies":[{"embeddable":true,"href":"https:\/\/departamentos.unileon.es\/matematicas\/wp-json\/wp\/v2\/comments?post=431"}],"version-history":[{"count":3,"href":"https:\/\/departamentos.unileon.es\/matematicas\/wp-json\/wp\/v2\/pages\/431\/revisions"}],"predecessor-version":[{"id":501,"href":"https:\/\/departamentos.unileon.es\/matematicas\/wp-json\/wp\/v2\/pages\/431\/revisions\/501"}],"up":[{"embeddable":true,"href":"https:\/\/departamentos.unileon.es\/matematicas\/wp-json\/wp\/v2\/pages\/408"}],"wp:attachment":[{"href":"https:\/\/departamentos.unileon.es\/matematicas\/wp-json\/wp\/v2\/media?parent=431"}],"curies":[{"name":"wp","href":"https:\/\/api.w.org\/{rel}","templated":true}]}}