{"id":429,"date":"2019-05-17T10:26:29","date_gmt":"2019-05-17T10:26:29","guid":{"rendered":"http:\/\/departamentos.unileon.es\/matematicas\/?page_id=429"},"modified":"2019-06-07T10:50:59","modified_gmt":"2019-06-07T10:50:59","slug":"tabla-comparativa-con-las-especificaciones-de-los-equipos","status":"publish","type":"page","link":"https:\/\/departamentos.unileon.es\/matematicas\/catalogo-de-antiguos-ordenadores-del-atico\/tabla-comparativa-con-las-especificaciones-de-los-equipos\/","title":{"rendered":"Tabla comparativa con las especificaciones de los equipos"},"content":{"rendered":"\n<figure class=\"wp-block-image\"><img loading=\"lazy\" decoding=\"async\" width=\"888\" height=\"422\" src=\"http:\/\/departamentos.unileon.es\/matematicas\/files\/2019\/06\/image.png\" alt=\"\" class=\"wp-image-503\" srcset=\"https:\/\/departamentos.unileon.es\/matematicas\/files\/2019\/06\/image.png 888w, https:\/\/departamentos.unileon.es\/matematicas\/files\/2019\/06\/image-300x143.png 300w, https:\/\/departamentos.unileon.es\/matematicas\/files\/2019\/06\/image-768x365.png 768w\" sizes=\"auto, (max-width: 888px) 100vw, 888px\" \/><\/figure>\n","protected":false},"excerpt":{"rendered":"","protected":false},"author":166,"featured_media":0,"parent":408,"menu_order":0,"comment_status":"closed","ping_status":"closed","template":"","meta":{"ngg_post_thumbnail":0,"footnotes":""},"class_list":["post-429","page","type-page","status-publish","hentry"],"yoast_head":"<!-- This site is optimized with the Yoast SEO plugin v25.8 - https:\/\/yoast.com\/wordpress\/plugins\/seo\/ -->\n<title>Tabla comparativa con las especificaciones de los equipos - Departamento de Matem\u00e1ticas<\/title>\n<meta name=\"robots\" content=\"index, follow, max-snippet:-1, max-image-preview:large, max-video-preview:-1\" \/>\n<link rel=\"canonical\" href=\"https:\/\/departamentos.unileon.es\/matematicas\/catalogo-de-antiguos-ordenadores-del-atico\/tabla-comparativa-con-las-especificaciones-de-los-equipos\/\" \/>\n<meta property=\"og:locale\" content=\"es_ES\" \/>\n<meta property=\"og:type\" content=\"article\" \/>\n<meta property=\"og:title\" content=\"Tabla comparativa con las especificaciones de los equipos - Departamento de Matem\u00e1ticas\" \/>\n<meta property=\"og:url\" content=\"https:\/\/departamentos.unileon.es\/matematicas\/catalogo-de-antiguos-ordenadores-del-atico\/tabla-comparativa-con-las-especificaciones-de-los-equipos\/\" \/>\n<meta property=\"og:site_name\" content=\"Departamento de Matem\u00e1ticas\" \/>\n<meta property=\"article:modified_time\" content=\"2019-06-07T10:50:59+00:00\" \/>\n<meta property=\"og:image\" content=\"https:\/\/departamentos.unileon.es\/matematicas\/files\/2019\/06\/image.png\" \/>\n\t<meta property=\"og:image:width\" content=\"888\" \/>\n\t<meta property=\"og:image:height\" content=\"422\" \/>\n\t<meta property=\"og:image:type\" content=\"image\/png\" \/>\n<meta name=\"twitter:card\" content=\"summary_large_image\" \/>\n<script type=\"application\/ld+json\" class=\"yoast-schema-graph\">{\"@context\":\"https:\/\/schema.org\",\"@graph\":[{\"@type\":\"WebPage\",\"@id\":\"https:\/\/departamentos.unileon.es\/matematicas\/catalogo-de-antiguos-ordenadores-del-atico\/tabla-comparativa-con-las-especificaciones-de-los-equipos\/\",\"url\":\"https:\/\/departamentos.unileon.es\/matematicas\/catalogo-de-antiguos-ordenadores-del-atico\/tabla-comparativa-con-las-especificaciones-de-los-equipos\/\",\"name\":\"Tabla comparativa con las especificaciones de los equipos - Departamento de Matem\u00e1ticas\",\"isPartOf\":{\"@id\":\"https:\/\/departamentos.unileon.es\/matematicas\/#website\"},\"primaryImageOfPage\":{\"@id\":\"https:\/\/departamentos.unileon.es\/matematicas\/catalogo-de-antiguos-ordenadores-del-atico\/tabla-comparativa-con-las-especificaciones-de-los-equipos\/#primaryimage\"},\"image\":{\"@id\":\"https:\/\/departamentos.unileon.es\/matematicas\/catalogo-de-antiguos-ordenadores-del-atico\/tabla-comparativa-con-las-especificaciones-de-los-equipos\/#primaryimage\"},\"thumbnailUrl\":\"http:\/\/departamentos.unileon.es\/matematicas\/files\/2019\/06\/image.png\",\"datePublished\":\"2019-05-17T10:26:29+00:00\",\"dateModified\":\"2019-06-07T10:50:59+00:00\",\"breadcrumb\":{\"@id\":\"https:\/\/departamentos.unileon.es\/matematicas\/catalogo-de-antiguos-ordenadores-del-atico\/tabla-comparativa-con-las-especificaciones-de-los-equipos\/#breadcrumb\"},\"inLanguage\":\"es\",\"potentialAction\":[{\"@type\":\"ReadAction\",\"target\":[\"https:\/\/departamentos.unileon.es\/matematicas\/catalogo-de-antiguos-ordenadores-del-atico\/tabla-comparativa-con-las-especificaciones-de-los-equipos\/\"]}]},{\"@type\":\"ImageObject\",\"inLanguage\":\"es\",\"@id\":\"https:\/\/departamentos.unileon.es\/matematicas\/catalogo-de-antiguos-ordenadores-del-atico\/tabla-comparativa-con-las-especificaciones-de-los-equipos\/#primaryimage\",\"url\":\"https:\/\/departamentos.unileon.es\/matematicas\/files\/2019\/06\/image.png\",\"contentUrl\":\"https:\/\/departamentos.unileon.es\/matematicas\/files\/2019\/06\/image.png\",\"width\":888,\"height\":422},{\"@type\":\"BreadcrumbList\",\"@id\":\"https:\/\/departamentos.unileon.es\/matematicas\/catalogo-de-antiguos-ordenadores-del-atico\/tabla-comparativa-con-las-especificaciones-de-los-equipos\/#breadcrumb\",\"itemListElement\":[{\"@type\":\"ListItem\",\"position\":1,\"name\":\"Cat\u00e1logo de antiguos ordenadores\",\"item\":\"https:\/\/departamentos.unileon.es\/matematicas\/catalogo-de-antiguos-ordenadores-del-atico\/\"},{\"@type\":\"ListItem\",\"position\":2,\"name\":\"Tabla comparativa con las especificaciones de los equipos\"}]},{\"@type\":\"WebSite\",\"@id\":\"https:\/\/departamentos.unileon.es\/matematicas\/#website\",\"url\":\"https:\/\/departamentos.unileon.es\/matematicas\/\",\"name\":\"Departamento de Matem\u00e1ticas\",\"description\":\"Otro sitio m\u00e1s de Universidad de Le\u00f3n\",\"potentialAction\":[{\"@type\":\"SearchAction\",\"target\":{\"@type\":\"EntryPoint\",\"urlTemplate\":\"https:\/\/departamentos.unileon.es\/matematicas\/?s={search_term_string}\"},\"query-input\":{\"@type\":\"PropertyValueSpecification\",\"valueRequired\":true,\"valueName\":\"search_term_string\"}}],\"inLanguage\":\"es\"}]}<\/script>\n<!-- \/ Yoast SEO plugin. -->","yoast_head_json":{"title":"Tabla comparativa con las especificaciones de los equipos - Departamento de Matem\u00e1ticas","robots":{"index":"index","follow":"follow","max-snippet":"max-snippet:-1","max-image-preview":"max-image-preview:large","max-video-preview":"max-video-preview:-1"},"canonical":"https:\/\/departamentos.unileon.es\/matematicas\/catalogo-de-antiguos-ordenadores-del-atico\/tabla-comparativa-con-las-especificaciones-de-los-equipos\/","og_locale":"es_ES","og_type":"article","og_title":"Tabla comparativa con las especificaciones de los equipos - Departamento de Matem\u00e1ticas","og_url":"https:\/\/departamentos.unileon.es\/matematicas\/catalogo-de-antiguos-ordenadores-del-atico\/tabla-comparativa-con-las-especificaciones-de-los-equipos\/","og_site_name":"Departamento de Matem\u00e1ticas","article_modified_time":"2019-06-07T10:50:59+00:00","og_image":[{"width":888,"height":422,"url":"https:\/\/departamentos.unileon.es\/matematicas\/files\/2019\/06\/image.png","type":"image\/png"}],"twitter_card":"summary_large_image","schema":{"@context":"https:\/\/schema.org","@graph":[{"@type":"WebPage","@id":"https:\/\/departamentos.unileon.es\/matematicas\/catalogo-de-antiguos-ordenadores-del-atico\/tabla-comparativa-con-las-especificaciones-de-los-equipos\/","url":"https:\/\/departamentos.unileon.es\/matematicas\/catalogo-de-antiguos-ordenadores-del-atico\/tabla-comparativa-con-las-especificaciones-de-los-equipos\/","name":"Tabla comparativa con las especificaciones de los equipos - Departamento de Matem\u00e1ticas","isPartOf":{"@id":"https:\/\/departamentos.unileon.es\/matematicas\/#website"},"primaryImageOfPage":{"@id":"https:\/\/departamentos.unileon.es\/matematicas\/catalogo-de-antiguos-ordenadores-del-atico\/tabla-comparativa-con-las-especificaciones-de-los-equipos\/#primaryimage"},"image":{"@id":"https:\/\/departamentos.unileon.es\/matematicas\/catalogo-de-antiguos-ordenadores-del-atico\/tabla-comparativa-con-las-especificaciones-de-los-equipos\/#primaryimage"},"thumbnailUrl":"http:\/\/departamentos.unileon.es\/matematicas\/files\/2019\/06\/image.png","datePublished":"2019-05-17T10:26:29+00:00","dateModified":"2019-06-07T10:50:59+00:00","breadcrumb":{"@id":"https:\/\/departamentos.unileon.es\/matematicas\/catalogo-de-antiguos-ordenadores-del-atico\/tabla-comparativa-con-las-especificaciones-de-los-equipos\/#breadcrumb"},"inLanguage":"es","potentialAction":[{"@type":"ReadAction","target":["https:\/\/departamentos.unileon.es\/matematicas\/catalogo-de-antiguos-ordenadores-del-atico\/tabla-comparativa-con-las-especificaciones-de-los-equipos\/"]}]},{"@type":"ImageObject","inLanguage":"es","@id":"https:\/\/departamentos.unileon.es\/matematicas\/catalogo-de-antiguos-ordenadores-del-atico\/tabla-comparativa-con-las-especificaciones-de-los-equipos\/#primaryimage","url":"https:\/\/departamentos.unileon.es\/matematicas\/files\/2019\/06\/image.png","contentUrl":"https:\/\/departamentos.unileon.es\/matematicas\/files\/2019\/06\/image.png","width":888,"height":422},{"@type":"BreadcrumbList","@id":"https:\/\/departamentos.unileon.es\/matematicas\/catalogo-de-antiguos-ordenadores-del-atico\/tabla-comparativa-con-las-especificaciones-de-los-equipos\/#breadcrumb","itemListElement":[{"@type":"ListItem","position":1,"name":"Cat\u00e1logo de antiguos ordenadores","item":"https:\/\/departamentos.unileon.es\/matematicas\/catalogo-de-antiguos-ordenadores-del-atico\/"},{"@type":"ListItem","position":2,"name":"Tabla comparativa con las especificaciones de los equipos"}]},{"@type":"WebSite","@id":"https:\/\/departamentos.unileon.es\/matematicas\/#website","url":"https:\/\/departamentos.unileon.es\/matematicas\/","name":"Departamento de Matem\u00e1ticas","description":"Otro sitio m\u00e1s de Universidad de Le\u00f3n","potentialAction":[{"@type":"SearchAction","target":{"@type":"EntryPoint","urlTemplate":"https:\/\/departamentos.unileon.es\/matematicas\/?s={search_term_string}"},"query-input":{"@type":"PropertyValueSpecification","valueRequired":true,"valueName":"search_term_string"}}],"inLanguage":"es"}]}},"_links":{"self":[{"href":"https:\/\/departamentos.unileon.es\/matematicas\/wp-json\/wp\/v2\/pages\/429","targetHints":{"allow":["GET"]}}],"collection":[{"href":"https:\/\/departamentos.unileon.es\/matematicas\/wp-json\/wp\/v2\/pages"}],"about":[{"href":"https:\/\/departamentos.unileon.es\/matematicas\/wp-json\/wp\/v2\/types\/page"}],"author":[{"embeddable":true,"href":"https:\/\/departamentos.unileon.es\/matematicas\/wp-json\/wp\/v2\/users\/166"}],"replies":[{"embeddable":true,"href":"https:\/\/departamentos.unileon.es\/matematicas\/wp-json\/wp\/v2\/comments?post=429"}],"version-history":[{"count":2,"href":"https:\/\/departamentos.unileon.es\/matematicas\/wp-json\/wp\/v2\/pages\/429\/revisions"}],"predecessor-version":[{"id":504,"href":"https:\/\/departamentos.unileon.es\/matematicas\/wp-json\/wp\/v2\/pages\/429\/revisions\/504"}],"up":[{"embeddable":true,"href":"https:\/\/departamentos.unileon.es\/matematicas\/wp-json\/wp\/v2\/pages\/408"}],"wp:attachment":[{"href":"https:\/\/departamentos.unileon.es\/matematicas\/wp-json\/wp\/v2\/media?parent=429"}],"curies":[{"name":"wp","href":"https:\/\/api.w.org\/{rel}","templated":true}]}}