{"id":427,"date":"2019-05-17T10:26:04","date_gmt":"2019-05-17T10:26:04","guid":{"rendered":"http:\/\/departamentos.unileon.es\/matematicas\/?page_id=427"},"modified":"2019-06-07T10:50:59","modified_gmt":"2019-06-07T10:50:59","slug":"evolucion-de-los-sistemas-operativos-mac","status":"publish","type":"page","link":"https:\/\/departamentos.unileon.es\/matematicas\/catalogo-de-antiguos-ordenadores-del-atico\/evolucion-de-los-sistemas-operativos-mac\/","title":{"rendered":"Evoluci\u00f3n de los sistemas operativos Mac"},"content":{"rendered":"\n<figure class=\"wp-block-image\"><img decoding=\"async\" src=\"https:\/\/lh6.googleusercontent.com\/1bsvrzyiqdE8b5xVeXjnj9b_JNSXbQ0TrxtCE3EKAyvpn8ub8iRqeMN2-33gRd6emb5fNxBa3j8Yz7MZIBCeB-CNk9MfsyZNvT433YtV8GImIVRGoUH74IBV9sRfL09NonVXFj_D\" alt=\"\"\/><\/figure>\n\n\n\n<h3 class=\"wp-block-heading\"><strong><em>Mac OS Classic<\/em><\/strong><br><\/h3>\n\n\n\n<p>Los sistemas operativos Mac OS Classic fueron los primeros con interfaz gr\u00e1fica que lograron un gran \u00e9xito por su precio accesible.<br><\/p>\n\n\n\n<p>El primer Macintosh ven\u00eda con <strong>System 1 (1984)<\/strong>, que ten\u00eda escritorio, ventanas, iconos, men\u00fas y puntero de rat\u00f3n. No exist\u00eda la memoria virtual, por lo que no se pod\u00eda trabajar en dos aplicaciones a la vez, y la papelera se vaciaba al reiniciar el ordenador. Tampoco permit\u00eda carpetas anidadas. System 1.1 a\u00f1adi\u00f3 mejoras de velocidad y los cuadros de di\u00e1logo.<\/p>\n\n\n\n<div class=\"wp-block-image\"><figure class=\"aligncenter is-resized\"><img loading=\"lazy\" decoding=\"async\" src=\"https:\/\/lh4.googleusercontent.com\/w8OVRkzvMV77Ld3YlNRQ22P5xeAHl-zXRYkSoZ1Sf8Sm28nIkdR59wN1y6fPsYYBafWTSrx0N5CKvFlifa5FBsGeVTKc3nS9vFgOaXHOvDJsCQ5XWhxa67jsQWDU92Gn6kkSBr_4\" alt=\"\" width=\"445\" height=\"298\"\/><\/figure><\/div>\n\n\n\n<p><strong>System 2 (1985)<\/strong> introdujo notables mejoras, incrementando la velocidad del Finder (el gestor de archivos e interfaz gr\u00e1fica de Mac). Se a\u00f1adieron nuevas opciones como la creaci\u00f3n de carpetas, y se listaban los \u00edtems en vertical como iconos. Se pod\u00edan extraer discos y unidades arrastr\u00e1ndolos a la papelera.<br><\/p>\n\n\n\n<p><strong>System 3 (1986)<\/strong> reemplaz\u00f3 el sistema de archivos HFS por el MSF, permitiendo carpetas anidadas. Se a\u00f1adi\u00f3 un icono de zoom para cambiar el tama\u00f1o del contenido de las ventanas. En las versiones 3.2 y 3.3 se arreglaron errores y se incluy\u00f3 un sistema de compartici\u00f3n de archivos.<br><\/p>\n\n\n\n<p><strong>System 4 (1987) <\/strong>se introdujo con Macintosh SE y Macintosh II, incorporando m\u00faltiple soporte al monitor. En la versi\u00f3n 4.1 el Finder soportaba ya varios programas, mostrando la memoria utilizada por cada uno, y contaba con un panel de control configurable.<br><\/p>\n\n\n\n<p>En <strong>System 6 (1988)<\/strong> se agregaron colores y se permiti\u00f3 a los programas lanzar notificaciones desde la barra de men\u00fa.<\/p>\n\n\n\n<div class=\"wp-block-image\"><figure class=\"aligncenter\"><img decoding=\"async\" src=\"https:\/\/lh4.googleusercontent.com\/qlggZfOLyOYauMNm_y6eMibM3wB6Azmsg0OaqquLuNljgOQx1LoW-Wvc5LyjjK8kJqU_2XEiDf15kN013Jbrmzdw_poN-5nyiMKY9w7ITDly9nHDsj7qYcRig11wRX354BsCfX30\" alt=\"\"\/><\/figure><\/div>\n\n\n\n<p><strong>System 7 (1990)<\/strong> sigui\u00f3 avanzando en las funciones multitarea y permiti\u00f3 ampliar la memoria RAM. Se a\u00f1adi\u00f3 nuevo software como el Networking de Apple Talk, Apple Share, QuickTime, etc. Se mostraba una lista de los programas abiertos, permitiendo cambiar entre ellos. Tambi\u00e9n se agreg\u00f3 un men\u00fa de ayuda, se mejor\u00f3 la papelera, se permiti\u00f3 arrastrar texto entre programas, y los iconos de la interfaz aprovecharon el uso del color y se ve\u00edan en 3D. Posteriores versiones incorporaron la carpeta de Fuentes para a\u00f1adirlas y eliminarlas, entre otras mejoras. El cambio a Mac OS 7.6 lo hizo compatible con actualizaciones peri\u00f3dicas.<\/p>\n\n\n\n<div class=\"wp-block-image\"><figure class=\"aligncenter is-resized\"><img loading=\"lazy\" decoding=\"async\" src=\"https:\/\/lh4.googleusercontent.com\/XIoAHJRRCS5iAJk-jd0AHIAlwmSRwLPgQzviZY6HJKNX9wqIq71UFqLTJsay0Afx5Cny9sQAG5RC6VudTun5xPE2a2JKtlZZfnefiE1pL-3wVXvRewjaXEzSfDid-8QaHmCGz_32\" alt=\"\" width=\"436\" height=\"327\"\/><\/figure><\/div>\n\n\n\n<p><strong>Mac OS 8 (1997)<\/strong> renov\u00f3 el Finder, con un aspecto m\u00e1s moderno y personalizable. El Web Sharing permit\u00eda a los usuarios hospedar p\u00e1ginas en su ordenador. El nuevo sistema de archivos liber\u00f3 una gran cantidad de espacio. Mac OS 8.5 introdujo Sherlock, un programa de b\u00fasqueda avanzada local y en red.<\/p>\n\n\n\n<div class=\"wp-block-image\"><figure class=\"aligncenter is-resized\"><img loading=\"lazy\" decoding=\"async\" src=\"https:\/\/lh5.googleusercontent.com\/yHB430Lr9dKV5vQSu4NrojkKuc50UYdFfo3qoTDLfm2vftDz-gI4TNmIDWc_WKMIq42odja_KL7qlvlv_0si9oVzDs6LfoT1P3PHgfPbTxXxz4eljRV9aaX5eB2ElwOqS2_sUsMU\" alt=\"\" width=\"413\" height=\"310\"\/><\/figure><\/div>\n\n\n\n<div class=\"wp-block-image\"><figure class=\"aligncenter is-resized\"><img loading=\"lazy\" decoding=\"async\" src=\"https:\/\/lh3.googleusercontent.com\/8-4EA6JWPrKjcTcSpj2FU-2Lbl79295DR4PP-gTx7YihZeqB43nA23qg_4asxOi-3KGRA6UYsLJJ-dLGCds3754doYBvXB2rYfBj4MFj0AbBQDDWj8RJ5xjvO3vOeRH15pwZOnH4\" alt=\"\" width=\"460\" height=\"345\"\/><\/figure><\/div>\n\n\n\n<p><strong>Mac OS 9 (1999)<\/strong> agreg\u00f3 la opci\u00f3n de albergar varias cuentas de usuario con sus archivos y configuraciones propios. Se potenciaron las actualizaciones de software con Software Update.<\/p>\n\n\n\n<div class=\"wp-block-image\"><figure class=\"aligncenter is-resized\"><img loading=\"lazy\" decoding=\"async\" src=\"https:\/\/lh5.googleusercontent.com\/UYj4FeNbz5iyrUTv-BnIH5liIDn5DKk5CSSnODDZZ0LFz6iqYFMM8s0ERkpMQ45a6s26QNlPva6Ymdn-j5fROshcN2Rf5j2bAAc5pWIf-3GIQ-hGNMh3oyr5Doq5Dbf9gaxj6zXL\" alt=\"\" width=\"492\" height=\"369\"\/><\/figure><\/div>\n\n\n\n<h3 class=\"wp-block-heading\"><strong><em>MAC OS X<\/em><\/strong><br><\/h3>\n\n\n\n<p>Sistemas operativos basados en las PowerPC-port de OpenStep. Poseen una memoria un procesador heredados de Mach\u2019s, mientras que que el driver de la interfaz proviene de BSD\u2019s POSIX-UNIX. Cada uno de los sistemas operativos Mac OS X que se han ido desarrollando a lo largo de los a\u00f1os han recibido el nombre de alg\u00fan animal felino.<\/p>\n\n\n\n<p>En la actualidad, este es el sistema operativo que se encuentra presente en todos los ordenadores MAC.<br><\/p>\n\n\n\n<ul class=\"wp-block-list\"><li>MAC OS X 10.0 \u201cLeopardo\u201d<\/li><\/ul>\n\n\n\n<p>Lanzado en el a\u00f1o 2001, fue desarrollado por los ingenieros colaboradores de Mac OS X Public Beta. Este sistema operativo conten\u00eda las principales caracter\u00edsticas de un SO moderno, proteg\u00eda memoria, evitaba bloqueo del procesador y permit\u00eda cargar y descargar los drivers si era necesario. Aunque la interfaz gr\u00e1fica era muy similar a la que presentaban los sistemas MAC OS anteriores, las funcionalidades que se escond\u00edan tras ella eran diferentes.<br><\/p>\n\n\n\n<div class=\"wp-block-image\"><figure class=\"aligncenter is-resized\"><img loading=\"lazy\" decoding=\"async\" src=\"https:\/\/lh4.googleusercontent.com\/KfPG7J76dO_ycdv3ZVcVQunwnO9kK4hIlh9EKiZsblU0r1eW6BKhczE-mdluQdUncXYIWZ-qp21VG71DGXmdSKLImqCYNrMlaTlzAxccyj-yB6gcgNrauLHkMuHZCSK3dAELao5T\" alt=\"\" width=\"519\" height=\"389\"\/><\/figure><\/div>\n\n\n\n<ul class=\"wp-block-list\"><li>MAC OS X 10.1 \u201cPuma\u201d<\/li><\/ul>\n\n\n\n<p>Lanzado tambi\u00e9n en el a\u00f1o 2001, se centr\u00f3 principalmente en los ordenadores Mac G3. Esta versi\u00f3n inclu\u00eda tanto actualizaciones de algunos de los componentes como soluci\u00f3n a los errores que pose\u00edan los sistemas operativos anteriores.<\/p>\n\n\n\n<div class=\"wp-block-image\"><figure class=\"aligncenter\"><img decoding=\"async\" src=\"https:\/\/lh5.googleusercontent.com\/ezgrKJf7ZmSjcp5VayAi4hP0bwRzBEA48kTcpC0C4mtufm3jedO61Xy3ta338L7WMZPOvDNBe1Ev4aOA2iE2RQr5ZpcY2n-eyYtlF_ewDuKwhI9npVc3VJKVxXOqidA1li_ayuk-\" alt=\"\"\/><\/figure><\/div>\n\n\n\n<ul class=\"wp-block-list\"><li>MAC OS X 10.2 \u201cJaguar\u201d<\/li><\/ul>\n\n\n\n<p>Lanzado en el a\u00f1o 2002, esta versi\u00f3n aportaba un incremento en el rendimiento del sistema operativo. Adem\u00e1s, el MAC OS X 10.2 implement\u00f3 una nueva interfaz gr\u00e1fica y gran cantidad de mejoras, entre las que podemos destacar el soporte para redes Windows y la inclusi\u00f3n de varias aplicaciones y funciones. Dentro de las primeras podemos destacar \u201ciChat\u201d, que permit\u00eda chatear con otros usuarios MAC. Mientras que dentro de las funciones, se incluy\u00f3 un filtro contra spam y un buscador o finder en cada una de las ventanas de la interfaz.<br><\/p>\n\n\n\n<div class=\"wp-block-image\"><figure class=\"aligncenter\"><img decoding=\"async\" src=\"https:\/\/lh4.googleusercontent.com\/MnZZ2JIicGGXI1ClfsuG3lBc3CcoTv6YvqybT7QOx_AyMNXuOUBQBRJgUNtLtaQfQMoxOoSxvhfWIUFPb9zpop_rGkP5ZhICl97hY0VH01w2FTYKv-DXDJo0uulw7DKF2ZOtK6f5\" alt=\"\"\/><\/figure><\/div>\n\n\n\n<ul class=\"wp-block-list\"><li>MAC OS X 10.3 \u201cPantera\u201d<\/li><\/ul>\n\n\n\n<p>Lanzado en el a\u00f1o 2004, supuso una mejora para el rendimiento de los sistemas operativos y una actualizaci\u00f3n de la interfaz gr\u00e1fica. Esta versi\u00f3n no estaba disponible para los ordenadores G3. Su principal incorporaci\u00f3n fue el cambio r\u00e1pido de usuarios, que permit\u00eda iniciar varias sesiones de diferentes usuarios al mismo tiempo.<\/p>\n\n\n\n<div class=\"wp-block-image\"><figure class=\"aligncenter is-resized\"><img loading=\"lazy\" decoding=\"async\" src=\"https:\/\/lh6.googleusercontent.com\/QnKfOaTlH-CTtLuUc8NiuQFyz3f4oK_BPjpIjw6m_UxlTLymid_CDPWiE4b3APbDgXSzMrOQ-YQVaVAVb5Os4J6DgzDIJYGXKaHknHPoWfEPDNVoeiy13DHyKu1SSwU__EbIG1I8\" alt=\"\" width=\"514\" height=\"289\"\/><\/figure><\/div>\n\n\n\n<ul class=\"wp-block-list\"><li>MAC OS X 10.4 \u201cTigre\u201d<\/li><\/ul>\n\n\n\n<p>Lanzado en el a\u00f1o 2005, no pudo ser soportado por todos los ordenadores MAC comercializados en aquel momento, ya que este sistema operativo no se encontraba disponible para aquellos equipos que no contasen con FireWire. Algunos de las caracter\u00edsticas que se incluyeron en esta versi\u00f3n fueron Spotlight y Dashboard. Se redise\u00f1\u00f3 la interfaz gr\u00e1fica y se defini\u00f3 Safari como navegador por defecto.<br><\/p>\n\n\n\n<div class=\"wp-block-image\"><figure class=\"aligncenter\"><img decoding=\"async\" src=\"https:\/\/lh3.googleusercontent.com\/BleSU5ZxXN08gLDKO_pvvgc7epnnD0esjeKAGshwWDwpN3FlWackKvSGXJ3Rv7Rd_NFy_0C3cudwlB_9mvgGrOL8I6McZjyn_2dfmPW445FTZ1W5MH0oMRgkckGVUWIusnY_V6hg\" alt=\"\"\/><\/figure><\/div>\n\n\n\n<ul class=\"wp-block-list\"><li>MAC OS X 10.5 \u201cLeopardo\u201d<\/li><\/ul>\n\n\n\n<p>Lanzado en el a\u00f1o 2007 y compatible con los equipos PowerPC e Intel, implementa gran cantidad de nuevas caracter\u00edsticas entre las que podemos destacar, time machine(volver a versiones anteriores de carpetas, disco duro, archivos, etc), mail 3 y soporte para pantallas Braille.<\/p>\n\n\n\n<div class=\"wp-block-image\"><figure class=\"aligncenter is-resized\"><img loading=\"lazy\" decoding=\"async\" src=\"https:\/\/lh5.googleusercontent.com\/F0lVs3pMR8L2MlMj_7Ld_ORC1114TxIxPxIpB-0gHdw_wneuI18ZFfUECHVtCwItHoFdNWF1EB5rNrNN1FUNPa-fqwcCtI4FxNx7jEqvSdc55q7jmYvmFbzv3Qz3vlfvSLlxoyE0\" alt=\"\" width=\"493\" height=\"277\"\/><\/figure><\/div>\n\n\n\n<ul class=\"wp-block-list\"><li>MAC OS X 10.6 \u201cLeopardo de nieve\u201d<\/li><\/ul>\n\n\n\n<p>Lanzado en el a\u00f1o 2009, permite el uso del touchpad para caracteres chinos, ajuste autom\u00e1tico de la zona horaria, la utilizaci\u00f3n de la tecnolog\u00eda Grand Central(permite el uso de procesadores multin\u00facleo) y menor consumo de espacio de disco duro.<br><\/p>\n\n\n\n<div class=\"wp-block-image\"><figure class=\"aligncenter is-resized\"><img loading=\"lazy\" decoding=\"async\" src=\"https:\/\/lh5.googleusercontent.com\/h5hNuS1YgwUMxdnAL5Rlz5OfzxqFvWdijJtTQAwL3oF9xQng41nMptpx9r_z3koCUeeaTGzKTIF9ZwrixreUCPGuh4jLVqKO6Erk_6S2jhx-4OvjZ4Lg2SLDGaVpTm98r3m5znUR\" alt=\"\" width=\"507\" height=\"285\"\/><\/figure><\/div>\n\n\n\n<ul class=\"wp-block-list\"><li>MAC OS X 10.7 \u201cLe\u00f3n\u201d<\/li><\/ul>\n\n\n\n<p>Lanzado en el a\u00f1o 2011, se caracteriza por la inclusi\u00f3n de nuevas aplicaciones entre las que destacamos FaceTime, que permite realizar videollamadas, y MAC App Store, disponible para personas mayores de 13 a\u00f1os de EEUU.<br><\/p>\n\n\n\n<div class=\"wp-block-image\"><figure class=\"aligncenter is-resized\"><img loading=\"lazy\" decoding=\"async\" src=\"https:\/\/lh3.googleusercontent.com\/iavKpMURgj0K7oEkpUUFZ4fiP20b-LvXmzhpu7pzOwyGjZRJzJY5Svo1JemhcntVZyjEakCt2sjPGJ1UPKkMBKSbjUwSZFBoKqvKo5EXgoX_vwRtSky0UPKCJZn74iwN9qbvro3i\" alt=\"\" width=\"516\" height=\"322\"\/><\/figure><\/div>\n\n\n\n<p><\/p>\n\n\n\n<ul class=\"wp-block-list\"><li>MAC OS 10.8 \u201cLe\u00f3n de monta\u00f1a\u201d<\/li><\/ul>\n\n\n\n<p>Lanzado en el a\u00f1o 2012, permite la sincronizaci\u00f3n autom\u00e1tica de archivos de iWork a trav\u00e9s de iCloud. Adem\u00e1s, incluye iMessage, que permite el env\u00edo de mensajes entre usuarios MAC, y algunas redes sociales como son Facebook y Twitter. Implementa Game Center, que permite compartir con otros usuarios de juegos iOS las puntuaciones que se van consiguiendo.<br><\/p>\n\n\n\n<div class=\"wp-block-image\"><figure class=\"aligncenter is-resized\"><img loading=\"lazy\" decoding=\"async\" src=\"https:\/\/lh4.googleusercontent.com\/IBe57yVPK6HeHwrdLuKG3S35MmQ6nOGwN8hmpeU5WfJbrT4Ac3W-ckkx8y288TswX1m6m0WtKlFwelehz7a8rAKgWM6k7m6DfoZr9G2tFzOrKMz2-tHP_dcZPvJahNlJh0WqGNZZ\" alt=\"\" width=\"514\" height=\"324\"\/><\/figure><\/div>\n","protected":false},"excerpt":{"rendered":"<p>Mac OS Classic Los sistemas operativos Mac OS Classic fueron los primeros con interfaz gr\u00e1fica que lograron un gran \u00e9xito por su precio accesible. El primer Macintosh ven\u00eda con System 1 (1984), que ten\u00eda escritorio, ventanas, iconos, men\u00fas y puntero de rat\u00f3n. No exist\u00eda la memoria virtual, por lo que no se pod\u00eda trabajar en [&hellip;]<\/p>\n","protected":false},"author":166,"featured_media":0,"parent":408,"menu_order":0,"comment_status":"closed","ping_status":"closed","template":"","meta":{"ngg_post_thumbnail":0,"footnotes":""},"class_list":["post-427","page","type-page","status-publish","hentry"],"yoast_head":"<!-- This site is optimized with the Yoast SEO plugin v25.8 - https:\/\/yoast.com\/wordpress\/plugins\/seo\/ -->\n<title>Evoluci\u00f3n de los sistemas operativos Mac - Departamento de Matem\u00e1ticas<\/title>\n<meta name=\"robots\" content=\"index, follow, max-snippet:-1, max-image-preview:large, max-video-preview:-1\" \/>\n<link rel=\"canonical\" href=\"https:\/\/departamentos.unileon.es\/matematicas\/catalogo-de-antiguos-ordenadores-del-atico\/evolucion-de-los-sistemas-operativos-mac\/\" \/>\n<meta property=\"og:locale\" content=\"es_ES\" \/>\n<meta property=\"og:type\" content=\"article\" \/>\n<meta property=\"og:title\" content=\"Evoluci\u00f3n de los sistemas operativos Mac - Departamento de Matem\u00e1ticas\" \/>\n<meta property=\"og:description\" content=\"Mac OS Classic Los sistemas operativos Mac OS Classic fueron los primeros con interfaz gr\u00e1fica que lograron un gran \u00e9xito por su precio accesible. El primer Macintosh ven\u00eda con System 1 (1984), que ten\u00eda escritorio, ventanas, iconos, men\u00fas y puntero de rat\u00f3n. No exist\u00eda la memoria virtual, por lo que no se pod\u00eda trabajar en [&hellip;]\" \/>\n<meta property=\"og:url\" content=\"https:\/\/departamentos.unileon.es\/matematicas\/catalogo-de-antiguos-ordenadores-del-atico\/evolucion-de-los-sistemas-operativos-mac\/\" \/>\n<meta property=\"og:site_name\" content=\"Departamento de Matem\u00e1ticas\" \/>\n<meta property=\"article:modified_time\" content=\"2019-06-07T10:50:59+00:00\" \/>\n<meta property=\"og:image\" content=\"https:\/\/lh6.googleusercontent.com\/1bsvrzyiqdE8b5xVeXjnj9b_JNSXbQ0TrxtCE3EKAyvpn8ub8iRqeMN2-33gRd6emb5fNxBa3j8Yz7MZIBCeB-CNk9MfsyZNvT433YtV8GImIVRGoUH74IBV9sRfL09NonVXFj_D\" \/>\n<meta name=\"twitter:card\" content=\"summary_large_image\" \/>\n<meta name=\"twitter:label1\" content=\"Tiempo de lectura\" \/>\n\t<meta name=\"twitter:data1\" content=\"5 minutos\" \/>\n<script type=\"application\/ld+json\" class=\"yoast-schema-graph\">{\"@context\":\"https:\/\/schema.org\",\"@graph\":[{\"@type\":\"WebPage\",\"@id\":\"https:\/\/departamentos.unileon.es\/matematicas\/catalogo-de-antiguos-ordenadores-del-atico\/evolucion-de-los-sistemas-operativos-mac\/\",\"url\":\"https:\/\/departamentos.unileon.es\/matematicas\/catalogo-de-antiguos-ordenadores-del-atico\/evolucion-de-los-sistemas-operativos-mac\/\",\"name\":\"Evoluci\u00f3n de los sistemas operativos Mac - Departamento de Matem\u00e1ticas\",\"isPartOf\":{\"@id\":\"https:\/\/departamentos.unileon.es\/matematicas\/#website\"},\"primaryImageOfPage\":{\"@id\":\"https:\/\/departamentos.unileon.es\/matematicas\/catalogo-de-antiguos-ordenadores-del-atico\/evolucion-de-los-sistemas-operativos-mac\/#primaryimage\"},\"image\":{\"@id\":\"https:\/\/departamentos.unileon.es\/matematicas\/catalogo-de-antiguos-ordenadores-del-atico\/evolucion-de-los-sistemas-operativos-mac\/#primaryimage\"},\"thumbnailUrl\":\"https:\/\/lh6.googleusercontent.com\/1bsvrzyiqdE8b5xVeXjnj9b_JNSXbQ0TrxtCE3EKAyvpn8ub8iRqeMN2-33gRd6emb5fNxBa3j8Yz7MZIBCeB-CNk9MfsyZNvT433YtV8GImIVRGoUH74IBV9sRfL09NonVXFj_D\",\"datePublished\":\"2019-05-17T10:26:04+00:00\",\"dateModified\":\"2019-06-07T10:50:59+00:00\",\"breadcrumb\":{\"@id\":\"https:\/\/departamentos.unileon.es\/matematicas\/catalogo-de-antiguos-ordenadores-del-atico\/evolucion-de-los-sistemas-operativos-mac\/#breadcrumb\"},\"inLanguage\":\"es\",\"potentialAction\":[{\"@type\":\"ReadAction\",\"target\":[\"https:\/\/departamentos.unileon.es\/matematicas\/catalogo-de-antiguos-ordenadores-del-atico\/evolucion-de-los-sistemas-operativos-mac\/\"]}]},{\"@type\":\"ImageObject\",\"inLanguage\":\"es\",\"@id\":\"https:\/\/departamentos.unileon.es\/matematicas\/catalogo-de-antiguos-ordenadores-del-atico\/evolucion-de-los-sistemas-operativos-mac\/#primaryimage\",\"url\":\"https:\/\/lh6.googleusercontent.com\/1bsvrzyiqdE8b5xVeXjnj9b_JNSXbQ0TrxtCE3EKAyvpn8ub8iRqeMN2-33gRd6emb5fNxBa3j8Yz7MZIBCeB-CNk9MfsyZNvT433YtV8GImIVRGoUH74IBV9sRfL09NonVXFj_D\",\"contentUrl\":\"https:\/\/lh6.googleusercontent.com\/1bsvrzyiqdE8b5xVeXjnj9b_JNSXbQ0TrxtCE3EKAyvpn8ub8iRqeMN2-33gRd6emb5fNxBa3j8Yz7MZIBCeB-CNk9MfsyZNvT433YtV8GImIVRGoUH74IBV9sRfL09NonVXFj_D\"},{\"@type\":\"BreadcrumbList\",\"@id\":\"https:\/\/departamentos.unileon.es\/matematicas\/catalogo-de-antiguos-ordenadores-del-atico\/evolucion-de-los-sistemas-operativos-mac\/#breadcrumb\",\"itemListElement\":[{\"@type\":\"ListItem\",\"position\":1,\"name\":\"Cat\u00e1logo de antiguos ordenadores\",\"item\":\"https:\/\/departamentos.unileon.es\/matematicas\/catalogo-de-antiguos-ordenadores-del-atico\/\"},{\"@type\":\"ListItem\",\"position\":2,\"name\":\"Evoluci\u00f3n de los sistemas operativos Mac\"}]},{\"@type\":\"WebSite\",\"@id\":\"https:\/\/departamentos.unileon.es\/matematicas\/#website\",\"url\":\"https:\/\/departamentos.unileon.es\/matematicas\/\",\"name\":\"Departamento de Matem\u00e1ticas\",\"description\":\"Otro sitio m\u00e1s de Universidad de Le\u00f3n\",\"potentialAction\":[{\"@type\":\"SearchAction\",\"target\":{\"@type\":\"EntryPoint\",\"urlTemplate\":\"https:\/\/departamentos.unileon.es\/matematicas\/?s={search_term_string}\"},\"query-input\":{\"@type\":\"PropertyValueSpecification\",\"valueRequired\":true,\"valueName\":\"search_term_string\"}}],\"inLanguage\":\"es\"}]}<\/script>\n<!-- \/ Yoast SEO plugin. -->","yoast_head_json":{"title":"Evoluci\u00f3n de los sistemas operativos Mac - Departamento de Matem\u00e1ticas","robots":{"index":"index","follow":"follow","max-snippet":"max-snippet:-1","max-image-preview":"max-image-preview:large","max-video-preview":"max-video-preview:-1"},"canonical":"https:\/\/departamentos.unileon.es\/matematicas\/catalogo-de-antiguos-ordenadores-del-atico\/evolucion-de-los-sistemas-operativos-mac\/","og_locale":"es_ES","og_type":"article","og_title":"Evoluci\u00f3n de los sistemas operativos Mac - Departamento de Matem\u00e1ticas","og_description":"Mac OS Classic Los sistemas operativos Mac OS Classic fueron los primeros con interfaz gr\u00e1fica que lograron un gran \u00e9xito por su precio accesible. El primer Macintosh ven\u00eda con System 1 (1984), que ten\u00eda escritorio, ventanas, iconos, men\u00fas y puntero de rat\u00f3n. No exist\u00eda la memoria virtual, por lo que no se pod\u00eda trabajar en [&hellip;]","og_url":"https:\/\/departamentos.unileon.es\/matematicas\/catalogo-de-antiguos-ordenadores-del-atico\/evolucion-de-los-sistemas-operativos-mac\/","og_site_name":"Departamento de Matem\u00e1ticas","article_modified_time":"2019-06-07T10:50:59+00:00","og_image":[{"url":"https:\/\/lh6.googleusercontent.com\/1bsvrzyiqdE8b5xVeXjnj9b_JNSXbQ0TrxtCE3EKAyvpn8ub8iRqeMN2-33gRd6emb5fNxBa3j8Yz7MZIBCeB-CNk9MfsyZNvT433YtV8GImIVRGoUH74IBV9sRfL09NonVXFj_D","type":"","width":"","height":""}],"twitter_card":"summary_large_image","twitter_misc":{"Tiempo de lectura":"5 minutos"},"schema":{"@context":"https:\/\/schema.org","@graph":[{"@type":"WebPage","@id":"https:\/\/departamentos.unileon.es\/matematicas\/catalogo-de-antiguos-ordenadores-del-atico\/evolucion-de-los-sistemas-operativos-mac\/","url":"https:\/\/departamentos.unileon.es\/matematicas\/catalogo-de-antiguos-ordenadores-del-atico\/evolucion-de-los-sistemas-operativos-mac\/","name":"Evoluci\u00f3n de los sistemas operativos Mac - Departamento de Matem\u00e1ticas","isPartOf":{"@id":"https:\/\/departamentos.unileon.es\/matematicas\/#website"},"primaryImageOfPage":{"@id":"https:\/\/departamentos.unileon.es\/matematicas\/catalogo-de-antiguos-ordenadores-del-atico\/evolucion-de-los-sistemas-operativos-mac\/#primaryimage"},"image":{"@id":"https:\/\/departamentos.unileon.es\/matematicas\/catalogo-de-antiguos-ordenadores-del-atico\/evolucion-de-los-sistemas-operativos-mac\/#primaryimage"},"thumbnailUrl":"https:\/\/lh6.googleusercontent.com\/1bsvrzyiqdE8b5xVeXjnj9b_JNSXbQ0TrxtCE3EKAyvpn8ub8iRqeMN2-33gRd6emb5fNxBa3j8Yz7MZIBCeB-CNk9MfsyZNvT433YtV8GImIVRGoUH74IBV9sRfL09NonVXFj_D","datePublished":"2019-05-17T10:26:04+00:00","dateModified":"2019-06-07T10:50:59+00:00","breadcrumb":{"@id":"https:\/\/departamentos.unileon.es\/matematicas\/catalogo-de-antiguos-ordenadores-del-atico\/evolucion-de-los-sistemas-operativos-mac\/#breadcrumb"},"inLanguage":"es","potentialAction":[{"@type":"ReadAction","target":["https:\/\/departamentos.unileon.es\/matematicas\/catalogo-de-antiguos-ordenadores-del-atico\/evolucion-de-los-sistemas-operativos-mac\/"]}]},{"@type":"ImageObject","inLanguage":"es","@id":"https:\/\/departamentos.unileon.es\/matematicas\/catalogo-de-antiguos-ordenadores-del-atico\/evolucion-de-los-sistemas-operativos-mac\/#primaryimage","url":"https:\/\/lh6.googleusercontent.com\/1bsvrzyiqdE8b5xVeXjnj9b_JNSXbQ0TrxtCE3EKAyvpn8ub8iRqeMN2-33gRd6emb5fNxBa3j8Yz7MZIBCeB-CNk9MfsyZNvT433YtV8GImIVRGoUH74IBV9sRfL09NonVXFj_D","contentUrl":"https:\/\/lh6.googleusercontent.com\/1bsvrzyiqdE8b5xVeXjnj9b_JNSXbQ0TrxtCE3EKAyvpn8ub8iRqeMN2-33gRd6emb5fNxBa3j8Yz7MZIBCeB-CNk9MfsyZNvT433YtV8GImIVRGoUH74IBV9sRfL09NonVXFj_D"},{"@type":"BreadcrumbList","@id":"https:\/\/departamentos.unileon.es\/matematicas\/catalogo-de-antiguos-ordenadores-del-atico\/evolucion-de-los-sistemas-operativos-mac\/#breadcrumb","itemListElement":[{"@type":"ListItem","position":1,"name":"Cat\u00e1logo de antiguos ordenadores","item":"https:\/\/departamentos.unileon.es\/matematicas\/catalogo-de-antiguos-ordenadores-del-atico\/"},{"@type":"ListItem","position":2,"name":"Evoluci\u00f3n de los sistemas operativos Mac"}]},{"@type":"WebSite","@id":"https:\/\/departamentos.unileon.es\/matematicas\/#website","url":"https:\/\/departamentos.unileon.es\/matematicas\/","name":"Departamento de Matem\u00e1ticas","description":"Otro sitio m\u00e1s de Universidad de Le\u00f3n","potentialAction":[{"@type":"SearchAction","target":{"@type":"EntryPoint","urlTemplate":"https:\/\/departamentos.unileon.es\/matematicas\/?s={search_term_string}"},"query-input":{"@type":"PropertyValueSpecification","valueRequired":true,"valueName":"search_term_string"}}],"inLanguage":"es"}]}},"_links":{"self":[{"href":"https:\/\/departamentos.unileon.es\/matematicas\/wp-json\/wp\/v2\/pages\/427","targetHints":{"allow":["GET"]}}],"collection":[{"href":"https:\/\/departamentos.unileon.es\/matematicas\/wp-json\/wp\/v2\/pages"}],"about":[{"href":"https:\/\/departamentos.unileon.es\/matematicas\/wp-json\/wp\/v2\/types\/page"}],"author":[{"embeddable":true,"href":"https:\/\/departamentos.unileon.es\/matematicas\/wp-json\/wp\/v2\/users\/166"}],"replies":[{"embeddable":true,"href":"https:\/\/departamentos.unileon.es\/matematicas\/wp-json\/wp\/v2\/comments?post=427"}],"version-history":[{"count":4,"href":"https:\/\/departamentos.unileon.es\/matematicas\/wp-json\/wp\/v2\/pages\/427\/revisions"}],"predecessor-version":[{"id":498,"href":"https:\/\/departamentos.unileon.es\/matematicas\/wp-json\/wp\/v2\/pages\/427\/revisions\/498"}],"up":[{"embeddable":true,"href":"https:\/\/departamentos.unileon.es\/matematicas\/wp-json\/wp\/v2\/pages\/408"}],"wp:attachment":[{"href":"https:\/\/departamentos.unileon.es\/matematicas\/wp-json\/wp\/v2\/media?parent=427"}],"curies":[{"name":"wp","href":"https:\/\/api.w.org\/{rel}","templated":true}]}}