{"id":363,"date":"2018-12-13T11:03:16","date_gmt":"2018-12-13T11:03:16","guid":{"rendered":"http:\/\/departamentos.unileon.es\/matematicas\/?page_id=363"},"modified":"2019-01-17T10:59:38","modified_gmt":"2019-01-17T10:59:38","slug":"olimpiada-matematica","status":"publish","type":"page","link":"https:\/\/departamentos.unileon.es\/matematicas\/olimpiada-matematica\/","title":{"rendered":"Olimpiada Matem\u00e1tica"},"content":{"rendered":"<p style=\"text-align: justify;\">La Olimpiada Matem\u00e1tica Espa\u00f1ola (OME) es la m\u00e1s antigua de las Olimpiadas Cient\u00edficas en Espa\u00f1a, contando con m\u00e1s de 50 a\u00f1os de historia. Est\u00e1 organizada por la Real Sociedad Matem\u00e1tica Espa\u00f1ola (RSME) en colaboraci\u00f3n con todas las Universidades p\u00fablicas del territorio nacional y cuenta con el apoyo del Ministerio de Educaci\u00f3n, Cultura y Deporte. Sus objetivos fundamentales son acercar las Matem\u00e1ticas a la sociedad, desarrollar su aspecto l\u00fadico y buscar el talento matem\u00e1tico en los j\u00f3venes que ser\u00e1n, en el futuro, los actores principales de la construcci\u00f3n del conocimiento cient\u00edfico y tecnol\u00f3gico.<\/p>\r\n<p style=\"text-align: justify;\"><a href=\"http:\/\/blogs.unileon.es\/olimpiadamatematicas\/\">Visita el blog de noticias de la Olimpiada Matem\u00e1tica en Le\u00f3n<\/a><\/p>\r\n<a href=\"http:\/\/blogs.unileon.es\/olimpiadamatematicas\/\" target=\"_blank\" rel=\"noopener\"><img loading=\"lazy\" decoding=\"async\" class=\"wp-image-364 size-full alignnone\" src=\"http:\/\/departamentos.unileon.es\/matematicas\/files\/2018\/12\/logoOlimpiada.jpg\" alt=\"Logo Olimpiada Matem\u00e1tica Le\u00f3n\" width=\"300\" height=\"273\"><\/a><a href=\"https:\/\/www.rsme.es\/\" target=\"_blank\" rel=\"noopener\"><img loading=\"lazy\" decoding=\"async\" class=\"alignnone wp-image-378 size-medium\" src=\"http:\/\/departamentos.unileon.es\/matematicas\/files\/2018\/12\/rsme_logo-300x234.png\" alt=\"\" width=\"300\" height=\"234\" srcset=\"https:\/\/departamentos.unileon.es\/matematicas\/files\/2018\/12\/rsme_logo-300x234.png 300w, https:\/\/departamentos.unileon.es\/matematicas\/files\/2018\/12\/rsme_logo.png 709w\" sizes=\"auto, (max-width: 300px) 100vw, 300px\" \/><\/a>","protected":false},"excerpt":{"rendered":"<p>La Olimpiada Matem\u00e1tica Espa\u00f1ola (OME) es la m\u00e1s antigua de las Olimpiadas Cient\u00edficas en Espa\u00f1a, contando con m\u00e1s de 50 a\u00f1os de historia. Est\u00e1 organizada por la Real Sociedad Matem\u00e1tica Espa\u00f1ola (RSME) en colaboraci\u00f3n con todas las Universidades p\u00fablicas del territorio nacional y cuenta con el apoyo del Ministerio de Educaci\u00f3n, Cultura y Deporte. Sus [&hellip;]<\/p>\n","protected":false},"author":166,"featured_media":0,"parent":0,"menu_order":0,"comment_status":"closed","ping_status":"closed","template":"","meta":{"ngg_post_thumbnail":0,"footnotes":""},"class_list":["post-363","page","type-page","status-publish","hentry"],"yoast_head":"<!-- This site is optimized with the Yoast SEO plugin v25.8 - https:\/\/yoast.com\/wordpress\/plugins\/seo\/ -->\n<title>Olimpiada Matem\u00e1tica - Departamento de Matem\u00e1ticas<\/title>\n<meta name=\"robots\" content=\"index, follow, max-snippet:-1, max-image-preview:large, max-video-preview:-1\" \/>\n<link rel=\"canonical\" href=\"https:\/\/departamentos.unileon.es\/matematicas\/olimpiada-matematica\/\" \/>\n<meta property=\"og:locale\" content=\"es_ES\" \/>\n<meta property=\"og:type\" content=\"article\" \/>\n<meta property=\"og:title\" content=\"Olimpiada Matem\u00e1tica - Departamento de Matem\u00e1ticas\" \/>\n<meta property=\"og:description\" content=\"La Olimpiada Matem\u00e1tica Espa\u00f1ola (OME) es la m\u00e1s antigua de las Olimpiadas Cient\u00edficas en Espa\u00f1a, contando con m\u00e1s de 50 a\u00f1os de historia. Est\u00e1 organizada por la Real Sociedad Matem\u00e1tica Espa\u00f1ola (RSME) en colaboraci\u00f3n con todas las Universidades p\u00fablicas del territorio nacional y cuenta con el apoyo del Ministerio de Educaci\u00f3n, Cultura y Deporte. Sus [&hellip;]\" \/>\n<meta property=\"og:url\" content=\"https:\/\/departamentos.unileon.es\/matematicas\/olimpiada-matematica\/\" \/>\n<meta property=\"og:site_name\" content=\"Departamento de Matem\u00e1ticas\" \/>\n<meta property=\"article:modified_time\" content=\"2019-01-17T10:59:38+00:00\" \/>\n<meta property=\"og:image\" content=\"https:\/\/departamentos.unileon.es\/matematicas\/files\/2018\/12\/logoOlimpiada.jpg\" \/>\n\t<meta property=\"og:image:width\" content=\"300\" \/>\n\t<meta property=\"og:image:height\" content=\"273\" \/>\n\t<meta property=\"og:image:type\" content=\"image\/jpeg\" \/>\n<meta name=\"twitter:card\" content=\"summary_large_image\" \/>\n<meta name=\"twitter:label1\" content=\"Tiempo de lectura\" \/>\n\t<meta name=\"twitter:data1\" content=\"1 minuto\" \/>\n<script type=\"application\/ld+json\" class=\"yoast-schema-graph\">{\"@context\":\"https:\/\/schema.org\",\"@graph\":[{\"@type\":\"WebPage\",\"@id\":\"https:\/\/departamentos.unileon.es\/matematicas\/olimpiada-matematica\/\",\"url\":\"https:\/\/departamentos.unileon.es\/matematicas\/olimpiada-matematica\/\",\"name\":\"Olimpiada Matem\u00e1tica - Departamento de Matem\u00e1ticas\",\"isPartOf\":{\"@id\":\"https:\/\/departamentos.unileon.es\/matematicas\/#website\"},\"primaryImageOfPage\":{\"@id\":\"https:\/\/departamentos.unileon.es\/matematicas\/olimpiada-matematica\/#primaryimage\"},\"image\":{\"@id\":\"https:\/\/departamentos.unileon.es\/matematicas\/olimpiada-matematica\/#primaryimage\"},\"thumbnailUrl\":\"http:\/\/departamentos.unileon.es\/matematicas\/files\/2018\/12\/logoOlimpiada.jpg\",\"datePublished\":\"2018-12-13T11:03:16+00:00\",\"dateModified\":\"2019-01-17T10:59:38+00:00\",\"inLanguage\":\"es\",\"potentialAction\":[{\"@type\":\"ReadAction\",\"target\":[\"https:\/\/departamentos.unileon.es\/matematicas\/olimpiada-matematica\/\"]}]},{\"@type\":\"ImageObject\",\"inLanguage\":\"es\",\"@id\":\"https:\/\/departamentos.unileon.es\/matematicas\/olimpiada-matematica\/#primaryimage\",\"url\":\"https:\/\/departamentos.unileon.es\/matematicas\/files\/2018\/12\/logoOlimpiada.jpg\",\"contentUrl\":\"https:\/\/departamentos.unileon.es\/matematicas\/files\/2018\/12\/logoOlimpiada.jpg\",\"width\":300,\"height\":273,\"caption\":\"Logo Olimpiada Matem\u00e1tica Le\u00f3n\"},{\"@type\":\"WebSite\",\"@id\":\"https:\/\/departamentos.unileon.es\/matematicas\/#website\",\"url\":\"https:\/\/departamentos.unileon.es\/matematicas\/\",\"name\":\"Departamento de Matem\u00e1ticas\",\"description\":\"Otro sitio m\u00e1s de Universidad de Le\u00f3n\",\"potentialAction\":[{\"@type\":\"SearchAction\",\"target\":{\"@type\":\"EntryPoint\",\"urlTemplate\":\"https:\/\/departamentos.unileon.es\/matematicas\/?s={search_term_string}\"},\"query-input\":{\"@type\":\"PropertyValueSpecification\",\"valueRequired\":true,\"valueName\":\"search_term_string\"}}],\"inLanguage\":\"es\"}]}<\/script>\n<!-- \/ Yoast SEO plugin. -->","yoast_head_json":{"title":"Olimpiada Matem\u00e1tica - Departamento de Matem\u00e1ticas","robots":{"index":"index","follow":"follow","max-snippet":"max-snippet:-1","max-image-preview":"max-image-preview:large","max-video-preview":"max-video-preview:-1"},"canonical":"https:\/\/departamentos.unileon.es\/matematicas\/olimpiada-matematica\/","og_locale":"es_ES","og_type":"article","og_title":"Olimpiada Matem\u00e1tica - Departamento de Matem\u00e1ticas","og_description":"La Olimpiada Matem\u00e1tica Espa\u00f1ola (OME) es la m\u00e1s antigua de las Olimpiadas Cient\u00edficas en Espa\u00f1a, contando con m\u00e1s de 50 a\u00f1os de historia. Est\u00e1 organizada por la Real Sociedad Matem\u00e1tica Espa\u00f1ola (RSME) en colaboraci\u00f3n con todas las Universidades p\u00fablicas del territorio nacional y cuenta con el apoyo del Ministerio de Educaci\u00f3n, Cultura y Deporte. Sus [&hellip;]","og_url":"https:\/\/departamentos.unileon.es\/matematicas\/olimpiada-matematica\/","og_site_name":"Departamento de Matem\u00e1ticas","article_modified_time":"2019-01-17T10:59:38+00:00","og_image":[{"width":300,"height":273,"url":"https:\/\/departamentos.unileon.es\/matematicas\/files\/2018\/12\/logoOlimpiada.jpg","type":"image\/jpeg"}],"twitter_card":"summary_large_image","twitter_misc":{"Tiempo de lectura":"1 minuto"},"schema":{"@context":"https:\/\/schema.org","@graph":[{"@type":"WebPage","@id":"https:\/\/departamentos.unileon.es\/matematicas\/olimpiada-matematica\/","url":"https:\/\/departamentos.unileon.es\/matematicas\/olimpiada-matematica\/","name":"Olimpiada Matem\u00e1tica - Departamento de Matem\u00e1ticas","isPartOf":{"@id":"https:\/\/departamentos.unileon.es\/matematicas\/#website"},"primaryImageOfPage":{"@id":"https:\/\/departamentos.unileon.es\/matematicas\/olimpiada-matematica\/#primaryimage"},"image":{"@id":"https:\/\/departamentos.unileon.es\/matematicas\/olimpiada-matematica\/#primaryimage"},"thumbnailUrl":"http:\/\/departamentos.unileon.es\/matematicas\/files\/2018\/12\/logoOlimpiada.jpg","datePublished":"2018-12-13T11:03:16+00:00","dateModified":"2019-01-17T10:59:38+00:00","inLanguage":"es","potentialAction":[{"@type":"ReadAction","target":["https:\/\/departamentos.unileon.es\/matematicas\/olimpiada-matematica\/"]}]},{"@type":"ImageObject","inLanguage":"es","@id":"https:\/\/departamentos.unileon.es\/matematicas\/olimpiada-matematica\/#primaryimage","url":"https:\/\/departamentos.unileon.es\/matematicas\/files\/2018\/12\/logoOlimpiada.jpg","contentUrl":"https:\/\/departamentos.unileon.es\/matematicas\/files\/2018\/12\/logoOlimpiada.jpg","width":300,"height":273,"caption":"Logo Olimpiada Matem\u00e1tica Le\u00f3n"},{"@type":"WebSite","@id":"https:\/\/departamentos.unileon.es\/matematicas\/#website","url":"https:\/\/departamentos.unileon.es\/matematicas\/","name":"Departamento de Matem\u00e1ticas","description":"Otro sitio m\u00e1s de Universidad de Le\u00f3n","potentialAction":[{"@type":"SearchAction","target":{"@type":"EntryPoint","urlTemplate":"https:\/\/departamentos.unileon.es\/matematicas\/?s={search_term_string}"},"query-input":{"@type":"PropertyValueSpecification","valueRequired":true,"valueName":"search_term_string"}}],"inLanguage":"es"}]}},"_links":{"self":[{"href":"https:\/\/departamentos.unileon.es\/matematicas\/wp-json\/wp\/v2\/pages\/363","targetHints":{"allow":["GET"]}}],"collection":[{"href":"https:\/\/departamentos.unileon.es\/matematicas\/wp-json\/wp\/v2\/pages"}],"about":[{"href":"https:\/\/departamentos.unileon.es\/matematicas\/wp-json\/wp\/v2\/types\/page"}],"author":[{"embeddable":true,"href":"https:\/\/departamentos.unileon.es\/matematicas\/wp-json\/wp\/v2\/users\/166"}],"replies":[{"embeddable":true,"href":"https:\/\/departamentos.unileon.es\/matematicas\/wp-json\/wp\/v2\/comments?post=363"}],"version-history":[{"count":11,"href":"https:\/\/departamentos.unileon.es\/matematicas\/wp-json\/wp\/v2\/pages\/363\/revisions"}],"predecessor-version":[{"id":381,"href":"https:\/\/departamentos.unileon.es\/matematicas\/wp-json\/wp\/v2\/pages\/363\/revisions\/381"}],"wp:attachment":[{"href":"https:\/\/departamentos.unileon.es\/matematicas\/wp-json\/wp\/v2\/media?parent=363"}],"curies":[{"name":"wp","href":"https:\/\/api.w.org\/{rel}","templated":true}]}}