{"id":278,"date":"2017-12-11T10:48:57","date_gmt":"2017-12-11T10:48:57","guid":{"rendered":"http:\/\/departamentos.unileon.es\/matematicas\/?page_id=278"},"modified":"2021-05-27T11:13:00","modified_gmt":"2021-05-27T11:13:00","slug":"aulas-del-departamento","status":"publish","type":"page","link":"https:\/\/departamentos.unileon.es\/matematicas\/aulas-del-departamento\/","title":{"rendered":"Aulas del Departamento"},"content":{"rendered":"<a href=\"http:\/\/departamentos.unileon.es\/matematicas\/files\/2017\/11\/IMG_27112017_122046_HDR.jpg\"><img loading=\"lazy\" decoding=\"async\" class=\"wp-image-238  alignnone\" src=\"http:\/\/departamentos.unileon.es\/matematicas\/files\/2017\/11\/IMG_27112017_122046_HDR-300x225.jpg\" alt=\"\" width=\"401\" height=\"301\" srcset=\"https:\/\/departamentos.unileon.es\/matematicas\/files\/2017\/11\/IMG_27112017_122046_HDR-300x225.jpg 300w, https:\/\/departamentos.unileon.es\/matematicas\/files\/2017\/11\/IMG_27112017_122046_HDR-768x576.jpg 768w, https:\/\/departamentos.unileon.es\/matematicas\/files\/2017\/11\/IMG_27112017_122046_HDR-1024x768.jpg 1024w\" sizes=\"auto, (max-width: 401px) 100vw, 401px\" \/><\/a>\n\n<a href=\"http:\/\/departamentos.unileon.es\/matematicas\/files\/2017\/11\/IMG_27112017_123305_HDR.jpg\"><img loading=\"lazy\" decoding=\"async\" class=\"wp-image-236 alignnone\" src=\"http:\/\/departamentos.unileon.es\/matematicas\/files\/2017\/11\/IMG_27112017_123305_HDR-300x225.jpg\" alt=\"\" width=\"401\" height=\"301\" srcset=\"https:\/\/departamentos.unileon.es\/matematicas\/files\/2017\/11\/IMG_27112017_123305_HDR-300x225.jpg 300w, https:\/\/departamentos.unileon.es\/matematicas\/files\/2017\/11\/IMG_27112017_123305_HDR-768x576.jpg 768w, https:\/\/departamentos.unileon.es\/matematicas\/files\/2017\/11\/IMG_27112017_123305_HDR-1024x768.jpg 1024w\" sizes=\"auto, (max-width: 401px) 100vw, 401px\" \/><\/a>\n\n<a href=\"http:\/\/departamentos.unileon.es\/matematicas\/files\/2017\/11\/IMG_27112017_121744_HDR.jpg\"><img loading=\"lazy\" decoding=\"async\" class=\"alignnone  wp-image-234\" src=\"http:\/\/departamentos.unileon.es\/matematicas\/files\/2017\/11\/IMG_27112017_121744_HDR-300x225.jpg\" alt=\"\" width=\"401\" height=\"301\" srcset=\"https:\/\/departamentos.unileon.es\/matematicas\/files\/2017\/11\/IMG_27112017_121744_HDR-300x225.jpg 300w, https:\/\/departamentos.unileon.es\/matematicas\/files\/2017\/11\/IMG_27112017_121744_HDR-768x576.jpg 768w, https:\/\/departamentos.unileon.es\/matematicas\/files\/2017\/11\/IMG_27112017_121744_HDR-1024x768.jpg 1024w\" sizes=\"auto, (max-width: 401px) 100vw, 401px\" \/><\/a>\n<h2>Actividades en las aulas<\/h2>\n<iframe loading=\"lazy\" style=\"border-width: 0;\" src=\"https:\/\/calendar.google.com\/calendar\/embed?title=Aulas%20G2%20y%20G3&amp;showPrint=0&amp;showTz=0&amp;mode=WEEK&amp;height=400&amp;wkst=2&amp;bgcolor=%23FFFFFF&amp;src=unileon.es_s85l6q2pmit49eqbduph2oikto%40group.calendar.google.com&amp;color=%235229A3&amp;src=unileon.es_e7gm3229gog0ccf9gl4fgv49d4%40group.calendar.google.com&amp;color=%23AB8B00&amp;ctz=Europe%2FMadrid\" width=\"500\" height=\"400\" frameborder=\"0\" scrolling=\"no\">&amp;amp;amp;amp;amp;lt;span data-mce-type=\u00bbbookmark\u00bb style=\u00bbdisplay: inline-block; width: 0px; overflow: hidden; line-height: 0;\u00bb class=\u00bbmce_SELRES_start\u00bb&amp;amp;amp;amp;amp;gt;\ufeff&amp;amp;amp;amp;amp;lt;\/span&amp;amp;amp;amp;amp;gt;<\/iframe>\n\n<iframe loading=\"lazy\" style=\"border-width: 0;\" src=\"https:\/\/calendar.google.com\/calendar\/embed?title=Agenda%20para%20G2%20y%20G3&amp;showPrint=0&amp;showTabs=0&amp;showTz=0&amp;mode=AGENDA&amp;height=400&amp;wkst=1&amp;bgcolor=%23FFFFFF&amp;src=unileon.es_s85l6q2pmit49eqbduph2oikto%40group.calendar.google.com&amp;color=%235229A3&amp;src=unileon.es_e7gm3229gog0ccf9gl4fgv49d4%40group.calendar.google.com&amp;color=%23AB8B00&amp;ctz=Europe%2FMadrid\" width=\"500\" height=\"400\" frameborder=\"0\" scrolling=\"no\"><\/iframe>","protected":false},"excerpt":{"rendered":"<p>Actividades en las aulas &amp;amp;amp;amp;amp;lt;span data-mce-type=\u00bbbookmark\u00bb style=\u00bbdisplay: inline-block; width: 0px; overflow: hidden; line-height: 0;\u00bb class=\u00bbmce_SELRES_start\u00bb&amp;amp;amp;amp;amp;gt;\ufeff&amp;amp;amp;amp;amp;lt;\/span&amp;amp;amp;amp;amp;gt;<\/p>\n","protected":false},"author":157,"featured_media":0,"parent":0,"menu_order":0,"comment_status":"closed","ping_status":"closed","template":"","meta":{"ngg_post_thumbnail":0,"footnotes":""},"class_list":["post-278","page","type-page","status-publish","hentry"],"yoast_head":"<!-- This site is optimized with the Yoast SEO plugin v25.8 - https:\/\/yoast.com\/wordpress\/plugins\/seo\/ -->\n<title>Aulas del Departamento - Departamento de Matem\u00e1ticas<\/title>\n<meta name=\"robots\" content=\"index, follow, max-snippet:-1, max-image-preview:large, max-video-preview:-1\" \/>\n<link rel=\"canonical\" href=\"https:\/\/departamentos.unileon.es\/matematicas\/aulas-del-departamento\/\" \/>\n<meta property=\"og:locale\" content=\"es_ES\" \/>\n<meta property=\"og:type\" content=\"article\" \/>\n<meta property=\"og:title\" content=\"Aulas del Departamento - Departamento de Matem\u00e1ticas\" \/>\n<meta property=\"og:description\" content=\"Actividades en las aulas &amp;amp;amp;amp;amp;lt;span data-mce-type=\u00bbbookmark\u00bb style=\u00bbdisplay: inline-block; width: 0px; overflow: hidden; line-height: 0;\u00bb class=\u00bbmce_SELRES_start\u00bb&amp;amp;amp;amp;amp;gt;\ufeff&amp;amp;amp;amp;amp;lt;\/span&amp;amp;amp;amp;amp;gt;\" \/>\n<meta property=\"og:url\" content=\"https:\/\/departamentos.unileon.es\/matematicas\/aulas-del-departamento\/\" \/>\n<meta property=\"og:site_name\" content=\"Departamento de Matem\u00e1ticas\" \/>\n<meta property=\"article:modified_time\" content=\"2021-05-27T11:13:00+00:00\" \/>\n<meta property=\"og:image\" content=\"https:\/\/departamentos.unileon.es\/matematicas\/files\/2017\/11\/IMG_27112017_122046_HDR-1024x768.jpg\" \/>\n\t<meta property=\"og:image:width\" content=\"1024\" \/>\n\t<meta property=\"og:image:height\" content=\"768\" \/>\n\t<meta property=\"og:image:type\" content=\"image\/jpeg\" \/>\n<meta name=\"twitter:card\" content=\"summary_large_image\" \/>\n<script type=\"application\/ld+json\" class=\"yoast-schema-graph\">{\"@context\":\"https:\/\/schema.org\",\"@graph\":[{\"@type\":\"WebPage\",\"@id\":\"https:\/\/departamentos.unileon.es\/matematicas\/aulas-del-departamento\/\",\"url\":\"https:\/\/departamentos.unileon.es\/matematicas\/aulas-del-departamento\/\",\"name\":\"Aulas del Departamento - Departamento de Matem\u00e1ticas\",\"isPartOf\":{\"@id\":\"https:\/\/departamentos.unileon.es\/matematicas\/#website\"},\"primaryImageOfPage\":{\"@id\":\"https:\/\/departamentos.unileon.es\/matematicas\/aulas-del-departamento\/#primaryimage\"},\"image\":{\"@id\":\"https:\/\/departamentos.unileon.es\/matematicas\/aulas-del-departamento\/#primaryimage\"},\"thumbnailUrl\":\"http:\/\/departamentos.unileon.es\/matematicas\/files\/2017\/11\/IMG_27112017_122046_HDR-300x225.jpg\",\"datePublished\":\"2017-12-11T10:48:57+00:00\",\"dateModified\":\"2021-05-27T11:13:00+00:00\",\"inLanguage\":\"es\",\"potentialAction\":[{\"@type\":\"ReadAction\",\"target\":[\"https:\/\/departamentos.unileon.es\/matematicas\/aulas-del-departamento\/\"]}]},{\"@type\":\"ImageObject\",\"inLanguage\":\"es\",\"@id\":\"https:\/\/departamentos.unileon.es\/matematicas\/aulas-del-departamento\/#primaryimage\",\"url\":\"https:\/\/departamentos.unileon.es\/matematicas\/files\/2017\/11\/IMG_27112017_122046_HDR.jpg\",\"contentUrl\":\"https:\/\/departamentos.unileon.es\/matematicas\/files\/2017\/11\/IMG_27112017_122046_HDR.jpg\",\"width\":4000,\"height\":3000},{\"@type\":\"WebSite\",\"@id\":\"https:\/\/departamentos.unileon.es\/matematicas\/#website\",\"url\":\"https:\/\/departamentos.unileon.es\/matematicas\/\",\"name\":\"Departamento de Matem\u00e1ticas\",\"description\":\"Otro sitio m\u00e1s de Universidad de Le\u00f3n\",\"potentialAction\":[{\"@type\":\"SearchAction\",\"target\":{\"@type\":\"EntryPoint\",\"urlTemplate\":\"https:\/\/departamentos.unileon.es\/matematicas\/?s={search_term_string}\"},\"query-input\":{\"@type\":\"PropertyValueSpecification\",\"valueRequired\":true,\"valueName\":\"search_term_string\"}}],\"inLanguage\":\"es\"}]}<\/script>\n<!-- \/ Yoast SEO plugin. -->","yoast_head_json":{"title":"Aulas del Departamento - Departamento de Matem\u00e1ticas","robots":{"index":"index","follow":"follow","max-snippet":"max-snippet:-1","max-image-preview":"max-image-preview:large","max-video-preview":"max-video-preview:-1"},"canonical":"https:\/\/departamentos.unileon.es\/matematicas\/aulas-del-departamento\/","og_locale":"es_ES","og_type":"article","og_title":"Aulas del Departamento - Departamento de Matem\u00e1ticas","og_description":"Actividades en las aulas &amp;amp;amp;amp;amp;lt;span data-mce-type=\u00bbbookmark\u00bb style=\u00bbdisplay: inline-block; width: 0px; overflow: hidden; line-height: 0;\u00bb class=\u00bbmce_SELRES_start\u00bb&amp;amp;amp;amp;amp;gt;\ufeff&amp;amp;amp;amp;amp;lt;\/span&amp;amp;amp;amp;amp;gt;","og_url":"https:\/\/departamentos.unileon.es\/matematicas\/aulas-del-departamento\/","og_site_name":"Departamento de Matem\u00e1ticas","article_modified_time":"2021-05-27T11:13:00+00:00","og_image":[{"width":1024,"height":768,"url":"https:\/\/departamentos.unileon.es\/matematicas\/files\/2017\/11\/IMG_27112017_122046_HDR-1024x768.jpg","type":"image\/jpeg"}],"twitter_card":"summary_large_image","schema":{"@context":"https:\/\/schema.org","@graph":[{"@type":"WebPage","@id":"https:\/\/departamentos.unileon.es\/matematicas\/aulas-del-departamento\/","url":"https:\/\/departamentos.unileon.es\/matematicas\/aulas-del-departamento\/","name":"Aulas del Departamento - Departamento de Matem\u00e1ticas","isPartOf":{"@id":"https:\/\/departamentos.unileon.es\/matematicas\/#website"},"primaryImageOfPage":{"@id":"https:\/\/departamentos.unileon.es\/matematicas\/aulas-del-departamento\/#primaryimage"},"image":{"@id":"https:\/\/departamentos.unileon.es\/matematicas\/aulas-del-departamento\/#primaryimage"},"thumbnailUrl":"http:\/\/departamentos.unileon.es\/matematicas\/files\/2017\/11\/IMG_27112017_122046_HDR-300x225.jpg","datePublished":"2017-12-11T10:48:57+00:00","dateModified":"2021-05-27T11:13:00+00:00","inLanguage":"es","potentialAction":[{"@type":"ReadAction","target":["https:\/\/departamentos.unileon.es\/matematicas\/aulas-del-departamento\/"]}]},{"@type":"ImageObject","inLanguage":"es","@id":"https:\/\/departamentos.unileon.es\/matematicas\/aulas-del-departamento\/#primaryimage","url":"https:\/\/departamentos.unileon.es\/matematicas\/files\/2017\/11\/IMG_27112017_122046_HDR.jpg","contentUrl":"https:\/\/departamentos.unileon.es\/matematicas\/files\/2017\/11\/IMG_27112017_122046_HDR.jpg","width":4000,"height":3000},{"@type":"WebSite","@id":"https:\/\/departamentos.unileon.es\/matematicas\/#website","url":"https:\/\/departamentos.unileon.es\/matematicas\/","name":"Departamento de Matem\u00e1ticas","description":"Otro sitio m\u00e1s de Universidad de Le\u00f3n","potentialAction":[{"@type":"SearchAction","target":{"@type":"EntryPoint","urlTemplate":"https:\/\/departamentos.unileon.es\/matematicas\/?s={search_term_string}"},"query-input":{"@type":"PropertyValueSpecification","valueRequired":true,"valueName":"search_term_string"}}],"inLanguage":"es"}]}},"_links":{"self":[{"href":"https:\/\/departamentos.unileon.es\/matematicas\/wp-json\/wp\/v2\/pages\/278","targetHints":{"allow":["GET"]}}],"collection":[{"href":"https:\/\/departamentos.unileon.es\/matematicas\/wp-json\/wp\/v2\/pages"}],"about":[{"href":"https:\/\/departamentos.unileon.es\/matematicas\/wp-json\/wp\/v2\/types\/page"}],"author":[{"embeddable":true,"href":"https:\/\/departamentos.unileon.es\/matematicas\/wp-json\/wp\/v2\/users\/157"}],"replies":[{"embeddable":true,"href":"https:\/\/departamentos.unileon.es\/matematicas\/wp-json\/wp\/v2\/comments?post=278"}],"version-history":[{"count":26,"href":"https:\/\/departamentos.unileon.es\/matematicas\/wp-json\/wp\/v2\/pages\/278\/revisions"}],"predecessor-version":[{"id":566,"href":"https:\/\/departamentos.unileon.es\/matematicas\/wp-json\/wp\/v2\/pages\/278\/revisions\/566"}],"wp:attachment":[{"href":"https:\/\/departamentos.unileon.es\/matematicas\/wp-json\/wp\/v2\/media?parent=278"}],"curies":[{"name":"wp","href":"https:\/\/api.w.org\/{rel}","templated":true}]}}