{"id":12,"date":"2010-08-17T10:07:00","date_gmt":"2010-08-17T10:07:00","guid":{"rendered":"http:\/\/departamentos.unileon.es\/matematicas\/"},"modified":"2017-12-11T10:59:17","modified_gmt":"2017-12-11T10:59:17","slug":"centros-de-docencia","status":"publish","type":"page","link":"https:\/\/departamentos.unileon.es\/matematicas\/centros-de-docencia\/","title":{"rendered":"Centros de Docencia"},"content":{"rendered":"<h3>Impartimos clase en:<\/h3>\r\n<ul>\r\n \t<li>ESCUELA DE INGENIERIAS INDUSTRIAL E INFORMATICA<\/li>\r\n \t<li>ESCUELA SUPERIOR Y T\u00c9CNICA DE INGENIERIA AGRARIA<\/li>\r\n \t<li>ESCUELA SUPERIOR Y T\u00c9CNICA DE INGENIEROS DE MINAS<\/li>\r\n \t<li>FACULTAD DE CIENCIAS BIOLOGICAS Y AMBIENTALES<\/li>\r\n \t<li>FACULTAD DE CIENCIAS DEL TRABAJO<\/li>\r\n \t<li>FACULTAD DE CIENCIAS ECONOMICAS Y EMPRESARIALES<\/li>\r\n \t<li>FACULTAD DE EDUCACION<\/li>\r\n \t<li>FACULTAD DE VETERINARIA<\/li>\r\n<\/ul>","protected":false},"excerpt":{"rendered":"<p>Impartimos clase en: ESCUELA DE INGENIERIAS INDUSTRIAL E INFORMATICA ESCUELA SUPERIOR Y T\u00c9CNICA DE INGENIERIA AGRARIA ESCUELA SUPERIOR Y T\u00c9CNICA DE INGENIEROS DE MINAS FACULTAD DE CIENCIAS BIOLOGICAS Y AMBIENTALES FACULTAD DE CIENCIAS DEL TRABAJO FACULTAD DE CIENCIAS ECONOMICAS Y EMPRESARIALES FACULTAD DE EDUCACION FACULTAD DE VETERINARIA<\/p>\n","protected":false},"author":25,"featured_media":0,"parent":0,"menu_order":4,"comment_status":"closed","ping_status":"open","template":"","meta":{"ngg_post_thumbnail":0,"footnotes":""},"class_list":["post-12","page","type-page","status-publish","hentry"],"yoast_head":"<!-- This site is optimized with the Yoast SEO plugin v25.8 - https:\/\/yoast.com\/wordpress\/plugins\/seo\/ -->\n<title>Centros de Docencia - Departamento de Matem\u00e1ticas<\/title>\n<meta name=\"robots\" content=\"index, follow, max-snippet:-1, max-image-preview:large, max-video-preview:-1\" \/>\n<link rel=\"canonical\" href=\"https:\/\/departamentos.unileon.es\/matematicas\/centros-de-docencia\/\" \/>\n<meta property=\"og:locale\" content=\"es_ES\" \/>\n<meta property=\"og:type\" content=\"article\" \/>\n<meta property=\"og:title\" content=\"Centros de Docencia - Departamento de Matem\u00e1ticas\" \/>\n<meta property=\"og:description\" content=\"Impartimos clase en: ESCUELA DE INGENIERIAS INDUSTRIAL E INFORMATICA ESCUELA SUPERIOR Y T\u00c9CNICA DE INGENIERIA AGRARIA ESCUELA SUPERIOR Y T\u00c9CNICA DE INGENIEROS DE MINAS FACULTAD DE CIENCIAS BIOLOGICAS Y AMBIENTALES FACULTAD DE CIENCIAS DEL TRABAJO FACULTAD DE CIENCIAS ECONOMICAS Y EMPRESARIALES FACULTAD DE EDUCACION FACULTAD DE VETERINARIA\" \/>\n<meta property=\"og:url\" content=\"https:\/\/departamentos.unileon.es\/matematicas\/centros-de-docencia\/\" \/>\n<meta property=\"og:site_name\" content=\"Departamento de Matem\u00e1ticas\" \/>\n<meta property=\"article:modified_time\" content=\"2017-12-11T10:59:17+00:00\" \/>\n<meta name=\"twitter:card\" content=\"summary_large_image\" \/>\n<script type=\"application\/ld+json\" class=\"yoast-schema-graph\">{\"@context\":\"https:\/\/schema.org\",\"@graph\":[{\"@type\":\"WebPage\",\"@id\":\"https:\/\/departamentos.unileon.es\/matematicas\/centros-de-docencia\/\",\"url\":\"https:\/\/departamentos.unileon.es\/matematicas\/centros-de-docencia\/\",\"name\":\"Centros de Docencia - Departamento de Matem\u00e1ticas\",\"isPartOf\":{\"@id\":\"https:\/\/departamentos.unileon.es\/matematicas\/#website\"},\"datePublished\":\"2010-08-17T10:07:00+00:00\",\"dateModified\":\"2017-12-11T10:59:17+00:00\",\"inLanguage\":\"es\",\"potentialAction\":[{\"@type\":\"ReadAction\",\"target\":[\"https:\/\/departamentos.unileon.es\/matematicas\/centros-de-docencia\/\"]}]},{\"@type\":\"WebSite\",\"@id\":\"https:\/\/departamentos.unileon.es\/matematicas\/#website\",\"url\":\"https:\/\/departamentos.unileon.es\/matematicas\/\",\"name\":\"Departamento de Matem\u00e1ticas\",\"description\":\"Otro sitio m\u00e1s de Universidad de Le\u00f3n\",\"potentialAction\":[{\"@type\":\"SearchAction\",\"target\":{\"@type\":\"EntryPoint\",\"urlTemplate\":\"https:\/\/departamentos.unileon.es\/matematicas\/?s={search_term_string}\"},\"query-input\":{\"@type\":\"PropertyValueSpecification\",\"valueRequired\":true,\"valueName\":\"search_term_string\"}}],\"inLanguage\":\"es\"}]}<\/script>\n<!-- \/ Yoast SEO plugin. -->","yoast_head_json":{"title":"Centros de Docencia - Departamento de Matem\u00e1ticas","robots":{"index":"index","follow":"follow","max-snippet":"max-snippet:-1","max-image-preview":"max-image-preview:large","max-video-preview":"max-video-preview:-1"},"canonical":"https:\/\/departamentos.unileon.es\/matematicas\/centros-de-docencia\/","og_locale":"es_ES","og_type":"article","og_title":"Centros de Docencia - Departamento de Matem\u00e1ticas","og_description":"Impartimos clase en: ESCUELA DE INGENIERIAS INDUSTRIAL E INFORMATICA ESCUELA SUPERIOR Y T\u00c9CNICA DE INGENIERIA AGRARIA ESCUELA SUPERIOR Y T\u00c9CNICA DE INGENIEROS DE MINAS FACULTAD DE CIENCIAS BIOLOGICAS Y AMBIENTALES FACULTAD DE CIENCIAS DEL TRABAJO FACULTAD DE CIENCIAS ECONOMICAS Y EMPRESARIALES FACULTAD DE EDUCACION FACULTAD DE VETERINARIA","og_url":"https:\/\/departamentos.unileon.es\/matematicas\/centros-de-docencia\/","og_site_name":"Departamento de Matem\u00e1ticas","article_modified_time":"2017-12-11T10:59:17+00:00","twitter_card":"summary_large_image","schema":{"@context":"https:\/\/schema.org","@graph":[{"@type":"WebPage","@id":"https:\/\/departamentos.unileon.es\/matematicas\/centros-de-docencia\/","url":"https:\/\/departamentos.unileon.es\/matematicas\/centros-de-docencia\/","name":"Centros de Docencia - Departamento de Matem\u00e1ticas","isPartOf":{"@id":"https:\/\/departamentos.unileon.es\/matematicas\/#website"},"datePublished":"2010-08-17T10:07:00+00:00","dateModified":"2017-12-11T10:59:17+00:00","inLanguage":"es","potentialAction":[{"@type":"ReadAction","target":["https:\/\/departamentos.unileon.es\/matematicas\/centros-de-docencia\/"]}]},{"@type":"WebSite","@id":"https:\/\/departamentos.unileon.es\/matematicas\/#website","url":"https:\/\/departamentos.unileon.es\/matematicas\/","name":"Departamento de Matem\u00e1ticas","description":"Otro sitio m\u00e1s de Universidad de Le\u00f3n","potentialAction":[{"@type":"SearchAction","target":{"@type":"EntryPoint","urlTemplate":"https:\/\/departamentos.unileon.es\/matematicas\/?s={search_term_string}"},"query-input":{"@type":"PropertyValueSpecification","valueRequired":true,"valueName":"search_term_string"}}],"inLanguage":"es"}]}},"_links":{"self":[{"href":"https:\/\/departamentos.unileon.es\/matematicas\/wp-json\/wp\/v2\/pages\/12","targetHints":{"allow":["GET"]}}],"collection":[{"href":"https:\/\/departamentos.unileon.es\/matematicas\/wp-json\/wp\/v2\/pages"}],"about":[{"href":"https:\/\/departamentos.unileon.es\/matematicas\/wp-json\/wp\/v2\/types\/page"}],"author":[{"embeddable":true,"href":"https:\/\/departamentos.unileon.es\/matematicas\/wp-json\/wp\/v2\/users\/25"}],"replies":[{"embeddable":true,"href":"https:\/\/departamentos.unileon.es\/matematicas\/wp-json\/wp\/v2\/comments?post=12"}],"version-history":[{"count":6,"href":"https:\/\/departamentos.unileon.es\/matematicas\/wp-json\/wp\/v2\/pages\/12\/revisions"}],"predecessor-version":[{"id":290,"href":"https:\/\/departamentos.unileon.es\/matematicas\/wp-json\/wp\/v2\/pages\/12\/revisions\/290"}],"wp:attachment":[{"href":"https:\/\/departamentos.unileon.es\/matematicas\/wp-json\/wp\/v2\/media?parent=12"}],"curies":[{"name":"wp","href":"https:\/\/api.w.org\/{rel}","templated":true}]}}