{"id":6,"date":"2010-08-17T09:52:22","date_gmt":"2010-08-17T09:52:22","guid":{"rendered":"http:\/\/departamentos.unileon.es\/ingenierias-mecanica-informatica-y-aeroespacial\/"},"modified":"2018-12-19T09:30:45","modified_gmt":"2018-12-19T09:30:45","slug":"ubicacion-y-contacto","status":"publish","type":"page","link":"https:\/\/departamentos.unileon.es\/ingenierias-mecanica-informatica-y-aeroespacial\/ubicacion-y-contacto\/","title":{"rendered":"Ubicaci\u00f3n y Contacto"},"content":{"rendered":"<table>\r\n\t<tr>\r\n\t\t<th class=\"alignleft\">P\u00e1gina Web del Departamento<\/th>\r\n\t\t<td><a href=\"http:\/\/departamentos.unileon.es\/ingenierias-mecanica-informatica-y-aeroespacial\/\" class=\"enlace\">http:\/\/departamentos.unileon.es\/ingenierias-mecanica-informatica-y-aeroespacial\/<\/a><\/td>\r\n\t<\/tr>\r\n\t<tr>\r\n\t\t<th class=\"alignleft\">Direcci&oacute;n Postal<\/th>\r\n\t\t<td>Departamento de Ingenier\u00edas Mec\u00e1nica, Inform\u00e1tica y Aeroespacial<br \/>UNIVERSIDAD DE LE&Oacute;N<br \/>\r\n\t\t  Escuela de Ingenier\u00edas Industrial, Inform\u00e1tica y Aeroespacial<br \/>\r\n\t\t  Campus de Vegazana, s\/n<br \/>\r\n\t\t  24071 LE&Oacute;N<\/td>\r\n\t<\/tr>\r\n\t<tr>\r\n\t\t<th class=\"alignleft\">Tel&eacute;fono<\/th>\r\n\t\t<td>987 29 30 64<\/td>\r\n\t<\/tr>\r\n\t<tr>\r\n\t\t<th class=\"alignleft\">FAX<\/th>\r\n\t\t<td>987 29 30 65<\/td>\r\n\t<\/tr>\r\n\t<tr>\r\n\t\t<th class=\"alignleft\">Buz&oacute;n electr&oacute;nico<\/th>\r\n\t\t<td><a href=\"mailto:diiadm@unileon.es\">diiadm@unileon.es<\/a><\/td>\r\n\t<\/tr>\r\n<\/table>","protected":false},"excerpt":{"rendered":"<p>P\u00e1gina Web del Departamento http:\/\/departamentos.unileon.es\/ingenierias-mecanica-informatica-y-aeroespacial\/ Direcci&oacute;n Postal Departamento de Ingenier\u00edas Mec\u00e1nica, Inform\u00e1tica y AeroespacialUNIVERSIDAD DE LE&Oacute;N Escuela de Ingenier\u00edas Industrial, Inform\u00e1tica y Aeroespacial Campus de Vegazana, s\/n 24071 LE&Oacute;N Tel&eacute;fono 987 29 30 64 FAX 987 29 30 65 Buz&oacute;n electr&oacute;nico diiadm@unileon.es<\/p>\n","protected":false},"author":98,"featured_media":0,"parent":0,"menu_order":1,"comment_status":"closed","ping_status":"open","template":"","meta":{"ngg_post_thumbnail":0,"footnotes":""},"class_list":["post-6","page","type-page","status-publish","hentry"],"yoast_head":"<!-- This site is optimized with the Yoast SEO plugin v25.8 - https:\/\/yoast.com\/wordpress\/plugins\/seo\/ -->\n<title>Ubicaci\u00f3n y Contacto - Departamento de Ingenier\u00edas Mec\u00e1nica, Inform\u00e1tica y Aeroespacial<\/title>\n<meta name=\"robots\" content=\"index, follow, max-snippet:-1, max-image-preview:large, max-video-preview:-1\" \/>\n<link rel=\"canonical\" href=\"https:\/\/departamentos.unileon.es\/ingenierias-mecanica-informatica-y-aeroespacial\/ubicacion-y-contacto\/\" \/>\n<meta property=\"og:locale\" content=\"es_ES\" \/>\n<meta property=\"og:type\" content=\"article\" \/>\n<meta property=\"og:title\" content=\"Ubicaci\u00f3n y Contacto - Departamento de Ingenier\u00edas Mec\u00e1nica, Inform\u00e1tica y Aeroespacial\" \/>\n<meta property=\"og:description\" content=\"P\u00e1gina Web del Departamento http:\/\/departamentos.unileon.es\/ingenierias-mecanica-informatica-y-aeroespacial\/ Direcci&oacute;n Postal Departamento de Ingenier\u00edas Mec\u00e1nica, Inform\u00e1tica y AeroespacialUNIVERSIDAD DE LE&Oacute;N Escuela de Ingenier\u00edas Industrial, Inform\u00e1tica y Aeroespacial Campus de Vegazana, s\/n 24071 LE&Oacute;N Tel&eacute;fono 987 29 30 64 FAX 987 29 30 65 Buz&oacute;n electr&oacute;nico diiadm@unileon.es\" \/>\n<meta property=\"og:url\" content=\"https:\/\/departamentos.unileon.es\/ingenierias-mecanica-informatica-y-aeroespacial\/ubicacion-y-contacto\/\" \/>\n<meta property=\"og:site_name\" content=\"Departamento de Ingenier\u00edas Mec\u00e1nica, Inform\u00e1tica y Aeroespacial\" \/>\n<meta property=\"article:modified_time\" content=\"2018-12-19T09:30:45+00:00\" \/>\n<meta name=\"twitter:card\" content=\"summary_large_image\" \/>\n<script type=\"application\/ld+json\" class=\"yoast-schema-graph\">{\"@context\":\"https:\/\/schema.org\",\"@graph\":[{\"@type\":\"WebPage\",\"@id\":\"https:\/\/departamentos.unileon.es\/ingenierias-mecanica-informatica-y-aeroespacial\/ubicacion-y-contacto\/\",\"url\":\"https:\/\/departamentos.unileon.es\/ingenierias-mecanica-informatica-y-aeroespacial\/ubicacion-y-contacto\/\",\"name\":\"Ubicaci\u00f3n y Contacto - Departamento de Ingenier\u00edas Mec\u00e1nica, Inform\u00e1tica y Aeroespacial\",\"isPartOf\":{\"@id\":\"https:\/\/departamentos.unileon.es\/ingenierias-mecanica-informatica-y-aeroespacial\/#website\"},\"datePublished\":\"2010-08-17T09:52:22+00:00\",\"dateModified\":\"2018-12-19T09:30:45+00:00\",\"inLanguage\":\"es\",\"potentialAction\":[{\"@type\":\"ReadAction\",\"target\":[\"https:\/\/departamentos.unileon.es\/ingenierias-mecanica-informatica-y-aeroespacial\/ubicacion-y-contacto\/\"]}]},{\"@type\":\"WebSite\",\"@id\":\"https:\/\/departamentos.unileon.es\/ingenierias-mecanica-informatica-y-aeroespacial\/#website\",\"url\":\"https:\/\/departamentos.unileon.es\/ingenierias-mecanica-informatica-y-aeroespacial\/\",\"name\":\"Departamento de Ingenier\u00edas Mec\u00e1nica, Inform\u00e1tica y Aeroespacial\",\"description\":\"Otro sitio m\u00e1s de Universidad de Le\u00f3n\",\"potentialAction\":[{\"@type\":\"SearchAction\",\"target\":{\"@type\":\"EntryPoint\",\"urlTemplate\":\"https:\/\/departamentos.unileon.es\/ingenierias-mecanica-informatica-y-aeroespacial\/?s={search_term_string}\"},\"query-input\":{\"@type\":\"PropertyValueSpecification\",\"valueRequired\":true,\"valueName\":\"search_term_string\"}}],\"inLanguage\":\"es\"}]}<\/script>\n<!-- \/ Yoast SEO plugin. -->","yoast_head_json":{"title":"Ubicaci\u00f3n y Contacto - Departamento de Ingenier\u00edas Mec\u00e1nica, Inform\u00e1tica y Aeroespacial","robots":{"index":"index","follow":"follow","max-snippet":"max-snippet:-1","max-image-preview":"max-image-preview:large","max-video-preview":"max-video-preview:-1"},"canonical":"https:\/\/departamentos.unileon.es\/ingenierias-mecanica-informatica-y-aeroespacial\/ubicacion-y-contacto\/","og_locale":"es_ES","og_type":"article","og_title":"Ubicaci\u00f3n y Contacto - Departamento de Ingenier\u00edas Mec\u00e1nica, Inform\u00e1tica y Aeroespacial","og_description":"P\u00e1gina Web del Departamento http:\/\/departamentos.unileon.es\/ingenierias-mecanica-informatica-y-aeroespacial\/ Direcci&oacute;n Postal Departamento de Ingenier\u00edas Mec\u00e1nica, Inform\u00e1tica y AeroespacialUNIVERSIDAD DE LE&Oacute;N Escuela de Ingenier\u00edas Industrial, Inform\u00e1tica y Aeroespacial Campus de Vegazana, s\/n 24071 LE&Oacute;N Tel&eacute;fono 987 29 30 64 FAX 987 29 30 65 Buz&oacute;n electr&oacute;nico diiadm@unileon.es","og_url":"https:\/\/departamentos.unileon.es\/ingenierias-mecanica-informatica-y-aeroespacial\/ubicacion-y-contacto\/","og_site_name":"Departamento de Ingenier\u00edas Mec\u00e1nica, Inform\u00e1tica y Aeroespacial","article_modified_time":"2018-12-19T09:30:45+00:00","twitter_card":"summary_large_image","schema":{"@context":"https:\/\/schema.org","@graph":[{"@type":"WebPage","@id":"https:\/\/departamentos.unileon.es\/ingenierias-mecanica-informatica-y-aeroespacial\/ubicacion-y-contacto\/","url":"https:\/\/departamentos.unileon.es\/ingenierias-mecanica-informatica-y-aeroespacial\/ubicacion-y-contacto\/","name":"Ubicaci\u00f3n y Contacto - Departamento de Ingenier\u00edas Mec\u00e1nica, Inform\u00e1tica y Aeroespacial","isPartOf":{"@id":"https:\/\/departamentos.unileon.es\/ingenierias-mecanica-informatica-y-aeroespacial\/#website"},"datePublished":"2010-08-17T09:52:22+00:00","dateModified":"2018-12-19T09:30:45+00:00","inLanguage":"es","potentialAction":[{"@type":"ReadAction","target":["https:\/\/departamentos.unileon.es\/ingenierias-mecanica-informatica-y-aeroespacial\/ubicacion-y-contacto\/"]}]},{"@type":"WebSite","@id":"https:\/\/departamentos.unileon.es\/ingenierias-mecanica-informatica-y-aeroespacial\/#website","url":"https:\/\/departamentos.unileon.es\/ingenierias-mecanica-informatica-y-aeroespacial\/","name":"Departamento de Ingenier\u00edas Mec\u00e1nica, Inform\u00e1tica y Aeroespacial","description":"Otro sitio m\u00e1s de Universidad de Le\u00f3n","potentialAction":[{"@type":"SearchAction","target":{"@type":"EntryPoint","urlTemplate":"https:\/\/departamentos.unileon.es\/ingenierias-mecanica-informatica-y-aeroespacial\/?s={search_term_string}"},"query-input":{"@type":"PropertyValueSpecification","valueRequired":true,"valueName":"search_term_string"}}],"inLanguage":"es"}]}},"_links":{"self":[{"href":"https:\/\/departamentos.unileon.es\/ingenierias-mecanica-informatica-y-aeroespacial\/wp-json\/wp\/v2\/pages\/6","targetHints":{"allow":["GET"]}}],"collection":[{"href":"https:\/\/departamentos.unileon.es\/ingenierias-mecanica-informatica-y-aeroespacial\/wp-json\/wp\/v2\/pages"}],"about":[{"href":"https:\/\/departamentos.unileon.es\/ingenierias-mecanica-informatica-y-aeroespacial\/wp-json\/wp\/v2\/types\/page"}],"author":[{"embeddable":true,"href":"https:\/\/departamentos.unileon.es\/ingenierias-mecanica-informatica-y-aeroespacial\/wp-json\/wp\/v2\/users\/98"}],"replies":[{"embeddable":true,"href":"https:\/\/departamentos.unileon.es\/ingenierias-mecanica-informatica-y-aeroespacial\/wp-json\/wp\/v2\/comments?post=6"}],"version-history":[{"count":6,"href":"https:\/\/departamentos.unileon.es\/ingenierias-mecanica-informatica-y-aeroespacial\/wp-json\/wp\/v2\/pages\/6\/revisions"}],"predecessor-version":[{"id":92,"href":"https:\/\/departamentos.unileon.es\/ingenierias-mecanica-informatica-y-aeroespacial\/wp-json\/wp\/v2\/pages\/6\/revisions\/92"}],"wp:attachment":[{"href":"https:\/\/departamentos.unileon.es\/ingenierias-mecanica-informatica-y-aeroespacial\/wp-json\/wp\/v2\/media?parent=6"}],"curies":[{"name":"wp","href":"https:\/\/api.w.org\/{rel}","templated":true}]}}