{"id":2,"date":"2010-07-02T07:59:36","date_gmt":"2010-07-02T07:59:36","guid":{"rendered":"http:\/\/departamentos.unileon.es\/ingenierias-mecanica-informatica-y-aeroespacial\/?page_id=2"},"modified":"2025-10-21T11:40:36","modified_gmt":"2025-10-21T11:40:36","slug":"organos-directivos","status":"publish","type":"page","link":"https:\/\/departamentos.unileon.es\/ingenierias-mecanica-informatica-y-aeroespacial\/organos-directivos\/","title":{"rendered":"\u00d3rganos Directivos"},"content":{"rendered":"<table>\n<tbody>\n<tr>\n<th class=\"alignleft\">Director de Departamento<\/th>\n<td><strong><a href=\"http:\/\/www.unileon.es\/directorio-y-telefonos?usuario=mcasl\" target=\"_blank\" rel=\"noopener noreferrer\">D. Manuel Castej\u00f3n Limas<\/a><\/strong><\/td>\n<td>Tel\u00e9fono: 3096<\/td>\n<\/tr>\n<tr>\n<th class=\"alignleft\">Subdirector de Departamento<\/th>\n<td><strong><a href=\"http:\/\/www.unileon.es\/directorio-y-telefonos?usuario=prodm\" target=\"_blank\" rel=\"noopener noreferrer\">D. Pablo Rodr\u00edguez Mateos<\/a><\/strong><\/td>\n<td>Tel\u00e9fono: 5433<\/td>\n<\/tr>\n<tr>\n<th class=\"alignleft\">Secretario de Departamento<\/th>\n<td><strong><a href=\"http:\/\/www.unileon.es\/directorio-y-telefonos?usuario=dlopr\" target=\"_blank\" rel=\"noopener noreferrer\">D. Deibi L\u00f3pez Rodr\u00edguez<\/a><\/strong><\/td>\n<td>Tel\u00e9fono: 3516<\/td>\n<\/tr>\n<\/tbody>\n<\/table>\n&nbsp;","protected":false},"excerpt":{"rendered":"<p>Director de Departamento D. Manuel Castej\u00f3n Limas Tel\u00e9fono: 3096 Subdirector de Departamento D. Pablo Rodr\u00edguez Mateos Tel\u00e9fono: 5433 Secretario de Departamento D. Deibi L\u00f3pez Rodr\u00edguez Tel\u00e9fono: 3516 &nbsp;<\/p>\n","protected":false},"author":98,"featured_media":0,"parent":0,"menu_order":0,"comment_status":"closed","ping_status":"open","template":"","meta":{"ngg_post_thumbnail":0,"footnotes":""},"class_list":["post-2","page","type-page","status-publish","hentry"],"yoast_head":"<!-- This site is optimized with the Yoast SEO plugin v25.8 - https:\/\/yoast.com\/wordpress\/plugins\/seo\/ -->\n<title>\u00d3rganos Directivos - Departamento de Ingenier\u00edas Mec\u00e1nica, Inform\u00e1tica y Aeroespacial<\/title>\n<meta name=\"robots\" content=\"index, follow, max-snippet:-1, max-image-preview:large, max-video-preview:-1\" \/>\n<link rel=\"canonical\" href=\"https:\/\/departamentos.unileon.es\/ingenierias-mecanica-informatica-y-aeroespacial\/organos-directivos\/\" \/>\n<meta property=\"og:locale\" content=\"es_ES\" \/>\n<meta property=\"og:type\" content=\"article\" \/>\n<meta property=\"og:title\" content=\"\u00d3rganos Directivos - Departamento de Ingenier\u00edas Mec\u00e1nica, Inform\u00e1tica y Aeroespacial\" \/>\n<meta property=\"og:description\" content=\"Director de Departamento D. Manuel Castej\u00f3n Limas Tel\u00e9fono: 3096 Subdirector de Departamento D. Pablo Rodr\u00edguez Mateos Tel\u00e9fono: 5433 Secretario de Departamento D. Deibi L\u00f3pez Rodr\u00edguez Tel\u00e9fono: 3516 &nbsp;\" \/>\n<meta property=\"og:url\" content=\"https:\/\/departamentos.unileon.es\/ingenierias-mecanica-informatica-y-aeroespacial\/organos-directivos\/\" \/>\n<meta property=\"og:site_name\" content=\"Departamento de Ingenier\u00edas Mec\u00e1nica, Inform\u00e1tica y Aeroespacial\" \/>\n<meta property=\"article:modified_time\" content=\"2025-10-21T11:40:36+00:00\" \/>\n<meta name=\"twitter:card\" content=\"summary_large_image\" \/>\n<meta name=\"twitter:label1\" content=\"Tiempo de lectura\" \/>\n\t<meta name=\"twitter:data1\" content=\"1 minuto\" \/>\n<script type=\"application\/ld+json\" class=\"yoast-schema-graph\">{\"@context\":\"https:\/\/schema.org\",\"@graph\":[{\"@type\":\"WebPage\",\"@id\":\"https:\/\/departamentos.unileon.es\/ingenierias-mecanica-informatica-y-aeroespacial\/organos-directivos\/\",\"url\":\"https:\/\/departamentos.unileon.es\/ingenierias-mecanica-informatica-y-aeroespacial\/organos-directivos\/\",\"name\":\"\u00d3rganos Directivos - Departamento de Ingenier\u00edas Mec\u00e1nica, Inform\u00e1tica y Aeroespacial\",\"isPartOf\":{\"@id\":\"https:\/\/departamentos.unileon.es\/ingenierias-mecanica-informatica-y-aeroespacial\/#website\"},\"datePublished\":\"2010-07-02T07:59:36+00:00\",\"dateModified\":\"2025-10-21T11:40:36+00:00\",\"inLanguage\":\"es\",\"potentialAction\":[{\"@type\":\"ReadAction\",\"target\":[\"https:\/\/departamentos.unileon.es\/ingenierias-mecanica-informatica-y-aeroespacial\/organos-directivos\/\"]}]},{\"@type\":\"WebSite\",\"@id\":\"https:\/\/departamentos.unileon.es\/ingenierias-mecanica-informatica-y-aeroespacial\/#website\",\"url\":\"https:\/\/departamentos.unileon.es\/ingenierias-mecanica-informatica-y-aeroespacial\/\",\"name\":\"Departamento de Ingenier\u00edas Mec\u00e1nica, Inform\u00e1tica y Aeroespacial\",\"description\":\"Otro sitio m\u00e1s de Universidad de Le\u00f3n\",\"potentialAction\":[{\"@type\":\"SearchAction\",\"target\":{\"@type\":\"EntryPoint\",\"urlTemplate\":\"https:\/\/departamentos.unileon.es\/ingenierias-mecanica-informatica-y-aeroespacial\/?s={search_term_string}\"},\"query-input\":{\"@type\":\"PropertyValueSpecification\",\"valueRequired\":true,\"valueName\":\"search_term_string\"}}],\"inLanguage\":\"es\"}]}<\/script>\n<!-- \/ Yoast SEO plugin. -->","yoast_head_json":{"title":"\u00d3rganos Directivos - Departamento de Ingenier\u00edas Mec\u00e1nica, Inform\u00e1tica y Aeroespacial","robots":{"index":"index","follow":"follow","max-snippet":"max-snippet:-1","max-image-preview":"max-image-preview:large","max-video-preview":"max-video-preview:-1"},"canonical":"https:\/\/departamentos.unileon.es\/ingenierias-mecanica-informatica-y-aeroespacial\/organos-directivos\/","og_locale":"es_ES","og_type":"article","og_title":"\u00d3rganos Directivos - Departamento de Ingenier\u00edas Mec\u00e1nica, Inform\u00e1tica y Aeroespacial","og_description":"Director de Departamento D. Manuel Castej\u00f3n Limas Tel\u00e9fono: 3096 Subdirector de Departamento D. Pablo Rodr\u00edguez Mateos Tel\u00e9fono: 5433 Secretario de Departamento D. Deibi L\u00f3pez Rodr\u00edguez Tel\u00e9fono: 3516 &nbsp;","og_url":"https:\/\/departamentos.unileon.es\/ingenierias-mecanica-informatica-y-aeroespacial\/organos-directivos\/","og_site_name":"Departamento de Ingenier\u00edas Mec\u00e1nica, Inform\u00e1tica y Aeroespacial","article_modified_time":"2025-10-21T11:40:36+00:00","twitter_card":"summary_large_image","twitter_misc":{"Tiempo de lectura":"1 minuto"},"schema":{"@context":"https:\/\/schema.org","@graph":[{"@type":"WebPage","@id":"https:\/\/departamentos.unileon.es\/ingenierias-mecanica-informatica-y-aeroespacial\/organos-directivos\/","url":"https:\/\/departamentos.unileon.es\/ingenierias-mecanica-informatica-y-aeroespacial\/organos-directivos\/","name":"\u00d3rganos Directivos - Departamento de Ingenier\u00edas Mec\u00e1nica, Inform\u00e1tica y Aeroespacial","isPartOf":{"@id":"https:\/\/departamentos.unileon.es\/ingenierias-mecanica-informatica-y-aeroespacial\/#website"},"datePublished":"2010-07-02T07:59:36+00:00","dateModified":"2025-10-21T11:40:36+00:00","inLanguage":"es","potentialAction":[{"@type":"ReadAction","target":["https:\/\/departamentos.unileon.es\/ingenierias-mecanica-informatica-y-aeroespacial\/organos-directivos\/"]}]},{"@type":"WebSite","@id":"https:\/\/departamentos.unileon.es\/ingenierias-mecanica-informatica-y-aeroespacial\/#website","url":"https:\/\/departamentos.unileon.es\/ingenierias-mecanica-informatica-y-aeroespacial\/","name":"Departamento de Ingenier\u00edas Mec\u00e1nica, Inform\u00e1tica y Aeroespacial","description":"Otro sitio m\u00e1s de Universidad de Le\u00f3n","potentialAction":[{"@type":"SearchAction","target":{"@type":"EntryPoint","urlTemplate":"https:\/\/departamentos.unileon.es\/ingenierias-mecanica-informatica-y-aeroespacial\/?s={search_term_string}"},"query-input":{"@type":"PropertyValueSpecification","valueRequired":true,"valueName":"search_term_string"}}],"inLanguage":"es"}]}},"_links":{"self":[{"href":"https:\/\/departamentos.unileon.es\/ingenierias-mecanica-informatica-y-aeroespacial\/wp-json\/wp\/v2\/pages\/2","targetHints":{"allow":["GET"]}}],"collection":[{"href":"https:\/\/departamentos.unileon.es\/ingenierias-mecanica-informatica-y-aeroespacial\/wp-json\/wp\/v2\/pages"}],"about":[{"href":"https:\/\/departamentos.unileon.es\/ingenierias-mecanica-informatica-y-aeroespacial\/wp-json\/wp\/v2\/types\/page"}],"author":[{"embeddable":true,"href":"https:\/\/departamentos.unileon.es\/ingenierias-mecanica-informatica-y-aeroespacial\/wp-json\/wp\/v2\/users\/98"}],"replies":[{"embeddable":true,"href":"https:\/\/departamentos.unileon.es\/ingenierias-mecanica-informatica-y-aeroespacial\/wp-json\/wp\/v2\/comments?post=2"}],"version-history":[{"count":20,"href":"https:\/\/departamentos.unileon.es\/ingenierias-mecanica-informatica-y-aeroespacial\/wp-json\/wp\/v2\/pages\/2\/revisions"}],"predecessor-version":[{"id":118,"href":"https:\/\/departamentos.unileon.es\/ingenierias-mecanica-informatica-y-aeroespacial\/wp-json\/wp\/v2\/pages\/2\/revisions\/118"}],"wp:attachment":[{"href":"https:\/\/departamentos.unileon.es\/ingenierias-mecanica-informatica-y-aeroespacial\/wp-json\/wp\/v2\/media?parent=2"}],"curies":[{"name":"wp","href":"https:\/\/api.w.org\/{rel}","templated":true}]}}