{"id":14,"date":"2010-08-17T09:59:38","date_gmt":"2010-08-17T09:59:38","guid":{"rendered":"http:\/\/departamentos.unileon.es\/ingenierias-mecanica-informatica-y-aeroespacial\/"},"modified":"2018-12-19T09:31:07","modified_gmt":"2018-12-19T09:31:07","slug":"centros-de-docencia","status":"publish","type":"page","link":"https:\/\/departamentos.unileon.es\/ingenierias-mecanica-informatica-y-aeroespacial\/centros-de-docencia\/","title":{"rendered":"Centros de Docencia"},"content":{"rendered":"<ul>\r\n\t<li>FACULTAD DE CIENCIAS BIOLOGICAS Y AMBIENTALES<\/li>\r\n\t<li>FACULTAD DE DERECHO<\/li>\r\n\t<li>FACULTAD DE FILOSOFIA Y LETRAS<\/li>\r\n\t<li>FACULTAD DE CIENCIAS ECONOMICAS Y EMPRESARIALES<\/li>\r\n\t<li>ESCUELA DE INGENIER\u00cdAS INDUSTRIAL, INFORM\u00c1TICA Y AEROESPACIAL<\/li>\r\n\t<li>ESCUELA SUPERIOR Y T\u00c9CNICA DE INGENIEROS DE MINAS<\/li>\r\n\t<li>ESCUELA SUPERIOR Y T\u00c9CNICA DE INGENIERIA AGRARIA<\/li>\r\n\t<li>FACULTAD DE EDUCACION<\/li>\r\n<\/ul>","protected":false},"excerpt":{"rendered":"<p>FACULTAD DE CIENCIAS BIOLOGICAS Y AMBIENTALES FACULTAD DE DERECHO FACULTAD DE FILOSOFIA Y LETRAS FACULTAD DE CIENCIAS ECONOMICAS Y EMPRESARIALES ESCUELA DE INGENIER\u00cdAS INDUSTRIAL, INFORM\u00c1TICA Y AEROESPACIAL ESCUELA SUPERIOR Y T\u00c9CNICA DE INGENIEROS DE MINAS ESCUELA SUPERIOR Y T\u00c9CNICA DE INGENIERIA AGRARIA FACULTAD DE EDUCACION<\/p>\n","protected":false},"author":98,"featured_media":0,"parent":0,"menu_order":4,"comment_status":"closed","ping_status":"closed","template":"","meta":{"ngg_post_thumbnail":0,"footnotes":""},"class_list":["post-14","page","type-page","status-publish","hentry"],"yoast_head":"<!-- This site is optimized with the Yoast SEO plugin v25.8 - https:\/\/yoast.com\/wordpress\/plugins\/seo\/ -->\n<title>Centros de Docencia - Departamento de Ingenier\u00edas Mec\u00e1nica, Inform\u00e1tica y Aeroespacial<\/title>\n<meta name=\"robots\" content=\"index, follow, max-snippet:-1, max-image-preview:large, max-video-preview:-1\" \/>\n<link rel=\"canonical\" href=\"https:\/\/departamentos.unileon.es\/ingenierias-mecanica-informatica-y-aeroespacial\/centros-de-docencia\/\" \/>\n<meta property=\"og:locale\" content=\"es_ES\" \/>\n<meta property=\"og:type\" content=\"article\" \/>\n<meta property=\"og:title\" content=\"Centros de Docencia - Departamento de Ingenier\u00edas Mec\u00e1nica, Inform\u00e1tica y Aeroespacial\" \/>\n<meta property=\"og:description\" content=\"FACULTAD DE CIENCIAS BIOLOGICAS Y AMBIENTALES FACULTAD DE DERECHO FACULTAD DE FILOSOFIA Y LETRAS FACULTAD DE CIENCIAS ECONOMICAS Y EMPRESARIALES ESCUELA DE INGENIER\u00cdAS INDUSTRIAL, INFORM\u00c1TICA Y AEROESPACIAL ESCUELA SUPERIOR Y T\u00c9CNICA DE INGENIEROS DE MINAS ESCUELA SUPERIOR Y T\u00c9CNICA DE INGENIERIA AGRARIA FACULTAD DE EDUCACION\" \/>\n<meta property=\"og:url\" content=\"https:\/\/departamentos.unileon.es\/ingenierias-mecanica-informatica-y-aeroespacial\/centros-de-docencia\/\" \/>\n<meta property=\"og:site_name\" content=\"Departamento de Ingenier\u00edas Mec\u00e1nica, Inform\u00e1tica y Aeroespacial\" \/>\n<meta property=\"article:modified_time\" content=\"2018-12-19T09:31:07+00:00\" \/>\n<meta name=\"twitter:card\" content=\"summary_large_image\" \/>\n<script type=\"application\/ld+json\" class=\"yoast-schema-graph\">{\"@context\":\"https:\/\/schema.org\",\"@graph\":[{\"@type\":\"WebPage\",\"@id\":\"https:\/\/departamentos.unileon.es\/ingenierias-mecanica-informatica-y-aeroespacial\/centros-de-docencia\/\",\"url\":\"https:\/\/departamentos.unileon.es\/ingenierias-mecanica-informatica-y-aeroespacial\/centros-de-docencia\/\",\"name\":\"Centros de Docencia - Departamento de Ingenier\u00edas Mec\u00e1nica, Inform\u00e1tica y Aeroespacial\",\"isPartOf\":{\"@id\":\"https:\/\/departamentos.unileon.es\/ingenierias-mecanica-informatica-y-aeroespacial\/#website\"},\"datePublished\":\"2010-08-17T09:59:38+00:00\",\"dateModified\":\"2018-12-19T09:31:07+00:00\",\"inLanguage\":\"es\",\"potentialAction\":[{\"@type\":\"ReadAction\",\"target\":[\"https:\/\/departamentos.unileon.es\/ingenierias-mecanica-informatica-y-aeroespacial\/centros-de-docencia\/\"]}]},{\"@type\":\"WebSite\",\"@id\":\"https:\/\/departamentos.unileon.es\/ingenierias-mecanica-informatica-y-aeroespacial\/#website\",\"url\":\"https:\/\/departamentos.unileon.es\/ingenierias-mecanica-informatica-y-aeroespacial\/\",\"name\":\"Departamento de Ingenier\u00edas Mec\u00e1nica, Inform\u00e1tica y Aeroespacial\",\"description\":\"Otro sitio m\u00e1s de Universidad de Le\u00f3n\",\"potentialAction\":[{\"@type\":\"SearchAction\",\"target\":{\"@type\":\"EntryPoint\",\"urlTemplate\":\"https:\/\/departamentos.unileon.es\/ingenierias-mecanica-informatica-y-aeroespacial\/?s={search_term_string}\"},\"query-input\":{\"@type\":\"PropertyValueSpecification\",\"valueRequired\":true,\"valueName\":\"search_term_string\"}}],\"inLanguage\":\"es\"}]}<\/script>\n<!-- \/ Yoast SEO plugin. -->","yoast_head_json":{"title":"Centros de Docencia - Departamento de Ingenier\u00edas Mec\u00e1nica, Inform\u00e1tica y Aeroespacial","robots":{"index":"index","follow":"follow","max-snippet":"max-snippet:-1","max-image-preview":"max-image-preview:large","max-video-preview":"max-video-preview:-1"},"canonical":"https:\/\/departamentos.unileon.es\/ingenierias-mecanica-informatica-y-aeroespacial\/centros-de-docencia\/","og_locale":"es_ES","og_type":"article","og_title":"Centros de Docencia - Departamento de Ingenier\u00edas Mec\u00e1nica, Inform\u00e1tica y Aeroespacial","og_description":"FACULTAD DE CIENCIAS BIOLOGICAS Y AMBIENTALES FACULTAD DE DERECHO FACULTAD DE FILOSOFIA Y LETRAS FACULTAD DE CIENCIAS ECONOMICAS Y EMPRESARIALES ESCUELA DE INGENIER\u00cdAS INDUSTRIAL, INFORM\u00c1TICA Y AEROESPACIAL ESCUELA SUPERIOR Y T\u00c9CNICA DE INGENIEROS DE MINAS ESCUELA SUPERIOR Y T\u00c9CNICA DE INGENIERIA AGRARIA FACULTAD DE EDUCACION","og_url":"https:\/\/departamentos.unileon.es\/ingenierias-mecanica-informatica-y-aeroespacial\/centros-de-docencia\/","og_site_name":"Departamento de Ingenier\u00edas Mec\u00e1nica, Inform\u00e1tica y Aeroespacial","article_modified_time":"2018-12-19T09:31:07+00:00","twitter_card":"summary_large_image","schema":{"@context":"https:\/\/schema.org","@graph":[{"@type":"WebPage","@id":"https:\/\/departamentos.unileon.es\/ingenierias-mecanica-informatica-y-aeroespacial\/centros-de-docencia\/","url":"https:\/\/departamentos.unileon.es\/ingenierias-mecanica-informatica-y-aeroespacial\/centros-de-docencia\/","name":"Centros de Docencia - Departamento de Ingenier\u00edas Mec\u00e1nica, Inform\u00e1tica y Aeroespacial","isPartOf":{"@id":"https:\/\/departamentos.unileon.es\/ingenierias-mecanica-informatica-y-aeroespacial\/#website"},"datePublished":"2010-08-17T09:59:38+00:00","dateModified":"2018-12-19T09:31:07+00:00","inLanguage":"es","potentialAction":[{"@type":"ReadAction","target":["https:\/\/departamentos.unileon.es\/ingenierias-mecanica-informatica-y-aeroespacial\/centros-de-docencia\/"]}]},{"@type":"WebSite","@id":"https:\/\/departamentos.unileon.es\/ingenierias-mecanica-informatica-y-aeroespacial\/#website","url":"https:\/\/departamentos.unileon.es\/ingenierias-mecanica-informatica-y-aeroespacial\/","name":"Departamento de Ingenier\u00edas Mec\u00e1nica, Inform\u00e1tica y Aeroespacial","description":"Otro sitio m\u00e1s de Universidad de Le\u00f3n","potentialAction":[{"@type":"SearchAction","target":{"@type":"EntryPoint","urlTemplate":"https:\/\/departamentos.unileon.es\/ingenierias-mecanica-informatica-y-aeroespacial\/?s={search_term_string}"},"query-input":{"@type":"PropertyValueSpecification","valueRequired":true,"valueName":"search_term_string"}}],"inLanguage":"es"}]}},"_links":{"self":[{"href":"https:\/\/departamentos.unileon.es\/ingenierias-mecanica-informatica-y-aeroespacial\/wp-json\/wp\/v2\/pages\/14","targetHints":{"allow":["GET"]}}],"collection":[{"href":"https:\/\/departamentos.unileon.es\/ingenierias-mecanica-informatica-y-aeroespacial\/wp-json\/wp\/v2\/pages"}],"about":[{"href":"https:\/\/departamentos.unileon.es\/ingenierias-mecanica-informatica-y-aeroespacial\/wp-json\/wp\/v2\/types\/page"}],"author":[{"embeddable":true,"href":"https:\/\/departamentos.unileon.es\/ingenierias-mecanica-informatica-y-aeroespacial\/wp-json\/wp\/v2\/users\/98"}],"replies":[{"embeddable":true,"href":"https:\/\/departamentos.unileon.es\/ingenierias-mecanica-informatica-y-aeroespacial\/wp-json\/wp\/v2\/comments?post=14"}],"version-history":[{"count":6,"href":"https:\/\/departamentos.unileon.es\/ingenierias-mecanica-informatica-y-aeroespacial\/wp-json\/wp\/v2\/pages\/14\/revisions"}],"predecessor-version":[{"id":93,"href":"https:\/\/departamentos.unileon.es\/ingenierias-mecanica-informatica-y-aeroespacial\/wp-json\/wp\/v2\/pages\/14\/revisions\/93"}],"wp:attachment":[{"href":"https:\/\/departamentos.unileon.es\/ingenierias-mecanica-informatica-y-aeroespacial\/wp-json\/wp\/v2\/media?parent=14"}],"curies":[{"name":"wp","href":"https:\/\/api.w.org\/{rel}","templated":true}]}}