{"id":10,"date":"2010-08-17T09:30:14","date_gmt":"2010-08-17T09:30:14","guid":{"rendered":"http:\/\/departamentos.unileon.es\/ingenieria-electrica-y-de-sistemas-y-de-automatica\/"},"modified":"2012-02-15T07:45:13","modified_gmt":"2012-02-15T07:45:13","slug":"areas","status":"publish","type":"page","link":"https:\/\/departamentos.unileon.es\/ingenieria-electrica-y-de-sistemas-y-automatica\/areas\/","title":{"rendered":"\u00c1reas"},"content":{"rendered":"<ul>\r\n\t<li>Ingenier\u00eda de Sistemas y Autom\u00e1tica<\/li>\r\n\t<li>Ingenier\u00eda El\u00e9ctrica<\/li>\r\n<\/ul>","protected":false},"excerpt":{"rendered":"<p>Ingenier\u00eda de Sistemas y Autom\u00e1tica Ingenier\u00eda El\u00e9ctrica<\/p>\n","protected":false},"author":22,"featured_media":0,"parent":0,"menu_order":3,"comment_status":"closed","ping_status":"open","template":"","meta":{"ngg_post_thumbnail":0,"footnotes":""},"class_list":["post-10","page","type-page","status-publish","hentry"],"yoast_head":"<!-- This site is optimized with the Yoast SEO plugin v25.8 - https:\/\/yoast.com\/wordpress\/plugins\/seo\/ -->\n<title>\u00c1reas - Departamento de Ingenier\u00eda El\u00e9ctrica y de Sistemas y Autom\u00e1tica<\/title>\n<meta name=\"robots\" content=\"index, follow, max-snippet:-1, max-image-preview:large, max-video-preview:-1\" \/>\n<link rel=\"canonical\" href=\"https:\/\/departamentos.unileon.es\/ingenieria-electrica-y-de-sistemas-y-automatica\/areas\/\" \/>\n<meta property=\"og:locale\" content=\"es_ES\" \/>\n<meta property=\"og:type\" content=\"article\" \/>\n<meta property=\"og:title\" content=\"\u00c1reas - Departamento de Ingenier\u00eda El\u00e9ctrica y de Sistemas y Autom\u00e1tica\" \/>\n<meta property=\"og:description\" content=\"Ingenier\u00eda de Sistemas y Autom\u00e1tica Ingenier\u00eda El\u00e9ctrica\" \/>\n<meta property=\"og:url\" content=\"https:\/\/departamentos.unileon.es\/ingenieria-electrica-y-de-sistemas-y-automatica\/areas\/\" \/>\n<meta property=\"og:site_name\" content=\"Departamento de Ingenier\u00eda El\u00e9ctrica y de Sistemas y Autom\u00e1tica\" \/>\n<meta property=\"article:modified_time\" content=\"2012-02-15T07:45:13+00:00\" \/>\n<meta name=\"twitter:card\" content=\"summary_large_image\" \/>\n<script type=\"application\/ld+json\" class=\"yoast-schema-graph\">{\"@context\":\"https:\/\/schema.org\",\"@graph\":[{\"@type\":\"WebPage\",\"@id\":\"https:\/\/departamentos.unileon.es\/ingenieria-electrica-y-de-sistemas-y-automatica\/areas\/\",\"url\":\"https:\/\/departamentos.unileon.es\/ingenieria-electrica-y-de-sistemas-y-automatica\/areas\/\",\"name\":\"\u00c1reas - Departamento de Ingenier\u00eda El\u00e9ctrica y de Sistemas y Autom\u00e1tica\",\"isPartOf\":{\"@id\":\"https:\/\/departamentos.unileon.es\/ingenieria-electrica-y-de-sistemas-y-automatica\/#website\"},\"datePublished\":\"2010-08-17T09:30:14+00:00\",\"dateModified\":\"2012-02-15T07:45:13+00:00\",\"inLanguage\":\"es\",\"potentialAction\":[{\"@type\":\"ReadAction\",\"target\":[\"https:\/\/departamentos.unileon.es\/ingenieria-electrica-y-de-sistemas-y-automatica\/areas\/\"]}]},{\"@type\":\"WebSite\",\"@id\":\"https:\/\/departamentos.unileon.es\/ingenieria-electrica-y-de-sistemas-y-automatica\/#website\",\"url\":\"https:\/\/departamentos.unileon.es\/ingenieria-electrica-y-de-sistemas-y-automatica\/\",\"name\":\"Departamento de Ingenier\u00eda El\u00e9ctrica y de Sistemas y Autom\u00e1tica\",\"description\":\"Otro sitio m\u00e1s de Universidad de Le\u00f3n\",\"potentialAction\":[{\"@type\":\"SearchAction\",\"target\":{\"@type\":\"EntryPoint\",\"urlTemplate\":\"https:\/\/departamentos.unileon.es\/ingenieria-electrica-y-de-sistemas-y-automatica\/?s={search_term_string}\"},\"query-input\":{\"@type\":\"PropertyValueSpecification\",\"valueRequired\":true,\"valueName\":\"search_term_string\"}}],\"inLanguage\":\"es\"}]}<\/script>\n<!-- \/ Yoast SEO plugin. -->","yoast_head_json":{"title":"\u00c1reas - Departamento de Ingenier\u00eda El\u00e9ctrica y de Sistemas y Autom\u00e1tica","robots":{"index":"index","follow":"follow","max-snippet":"max-snippet:-1","max-image-preview":"max-image-preview:large","max-video-preview":"max-video-preview:-1"},"canonical":"https:\/\/departamentos.unileon.es\/ingenieria-electrica-y-de-sistemas-y-automatica\/areas\/","og_locale":"es_ES","og_type":"article","og_title":"\u00c1reas - Departamento de Ingenier\u00eda El\u00e9ctrica y de Sistemas y Autom\u00e1tica","og_description":"Ingenier\u00eda de Sistemas y Autom\u00e1tica Ingenier\u00eda El\u00e9ctrica","og_url":"https:\/\/departamentos.unileon.es\/ingenieria-electrica-y-de-sistemas-y-automatica\/areas\/","og_site_name":"Departamento de Ingenier\u00eda El\u00e9ctrica y de Sistemas y Autom\u00e1tica","article_modified_time":"2012-02-15T07:45:13+00:00","twitter_card":"summary_large_image","schema":{"@context":"https:\/\/schema.org","@graph":[{"@type":"WebPage","@id":"https:\/\/departamentos.unileon.es\/ingenieria-electrica-y-de-sistemas-y-automatica\/areas\/","url":"https:\/\/departamentos.unileon.es\/ingenieria-electrica-y-de-sistemas-y-automatica\/areas\/","name":"\u00c1reas - Departamento de Ingenier\u00eda El\u00e9ctrica y de Sistemas y Autom\u00e1tica","isPartOf":{"@id":"https:\/\/departamentos.unileon.es\/ingenieria-electrica-y-de-sistemas-y-automatica\/#website"},"datePublished":"2010-08-17T09:30:14+00:00","dateModified":"2012-02-15T07:45:13+00:00","inLanguage":"es","potentialAction":[{"@type":"ReadAction","target":["https:\/\/departamentos.unileon.es\/ingenieria-electrica-y-de-sistemas-y-automatica\/areas\/"]}]},{"@type":"WebSite","@id":"https:\/\/departamentos.unileon.es\/ingenieria-electrica-y-de-sistemas-y-automatica\/#website","url":"https:\/\/departamentos.unileon.es\/ingenieria-electrica-y-de-sistemas-y-automatica\/","name":"Departamento de Ingenier\u00eda El\u00e9ctrica y de Sistemas y Autom\u00e1tica","description":"Otro sitio m\u00e1s de Universidad de Le\u00f3n","potentialAction":[{"@type":"SearchAction","target":{"@type":"EntryPoint","urlTemplate":"https:\/\/departamentos.unileon.es\/ingenieria-electrica-y-de-sistemas-y-automatica\/?s={search_term_string}"},"query-input":{"@type":"PropertyValueSpecification","valueRequired":true,"valueName":"search_term_string"}}],"inLanguage":"es"}]}},"_links":{"self":[{"href":"https:\/\/departamentos.unileon.es\/ingenieria-electrica-y-de-sistemas-y-automatica\/wp-json\/wp\/v2\/pages\/10","targetHints":{"allow":["GET"]}}],"collection":[{"href":"https:\/\/departamentos.unileon.es\/ingenieria-electrica-y-de-sistemas-y-automatica\/wp-json\/wp\/v2\/pages"}],"about":[{"href":"https:\/\/departamentos.unileon.es\/ingenieria-electrica-y-de-sistemas-y-automatica\/wp-json\/wp\/v2\/types\/page"}],"author":[{"embeddable":true,"href":"https:\/\/departamentos.unileon.es\/ingenieria-electrica-y-de-sistemas-y-automatica\/wp-json\/wp\/v2\/users\/22"}],"replies":[{"embeddable":true,"href":"https:\/\/departamentos.unileon.es\/ingenieria-electrica-y-de-sistemas-y-automatica\/wp-json\/wp\/v2\/comments?post=10"}],"version-history":[{"count":4,"href":"https:\/\/departamentos.unileon.es\/ingenieria-electrica-y-de-sistemas-y-automatica\/wp-json\/wp\/v2\/pages\/10\/revisions"}],"predecessor-version":[{"id":66,"href":"https:\/\/departamentos.unileon.es\/ingenieria-electrica-y-de-sistemas-y-automatica\/wp-json\/wp\/v2\/pages\/10\/revisions\/66"}],"wp:attachment":[{"href":"https:\/\/departamentos.unileon.es\/ingenieria-electrica-y-de-sistemas-y-automatica\/wp-json\/wp\/v2\/media?parent=10"}],"curies":[{"name":"wp","href":"https:\/\/api.w.org\/{rel}","templated":true}]}}