{"id":14,"date":"2010-08-17T09:21:15","date_gmt":"2010-08-17T09:21:15","guid":{"rendered":"http:\/\/departamentos.unileon.es\/historia\/"},"modified":"2019-07-04T09:05:27","modified_gmt":"2019-07-04T09:05:27","slug":"asignaturas-impartidas","status":"publish","type":"page","link":"https:\/\/departamentos.unileon.es\/historia\/asignaturas-impartidas\/","title":{"rendered":"Asignaturas Impartidas"},"content":{"rendered":"\r\n\r\n<h2>Estudios: Grado<\/h2>\r\n\r\n<h4>0107 G. CIENCIA Y TECN. DE LOS ALIMENTOS          <\/h4>\r\n    <ul>\r\n            <li><a href=\"https:\/\/www.unileon.es\/estudiantes\/estudios\/oferta-de-estudios\/planes?curso=2024&id=0107116\">ALIMENTACI\u00f3N Y CULTURA                                                                              <\/a><\/li>\r\n        <\/ul>\r\n<br>\r\n\r\n<h4>0108 GRADO EN CIENCIAS GASTRON\u00f3MICAS<\/h4>\r\n    <ul>\r\n            <li><a href=\"https:\/\/www.unileon.es\/estudiantes\/estudios\/oferta-de-estudios\/planes?curso=2024&id=0108005\">ANTROPOLOG\u00edA Y GASTRONOM\u00edA                                                                          <\/a><\/li>\r\n        <\/ul>\r\n<br>\r\n\r\n<h4>0410 - GRADO EN HISTORIA                            <\/h4>\r\n    <ul>\r\n            <li><a href=\"https:\/\/www.unileon.es\/estudiantes\/estudios\/oferta-de-estudios\/planes?curso=2024&id=0410110\">ANTROPOLOGIA SOCIOCULTURAL                                                                          <\/a><\/li>\r\n            <li><a href=\"https:\/\/www.unileon.es\/estudiantes\/estudios\/oferta-de-estudios\/planes?curso=2024&id=0410114\">HISTORIA CONTEMPOR\u00c1NEA UNIVERSAL I: DE LAS REVOLUCIONES LIBERALES AL SIGLO XX(1776-1918)            <\/a><\/li>\r\n            <li><a href=\"https:\/\/www.unileon.es\/estudiantes\/estudios\/oferta-de-estudios\/planes?curso=2024&id=0410109\">HISTORIA DE LA ALTA EDAD MEDIA                                                                      <\/a><\/li>\r\n            <li><a href=\"https:\/\/www.unileon.es\/estudiantes\/estudios\/oferta-de-estudios\/planes?curso=2024&id=0410113\">HISTORIA DE LA ALTA EDAD MODERNA                                                                    <\/a><\/li>\r\n            <li><a href=\"https:\/\/www.unileon.es\/estudiantes\/estudios\/oferta-de-estudios\/planes?curso=2024&id=0410107\">PREHISTORIA GENERAL I                                                                               <\/a><\/li>\r\n            <li><a href=\"https:\/\/www.unileon.es\/estudiantes\/estudios\/oferta-de-estudios\/planes?curso=2024&id=0410108\">PROXIMO ORIENTE Y GRECIA                                                                            <\/a><\/li>\r\n            <li><a href=\"https:\/\/www.unileon.es\/estudiantes\/estudios\/oferta-de-estudios\/planes?curso=2024&id=0410127\">ARQUEOLOG\u00cdA                                                                                         <\/a><\/li>\r\n            <li><a href=\"https:\/\/www.unileon.es\/estudiantes\/estudios\/oferta-de-estudios\/planes?curso=2024&id=0410128\">HISTORIA BAJA EDAD MODERNA                                                                          <\/a><\/li>\r\n            <li><a href=\"https:\/\/www.unileon.es\/estudiantes\/estudios\/oferta-de-estudios\/planes?curso=2024&id=0410129\">HISTORIA CONTEMPOR\u00c1NEA UNIVERSAL II: DE LA GRAN GUERRA AL MUNDO ACTUAL     (1919-XXI)               <\/a><\/li>\r\n            <li><a href=\"https:\/\/www.unileon.es\/estudiantes\/estudios\/oferta-de-estudios\/planes?curso=2024&id=0410124\">HISTORIA DE LA BAJA EDAD MEDIA                                                                      <\/a><\/li>\r\n            <li><a href=\"https:\/\/www.unileon.es\/estudiantes\/estudios\/oferta-de-estudios\/planes?curso=2024&id=0410123\">HISTORIA DE ROMA                                                                                    <\/a><\/li>\r\n            <li><a href=\"https:\/\/www.unileon.es\/estudiantes\/estudios\/oferta-de-estudios\/planes?curso=2024&id=0410122\">PREHISTORIA GENERAL II                                                                              <\/a><\/li>\r\n            <li><a href=\"https:\/\/www.unileon.es\/estudiantes\/estudios\/oferta-de-estudios\/planes?curso=2024&id=0410141\">ANTROPOLOGIA DE LOS PUEBLOS DE ESPA\u00f1A                                                               <\/a><\/li>\r\n            <li><a href=\"https:\/\/www.unileon.es\/estudiantes\/estudios\/oferta-de-estudios\/planes?curso=2024&id=0410131\">HISTORIA ANTIGUA DE ESPA\u00d1A I                                                                        <\/a><\/li>\r\n            <li><a href=\"https:\/\/www.unileon.es\/estudiantes\/estudios\/oferta-de-estudios\/planes?curso=2024&id=0410137\">HISTORIA ANTIGUA DE ESPA\u00d1A II HISPANIA EN LA ANTIG\u00dcEDAD TARD\u00cdA                                      <\/a><\/li>\r\n            <li><a href=\"https:\/\/www.unileon.es\/estudiantes\/estudios\/oferta-de-estudios\/planes?curso=2024&id=0410139\">HISTORIA DE LA AMERICA PREHISPANICA                                                                 <\/a><\/li>\r\n            <li><a href=\"https:\/\/www.unileon.es\/estudiantes\/estudios\/oferta-de-estudios\/planes?curso=2024&id=0410135\">HISTORIA DEL LEJANO ORIENTE ASIATICO                                                                <\/a><\/li>\r\n            <li><a href=\"https:\/\/www.unileon.es\/estudiantes\/estudios\/oferta-de-estudios\/planes?curso=2024&id=0410132\">HISTORIA MEDIEVAL DE ESPA\u00d1A I                                                                       <\/a><\/li>\r\n            <li><a href=\"https:\/\/www.unileon.es\/estudiantes\/estudios\/oferta-de-estudios\/planes?curso=2024&id=0410138\">HISTORIA MEDIEVAL DE ESPA\u00f1A II                                                                      <\/a><\/li>\r\n            <li><a href=\"https:\/\/www.unileon.es\/estudiantes\/estudios\/oferta-de-estudios\/planes?curso=2024&id=0410134\">HISTORIA MUNDO ACTUAL                                                                               <\/a><\/li>\r\n            <li><a href=\"https:\/\/www.unileon.es\/estudiantes\/estudios\/oferta-de-estudios\/planes?curso=2024&id=0410140\">MENTALIDADES EN LA EDAD MODERNA                                                                     <\/a><\/li>\r\n            <li><a href=\"https:\/\/www.unileon.es\/estudiantes\/estudios\/oferta-de-estudios\/planes?curso=2024&id=0410130\">PREHISTORIA DE LA PENINSULA IBERICA I                                                               <\/a><\/li>\r\n            <li><a href=\"https:\/\/www.unileon.es\/estudiantes\/estudios\/oferta-de-estudios\/planes?curso=2024&id=0410136\">PREHISTORIA DE LA PENINSULA IBERICA II                                                              <\/a><\/li>\r\n            <li><a href=\"https:\/\/www.unileon.es\/estudiantes\/estudios\/oferta-de-estudios\/planes?curso=2024&id=0410133\">TENDENCIAS HISTORIOGRAFICAS                                                                         <\/a><\/li>\r\n            <li><a href=\"https:\/\/www.unileon.es\/estudiantes\/estudios\/oferta-de-estudios\/planes?curso=2024&id=0410150\">ARQUEOLOGIA DE LA PENINSULA IBERICA                                                                 <\/a><\/li>\r\n            <li><a href=\"https:\/\/www.unileon.es\/estudiantes\/estudios\/oferta-de-estudios\/planes?curso=2024&id=0410151\">EL ISLAM EN LA EDAD MEDIA                                                                           <\/a><\/li>\r\n            <li><a href=\"https:\/\/www.unileon.es\/estudiantes\/estudios\/oferta-de-estudios\/planes?curso=2024&id=0410143\">HISTORIA DE ESPA\u00d1A CONTEMPOR\u00c1NEA I: DE LA CRISIS DEL ANTIGUO R\u00e9GIMEN AL    INICIO DEL REINADO DE ALF<\/a><\/li>\r\n            <li><a href=\"https:\/\/www.unileon.es\/estudiantes\/estudios\/oferta-de-estudios\/planes?curso=2024&id=0410149\">HISTORIA DE ESPA\u00d1A CONTEMPOR\u00c1NEA II: DEL REINADO DE ALFONSO XIII A NUESTROS D\u00cdAS                    <\/a><\/li>\r\n            <li><a href=\"https:\/\/www.unileon.es\/estudiantes\/estudios\/oferta-de-estudios\/planes?curso=2024&id=0410144\">HISTORIA DE LA AMERICA COLONIAL                                                                     <\/a><\/li>\r\n            <li><a href=\"https:\/\/www.unileon.es\/estudiantes\/estudios\/oferta-de-estudios\/planes?curso=2024&id=0410142\">HISTORIA MODERNA DE ESPA\u00f1A I                                                                        <\/a><\/li>\r\n            <li><a href=\"https:\/\/www.unileon.es\/estudiantes\/estudios\/oferta-de-estudios\/planes?curso=2024&id=0410148\">HISTORIA MODERNA DE ESPA\u00f1A II                                                                       <\/a><\/li>\r\n            <li><a href=\"https:\/\/www.unileon.es\/estudiantes\/estudios\/oferta-de-estudios\/planes?curso=2024&id=0410147\">LAS RELIGIONES EN EL MUNDO ANTIGUO                                                                  <\/a><\/li>\r\n            <li><a href=\"https:\/\/www.unileon.es\/estudiantes\/estudios\/oferta-de-estudios\/planes?curso=2024&id=0410146\">MANIFESTACIONES ARTISTICAS Y RELIGIOSAS EN LA PREHISTORIA                                           <\/a><\/li>\r\n            <li><a href=\"https:\/\/www.unileon.es\/estudiantes\/estudios\/oferta-de-estudios\/planes?curso=2024&id=0410145\">M\u00c9TODOS Y T\u00c9CNICAS DE INVESTIGACI\u00d3N HIST\u00d3RICA                                                       <\/a><\/li>\r\n        <\/ul>\r\n<br>\r\n\r\n<h4>0411 - GRADO EN HISTORIA DEL ARTE                   <\/h4>\r\n    <ul>\r\n            <li><a href=\"https:\/\/www.unileon.es\/estudiantes\/estudios\/oferta-de-estudios\/planes?curso=2024&id=0411111\">HISTORIA CONTEMPOR\u00c1NEA UNIVERSAL I: DE LAS REVOLUCIONES LIBERALES AL SIGLO XX(1776-1918)            <\/a><\/li>\r\n            <li><a href=\"https:\/\/www.unileon.es\/estudiantes\/estudios\/oferta-de-estudios\/planes?curso=2024&id=0411100\">HISTORIA DE LA ALTA EDAD MEDIA                                                                      <\/a><\/li>\r\n            <li><a href=\"https:\/\/www.unileon.es\/estudiantes\/estudios\/oferta-de-estudios\/planes?curso=2024&id=0411110\">HISTORIA DE LA ALTA EDAD MODERNA                                                                    <\/a><\/li>\r\n            <li><a href=\"https:\/\/www.unileon.es\/estudiantes\/estudios\/oferta-de-estudios\/planes?curso=2024&id=0411127\">ANTROPOLOGIA SOCIOCULTURAL                                                                          <\/a><\/li>\r\n            <li><a href=\"https:\/\/www.unileon.es\/estudiantes\/estudios\/oferta-de-estudios\/planes?curso=2024&id=0411126\">ARQUEOLOG\u00edA                                                                                         <\/a><\/li>\r\n            <li><a href=\"https:\/\/www.unileon.es\/estudiantes\/estudios\/oferta-de-estudios\/planes?curso=2024&id=0411125\">HISTORIA CONTEMPOR\u00e1NEA UNIVERSAL II: DE LA GRAN GUERRA AL MUNDO ACTUAL (1919-S.XXI)                 <\/a><\/li>\r\n            <li><a href=\"https:\/\/www.unileon.es\/estudiantes\/estudios\/oferta-de-estudios\/planes?curso=2024&id=0411115\">HISTORIA DE LA BAJA EDAD MEDIA                                                                      <\/a><\/li>\r\n            <li><a href=\"https:\/\/www.unileon.es\/estudiantes\/estudios\/oferta-de-estudios\/planes?curso=2024&id=0411124\">HISTORIA DE LA BAJA EDAD MODERNA                                                                    <\/a><\/li>\r\n        <\/ul>\r\n<br>\r\n\r\n<h4>0412 - GRADO EN LENGUA ESPA\u00d1OLA Y SU LITERATURA     <\/h4>\r\n    <ul>\r\n            <li><a href=\"https:\/\/www.unileon.es\/estudiantes\/estudios\/oferta-de-estudios\/planes?curso=2024&id=0412001\">INTRODUCCI\u00d3N A LA HISTORIA                                                                          <\/a><\/li>\r\n        <\/ul>\r\n<br>\r\n\r\n<h4>0413 - GRADO EN FILOLOG\u00cdA MODERNA, INGL\u00c9S           <\/h4>\r\n    <ul>\r\n            <li><a href=\"https:\/\/www.unileon.es\/estudiantes\/estudios\/oferta-de-estudios\/planes?curso=2024&id=0413001\">INTRODUCCI\u00d3N A LA HISTORIA                                                                          <\/a><\/li>\r\n        <\/ul>\r\n<br>\r\n\r\n<h4>0415 - GRADO EN INFORMACI\u00d3N Y DOCUMENTACI\u00d3N         <\/h4>\r\n    <ul>\r\n            <li><a href=\"https:\/\/www.unileon.es\/estudiantes\/estudios\/oferta-de-estudios\/planes?curso=2024&id=0415003\">INTRODUCCI\u00d3N A LA HISTORIA                                                                          <\/a><\/li>\r\n            <li><a href=\"https:\/\/www.unileon.es\/estudiantes\/estudios\/oferta-de-estudios\/planes?curso=2024&id=0415032\">HISTORIA DE LAS INSTITUCIONES MODERNAS Y CONTEMPOR\u00c1NEAS                                             <\/a><\/li>\r\n            <li><a href=\"https:\/\/www.unileon.es\/estudiantes\/estudios\/oferta-de-estudios\/planes?curso=2024&id=0415037\">INTRODUCCI\u00f3N A LA MUSEOLOG\u00edA                                                                        <\/a><\/li>\r\n        <\/ul>\r\n<br>\r\n\r\n<h4>0417 - GRADO EN INFORMACI\u00d3N Y DOCUMENTACI\u00d3N (OL)    <\/h4>\r\n    <ul>\r\n            <li><a href=\"https:\/\/www.unileon.es\/estudiantes\/estudios\/oferta-de-estudios\/planes?curso=2024&id=0417003\">INTRODUCCION A LA HISTORIA                                                                          <\/a><\/li>\r\n            <li><a href=\"https:\/\/www.unileon.es\/estudiantes\/estudios\/oferta-de-estudios\/planes?curso=2024&id=0417032\">HISTORIA DE LAS INSTITUCIONES MODERNAS Y CONTEMPOR\u00c1NEAS                                             <\/a><\/li>\r\n            <li><a href=\"https:\/\/www.unileon.es\/estudiantes\/estudios\/oferta-de-estudios\/planes?curso=2024&id=0417037\">INTRODUCCI\u00f3N A LA MUSEOLOG\u00edA                                                                        <\/a><\/li>\r\n        <\/ul>\r\n<br>\r\n\r\n<h4>0514 - GRADUADO EN TURISMO<\/h4>\r\n    <ul>\r\n            <li><a href=\"https:\/\/www.unileon.es\/estudiantes\/estudios\/oferta-de-estudios\/planes?curso=2024&id=0514043\">PATRIMONIO ARQUEOL\u00d3GICO                                                                             <\/a><\/li>\r\n            <li><a href=\"https:\/\/www.unileon.es\/estudiantes\/estudios\/oferta-de-estudios\/planes?curso=2024&id=0514045\">PATRIMONIO ETNOGR\u00c1FICO E INMATERIAL                                                                 <\/a><\/li>\r\n        <\/ul>\r\n<br>\r\n\r\n<h4>0605 - G.RELAC.LABORALES Y RECURSOS HUMANOS<\/h4>\r\n    <ul>\r\n            <li><a href=\"https:\/\/www.unileon.es\/estudiantes\/estudios\/oferta-de-estudios\/planes?curso=2024&id=0605005\">HISTORIA CONTEMPOR\u00c1NEA DEL TRABAJO Y LAS RELACIONES LABORALES                                       <\/a><\/li>\r\n            <li><a href=\"https:\/\/www.unileon.es\/estudiantes\/estudios\/oferta-de-estudios\/planes?curso=2024&id=0605019\">G\u00c9NERO Y TRABAJO                                                                                    <\/a><\/li>\r\n            <li><a href=\"https:\/\/www.unileon.es\/estudiantes\/estudios\/oferta-de-estudios\/planes?curso=2024&id=0605035\">HISTORIA DE LA TRANSICI\u00d3N ESPA\u00d1OLA                                                                  <\/a><\/li>\r\n        <\/ul>\r\n<br>\r\n\r\n<h4>1013 - GRADO EN EDUCACI\u00d3N PRIMARIA<\/h4>\r\n    <ul>\r\n            <li><a href=\"https:\/\/www.unileon.es\/estudiantes\/estudios\/oferta-de-estudios\/planes?curso=2024&id=1013025\">ENSE\u00d1ANZA Y APRENDIZAJE DE LAS CIENCIAS SOCIALES II                                                 <\/a><\/li>\r\n        <\/ul>\r\n<br>\r\n\r\n<h4>1014 - GRADO EN EDUCACI\u00d3N SOCIAL<\/h4>\r\n    <ul>\r\n            <li><a href=\"https:\/\/www.unileon.es\/estudiantes\/estudios\/oferta-de-estudios\/planes?curso=2024&id=1014018\">ANTROPOLOG\u00cdA SOCIAL Y CULTURAL                                                                      <\/a><\/li>\r\n            <li><a href=\"https:\/\/www.unileon.es\/estudiantes\/estudios\/oferta-de-estudios\/planes?curso=2024&id=1014014\">MOVIMIENTOS SOCIALES CONTEMPOR\u00c1NEOS                                                                 <\/a><\/li>\r\n        <\/ul>\r\n<br>\r\n\r\n<h4>1109 - GRADO EN NUTRICI\u00d3N Y DIET\u00c9TICA (PONFERRADA)<\/h4>\r\n    <ul>\r\n            <li><a href=\"https:\/\/www.unileon.es\/estudiantes\/estudios\/oferta-de-estudios\/planes?curso=2024&id=1109006\">ALIMENTACI\u00d3N Y CULTURA                                                                              <\/a><\/li>\r\n        <\/ul>\r\n<br>\r\n<h2>Estudios: Master Oficial<\/h2>\r\n\r\n<h4>1011 - M.U. PROF. SECUN. O. Y BACH.,F.P. Y E.I.<\/h4>\r\n    <ul>\r\n            <li><a href=\"https:\/\/www.unileon.es\/estudiantes\/estudios\/oferta-de-estudios\/planes?curso=2024&id=1011006\">HISTORIA                                                                                            <\/a><\/li>\r\n        <\/ul>\r\n<br>\r\n\r\n<h4>1717 M.U.ANTROPOLOG\u00cdA DE IBEROAM\u00c9RICA             <\/h4>\r\n    <ul>\r\n    \r\n        <li><a href=\"https:\/\/www.unileon.es\/estudiantes\/estudiantes-grado\/oferta-de-estudios\/planes?curso=2024&id=1717107\">CULTURA, PODER Y CONFLICTO                                                                          <\/a><\/li>\r\n    \r\n        <li><a href=\"https:\/\/www.unileon.es\/estudiantes\/estudiantes-grado\/oferta-de-estudios\/planes?curso=2024&id=1717108\">INDIGENISMO Y UTOP\u00cdA                                                                                <\/a><\/li>\r\n    \r\n        <li><a href=\"https:\/\/www.unileon.es\/estudiantes\/estudiantes-grado\/oferta-de-estudios\/planes?curso=2024&id=1717106\">INTERCULTURALIDAD Y EDUCACI\u00d3N                                                                       <\/a><\/li>\r\n    \r\n        <li><a href=\"https:\/\/www.unileon.es\/estudiantes\/estudiantes-grado\/oferta-de-estudios\/planes?curso=2024&id=1717104\">PROCESOS MIGRATORIOS                                                                                <\/a><\/li>\r\n    \r\n        <li><a href=\"https:\/\/www.unileon.es\/estudiantes\/estudiantes-grado\/oferta-de-estudios\/planes?curso=2024&id=1717105\">RELACIONES HIST\u00d3RICAS ESPA\u00d1A-IBEROAM\u00c9RICA                                                           <\/a><\/li>\r\n    \r\n        <li><a href=\"https:\/\/www.unileon.es\/estudiantes\/estudiantes-grado\/oferta-de-estudios\/planes?curso=2024&id=1717102\">SEMINARIO PR\u00c1CTICO DE INVESTIGACI\u00d3N                                                                 <\/a><\/li>\r\n    \r\n        <li><a href=\"https:\/\/www.unileon.es\/estudiantes\/estudiantes-grado\/oferta-de-estudios\/planes?curso=2024&id=1717103\">SOCIEDAD Y MOVIMIENTOS SOCIALES                                                                     <\/a><\/li>\r\n    \r\n        <li><a href=\"https:\/\/www.unileon.es\/estudiantes\/estudiantes-grado\/oferta-de-estudios\/planes?curso=2024&id=1717101\">TEOR\u00cdA, HISTORIA Y METODOLOG\u00cdAS ANTROPOL\u00d3GICAS                                                      <\/a><\/li>\r\n    \r\n        <li><a href=\"https:\/\/www.unileon.es\/estudiantes\/estudiantes-grado\/oferta-de-estudios\/planes?curso=2024&id=1717177\">TRABAJO FIN DE M\u00c1STER                                                                               <\/a><\/li>\r\n        <\/ul>\r\n<br>\r\n\r\n<h4>1743 - M.U.CULTURA Y PENSAM.EUROP: TRADICC. Y PERVIV<\/h4>\r\n    <ul>\r\n    \r\n        <li><a href=\"https:\/\/www.unileon.es\/estudiantes\/estudiantes-grado\/oferta-de-estudios\/planes?curso=2024&id=1743007\">AMPLIACI\u00d3N DE LA FRONTERA EUROPEA: AM\u00c9RICA                                                          <\/a><\/li>\r\n    \r\n        <li><a href=\"https:\/\/www.unileon.es\/estudiantes\/estudiantes-grado\/oferta-de-estudios\/planes?curso=2024&id=1743018\">DEL FINAL DEL IMPERIO A LA ALDEA MEDIEVAL                                                           <\/a><\/li>\r\n    \r\n        <li><a href=\"https:\/\/www.unileon.es\/estudiantes\/estudiantes-grado\/oferta-de-estudios\/planes?curso=2024&id=1743020\">EL ISLAM: CULTURA Y PENSAMIENTO                                                                     <\/a><\/li>\r\n    \r\n        <li><a href=\"https:\/\/www.unileon.es\/estudiantes\/estudiantes-grado\/oferta-de-estudios\/planes?curso=2024&id=1743006\">EL MUNDO HISP\u00c1NICO Y SU PROYECCI\u00d3N EUROPEA                                                          <\/a><\/li>\r\n    \r\n        <li><a href=\"https:\/\/www.unileon.es\/estudiantes\/estudiantes-grado\/oferta-de-estudios\/planes?curso=2024&id=1743038\">ELEMENTOS IDENTITARIOS EN LA PREHISTORIA EUROPEA                                                    <\/a><\/li>\r\n    \r\n        <li><a href=\"https:\/\/www.unileon.es\/estudiantes\/estudiantes-grado\/oferta-de-estudios\/planes?curso=2024&id=1743024\">LA ARQUEOLOG\u00cdA DEL SIGLO XXI                                                                        <\/a><\/li>\r\n    \r\n        <li><a href=\"https:\/\/www.unileon.es\/estudiantes\/estudiantes-grado\/oferta-de-estudios\/planes?curso=2024&id=1743004\">LA CONSTRUCCI\u00d3N DE EUROPA                                                                           <\/a><\/li>\r\n    \r\n        <li><a href=\"https:\/\/www.unileon.es\/estudiantes\/estudiantes-grado\/oferta-de-estudios\/planes?curso=2024&id=1743022\">MARGINACI\u00d3N Y ASISTENCIA EN EUROPA                                                                  <\/a><\/li>\r\n    \r\n        <li><a href=\"https:\/\/www.unileon.es\/estudiantes\/estudiantes-grado\/oferta-de-estudios\/planes?curso=2024&id=1743019\">MONARQU\u00cdA E IGLESIA EN LA EDAD MEDIA: ESPACIO Y PODER                                               <\/a><\/li>\r\n    \r\n        <li><a href=\"https:\/\/www.unileon.es\/estudiantes\/estudiantes-grado\/oferta-de-estudios\/planes?curso=2024&id=1743021\">SOCIEDADES EUROPEAS DEL ANTIGUO R\u00c9GIMEN                                                             <\/a><\/li>\r\n    \r\n        <li><a href=\"https:\/\/www.unileon.es\/estudiantes\/estudiantes-grado\/oferta-de-estudios\/planes?curso=2024&id=1743027\">VIAJES TRANSOCE\u00c1NICOS DE IDA Y VUELTA                                                               <\/a><\/li>\r\n        <\/ul>\r\n<br>\r\n","protected":false},"excerpt":{"rendered":"","protected":false},"author":1,"featured_media":0,"parent":0,"menu_order":5,"comment_status":"closed","ping_status":"open","template":"","meta":{"ngg_post_thumbnail":0,"footnotes":""},"class_list":["post-14","page","type-page","status-publish","hentry"],"yoast_head":"<!-- This site is optimized with the Yoast SEO plugin v25.8 - https:\/\/yoast.com\/wordpress\/plugins\/seo\/ -->\n<title>Asignaturas Impartidas - Departamento de Historia<\/title>\n<meta name=\"robots\" content=\"index, follow, max-snippet:-1, max-image-preview:large, max-video-preview:-1\" \/>\n<link rel=\"canonical\" href=\"https:\/\/departamentos.unileon.es\/historia\/asignaturas-impartidas\/\" \/>\n<meta property=\"og:locale\" content=\"es_ES\" \/>\n<meta property=\"og:type\" content=\"article\" \/>\n<meta property=\"og:title\" content=\"Asignaturas Impartidas - Departamento de Historia\" \/>\n<meta property=\"og:url\" content=\"https:\/\/departamentos.unileon.es\/historia\/asignaturas-impartidas\/\" \/>\n<meta property=\"og:site_name\" content=\"Departamento de Historia\" \/>\n<meta property=\"article:modified_time\" content=\"2019-07-04T09:05:27+00:00\" \/>\n<meta name=\"twitter:card\" content=\"summary_large_image\" \/>\n<script type=\"application\/ld+json\" class=\"yoast-schema-graph\">{\"@context\":\"https:\/\/schema.org\",\"@graph\":[{\"@type\":\"WebPage\",\"@id\":\"https:\/\/departamentos.unileon.es\/historia\/asignaturas-impartidas\/\",\"url\":\"https:\/\/departamentos.unileon.es\/historia\/asignaturas-impartidas\/\",\"name\":\"Asignaturas Impartidas - Departamento de Historia\",\"isPartOf\":{\"@id\":\"https:\/\/departamentos.unileon.es\/historia\/#website\"},\"datePublished\":\"2010-08-17T09:21:15+00:00\",\"dateModified\":\"2019-07-04T09:05:27+00:00\",\"inLanguage\":\"es\",\"potentialAction\":[{\"@type\":\"ReadAction\",\"target\":[\"https:\/\/departamentos.unileon.es\/historia\/asignaturas-impartidas\/\"]}]},{\"@type\":\"WebSite\",\"@id\":\"https:\/\/departamentos.unileon.es\/historia\/#website\",\"url\":\"https:\/\/departamentos.unileon.es\/historia\/\",\"name\":\"Departamento de Historia\",\"description\":\"Otro sitio m\u00e1s de Universidad de Le\u00f3n\",\"potentialAction\":[{\"@type\":\"SearchAction\",\"target\":{\"@type\":\"EntryPoint\",\"urlTemplate\":\"https:\/\/departamentos.unileon.es\/historia\/?s={search_term_string}\"},\"query-input\":{\"@type\":\"PropertyValueSpecification\",\"valueRequired\":true,\"valueName\":\"search_term_string\"}}],\"inLanguage\":\"es\"}]}<\/script>\n<!-- \/ Yoast SEO plugin. -->","yoast_head_json":{"title":"Asignaturas Impartidas - Departamento de Historia","robots":{"index":"index","follow":"follow","max-snippet":"max-snippet:-1","max-image-preview":"max-image-preview:large","max-video-preview":"max-video-preview:-1"},"canonical":"https:\/\/departamentos.unileon.es\/historia\/asignaturas-impartidas\/","og_locale":"es_ES","og_type":"article","og_title":"Asignaturas Impartidas - Departamento de Historia","og_url":"https:\/\/departamentos.unileon.es\/historia\/asignaturas-impartidas\/","og_site_name":"Departamento de Historia","article_modified_time":"2019-07-04T09:05:27+00:00","twitter_card":"summary_large_image","schema":{"@context":"https:\/\/schema.org","@graph":[{"@type":"WebPage","@id":"https:\/\/departamentos.unileon.es\/historia\/asignaturas-impartidas\/","url":"https:\/\/departamentos.unileon.es\/historia\/asignaturas-impartidas\/","name":"Asignaturas Impartidas - Departamento de Historia","isPartOf":{"@id":"https:\/\/departamentos.unileon.es\/historia\/#website"},"datePublished":"2010-08-17T09:21:15+00:00","dateModified":"2019-07-04T09:05:27+00:00","inLanguage":"es","potentialAction":[{"@type":"ReadAction","target":["https:\/\/departamentos.unileon.es\/historia\/asignaturas-impartidas\/"]}]},{"@type":"WebSite","@id":"https:\/\/departamentos.unileon.es\/historia\/#website","url":"https:\/\/departamentos.unileon.es\/historia\/","name":"Departamento de Historia","description":"Otro sitio m\u00e1s de Universidad de Le\u00f3n","potentialAction":[{"@type":"SearchAction","target":{"@type":"EntryPoint","urlTemplate":"https:\/\/departamentos.unileon.es\/historia\/?s={search_term_string}"},"query-input":{"@type":"PropertyValueSpecification","valueRequired":true,"valueName":"search_term_string"}}],"inLanguage":"es"}]}},"_links":{"self":[{"href":"https:\/\/departamentos.unileon.es\/historia\/wp-json\/wp\/v2\/pages\/14","targetHints":{"allow":["GET"]}}],"collection":[{"href":"https:\/\/departamentos.unileon.es\/historia\/wp-json\/wp\/v2\/pages"}],"about":[{"href":"https:\/\/departamentos.unileon.es\/historia\/wp-json\/wp\/v2\/types\/page"}],"author":[{"embeddable":true,"href":"https:\/\/departamentos.unileon.es\/historia\/wp-json\/wp\/v2\/users\/1"}],"replies":[{"embeddable":true,"href":"https:\/\/departamentos.unileon.es\/historia\/wp-json\/wp\/v2\/comments?post=14"}],"version-history":[{"count":7,"href":"https:\/\/departamentos.unileon.es\/historia\/wp-json\/wp\/v2\/pages\/14\/revisions"}],"predecessor-version":[{"id":232,"href":"https:\/\/departamentos.unileon.es\/historia\/wp-json\/wp\/v2\/pages\/14\/revisions\/232"}],"wp:attachment":[{"href":"https:\/\/departamentos.unileon.es\/historia\/wp-json\/wp\/v2\/media?parent=14"}],"curies":[{"name":"wp","href":"https:\/\/api.w.org\/{rel}","templated":true}]}}