{"id":7,"date":"2010-08-17T09:00:30","date_gmt":"2010-08-17T09:00:30","guid":{"rendered":"http:\/\/departamentos.unileon.es\/higiene-y-tecnologia-de-los-alimentos\/"},"modified":"2019-07-04T07:08:07","modified_gmt":"2019-07-04T07:08:07","slug":"personal","status":"publish","type":"page","link":"https:\/\/departamentos.unileon.es\/higiene-y-tecnologia-de-los-alimentos\/personal\/","title":{"rendered":"Personal"},"content":{"rendered":"\t\t\t\t\r\n\t\t\t\t\r\n\t\t\t\t\r\n\t\t\t\t<h2>Personal docente e investigador<\/h2>     \r\n                 <h3> \u00c1rea - Nutrici\u00f3n y Bromatolog\u00eda <\/h3>\r\n\t\t\t\t\t<ul>\r\n                        \r\n                        \r\n                       <li> <a href=\"https:\/\/www.unileon.es\/directorio-y-telefonos?usuario=aotec\">ANDR\u00c9S OTERO CARBALLEIRA<\/a> - Catedr\u00e1tico de Universidad - <a href =\"https:\/\/www.unileon.es\/ficheros\/perfildocente\/curriculum-aotec.pdf\"> Perfil Docente<\/a> <\/li>\r\n                                        \r\n                        \r\n                       <li> <a href=\"https:\/\/www.unileon.es\/directorio-y-telefonos?usuario=caloc\">CARLOS ALONSO CALLEJA<\/a> - Catedr\u00e1tico de Universidad - <a href =\"https:\/\/www.unileon.es\/ficheros\/perfildocente\/curriculum-caloc.pdf\"> Perfil Docente<\/a> <\/li>\r\n                                        \r\n                        \r\n                       <li> <a href=\"https:\/\/www.unileon.es\/directorio-y-telefonos?usuario=jasanb\">JES\u00daS \u00c1NGEL SANTOS BUELGA<\/a> - Catedr\u00e1tico de Universidad - <a href =\"https:\/\/www.unileon.es\/ficheros\/perfildocente\/curriculum-jasanb.pdf\"> Perfil Docente<\/a> <\/li>\r\n                                        \r\n                        \r\n                       <li> <a href=\"https:\/\/www.unileon.es\/directorio-y-telefonos?usuario=mcgarf\">MAR\u00cdA DEL CAMINO GARC\u00cdA FERN\u00c1NDEZ<\/a> - Catedr\u00e1tico de Universidad - <a href =\"https:\/\/www.unileon.es\/ficheros\/perfildocente\/curriculum-mcgarf.pdf\"> Perfil Docente<\/a> <\/li>\r\n                                        \r\n                        \r\n                       <li> <a href=\"https:\/\/www.unileon.es\/directorio-y-telefonos?usuario=mrgara\">MAR\u00cdA ROSARIO GARC\u00cdA ARMESTO<\/a> - Catedr\u00e1tico de Universidad - <a href =\"https:\/\/www.unileon.es\/ficheros\/perfildocente\/curriculum-mrgara.pdf\"> Perfil Docente<\/a> <\/li>\r\n                                        \r\n                        \r\n                       <li> <a href=\"https:\/\/www.unileon.es\/directorio-y-telefonos?usuario=mprim\">MIGUEL PRIETO MARADONA<\/a> - Catedr\u00e1tico de Universidad - <a href =\"https:\/\/www.unileon.es\/ficheros\/perfildocente\/curriculum-mprim.pdf\"> Perfil Docente<\/a> <\/li>\r\n                                        \r\n                        \r\n                       <li> <a href=\"https:\/\/www.unileon.es\/directorio-y-telefonos?usuario=rmcapg\">ROSA MAR\u00cdA CAPITA GONZ\u00c1LEZ<\/a> - Catedr\u00e1tico de Universidad - <a href =\"https:\/\/www.unileon.es\/ficheros\/perfildocente\/curriculum-rmcapg.pdf\"> Perfil Docente<\/a> <\/li>\r\n                                        \r\n                        \r\n                       <li> <a href=\"https:\/\/www.unileon.es\/directorio-y-telefonos?usuario=tmlopd\">TERESA MAR\u00cdA L\u00d3PEZ D\u00cdAZ<\/a> - Catedr\u00e1tico de Universidad - <a href =\"https:\/\/www.unileon.es\/ficheros\/perfildocente\/curriculum-tmlopd.pdf\"> Perfil Docente<\/a> <\/li>\r\n                                        \r\n                        \r\n                       <li> <a href=\"https:\/\/www.unileon.es\/directorio-y-telefonos?usuario=mlsiec\">M LUISA SIERRA CASTRILLO<\/a> - Catedr\u00e1tico de Escuela Universitaria - <a href =\"https:\/\/www.unileon.es\/ficheros\/perfildocente\/curriculum-mlsiec.pdf\"> Perfil Docente<\/a> <\/li>\r\n                                        \r\n                        \r\n                       <li> <a href=\"https:\/\/www.unileon.es\/directorio-y-telefonos?usuario=jmrodc\">JOS\u00c9 MAR\u00cdA RODR\u00cdGUEZ CALLEJA<\/a> - Profesor Titular de Universidad - <a href =\"https:\/\/www.unileon.es\/ficheros\/perfildocente\/curriculum-jmrodc.pdf\"> Perfil Docente<\/a> <\/li>\r\n                                        \r\n                        \r\n                       <li> <a href=\"https:\/\/www.unileon.es\/directorio-y-telefonos?usuario=mtgara\">MAR\u00cdA TRINIDAD GARC\u00cdA ARIAS<\/a> - Profesor Titular de Universidad - <a href =\"https:\/\/www.unileon.es\/ficheros\/perfildocente\/curriculum-mtgara.pdf\"> Perfil Docente<\/a> <\/li>\r\n                                        \r\n                        \r\n                       <li> <a href=\"https:\/\/www.unileon.es\/directorio-y-telefonos?usuario=mgonm\">MAR\u00cdA DEL CAMINO GONZ\u00c1LEZ MACHADO<\/a> - PROFESOR AYUDANTE DOCTOR - <a href =\"https:\/\/www.unileon.es\/ficheros\/perfildocente\/curriculum-mgonm.pdf\"> Perfil Docente<\/a> <\/li>\r\n                                        \r\n                        \r\n                       <li> <a href=\"https:\/\/www.unileon.es\/directorio-y-telefonos?usuario=erena\">EUGENIA RENDUELES \u00c1LVAREZ<\/a> - PROFESOR ASOCIADO - <a href =\"https:\/\/www.unileon.es\/ficheros\/perfildocente\/curriculum-erena.pdf\"> Perfil Docente<\/a> <\/li>\r\n                                        \r\n                        \r\n                       <li> <a href=\"https:\/\/www.unileon.es\/directorio-y-telefonos?usuario=igonzm\">ISAAC GONZALEZ MARTINEZ<\/a> - PROFESOR ASOCIADO - <a href =\"https:\/\/www.unileon.es\/ficheros\/perfildocente\/curriculum-igonzm.pdf\"> Perfil Docente<\/a> <\/li>\r\n                                        \r\n                        \r\n                       <li> <a href=\"https:\/\/www.unileon.es\/directorio-y-telefonos?usuario=jegac\">JES\u00daS GARC\u00cdA CABALLERO<\/a> - PROFESOR ASOCIADO - <a href =\"https:\/\/www.unileon.es\/ficheros\/perfildocente\/curriculum-jegac.pdf\"> Perfil Docente<\/a> <\/li>\r\n                                        \r\n                        \r\n                       <li> <a href=\"https:\/\/www.unileon.es\/directorio-y-telefonos?usuario=jvelc\">JOS\u00c9 MANUEL V\u00c9LEZ CAMINO<\/a> - PROFESOR ASOCIADO - <a href =\"https:\/\/www.unileon.es\/ficheros\/perfildocente\/curriculum-jvelc.pdf\"> Perfil Docente<\/a> <\/li>\r\n                                        \r\n                        \r\n                       <li> <a href=\"https:\/\/www.unileon.es\/directorio-y-telefonos?usuario=mandrt\">MAR\u00cdA ANGELES CONSUELO ANDR\u00c9S TOVES<\/a> - PROFESOR ASOCIADO - <a href =\"https:\/\/www.unileon.es\/ficheros\/perfildocente\/curriculum-mandrt.pdf\"> Perfil Docente<\/a> <\/li>\r\n                                        \r\n                        \r\n                       <li> <a href=\"https:\/\/www.unileon.es\/directorio-y-telefonos?usuario=mmiga\">MAR\u00cdA ELENA MIGUELEZ ALIJA<\/a> - PROFESOR ASOCIADO - <a href =\"https:\/\/www.unileon.es\/ficheros\/perfildocente\/curriculum-mmiga.pdf\"> Perfil Docente<\/a> <\/li>\r\n                                        \r\n                        \r\n                       <li> <a href=\"https:\/\/www.unileon.es\/directorio-y-telefonos?usuario=tmars\">TEODORO MART\u00cdNEZ S\u00c1NCHEZ<\/a> - PROFESOR ASOCIADO - <a href =\"https:\/\/www.unileon.es\/ficheros\/perfildocente\/curriculum-tmars.pdf\"> Perfil Docente<\/a> <\/li>\r\n                                        \r\n                        \r\n                       <li> <a href=\"https:\/\/www.unileon.es\/directorio-y-telefonos?usuario=dmaabc\">\u00c1LVARO BORGE DE CASTRO<\/a> - PROFESOR ASOCIADO - <a href =\"https:\/\/www.unileon.es\/ficheros\/perfildocente\/curriculum-dmaabc.pdf\"> Perfil Docente<\/a> <\/li>\r\n                                        \r\n                        \r\n                       <li> <a href=\"https:\/\/www.unileon.es\/directorio-y-telefonos?usuario=apintc\">ALBERTO PINTOR CORA<\/a> - PROFESOR SUSTITUTO - <a href =\"https:\/\/www.unileon.es\/ficheros\/perfildocente\/curriculum-apintc.pdf\"> Perfil Docente<\/a> <\/li>\r\n                                        \r\n                        \r\n                       <li> <a href=\"https:\/\/www.unileon.es\/directorio-y-telefonos?usuario=aaloh\">ALICIA ALONSO HERNANDO<\/a> - PROFESOR PERMANENTE LABORAL - <a href =\"https:\/\/www.unileon.es\/ficheros\/perfildocente\/curriculum-aaloh.pdf\"> Perfil Docente<\/a> <\/li>\r\n                                        \r\n                        \r\n                       <li> <a href=\"https:\/\/www.unileon.es\/directorio-y-telefonos?usuario=crodm\">CRISTINA RODR\u00cdGUEZ MELC\u00d3N<\/a> - PROFESOR PERMANENTE LABORAL - <a href =\"https:\/\/www.unileon.es\/ficheros\/perfildocente\/curriculum-crodm.pdf\"> Perfil Docente<\/a> <\/li>\r\n                                        \r\n                        \r\n                       <li> <a href=\"https:\/\/www.unileon.es\/directorio-y-telefonos?usuario=spanm\">SARAH PANERA MART\u00cdNEZ<\/a> - PROFESOR SUSTITUTO - <a href =\"https:\/\/www.unileon.es\/ficheros\/perfildocente\/curriculum-spanm.pdf\"> Perfil Docente<\/a> <\/li>\r\n                                        \r\n                        \r\n                       <li> <a href=\"https:\/\/www.unileon.es\/directorio-y-telefonos?usuario=aaleg\">\u00c1NGEL ALEGR\u00cdA GONZ\u00c1LEZ<\/a> - PROFESOR PERMANENTE LABORAL - <a href =\"https:\/\/www.unileon.es\/ficheros\/perfildocente\/curriculum-aaleg.pdf\"> Perfil Docente<\/a> <\/li>\r\n                                    <\/ul> <h3> \u00c1rea - Tecnolog\u00eda de Alimentos <\/h3>\r\n\t\t\t\t\t<ul>\r\n                        \r\n                        \r\n                       <li> <a href=\"https:\/\/www.unileon.es\/directorio-y-telefonos?usuario=jmato\">JAVIER MATEO OYAG\u00dcE<\/a> - Catedr\u00e1tico de Universidad - <a href =\"https:\/\/www.unileon.es\/ficheros\/perfildocente\/curriculum-jmato.pdf\"> Perfil Docente<\/a> <\/li>\r\n                                        \r\n                        \r\n                       <li> <a href=\"https:\/\/www.unileon.es\/directorio-y-telefonos?usuario=jmfreb\">JOS\u00c9 MAR\u00cdA FRESNO BARO<\/a> - Catedr\u00e1tico de Universidad - <a href =\"https:\/\/www.unileon.es\/ficheros\/perfildocente\/curriculum-jmfreb.pdf\"> Perfil Docente<\/a> <\/li>\r\n                                        \r\n                        \r\n                       <li> <a href=\"https:\/\/www.unileon.es\/directorio-y-telefonos?usuario=mmlopf\">MAR\u00cdA MERCEDES L\u00d3PEZ FERN\u00c1NDEZ<\/a> - Catedr\u00e1tico de Universidad - <a href =\"https:\/\/www.unileon.es\/ficheros\/perfildocente\/curriculum-mmlopf.pdf\"> Perfil Docente<\/a> <\/li>\r\n                                        \r\n                        \r\n                       <li> <a href=\"https:\/\/www.unileon.es\/directorio-y-telefonos?usuario=aalvo\">AVELINO \u00c1LVAREZ ORD\u00d3\u00d1EZ<\/a> - Profesor Titular de Universidad - <a href =\"https:\/\/www.unileon.es\/ficheros\/perfildocente\/curriculum-aalvo.pdf\"> Perfil Docente<\/a> <\/li>\r\n                                        \r\n                        \r\n                       <li> <a href=\"https:\/\/www.unileon.es\/directorio-y-telefonos?usuario=metorr\">MAR\u00cdA EUGENIA TORNADIJO RODR\u00cdGUEZ<\/a> - Profesor Titular de Universidad - <a href =\"https:\/\/www.unileon.es\/ficheros\/perfildocente\/curriculum-metorr.pdf\"> Perfil Docente<\/a> <\/li>\r\n                                        \r\n                        \r\n                       <li> <a href=\"https:\/\/www.unileon.es\/directorio-y-telefonos?usuario=mmgonr\">MAR\u00cdA MONTSERRAT GONZ\u00c1LEZ RAURICH<\/a> - Profesor Titular de Universidad - <a href =\"https:\/\/www.unileon.es\/ficheros\/perfildocente\/curriculum-mmgonr.pdf\"> Perfil Docente<\/a> <\/li>\r\n                                        \r\n                        \r\n                       <li> <a href=\"https:\/\/www.unileon.es\/directorio-y-telefonos?usuario=bprig\">BERNARDO PRIETO GUTI\u00c9RREZ<\/a> - PROFESOR CONTRATADO DOCTOR - <a href =\"https:\/\/www.unileon.es\/ficheros\/perfildocente\/curriculum-bprig.pdf\"> Perfil Docente<\/a> <\/li>\r\n                                        \r\n                        \r\n                       <li> <a href=\"https:\/\/www.unileon.es\/directorio-y-telefonos?usuario=cbarc\">CORAL BARCENILLA CANDUELA<\/a> - PROFESOR AYUDANTE DOCTOR - <a href =\"https:\/\/www.unileon.es\/ficheros\/perfildocente\/curriculum-cbarc.pdf\"> Perfil Docente<\/a> <\/li>\r\n                                        \r\n                        \r\n                       <li> <a href=\"https:\/\/www.unileon.es\/directorio-y-telefonos?usuario=pcomf\">PATRICIA COMBARROS FUERTES<\/a> - PROFESOR AYUDANTE DOCTOR - <a href =\"https:\/\/www.unileon.es\/ficheros\/perfildocente\/curriculum-pcomf.pdf\"> Perfil Docente<\/a> <\/li>\r\n                                        \r\n                        \r\n                       <li> <a href=\"https:\/\/www.unileon.es\/directorio-y-telefonos?usuario=erenb\">ERICA RENES BA\u00d1UELOS<\/a> - PROFESOR PERMANENTE LABORAL - <a href =\"https:\/\/www.unileon.es\/ficheros\/perfildocente\/curriculum-erenb.pdf\"> Perfil Docente<\/a> <\/li>\r\n                                        \r\n                        \r\n                       <li> <a href=\"https:\/\/www.unileon.es\/directorio-y-telefonos?usuario=jcobd\">JOS\u00c9 FRANCISCO COBO D\u00cdAZ<\/a> - PROFESOR PERMANENTE LABORAL - <a href =\"https:\/\/www.unileon.es\/ficheros\/perfildocente\/curriculum-jcobd.pdf\"> Perfil Docente<\/a> <\/li>\r\n                                        \r\n                        \r\n                       <li> <a href=\"https:\/\/www.unileon.es\/directorio-y-telefonos?usuario=msouo\">MARCIA PATRICIA DE SOUSA OLIVEIRA<\/a> - PROFESOR PERMANENTE LABORAL - <a href =\"https:\/\/www.unileon.es\/ficheros\/perfildocente\/curriculum-msouo.pdf\"> Perfil Docente<\/a> <\/li>\r\n                                        \r\n                        \r\n                       <li> <a href=\"https:\/\/www.unileon.es\/directorio-y-telefonos?usuario=mrodm\">MARIA BELEN RODRIGUEZ MOLINA<\/a> - PROFESOR SUSTITUTO - <a href =\"https:\/\/www.unileon.es\/ficheros\/perfildocente\/curriculum-mrodm.pdf\"> Perfil Docente<\/a> <\/li>\r\n                                        \r\n                        \r\n                       <li> <a href=\"https:\/\/www.unileon.es\/directorio-y-telefonos?usuario=pafeg\">PAULA FERN\u00c1NDEZ G\u00d3MEZ<\/a> - PROFESOR DISTINGUIDO - <a href =\"https:\/\/www.unileon.es\/ficheros\/perfildocente\/curriculum-pafeg.pdf\"> Perfil Docente<\/a> <\/li>\r\n                                      \r\n\t\t\t\t<\/ul>\r\n\r\n\t\t\t\t\t\r\n\t\t\t\r\n\t\t\t<p>\u00a0<\/p>\r\n\t\t\t<h2>Personal de administraci\u00f3n y servicios<\/h2>\r\n\t\t\t<ul>\r\n\r\n\r\n\r\n\t\t\t\r\n                \r\n                    <li><a href=\"https:\/\/www.unileon.es\/directorio-y-telefonos?usuario=ajusj\">AURELIA JUSTEL JUSTEL<\/a> - T\u00c9CNICO ESPECIALISTA DE LABORATORIO<\/li>\r\n            \r\n\t\t\t\r\n                \r\n                    <li><a href=\"https:\/\/www.unileon.es\/directorio-y-telefonos?usuario=gerjcs\">JULIO ARMANDO CLARO SU\u00c1REZ<\/a> - T\u00c9CNICO ESPECIALISTA DE LABORATORIO<\/li>\r\n            \r\n\t\t\t\r\n                \r\n                    <li><a href=\"https:\/\/www.unileon.es\/directorio-y-telefonos?usuario=lgona\">LETICIA GONZ\u00c1LEZ ARIAS<\/a> - T\u00c9CNICO ESPECIALISTA DE LABORATORIO<\/li>\r\n            \r\n\t\t\t\r\n                \r\n                    <li><a href=\"https:\/\/www.unileon.es\/directorio-y-telefonos?usuario=gerldl\">LUC\u00cdA D\u00cdEZ LAZO<\/a> - E. ADMINISTRATIVA DE LA UNIV. DE LE\u00d3N<\/li>\r\n            \r\n\t\t\t\r\n                \r\n                    <li><a href=\"https:\/\/www.unileon.es\/directorio-y-telefonos?usuario=rmmorv\">ROSA MAR\u00cdA MORAL VIDAL<\/a> - T\u00c9CNICO ESPECIALISTA DE LABORATORIO<\/li>\r\n            \r\n\t\t\t\r\n                <\/ul>\r\n\r\n","protected":false},"excerpt":{"rendered":"","protected":false},"author":1,"featured_media":0,"parent":0,"menu_order":2,"comment_status":"closed","ping_status":"open","template":"","meta":{"ngg_post_thumbnail":0,"footnotes":""},"class_list":["post-7","page","type-page","status-publish","hentry"],"yoast_head":"<!-- This site is optimized with the Yoast SEO plugin v25.8 - https:\/\/yoast.com\/wordpress\/plugins\/seo\/ -->\n<title>Personal - Departamento de Higiene y Tecnolog\u00eda de los Alimentos<\/title>\n<meta name=\"robots\" content=\"index, follow, max-snippet:-1, max-image-preview:large, max-video-preview:-1\" \/>\n<link rel=\"canonical\" href=\"https:\/\/departamentos.unileon.es\/higiene-y-tecnologia-de-los-alimentos\/personal\/\" \/>\n<meta property=\"og:locale\" content=\"es_ES\" \/>\n<meta property=\"og:type\" content=\"article\" \/>\n<meta property=\"og:title\" content=\"Personal - Departamento de Higiene y Tecnolog\u00eda de los Alimentos\" \/>\n<meta property=\"og:url\" content=\"https:\/\/departamentos.unileon.es\/higiene-y-tecnologia-de-los-alimentos\/personal\/\" \/>\n<meta property=\"og:site_name\" content=\"Departamento de Higiene y Tecnolog\u00eda de los Alimentos\" \/>\n<meta property=\"article:modified_time\" content=\"2019-07-04T07:08:07+00:00\" \/>\n<meta name=\"twitter:card\" content=\"summary_large_image\" \/>\n<script type=\"application\/ld+json\" class=\"yoast-schema-graph\">{\"@context\":\"https:\/\/schema.org\",\"@graph\":[{\"@type\":\"WebPage\",\"@id\":\"https:\/\/departamentos.unileon.es\/higiene-y-tecnologia-de-los-alimentos\/personal\/\",\"url\":\"https:\/\/departamentos.unileon.es\/higiene-y-tecnologia-de-los-alimentos\/personal\/\",\"name\":\"Personal - Departamento de Higiene y Tecnolog\u00eda de los Alimentos\",\"isPartOf\":{\"@id\":\"https:\/\/departamentos.unileon.es\/higiene-y-tecnologia-de-los-alimentos\/#website\"},\"datePublished\":\"2010-08-17T09:00:30+00:00\",\"dateModified\":\"2019-07-04T07:08:07+00:00\",\"inLanguage\":\"es\",\"potentialAction\":[{\"@type\":\"ReadAction\",\"target\":[\"https:\/\/departamentos.unileon.es\/higiene-y-tecnologia-de-los-alimentos\/personal\/\"]}]},{\"@type\":\"WebSite\",\"@id\":\"https:\/\/departamentos.unileon.es\/higiene-y-tecnologia-de-los-alimentos\/#website\",\"url\":\"https:\/\/departamentos.unileon.es\/higiene-y-tecnologia-de-los-alimentos\/\",\"name\":\"Departamento de Higiene y Tecnolog\u00eda de los Alimentos\",\"description\":\"Otro sitio m\u00e1s de Universidad de Le\u00f3n\",\"potentialAction\":[{\"@type\":\"SearchAction\",\"target\":{\"@type\":\"EntryPoint\",\"urlTemplate\":\"https:\/\/departamentos.unileon.es\/higiene-y-tecnologia-de-los-alimentos\/?s={search_term_string}\"},\"query-input\":{\"@type\":\"PropertyValueSpecification\",\"valueRequired\":true,\"valueName\":\"search_term_string\"}}],\"inLanguage\":\"es\"}]}<\/script>\n<!-- \/ Yoast SEO plugin. -->","yoast_head_json":{"title":"Personal - Departamento de Higiene y Tecnolog\u00eda de los Alimentos","robots":{"index":"index","follow":"follow","max-snippet":"max-snippet:-1","max-image-preview":"max-image-preview:large","max-video-preview":"max-video-preview:-1"},"canonical":"https:\/\/departamentos.unileon.es\/higiene-y-tecnologia-de-los-alimentos\/personal\/","og_locale":"es_ES","og_type":"article","og_title":"Personal - Departamento de Higiene y Tecnolog\u00eda de los Alimentos","og_url":"https:\/\/departamentos.unileon.es\/higiene-y-tecnologia-de-los-alimentos\/personal\/","og_site_name":"Departamento de Higiene y Tecnolog\u00eda de los Alimentos","article_modified_time":"2019-07-04T07:08:07+00:00","twitter_card":"summary_large_image","schema":{"@context":"https:\/\/schema.org","@graph":[{"@type":"WebPage","@id":"https:\/\/departamentos.unileon.es\/higiene-y-tecnologia-de-los-alimentos\/personal\/","url":"https:\/\/departamentos.unileon.es\/higiene-y-tecnologia-de-los-alimentos\/personal\/","name":"Personal - Departamento de Higiene y Tecnolog\u00eda de los Alimentos","isPartOf":{"@id":"https:\/\/departamentos.unileon.es\/higiene-y-tecnologia-de-los-alimentos\/#website"},"datePublished":"2010-08-17T09:00:30+00:00","dateModified":"2019-07-04T07:08:07+00:00","inLanguage":"es","potentialAction":[{"@type":"ReadAction","target":["https:\/\/departamentos.unileon.es\/higiene-y-tecnologia-de-los-alimentos\/personal\/"]}]},{"@type":"WebSite","@id":"https:\/\/departamentos.unileon.es\/higiene-y-tecnologia-de-los-alimentos\/#website","url":"https:\/\/departamentos.unileon.es\/higiene-y-tecnologia-de-los-alimentos\/","name":"Departamento de Higiene y Tecnolog\u00eda de los Alimentos","description":"Otro sitio m\u00e1s de Universidad de Le\u00f3n","potentialAction":[{"@type":"SearchAction","target":{"@type":"EntryPoint","urlTemplate":"https:\/\/departamentos.unileon.es\/higiene-y-tecnologia-de-los-alimentos\/?s={search_term_string}"},"query-input":{"@type":"PropertyValueSpecification","valueRequired":true,"valueName":"search_term_string"}}],"inLanguage":"es"}]}},"_links":{"self":[{"href":"https:\/\/departamentos.unileon.es\/higiene-y-tecnologia-de-los-alimentos\/wp-json\/wp\/v2\/pages\/7","targetHints":{"allow":["GET"]}}],"collection":[{"href":"https:\/\/departamentos.unileon.es\/higiene-y-tecnologia-de-los-alimentos\/wp-json\/wp\/v2\/pages"}],"about":[{"href":"https:\/\/departamentos.unileon.es\/higiene-y-tecnologia-de-los-alimentos\/wp-json\/wp\/v2\/types\/page"}],"author":[{"embeddable":true,"href":"https:\/\/departamentos.unileon.es\/higiene-y-tecnologia-de-los-alimentos\/wp-json\/wp\/v2\/users\/1"}],"replies":[{"embeddable":true,"href":"https:\/\/departamentos.unileon.es\/higiene-y-tecnologia-de-los-alimentos\/wp-json\/wp\/v2\/comments?post=7"}],"version-history":[{"count":8,"href":"https:\/\/departamentos.unileon.es\/higiene-y-tecnologia-de-los-alimentos\/wp-json\/wp\/v2\/pages\/7\/revisions"}],"predecessor-version":[{"id":81,"href":"https:\/\/departamentos.unileon.es\/higiene-y-tecnologia-de-los-alimentos\/wp-json\/wp\/v2\/pages\/7\/revisions\/81"}],"wp:attachment":[{"href":"https:\/\/departamentos.unileon.es\/higiene-y-tecnologia-de-los-alimentos\/wp-json\/wp\/v2\/media?parent=7"}],"curies":[{"name":"wp","href":"https:\/\/api.w.org\/{rel}","templated":true}]}}