{"id":14,"date":"2010-08-17T09:16:24","date_gmt":"2010-08-17T09:16:24","guid":{"rendered":"http:\/\/departamentos.unileon.es\/higiene-y-tecnologia-de-los-alimentos\/"},"modified":"2024-11-08T12:42:18","modified_gmt":"2024-11-08T12:42:18","slug":"centros-de-docencia","status":"publish","type":"page","link":"https:\/\/departamentos.unileon.es\/higiene-y-tecnologia-de-los-alimentos\/centros-de-docencia\/","title":{"rendered":"Centros de Docencia"},"content":{"rendered":"<ul>\n \t<li><a href=\"https:\/\/centros.unileon.es\/veterinaria\/\">FACULTAD DE VETERINARIA<\/a><\/li>\n \t<li><a href=\"https:\/\/centros.unileon.es\/biologia\/\">FACULTAD DE CIENCIAS BIOLOGICAS Y AMBIENTALES<\/a><\/li>\n \t<li><a href=\"https:\/\/centros.unileon.es\/eiaf\/\">ESCUELA DE INGENIER\u00cdA AGRARIA Y FORESTAL<\/a><\/li>\n \t<li><a href=\"https:\/\/centros.unileon.es\/educacion\/\">FACULTAD DE EDUCACION<\/a><\/li>\n \t<li><a href=\"https:\/\/centros.unileon.es\/cienciasdelasalud\/\">FACULTAD DE CIENCIAS DE LA SALUD<\/a><\/li>\n<\/ul>","protected":false},"excerpt":{"rendered":"<p>FACULTAD DE VETERINARIA FACULTAD DE CIENCIAS BIOLOGICAS Y AMBIENTALES ESCUELA DE INGENIER\u00cdA AGRARIA Y FORESTAL FACULTAD DE EDUCACION FACULTAD DE CIENCIAS DE LA SALUD<\/p>\n","protected":false},"author":20,"featured_media":0,"parent":0,"menu_order":5,"comment_status":"closed","ping_status":"open","template":"","meta":{"ngg_post_thumbnail":0,"footnotes":""},"class_list":["post-14","page","type-page","status-publish","hentry"],"yoast_head":"<!-- This site is optimized with the Yoast SEO plugin v25.8 - https:\/\/yoast.com\/wordpress\/plugins\/seo\/ -->\n<title>Centros de Docencia - Departamento de Higiene y Tecnolog\u00eda de los Alimentos<\/title>\n<meta name=\"robots\" content=\"index, follow, max-snippet:-1, max-image-preview:large, max-video-preview:-1\" \/>\n<link rel=\"canonical\" href=\"https:\/\/departamentos.unileon.es\/higiene-y-tecnologia-de-los-alimentos\/centros-de-docencia\/\" \/>\n<meta property=\"og:locale\" content=\"es_ES\" \/>\n<meta property=\"og:type\" content=\"article\" \/>\n<meta property=\"og:title\" content=\"Centros de Docencia - Departamento de Higiene y Tecnolog\u00eda de los Alimentos\" \/>\n<meta property=\"og:description\" content=\"FACULTAD DE VETERINARIA FACULTAD DE CIENCIAS BIOLOGICAS Y AMBIENTALES ESCUELA DE INGENIER\u00cdA AGRARIA Y FORESTAL FACULTAD DE EDUCACION FACULTAD DE CIENCIAS DE LA SALUD\" \/>\n<meta property=\"og:url\" content=\"https:\/\/departamentos.unileon.es\/higiene-y-tecnologia-de-los-alimentos\/centros-de-docencia\/\" \/>\n<meta property=\"og:site_name\" content=\"Departamento de Higiene y Tecnolog\u00eda de los Alimentos\" \/>\n<meta property=\"article:modified_time\" content=\"2024-11-08T12:42:18+00:00\" \/>\n<meta name=\"twitter:card\" content=\"summary_large_image\" \/>\n<meta name=\"twitter:label1\" content=\"Tiempo de lectura\" \/>\n\t<meta name=\"twitter:data1\" content=\"1 minuto\" \/>\n<script type=\"application\/ld+json\" class=\"yoast-schema-graph\">{\"@context\":\"https:\/\/schema.org\",\"@graph\":[{\"@type\":\"WebPage\",\"@id\":\"https:\/\/departamentos.unileon.es\/higiene-y-tecnologia-de-los-alimentos\/centros-de-docencia\/\",\"url\":\"https:\/\/departamentos.unileon.es\/higiene-y-tecnologia-de-los-alimentos\/centros-de-docencia\/\",\"name\":\"Centros de Docencia - Departamento de Higiene y Tecnolog\u00eda de los Alimentos\",\"isPartOf\":{\"@id\":\"https:\/\/departamentos.unileon.es\/higiene-y-tecnologia-de-los-alimentos\/#website\"},\"datePublished\":\"2010-08-17T09:16:24+00:00\",\"dateModified\":\"2024-11-08T12:42:18+00:00\",\"inLanguage\":\"es\",\"potentialAction\":[{\"@type\":\"ReadAction\",\"target\":[\"https:\/\/departamentos.unileon.es\/higiene-y-tecnologia-de-los-alimentos\/centros-de-docencia\/\"]}]},{\"@type\":\"WebSite\",\"@id\":\"https:\/\/departamentos.unileon.es\/higiene-y-tecnologia-de-los-alimentos\/#website\",\"url\":\"https:\/\/departamentos.unileon.es\/higiene-y-tecnologia-de-los-alimentos\/\",\"name\":\"Departamento de Higiene y Tecnolog\u00eda de los Alimentos\",\"description\":\"Otro sitio m\u00e1s de Universidad de Le\u00f3n\",\"potentialAction\":[{\"@type\":\"SearchAction\",\"target\":{\"@type\":\"EntryPoint\",\"urlTemplate\":\"https:\/\/departamentos.unileon.es\/higiene-y-tecnologia-de-los-alimentos\/?s={search_term_string}\"},\"query-input\":{\"@type\":\"PropertyValueSpecification\",\"valueRequired\":true,\"valueName\":\"search_term_string\"}}],\"inLanguage\":\"es\"}]}<\/script>\n<!-- \/ Yoast SEO plugin. -->","yoast_head_json":{"title":"Centros de Docencia - Departamento de Higiene y Tecnolog\u00eda de los Alimentos","robots":{"index":"index","follow":"follow","max-snippet":"max-snippet:-1","max-image-preview":"max-image-preview:large","max-video-preview":"max-video-preview:-1"},"canonical":"https:\/\/departamentos.unileon.es\/higiene-y-tecnologia-de-los-alimentos\/centros-de-docencia\/","og_locale":"es_ES","og_type":"article","og_title":"Centros de Docencia - Departamento de Higiene y Tecnolog\u00eda de los Alimentos","og_description":"FACULTAD DE VETERINARIA FACULTAD DE CIENCIAS BIOLOGICAS Y AMBIENTALES ESCUELA DE INGENIER\u00cdA AGRARIA Y FORESTAL FACULTAD DE EDUCACION FACULTAD DE CIENCIAS DE LA SALUD","og_url":"https:\/\/departamentos.unileon.es\/higiene-y-tecnologia-de-los-alimentos\/centros-de-docencia\/","og_site_name":"Departamento de Higiene y Tecnolog\u00eda de los Alimentos","article_modified_time":"2024-11-08T12:42:18+00:00","twitter_card":"summary_large_image","twitter_misc":{"Tiempo de lectura":"1 minuto"},"schema":{"@context":"https:\/\/schema.org","@graph":[{"@type":"WebPage","@id":"https:\/\/departamentos.unileon.es\/higiene-y-tecnologia-de-los-alimentos\/centros-de-docencia\/","url":"https:\/\/departamentos.unileon.es\/higiene-y-tecnologia-de-los-alimentos\/centros-de-docencia\/","name":"Centros de Docencia - Departamento de Higiene y Tecnolog\u00eda de los Alimentos","isPartOf":{"@id":"https:\/\/departamentos.unileon.es\/higiene-y-tecnologia-de-los-alimentos\/#website"},"datePublished":"2010-08-17T09:16:24+00:00","dateModified":"2024-11-08T12:42:18+00:00","inLanguage":"es","potentialAction":[{"@type":"ReadAction","target":["https:\/\/departamentos.unileon.es\/higiene-y-tecnologia-de-los-alimentos\/centros-de-docencia\/"]}]},{"@type":"WebSite","@id":"https:\/\/departamentos.unileon.es\/higiene-y-tecnologia-de-los-alimentos\/#website","url":"https:\/\/departamentos.unileon.es\/higiene-y-tecnologia-de-los-alimentos\/","name":"Departamento de Higiene y Tecnolog\u00eda de los Alimentos","description":"Otro sitio m\u00e1s de Universidad de Le\u00f3n","potentialAction":[{"@type":"SearchAction","target":{"@type":"EntryPoint","urlTemplate":"https:\/\/departamentos.unileon.es\/higiene-y-tecnologia-de-los-alimentos\/?s={search_term_string}"},"query-input":{"@type":"PropertyValueSpecification","valueRequired":true,"valueName":"search_term_string"}}],"inLanguage":"es"}]}},"_links":{"self":[{"href":"https:\/\/departamentos.unileon.es\/higiene-y-tecnologia-de-los-alimentos\/wp-json\/wp\/v2\/pages\/14","targetHints":{"allow":["GET"]}}],"collection":[{"href":"https:\/\/departamentos.unileon.es\/higiene-y-tecnologia-de-los-alimentos\/wp-json\/wp\/v2\/pages"}],"about":[{"href":"https:\/\/departamentos.unileon.es\/higiene-y-tecnologia-de-los-alimentos\/wp-json\/wp\/v2\/types\/page"}],"author":[{"embeddable":true,"href":"https:\/\/departamentos.unileon.es\/higiene-y-tecnologia-de-los-alimentos\/wp-json\/wp\/v2\/users\/20"}],"replies":[{"embeddable":true,"href":"https:\/\/departamentos.unileon.es\/higiene-y-tecnologia-de-los-alimentos\/wp-json\/wp\/v2\/comments?post=14"}],"version-history":[{"count":8,"href":"https:\/\/departamentos.unileon.es\/higiene-y-tecnologia-de-los-alimentos\/wp-json\/wp\/v2\/pages\/14\/revisions"}],"predecessor-version":[{"id":102,"href":"https:\/\/departamentos.unileon.es\/higiene-y-tecnologia-de-los-alimentos\/wp-json\/wp\/v2\/pages\/14\/revisions\/102"}],"wp:attachment":[{"href":"https:\/\/departamentos.unileon.es\/higiene-y-tecnologia-de-los-alimentos\/wp-json\/wp\/v2\/media?parent=14"}],"curies":[{"name":"wp","href":"https:\/\/api.w.org\/{rel}","templated":true}]}}