{"id":12,"date":"2010-08-17T09:15:58","date_gmt":"2010-08-17T09:15:58","guid":{"rendered":"http:\/\/departamentos.unileon.es\/higiene-y-tecnologia-de-los-alimentos\/"},"modified":"2019-07-04T07:08:38","modified_gmt":"2019-07-04T07:08:38","slug":"asignaturas-impartidas","status":"publish","type":"page","link":"https:\/\/departamentos.unileon.es\/higiene-y-tecnologia-de-los-alimentos\/asignaturas-impartidas\/","title":{"rendered":"Asignaturas Impartidas"},"content":{"rendered":"\r\n\r\n<h2>Estudios: Grado<\/h2>\r\n\r\n<h4>0106 GRADO EN VETERINARIA                         <\/h4>\r\n    <ul>\r\n            <li><a href=\"https:\/\/www.unileon.es\/estudiantes\/estudios\/oferta-de-estudios\/planes?curso=2024&id=0106040\">HIGIENE, INSPECCI\u00f3N Y SEGURIDAD ALIMENTARIA                                                         <\/a><\/li>\r\n            <li><a href=\"https:\/\/www.unileon.es\/estudiantes\/estudios\/oferta-de-estudios\/planes?curso=2024&id=0106044\">ROTATORIO HIGIENE Y TECNOLOG\u00edA DE LOS ALIMENTOS                                                     <\/a><\/li>\r\n            <li><a href=\"https:\/\/www.unileon.es\/estudiantes\/estudios\/oferta-de-estudios\/planes?curso=2024&id=0106041\">TECNOLOG\u00cdA DE LOS ALIMENTOS                                                                         <\/a><\/li>\r\n        <\/ul>\r\n<br>\r\n\r\n<h4>0107 G. CIENCIA Y TECN. DE LOS ALIMENTOS          <\/h4>\r\n    <ul>\r\n            <li><a href=\"https:\/\/www.unileon.es\/estudiantes\/estudios\/oferta-de-estudios\/planes?curso=2024&id=0107130\">BIOTECNOLOG\u00edA ALIMENTARIA                                                                           <\/a><\/li>\r\n            <li><a href=\"https:\/\/www.unileon.es\/estudiantes\/estudios\/oferta-de-estudios\/planes?curso=2024&id=0107146\">T\u00e9CNICAS R\u00e1PIDAS DE AN\u00e1LISIS MICROBIOL\u00f3GICO DE LOS ALIMENTOS                                        <\/a><\/li>\r\n            <li><a href=\"https:\/\/www.unileon.es\/estudiantes\/estudios\/oferta-de-estudios\/planes?curso=2024&id=0107131\">TECNOLOG\u00edA DEL ENVASADO                                                                             <\/a><\/li>\r\n            <li><a href=\"https:\/\/www.unileon.es\/estudiantes\/estudios\/oferta-de-estudios\/planes?curso=2024&id=0107110\">AN\u00e1LISIS DE LOS ALIMENTOS                                                                           <\/a><\/li>\r\n            <li><a href=\"https:\/\/www.unileon.es\/estudiantes\/estudios\/oferta-de-estudios\/planes?curso=2024&id=0107115\">COMPOSICI\u00f3N Y PROPIEDADES DE LOS ALIMENTOS                                                          <\/a><\/li>\r\n            <li><a href=\"https:\/\/www.unileon.es\/estudiantes\/estudios\/oferta-de-estudios\/planes?curso=2024&id=0107113\">FUNDAMENTOS DE LA NUTRICI\u00f3N                                                                         <\/a><\/li>\r\n            <li><a href=\"https:\/\/www.unileon.es\/estudiantes\/estudios\/oferta-de-estudios\/planes?curso=2024&id=0107109\">MICROBIOLOG\u00edA DE LOS ALIMENTOS                                                                      <\/a><\/li>\r\n            <li><a href=\"https:\/\/www.unileon.es\/estudiantes\/estudios\/oferta-de-estudios\/planes?curso=2024&id=0107114\">QU\u00edMICA Y BIOQU\u00edMICA DE LOS ALIMENTOS                                                               <\/a><\/li>\r\n            <li><a href=\"https:\/\/www.unileon.es\/estudiantes\/estudios\/oferta-de-estudios\/planes?curso=2024&id=0107123\">NUTRICI\u00f3N APLICADA                                                                                  <\/a><\/li>\r\n            <li><a href=\"https:\/\/www.unileon.es\/estudiantes\/estudios\/oferta-de-estudios\/planes?curso=2024&id=0107120\">TECNOLOG\u00edA ALIMENTARIA GENERAL                                                                      <\/a><\/li>\r\n            <li><a href=\"https:\/\/www.unileon.es\/estudiantes\/estudios\/oferta-de-estudios\/planes?curso=2024&id=0107125\">TECNOLOG\u00edA DE LA CARNE Y DEL PESCADO                                                                <\/a><\/li>\r\n            <li><a href=\"https:\/\/www.unileon.es\/estudiantes\/estudios\/oferta-de-estudios\/planes?curso=2024&id=0107126\">TECNOLOG\u00edA DE LA LECHE Y PRODUCTOS L\u00e1CTEOS                                                          <\/a><\/li>\r\n            <li><a href=\"https:\/\/www.unileon.es\/estudiantes\/estudios\/oferta-de-estudios\/planes?curso=2024&id=0107127\">TECNOLOG\u00edA DE LAS FRUTAS Y HORTALIZAS                                                               <\/a><\/li>\r\n            <li><a href=\"https:\/\/www.unileon.es\/estudiantes\/estudios\/oferta-de-estudios\/planes?curso=2024&id=0107129\">TECNOLOG\u00edA DE LOS CEREALES, ACEITES Y GRASAS VEGETALES                                              <\/a><\/li>\r\n            <li><a href=\"https:\/\/www.unileon.es\/estudiantes\/estudios\/oferta-de-estudios\/planes?curso=2024&id=0107128\">TECNOLOG\u00edAS DE LAS BEBIDAS ALCOH\u00f3LICAS                                                              <\/a><\/li>\r\n            <li><a href=\"https:\/\/www.unileon.es\/estudiantes\/estudios\/oferta-de-estudios\/planes?curso=2024&id=0107134\">CALIDAD DE LOS ALIMENTOS Y SU GESTI\u00f3N EN LA INDUSTRIA ALIMENTARIA                                   <\/a><\/li>\r\n            <li><a href=\"https:\/\/www.unileon.es\/estudiantes\/estudios\/oferta-de-estudios\/planes?curso=2024&id=0107143\">DISE\u00f1O DE PRODUCTOS ALIMENTICIOS                                                                    <\/a><\/li>\r\n            <li><a href=\"https:\/\/www.unileon.es\/estudiantes\/estudios\/oferta-de-estudios\/planes?curso=2024&id=0107142\">EVALUACI\u00f3N DEL RIESGO                                                                               <\/a><\/li>\r\n            <li><a href=\"https:\/\/www.unileon.es\/estudiantes\/estudios\/oferta-de-estudios\/planes?curso=2024&id=0107133\">GESTI\u00f3N DE LA SEGURIDAD ALIMENTARIA                                                                 <\/a><\/li>\r\n            <li><a href=\"https:\/\/www.unileon.es\/estudiantes\/estudios\/oferta-de-estudios\/planes?curso=2024&id=0107135\">NORMALIZACI\u00f3N Y LEGISLACI\u00f3N ALIMENTARIA, DEONTOLOG\u00edA                                                <\/a><\/li>\r\n            <li><a href=\"https:\/\/www.unileon.es\/estudiantes\/estudios\/oferta-de-estudios\/planes?curso=2024&id=0107139\">NUEVAS TECNOLOG\u00edAS DE CONSERVACI\u00f3N ALIMENTARIA                                                      <\/a><\/li>\r\n            <li><a href=\"https:\/\/www.unileon.es\/estudiantes\/estudios\/oferta-de-estudios\/planes?curso=2024&id=0107147\">PR\u00e1CTICAS EXTERNAS                                                                                  <\/a><\/li>\r\n            <li><a href=\"https:\/\/www.unileon.es\/estudiantes\/estudios\/oferta-de-estudios\/planes?curso=2024&id=0107140\">QU\u00edMICA Y TECNOLOG\u00edA CULINARIA                                                                      <\/a><\/li>\r\n            <li><a href=\"https:\/\/www.unileon.es\/estudiantes\/estudios\/oferta-de-estudios\/planes?curso=2024&id=0107177\">TRABAJO FIN DE GRADO                                                                                <\/a><\/li>\r\n        <\/ul>\r\n<br>\r\n\r\n<h4>0108 GRADO EN CIENCIAS GASTRON\u00f3MICAS<\/h4>\r\n    <ul>\r\n            <li><a href=\"https:\/\/www.unileon.es\/estudiantes\/estudios\/oferta-de-estudios\/planes?curso=2024&id=0108007\">BIOQU\u00edMICA DE LOS ALIMENTOS                                                                         <\/a><\/li>\r\n            <li><a href=\"https:\/\/www.unileon.es\/estudiantes\/estudios\/oferta-de-estudios\/planes?curso=2024&id=0108008\">MICROBIOLOG\u00edA DE LOS ALIMENTOS                                                                      <\/a><\/li>\r\n        <\/ul>\r\n<br>\r\n\r\n<h4>0208 - GRADO EN BIOTECNOLOG\u00cdA<\/h4>\r\n    <ul>\r\n            <li><a href=\"https:\/\/www.unileon.es\/estudiantes\/estudios\/oferta-de-estudios\/planes?curso=2024&id=0208049\">BIOTECNOLOG\u00cdA ALIMENTARIA                                                                           <\/a><\/li>\r\n        <\/ul>\r\n<br>\r\n\r\n<h4>0914 - GRADO EN INGENIERIA AGRARIA<\/h4>\r\n    <ul>\r\n            <li><a href=\"https:\/\/www.unileon.es\/estudiantes\/estudios\/oferta-de-estudios\/planes?curso=2024&id=0914155\">CONTROL MICROBIOL\u00d3GICO E HIGI\u00c9NICO EN LAS INDUSTRIAS AGROALIMENTARIAS                               <\/a><\/li>\r\n            <li><a href=\"https:\/\/www.unileon.es\/estudiantes\/estudios\/oferta-de-estudios\/planes?curso=2024&id=0914158\">PROCESOS EN INDUSTRIAS ALIMENTARIAS                                                                 <\/a><\/li>\r\n            <li><a href=\"https:\/\/www.unileon.es\/estudiantes\/estudios\/oferta-de-estudios\/planes?curso=2024&id=0914154\">PROPIEDADES DE LOS ALIMENTOS                                                                        <\/a><\/li>\r\n            <li><a href=\"https:\/\/www.unileon.es\/estudiantes\/estudios\/oferta-de-estudios\/planes?curso=2024&id=0914168\">ALIMENTACI\u00d3N, NUTRICI\u00d3N Y SALUD                                                                     <\/a><\/li>\r\n            <li><a href=\"https:\/\/www.unileon.es\/estudiantes\/estudios\/oferta-de-estudios\/planes?curso=2024&id=0914164\">AN\u00c1LISIS DE LOS ALIMENTOS                                                                           <\/a><\/li>\r\n            <li><a href=\"https:\/\/www.unileon.es\/estudiantes\/estudios\/oferta-de-estudios\/planes?curso=2024&id=0914169\">INDUSTRIAS DE ALIMENTOS DE ORIGEN ANIMAL                                                            <\/a><\/li>\r\n            <li><a href=\"https:\/\/www.unileon.es\/estudiantes\/estudios\/oferta-de-estudios\/planes?curso=2024&id=0914174\">INDUSTRIAS DE ALIMENTOS DE ORIGEN VEGETAL                                                           <\/a><\/li>\r\n            <li><a href=\"https:\/\/www.unileon.es\/estudiantes\/estudios\/oferta-de-estudios\/planes?curso=2024&id=0914172\">PR\u00c1CTICUM DE HIGIENE Y TECNOLOG\u00cdA DE LOS ALIMENTOS                                                  <\/a><\/li>\r\n            <li><a href=\"https:\/\/www.unileon.es\/estudiantes\/estudios\/oferta-de-estudios\/planes?curso=2024&id=0914162\">SEGURIDAD ALIMENTARIA                                                                               <\/a><\/li>\r\n        <\/ul>\r\n<br>\r\n\r\n<h4>1012 - GRADO EN EDUCACI\u00d3N INFANTIL<\/h4>\r\n    <ul>\r\n            <li><a href=\"https:\/\/www.unileon.es\/estudiantes\/estudios\/oferta-de-estudios\/planes?curso=2024&id=1012009\">NUTRICI\u00d3N Y DESARROLLO                                                                              <\/a><\/li>\r\n        <\/ul>\r\n<br>\r\n\r\n<h4>1014 - GRADO EN EDUCACI\u00d3N SOCIAL<\/h4>\r\n    <ul>\r\n            <li><a href=\"https:\/\/www.unileon.es\/estudiantes\/estudios\/oferta-de-estudios\/planes?curso=2024&id=1014033\">EDUCACI\u00d3N PARA LA SALUD                                                                             <\/a><\/li>\r\n        <\/ul>\r\n<br>\r\n\r\n<h4>1105 - GRADO EN ENFERMER\u00cdA<\/h4>\r\n    <ul>\r\n            <li><a href=\"https:\/\/www.unileon.es\/estudiantes\/estudios\/oferta-de-estudios\/planes?curso=2024&id=1105006\">NUTRICI\u00d3N, ALIMENTACI\u00d3N Y DIET\u00c9TICA                                                                 <\/a><\/li>\r\n            <li><a href=\"https:\/\/www.unileon.es\/estudiantes\/estudios\/oferta-de-estudios\/planes?curso=2024&id=1105031\">ALIMENTACION Y SALUD                                                                                <\/a><\/li>\r\n        <\/ul>\r\n<br>\r\n\r\n<h4>1106 - GRADO EN ENFERMER\u00cdA (PONFERRADA)<\/h4>\r\n    <ul>\r\n            <li><a href=\"https:\/\/www.unileon.es\/estudiantes\/estudios\/oferta-de-estudios\/planes?curso=2024&id=1106006\">NUTRICI\u00d3N, ALIMENTACI\u00d3N Y DIET\u00c9TICA                                                                 <\/a><\/li>\r\n            <li><a href=\"https:\/\/www.unileon.es\/estudiantes\/estudios\/oferta-de-estudios\/planes?curso=2024&id=1106031\">ALIMENTACION Y SALUD                                                                                <\/a><\/li>\r\n        <\/ul>\r\n<br>\r\n\r\n<h4>1107 - GRADO EN FISIOTERAPIA (PONFERRADA)<\/h4>\r\n    <ul>\r\n            <li><a href=\"https:\/\/www.unileon.es\/estudiantes\/estudios\/oferta-de-estudios\/planes?curso=2024&id=1107038\">FUNDAMENTOS DE NUTRICION Y SU APLICACION EN LA ACTIVIDAD FISICA                                     <\/a><\/li>\r\n        <\/ul>\r\n<br>\r\n\r\n<h4>1109 - GRADO EN NUTRICI\u00d3N Y DIET\u00c9TICA (PONFERRADA)<\/h4>\r\n    <ul>\r\n            <li><a href=\"https:\/\/www.unileon.es\/estudiantes\/estudios\/oferta-de-estudios\/planes?curso=2024&id=1109010\">ALIMENTACI\u00d3N Y NUTRICI\u00d3N HUMANA                                                                     <\/a><\/li>\r\n            <li><a href=\"https:\/\/www.unileon.es\/estudiantes\/estudios\/oferta-de-estudios\/planes?curso=2024&id=1109018\">BIOQU\u00cdMICA Y TECNOLOG\u00edA DE LOS ALIMENTOS                                                            <\/a><\/li>\r\n            <li><a href=\"https:\/\/www.unileon.es\/estudiantes\/estudios\/oferta-de-estudios\/planes?curso=2024&id=1109013\">BROMATOLOG\u00edA Y AN\u00e1LISIS DE LOS ALIMENTOS                                                            <\/a><\/li>\r\n            <li><a href=\"https:\/\/www.unileon.es\/estudiantes\/estudios\/oferta-de-estudios\/planes?curso=2024&id=1109016\">DIET\u00c9TICA                                                                                           <\/a><\/li>\r\n            <li><a href=\"https:\/\/www.unileon.es\/estudiantes\/estudios\/oferta-de-estudios\/planes?curso=2024&id=1109019\">HIGIENE Y SEGURIDAD ALIMENTARIA                                                                     <\/a><\/li>\r\n            <li><a href=\"https:\/\/www.unileon.es\/estudiantes\/estudios\/oferta-de-estudios\/planes?curso=2024&id=1109014\">MICROBIOLOG\u00cdA Y PARASITOLOG\u00cdA DE LOS ALIMENTOS                                                      <\/a><\/li>\r\n            <li><a href=\"https:\/\/www.unileon.es\/estudiantes\/estudios\/oferta-de-estudios\/planes?curso=2024&id=1109017\">NUTRICI\u00d3N EN EL CICLO VITAL                                                                         <\/a><\/li>\r\n        <\/ul>\r\n<br>\r\n<h2>Estudios: Master Oficial<\/h2>\r\n\r\n<h4>0105 MU.INVES.EN VETER. Y C.Y TEC.DE LOS ALIMENTOS<\/h4>\r\n    <ul>\r\n            <li><a href=\"https:\/\/www.unileon.es\/estudiantes\/estudios\/oferta-de-estudios\/planes?curso=2024&id=0105038\">INVESTIGACI\u00d3N, DESARROLLO E INNOVACI\u00d3N EN TECNOLOG\u00cdA DE LOS ALIMENTOS DE ORIGEN ANIMAL              <\/a><\/li>\r\n            <li><a href=\"https:\/\/www.unileon.es\/estudiantes\/estudios\/oferta-de-estudios\/planes?curso=2024&id=0105040\">INVESTIGACI\u00d3N, DESARROLLO E INNOVACI\u00d3N EN TECNOLOG\u00cdA DE LOS ALIMENTOS DE ORIGEN VEGETAL             <\/a><\/li>\r\n            <li><a href=\"https:\/\/www.unileon.es\/estudiantes\/estudios\/oferta-de-estudios\/planes?curso=2024&id=0105035\">METODOLOG\u00cdAS INNOVADORAS PARA LA EVALUACI\u00d3N DE RIESGOS ASOCIADOS AL CONSUMODE ALIMENTOS             <\/a><\/li>\r\n            <li><a href=\"https:\/\/www.unileon.es\/estudiantes\/estudios\/oferta-de-estudios\/planes?curso=2024&id=0105036\">M\u00c9TODOS ANAL\u00cdTICOS APLICADOS EN LA INVESTIGACI\u00d3N DE ALIMENTOS                                       <\/a><\/li>\r\n            <li><a href=\"https:\/\/www.unileon.es\/estudiantes\/estudios\/oferta-de-estudios\/planes?curso=2024&id=0105037\">OPTIMIZACI\u00d3N DE LAS ESTRATEGIAS PARA ASEGURAR LA INOCUIDAD DE LOS ALIMENTOS                         <\/a><\/li>\r\n            <li><a href=\"https:\/\/www.unileon.es\/estudiantes\/estudios\/oferta-de-estudios\/planes?curso=2024&id=0105039\">T\u00c9CNICAS AVANZADAS DE AN\u00c1LISIS MICROBIOL\u00d3GICO DE LOS ALIMENTOS                                      <\/a><\/li>\r\n        <\/ul>\r\n<br>\r\n\r\n<h4>0913 - MASTER UNIV. INGENIER\u00cdA AGRON\u00d3MICA<\/h4>\r\n    <ul>\r\n            <li><a href=\"https:\/\/www.unileon.es\/estudiantes\/estudios\/oferta-de-estudios\/planes?curso=2024&id=0913013\">PROCESOS TECNOL\u00d3GICOS EN LAS INDUSTRIAS AGROALIMENTARIAS                                            <\/a><\/li>\r\n            <li><a href=\"https:\/\/www.unileon.es\/estudiantes\/estudios\/oferta-de-estudios\/planes?curso=2024&id=0913020\">CALIDAD Y SEGURIDAD ALIMENTARIA                                                                     <\/a><\/li>\r\n        <\/ul>\r\n<br>\r\n\r\n<h4>1718 M.U.COOPERACI\u00d3N INTERNACIONAL AL DESARROLLO  <\/h4>\r\n    <ul>\r\n    \r\n        <li><a href=\"https:\/\/www.unileon.es\/estudiantes\/estudiantes-grado\/oferta-de-estudios\/planes?curso=2024&id=1718118\">SOBERAN\u00cdA ALIMENTARIA Y SISTEMAS ALIMENTARIOS SOSTENIBLES                                           <\/a><\/li>\r\n        <\/ul>\r\n<br>\r\n\r\n<h4>1740 - MASTER UNIVERSITARIO EN ENVEJECIMIENTO SALUDABLE Y CALIDAD DE VIDA<\/h4>\r\n    <ul>\r\n    \r\n        <li><a href=\"https:\/\/www.unileon.es\/estudiantes\/estudiantes-grado\/oferta-de-estudios\/planes?curso=2024&id=1740014\">NUTRICI\u00d3N, ENVEJECIMIENTO Y ANTIAGING                                                               <\/a><\/li>\r\n        <\/ul>\r\n<br>\r\n\r\n<h4>1741 - MASTER UNIVERSITARIO EN ENVEJECIENTO SALUDABLE Y CALIDAD DE VIDA (OL)<\/h4>\r\n    <ul>\r\n    \r\n        <li><a href=\"https:\/\/www.unileon.es\/estudiantes\/estudiantes-grado\/oferta-de-estudios\/planes?curso=2024&id=1741014\">NUTRICI\u00d3N, ENVEJECIMIENTO Y ANTIAGING                                                               <\/a><\/li>\r\n        <\/ul>\r\n<br>\r\n","protected":false},"excerpt":{"rendered":"","protected":false},"author":1,"featured_media":0,"parent":0,"menu_order":4,"comment_status":"closed","ping_status":"open","template":"","meta":{"ngg_post_thumbnail":0,"footnotes":""},"class_list":["post-12","page","type-page","status-publish","hentry"],"yoast_head":"<!-- This site is optimized with the Yoast SEO plugin v25.8 - https:\/\/yoast.com\/wordpress\/plugins\/seo\/ -->\n<title>Asignaturas Impartidas - Departamento de Higiene y Tecnolog\u00eda de los Alimentos<\/title>\n<meta name=\"robots\" content=\"index, follow, max-snippet:-1, max-image-preview:large, max-video-preview:-1\" \/>\n<link rel=\"canonical\" href=\"https:\/\/departamentos.unileon.es\/higiene-y-tecnologia-de-los-alimentos\/asignaturas-impartidas\/\" \/>\n<meta property=\"og:locale\" content=\"es_ES\" \/>\n<meta property=\"og:type\" content=\"article\" \/>\n<meta property=\"og:title\" content=\"Asignaturas Impartidas - Departamento de Higiene y Tecnolog\u00eda de los Alimentos\" \/>\n<meta property=\"og:url\" content=\"https:\/\/departamentos.unileon.es\/higiene-y-tecnologia-de-los-alimentos\/asignaturas-impartidas\/\" \/>\n<meta property=\"og:site_name\" content=\"Departamento de Higiene y Tecnolog\u00eda de los Alimentos\" \/>\n<meta property=\"article:modified_time\" content=\"2019-07-04T07:08:38+00:00\" \/>\n<meta name=\"twitter:card\" content=\"summary_large_image\" \/>\n<script type=\"application\/ld+json\" class=\"yoast-schema-graph\">{\"@context\":\"https:\/\/schema.org\",\"@graph\":[{\"@type\":\"WebPage\",\"@id\":\"https:\/\/departamentos.unileon.es\/higiene-y-tecnologia-de-los-alimentos\/asignaturas-impartidas\/\",\"url\":\"https:\/\/departamentos.unileon.es\/higiene-y-tecnologia-de-los-alimentos\/asignaturas-impartidas\/\",\"name\":\"Asignaturas Impartidas - Departamento de Higiene y Tecnolog\u00eda de los Alimentos\",\"isPartOf\":{\"@id\":\"https:\/\/departamentos.unileon.es\/higiene-y-tecnologia-de-los-alimentos\/#website\"},\"datePublished\":\"2010-08-17T09:15:58+00:00\",\"dateModified\":\"2019-07-04T07:08:38+00:00\",\"inLanguage\":\"es\",\"potentialAction\":[{\"@type\":\"ReadAction\",\"target\":[\"https:\/\/departamentos.unileon.es\/higiene-y-tecnologia-de-los-alimentos\/asignaturas-impartidas\/\"]}]},{\"@type\":\"WebSite\",\"@id\":\"https:\/\/departamentos.unileon.es\/higiene-y-tecnologia-de-los-alimentos\/#website\",\"url\":\"https:\/\/departamentos.unileon.es\/higiene-y-tecnologia-de-los-alimentos\/\",\"name\":\"Departamento de Higiene y Tecnolog\u00eda de los Alimentos\",\"description\":\"Otro sitio m\u00e1s de Universidad de Le\u00f3n\",\"potentialAction\":[{\"@type\":\"SearchAction\",\"target\":{\"@type\":\"EntryPoint\",\"urlTemplate\":\"https:\/\/departamentos.unileon.es\/higiene-y-tecnologia-de-los-alimentos\/?s={search_term_string}\"},\"query-input\":{\"@type\":\"PropertyValueSpecification\",\"valueRequired\":true,\"valueName\":\"search_term_string\"}}],\"inLanguage\":\"es\"}]}<\/script>\n<!-- \/ Yoast SEO plugin. -->","yoast_head_json":{"title":"Asignaturas Impartidas - Departamento de Higiene y Tecnolog\u00eda de los Alimentos","robots":{"index":"index","follow":"follow","max-snippet":"max-snippet:-1","max-image-preview":"max-image-preview:large","max-video-preview":"max-video-preview:-1"},"canonical":"https:\/\/departamentos.unileon.es\/higiene-y-tecnologia-de-los-alimentos\/asignaturas-impartidas\/","og_locale":"es_ES","og_type":"article","og_title":"Asignaturas Impartidas - Departamento de Higiene y Tecnolog\u00eda de los Alimentos","og_url":"https:\/\/departamentos.unileon.es\/higiene-y-tecnologia-de-los-alimentos\/asignaturas-impartidas\/","og_site_name":"Departamento de Higiene y Tecnolog\u00eda de los Alimentos","article_modified_time":"2019-07-04T07:08:38+00:00","twitter_card":"summary_large_image","schema":{"@context":"https:\/\/schema.org","@graph":[{"@type":"WebPage","@id":"https:\/\/departamentos.unileon.es\/higiene-y-tecnologia-de-los-alimentos\/asignaturas-impartidas\/","url":"https:\/\/departamentos.unileon.es\/higiene-y-tecnologia-de-los-alimentos\/asignaturas-impartidas\/","name":"Asignaturas Impartidas - Departamento de Higiene y Tecnolog\u00eda de los Alimentos","isPartOf":{"@id":"https:\/\/departamentos.unileon.es\/higiene-y-tecnologia-de-los-alimentos\/#website"},"datePublished":"2010-08-17T09:15:58+00:00","dateModified":"2019-07-04T07:08:38+00:00","inLanguage":"es","potentialAction":[{"@type":"ReadAction","target":["https:\/\/departamentos.unileon.es\/higiene-y-tecnologia-de-los-alimentos\/asignaturas-impartidas\/"]}]},{"@type":"WebSite","@id":"https:\/\/departamentos.unileon.es\/higiene-y-tecnologia-de-los-alimentos\/#website","url":"https:\/\/departamentos.unileon.es\/higiene-y-tecnologia-de-los-alimentos\/","name":"Departamento de Higiene y Tecnolog\u00eda de los Alimentos","description":"Otro sitio m\u00e1s de Universidad de Le\u00f3n","potentialAction":[{"@type":"SearchAction","target":{"@type":"EntryPoint","urlTemplate":"https:\/\/departamentos.unileon.es\/higiene-y-tecnologia-de-los-alimentos\/?s={search_term_string}"},"query-input":{"@type":"PropertyValueSpecification","valueRequired":true,"valueName":"search_term_string"}}],"inLanguage":"es"}]}},"_links":{"self":[{"href":"https:\/\/departamentos.unileon.es\/higiene-y-tecnologia-de-los-alimentos\/wp-json\/wp\/v2\/pages\/12","targetHints":{"allow":["GET"]}}],"collection":[{"href":"https:\/\/departamentos.unileon.es\/higiene-y-tecnologia-de-los-alimentos\/wp-json\/wp\/v2\/pages"}],"about":[{"href":"https:\/\/departamentos.unileon.es\/higiene-y-tecnologia-de-los-alimentos\/wp-json\/wp\/v2\/types\/page"}],"author":[{"embeddable":true,"href":"https:\/\/departamentos.unileon.es\/higiene-y-tecnologia-de-los-alimentos\/wp-json\/wp\/v2\/users\/1"}],"replies":[{"embeddable":true,"href":"https:\/\/departamentos.unileon.es\/higiene-y-tecnologia-de-los-alimentos\/wp-json\/wp\/v2\/comments?post=12"}],"version-history":[{"count":7,"href":"https:\/\/departamentos.unileon.es\/higiene-y-tecnologia-de-los-alimentos\/wp-json\/wp\/v2\/pages\/12\/revisions"}],"predecessor-version":[{"id":82,"href":"https:\/\/departamentos.unileon.es\/higiene-y-tecnologia-de-los-alimentos\/wp-json\/wp\/v2\/pages\/12\/revisions\/82"}],"wp:attachment":[{"href":"https:\/\/departamentos.unileon.es\/higiene-y-tecnologia-de-los-alimentos\/wp-json\/wp\/v2\/media?parent=12"}],"curies":[{"name":"wp","href":"https:\/\/api.w.org\/{rel}","templated":true}]}}