{"id":9,"date":"2010-08-17T08:45:33","date_gmt":"2010-08-17T08:45:33","guid":{"rendered":"http:\/\/departamentos.unileon.es\/geografia-y-geologia\/"},"modified":"2011-11-09T12:30:26","modified_gmt":"2011-11-09T12:30:26","slug":"areas","status":"publish","type":"page","link":"https:\/\/departamentos.unileon.es\/geografia-y-geologia\/areas\/","title":{"rendered":"\u00c1reas"},"content":{"rendered":"<ul>\r\n<li>An\u00e1lisis Geogr\u00e1fico Regional<\/li>\r\n<li>Geodin\u00e1mica Externa<\/li>\r\n<li>Geograf\u00eda F\u00edsica<\/li>\r\n<li>Geograf\u00eda Humana<\/li>\r\n<li>Paleontolog\u00eda<\/li>\r\n<\/ul>","protected":false},"excerpt":{"rendered":"<p>An\u00e1lisis Geogr\u00e1fico Regional Geodin\u00e1mica Externa Geograf\u00eda F\u00edsica Geograf\u00eda Humana Paleontolog\u00eda<\/p>\n","protected":false},"author":19,"featured_media":0,"parent":0,"menu_order":3,"comment_status":"closed","ping_status":"closed","template":"","meta":{"ngg_post_thumbnail":0,"footnotes":""},"class_list":["post-9","page","type-page","status-publish","hentry"],"yoast_head":"<!-- This site is optimized with the Yoast SEO plugin v25.8 - https:\/\/yoast.com\/wordpress\/plugins\/seo\/ -->\n<title>\u00c1reas - Departamento de Geograf\u00eda y Geolog\u00eda<\/title>\n<meta name=\"robots\" content=\"index, follow, max-snippet:-1, max-image-preview:large, max-video-preview:-1\" \/>\n<link rel=\"canonical\" href=\"https:\/\/departamentos.unileon.es\/geografia-y-geologia\/areas\/\" \/>\n<meta property=\"og:locale\" content=\"es_ES\" \/>\n<meta property=\"og:type\" content=\"article\" \/>\n<meta property=\"og:title\" content=\"\u00c1reas - Departamento de Geograf\u00eda y Geolog\u00eda\" \/>\n<meta property=\"og:description\" content=\"An\u00e1lisis Geogr\u00e1fico Regional Geodin\u00e1mica Externa Geograf\u00eda F\u00edsica Geograf\u00eda Humana Paleontolog\u00eda\" \/>\n<meta property=\"og:url\" content=\"https:\/\/departamentos.unileon.es\/geografia-y-geologia\/areas\/\" \/>\n<meta property=\"og:site_name\" content=\"Departamento de Geograf\u00eda y Geolog\u00eda\" \/>\n<meta property=\"article:modified_time\" content=\"2011-11-09T12:30:26+00:00\" \/>\n<meta name=\"twitter:card\" content=\"summary_large_image\" \/>\n<script type=\"application\/ld+json\" class=\"yoast-schema-graph\">{\"@context\":\"https:\/\/schema.org\",\"@graph\":[{\"@type\":\"WebPage\",\"@id\":\"https:\/\/departamentos.unileon.es\/geografia-y-geologia\/areas\/\",\"url\":\"https:\/\/departamentos.unileon.es\/geografia-y-geologia\/areas\/\",\"name\":\"\u00c1reas - Departamento de Geograf\u00eda y Geolog\u00eda\",\"isPartOf\":{\"@id\":\"https:\/\/departamentos.unileon.es\/geografia-y-geologia\/#website\"},\"datePublished\":\"2010-08-17T08:45:33+00:00\",\"dateModified\":\"2011-11-09T12:30:26+00:00\",\"inLanguage\":\"es\",\"potentialAction\":[{\"@type\":\"ReadAction\",\"target\":[\"https:\/\/departamentos.unileon.es\/geografia-y-geologia\/areas\/\"]}]},{\"@type\":\"WebSite\",\"@id\":\"https:\/\/departamentos.unileon.es\/geografia-y-geologia\/#website\",\"url\":\"https:\/\/departamentos.unileon.es\/geografia-y-geologia\/\",\"name\":\"Departamento de Geograf\u00eda y Geolog\u00eda\",\"description\":\"Otro sitio m\u00e1s de Universidad de Le\u00f3n\",\"potentialAction\":[{\"@type\":\"SearchAction\",\"target\":{\"@type\":\"EntryPoint\",\"urlTemplate\":\"https:\/\/departamentos.unileon.es\/geografia-y-geologia\/?s={search_term_string}\"},\"query-input\":{\"@type\":\"PropertyValueSpecification\",\"valueRequired\":true,\"valueName\":\"search_term_string\"}}],\"inLanguage\":\"es\"}]}<\/script>\n<!-- \/ Yoast SEO plugin. -->","yoast_head_json":{"title":"\u00c1reas - Departamento de Geograf\u00eda y Geolog\u00eda","robots":{"index":"index","follow":"follow","max-snippet":"max-snippet:-1","max-image-preview":"max-image-preview:large","max-video-preview":"max-video-preview:-1"},"canonical":"https:\/\/departamentos.unileon.es\/geografia-y-geologia\/areas\/","og_locale":"es_ES","og_type":"article","og_title":"\u00c1reas - Departamento de Geograf\u00eda y Geolog\u00eda","og_description":"An\u00e1lisis Geogr\u00e1fico Regional Geodin\u00e1mica Externa Geograf\u00eda F\u00edsica Geograf\u00eda Humana Paleontolog\u00eda","og_url":"https:\/\/departamentos.unileon.es\/geografia-y-geologia\/areas\/","og_site_name":"Departamento de Geograf\u00eda y Geolog\u00eda","article_modified_time":"2011-11-09T12:30:26+00:00","twitter_card":"summary_large_image","schema":{"@context":"https:\/\/schema.org","@graph":[{"@type":"WebPage","@id":"https:\/\/departamentos.unileon.es\/geografia-y-geologia\/areas\/","url":"https:\/\/departamentos.unileon.es\/geografia-y-geologia\/areas\/","name":"\u00c1reas - Departamento de Geograf\u00eda y Geolog\u00eda","isPartOf":{"@id":"https:\/\/departamentos.unileon.es\/geografia-y-geologia\/#website"},"datePublished":"2010-08-17T08:45:33+00:00","dateModified":"2011-11-09T12:30:26+00:00","inLanguage":"es","potentialAction":[{"@type":"ReadAction","target":["https:\/\/departamentos.unileon.es\/geografia-y-geologia\/areas\/"]}]},{"@type":"WebSite","@id":"https:\/\/departamentos.unileon.es\/geografia-y-geologia\/#website","url":"https:\/\/departamentos.unileon.es\/geografia-y-geologia\/","name":"Departamento de Geograf\u00eda y Geolog\u00eda","description":"Otro sitio m\u00e1s de Universidad de Le\u00f3n","potentialAction":[{"@type":"SearchAction","target":{"@type":"EntryPoint","urlTemplate":"https:\/\/departamentos.unileon.es\/geografia-y-geologia\/?s={search_term_string}"},"query-input":{"@type":"PropertyValueSpecification","valueRequired":true,"valueName":"search_term_string"}}],"inLanguage":"es"}]}},"_links":{"self":[{"href":"https:\/\/departamentos.unileon.es\/geografia-y-geologia\/wp-json\/wp\/v2\/pages\/9","targetHints":{"allow":["GET"]}}],"collection":[{"href":"https:\/\/departamentos.unileon.es\/geografia-y-geologia\/wp-json\/wp\/v2\/pages"}],"about":[{"href":"https:\/\/departamentos.unileon.es\/geografia-y-geologia\/wp-json\/wp\/v2\/types\/page"}],"author":[{"embeddable":true,"href":"https:\/\/departamentos.unileon.es\/geografia-y-geologia\/wp-json\/wp\/v2\/users\/19"}],"replies":[{"embeddable":true,"href":"https:\/\/departamentos.unileon.es\/geografia-y-geologia\/wp-json\/wp\/v2\/comments?post=9"}],"version-history":[{"count":7,"href":"https:\/\/departamentos.unileon.es\/geografia-y-geologia\/wp-json\/wp\/v2\/pages\/9\/revisions"}],"predecessor-version":[{"id":117,"href":"https:\/\/departamentos.unileon.es\/geografia-y-geologia\/wp-json\/wp\/v2\/pages\/9\/revisions\/117"}],"wp:attachment":[{"href":"https:\/\/departamentos.unileon.es\/geografia-y-geologia\/wp-json\/wp\/v2\/media?parent=9"}],"curies":[{"name":"wp","href":"https:\/\/api.w.org\/{rel}","templated":true}]}}