{"id":7,"date":"2010-08-17T08:44:45","date_gmt":"2010-08-17T08:44:45","guid":{"rendered":"http:\/\/departamentos.unileon.es\/geografia-y-geologia\/"},"modified":"2019-07-04T07:19:26","modified_gmt":"2019-07-04T07:19:26","slug":"personal","status":"publish","type":"page","link":"https:\/\/departamentos.unileon.es\/geografia-y-geologia\/personal\/","title":{"rendered":"Personal"},"content":{"rendered":"\t\t\t\t\r\n\t\t\t\t\r\n\t\t\t\t\r\n\t\t\t\t<h2>Personal docente e investigador<\/h2>     \r\n                 <h3> \u00c1rea - An\u00e1lisis Geogr\u00e1fico Regional <\/h3>\r\n\t\t\t\t\t<ul>\r\n                      \r\n                      <li> <a href=\"\">MAR\u00cdA JES\u00daS S\u00c1NCHEZ MU\u00d1OZ<\/a> - Profesor Titular de Universidad<\/li>\r\n                  \r\n                      <li> <a href=\"\">CARLOS EMILIO RELEA FERN\u00c1NDEZ<\/a> - PROFESOR AYUDANTE DOCTOR<\/li>\r\n                  \r\n                      <li> <a href=\"\">CASILDA CABRERIZO SANZ<\/a> - PROFESOR AYUDANTE DOCTOR<\/li>\r\n                  \r\n                      <li> <a href=\"\">JAVIER LI\u00d1\u00c1N CHAC\u00d3N<\/a> - PROFESOR AYUDANTE DOCTOR<\/li>\r\n                  \r\n                      <li> <a href=\"\">ALFONSO PISABARRO P\u00c9REZ<\/a> - PROFESOR PERMANENTE LABORAL<\/li>\r\n                <\/ul> <h3> \u00c1rea - GEODIN\u00c1MICA EXTERNA <\/h3>\r\n\t\t\t\t\t<ul>\r\n                      \r\n                      <li> <a href=\"\">EDUARDO GARC\u00cdA MEL\u00c9NDEZ<\/a> - Catedr\u00e1tico de Universidad<\/li>\r\n                  \r\n                      <li> <a href=\"\">ELENA COLMENERO HIDALGO<\/a> - Profesor Titular de Universidad<\/li>\r\n                  \r\n                      <li> <a href=\"\">MONTSERRAT FERRER JULIA<\/a> - Profesor Titular de Universidad<\/li>\r\n                  \r\n                      <li> <a href=\"\">INDIRA RODR\u00cdGUEZ \u00c1LVAREZ<\/a> - PROFESOR AYUDANTE DOCTOR<\/li>\r\n                  \r\n                      <li> <a href=\"\">JUNCAL ALTAGRACIA CRUZ MART\u00cdNEZ<\/a> - PROFESOR AYUDANTE DOCTOR<\/li>\r\n                  \r\n                      <li> <a href=\"\">PABLO VALENZUELA MENDIZABAL<\/a> - PROFESOR PERMANENTE LABORAL<\/li>\r\n                <\/ul> <h3> \u00c1rea - Geograf\u00eda F\u00edsica <\/h3>\r\n\t\t\t\t\t<ul>\r\n                      \r\n                      <li> <a href=\"\">AMELIA G\u00d3MEZ VILLAR<\/a> - Profesor Titular de Universidad<\/li>\r\n                  \r\n                      <li> <a href=\"\">JAVIER SANTOS GONZ\u00c1LEZ<\/a> - Profesor Titular de Universidad<\/li>\r\n                  \r\n                      <li> <a href=\"\">RAQUEL DOM\u00cdNGUEZ FERN\u00c1NDEZ<\/a> - Profesor Titular de Universidad<\/li>\r\n                  \r\n                      <li> <a href=\"\">ROSA BLANCA GONZ\u00c1LEZ GUTI\u00c9RREZ<\/a> - Profesor Titular de Universidad<\/li>\r\n                  \r\n                      <li> <a href=\"\">ALEJANDRO G\u00d3MEZ PAZO<\/a> - PROFESOR AYUDANTE DOCTOR<\/li>\r\n                  \r\n                      <li> <a href=\"\">MAR\u00cdA SILVIA ORICHETA GARC\u00cdA<\/a> - PROFESOR ASOCIADO<\/li>\r\n                  \r\n                      <li> <a href=\"\">MIGUEL ANGEL CIMADEVILLA SUERO<\/a> - PROFESOR ASOCIADO<\/li>\r\n                  \r\n                      <li> <a href=\"\">SERGIO ALBERTO PE\u00d1A P\u00c9REZ<\/a> - PROFESOR SUSTITUTO<\/li>\r\n                <\/ul> <h3> \u00c1rea - Geograf\u00eda Humana <\/h3>\r\n\t\t\t\t\t<ul>\r\n                      \r\n                      <li> <a href=\"\">MAR\u00cdA JES\u00daS GONZ\u00c1LEZ GONZ\u00c1LEZ<\/a> - Catedr\u00e1tico de Universidad<\/li>\r\n                  \r\n                      <li> <a href=\"\">MAR\u00cdA PAZ BENITO DEL POZO<\/a> - Catedr\u00e1tico de Universidad<\/li>\r\n                  \r\n                      <li> <a href=\"\">ALEJANDRO L\u00d3PEZ GONZ\u00c1LEZ<\/a> - Profesor Titular de Universidad<\/li>\r\n                  \r\n                      <li> <a href=\"\">XOS\u00c9 SOMOZA MEDINA<\/a> - Profesor Titular de Universidad<\/li>\r\n                  \r\n                      <li> <a href=\"\">ALEJANDRO OTERO VARELA<\/a> - PROFESOR AYUDANTE DOCTOR<\/li>\r\n                  \r\n                      <li> <a href=\"\">JAVIER ORD\u00c1S DEL CORRAL<\/a> - PROFESOR AYUDANTE DOCTOR<\/li>\r\n                  \r\n                      <li> <a href=\"\">ALEJANDRO SANTOS FUENTES<\/a> - PROFESOR ASOCIADO<\/li>\r\n                  \r\n                      <li> <a href=\"\">JOS\u00c9 MAR\u00cdA SAN ROM\u00c1N RODR\u00cdGUEZ<\/a> - PROFESOR ASOCIADO<\/li>\r\n                <\/ul> <h3> \u00c1rea - Paleontolog\u00eda <\/h3>\r\n\t\t\t\t\t<ul>\r\n                      \r\n                      <li> <a href=\"\">ESPERANZA FERN\u00c1NDEZ MART\u00cdNEZ<\/a> - Profesor Titular de Universidad<\/li>\r\n                  \r\n                      <li> <a href=\"\">ISMAEL CORONADO VILA<\/a> - PROFESOR CONTRATADO DOCTOR<\/li>\r\n                  \r\n\t\t\t\t<\/ul>\r\n\r\n\t\t\t\t\t\r\n\t\t\t\r\n\t\t\t<p>\u00a0<\/p>\r\n\t\t\t<h2>Personal de administraci\u00f3n y servicios<\/h2>\r\n\t\t\t<ul>\r\n\r\n\r\n\r\n\t\t\t\r\n                \r\n                    <li><a href=\"https:\/\/www.unileon.es\/directorio-y-telefonos?usuario=gerrgg\">ROSA GUTI\u00c9RREZ GARC\u00cdA<\/a> - E. ADMINISTRATIVA DE LA UNIV. DE LE\u00d3N<\/li>\r\n            \r\n\t\t\t\r\n                \r\n                    <li><a href=\"https:\/\/www.unileon.es\/directorio-y-telefonos?usuario=srodm\">SANDRA RODR\u00cdGUEZ MOR\u00c1N<\/a> - T\u00c9CNICO ESPECIALISTA DE LABORATORIO<\/li>\r\n            \r\n\t\t\t\r\n                \r\n                    <li><a href=\"https:\/\/www.unileon.es\/directorio-y-telefonos?usuario=tvoca\">TOM\u00c1S VOCES ALONSO<\/a> - T\u00c9CNICO ESPECIALISTA DE LABORATORIO<\/li>\r\n            \r\n\t\t\t\r\n                <\/ul>\r\n\r\n","protected":false},"excerpt":{"rendered":"","protected":false},"author":1,"featured_media":0,"parent":0,"menu_order":2,"comment_status":"closed","ping_status":"open","template":"","meta":{"ngg_post_thumbnail":0,"footnotes":""},"class_list":["post-7","page","type-page","status-publish","hentry"],"yoast_head":"<!-- This site is optimized with the Yoast SEO plugin v25.8 - https:\/\/yoast.com\/wordpress\/plugins\/seo\/ -->\n<title>Personal - Departamento de Geograf\u00eda y Geolog\u00eda<\/title>\n<meta name=\"robots\" content=\"index, follow, max-snippet:-1, max-image-preview:large, max-video-preview:-1\" \/>\n<link rel=\"canonical\" href=\"https:\/\/departamentos.unileon.es\/geografia-y-geologia\/personal\/\" \/>\n<meta property=\"og:locale\" content=\"es_ES\" \/>\n<meta property=\"og:type\" content=\"article\" \/>\n<meta property=\"og:title\" content=\"Personal - Departamento de Geograf\u00eda y Geolog\u00eda\" \/>\n<meta property=\"og:url\" content=\"https:\/\/departamentos.unileon.es\/geografia-y-geologia\/personal\/\" \/>\n<meta property=\"og:site_name\" content=\"Departamento de Geograf\u00eda y Geolog\u00eda\" \/>\n<meta property=\"article:modified_time\" content=\"2019-07-04T07:19:26+00:00\" \/>\n<meta name=\"twitter:card\" content=\"summary_large_image\" \/>\n<script type=\"application\/ld+json\" class=\"yoast-schema-graph\">{\"@context\":\"https:\/\/schema.org\",\"@graph\":[{\"@type\":\"WebPage\",\"@id\":\"https:\/\/departamentos.unileon.es\/geografia-y-geologia\/personal\/\",\"url\":\"https:\/\/departamentos.unileon.es\/geografia-y-geologia\/personal\/\",\"name\":\"Personal - Departamento de Geograf\u00eda y Geolog\u00eda\",\"isPartOf\":{\"@id\":\"https:\/\/departamentos.unileon.es\/geografia-y-geologia\/#website\"},\"datePublished\":\"2010-08-17T08:44:45+00:00\",\"dateModified\":\"2019-07-04T07:19:26+00:00\",\"inLanguage\":\"es\",\"potentialAction\":[{\"@type\":\"ReadAction\",\"target\":[\"https:\/\/departamentos.unileon.es\/geografia-y-geologia\/personal\/\"]}]},{\"@type\":\"WebSite\",\"@id\":\"https:\/\/departamentos.unileon.es\/geografia-y-geologia\/#website\",\"url\":\"https:\/\/departamentos.unileon.es\/geografia-y-geologia\/\",\"name\":\"Departamento de Geograf\u00eda y Geolog\u00eda\",\"description\":\"Otro sitio m\u00e1s de Universidad de Le\u00f3n\",\"potentialAction\":[{\"@type\":\"SearchAction\",\"target\":{\"@type\":\"EntryPoint\",\"urlTemplate\":\"https:\/\/departamentos.unileon.es\/geografia-y-geologia\/?s={search_term_string}\"},\"query-input\":{\"@type\":\"PropertyValueSpecification\",\"valueRequired\":true,\"valueName\":\"search_term_string\"}}],\"inLanguage\":\"es\"}]}<\/script>\n<!-- \/ Yoast SEO plugin. -->","yoast_head_json":{"title":"Personal - Departamento de Geograf\u00eda y Geolog\u00eda","robots":{"index":"index","follow":"follow","max-snippet":"max-snippet:-1","max-image-preview":"max-image-preview:large","max-video-preview":"max-video-preview:-1"},"canonical":"https:\/\/departamentos.unileon.es\/geografia-y-geologia\/personal\/","og_locale":"es_ES","og_type":"article","og_title":"Personal - Departamento de Geograf\u00eda y Geolog\u00eda","og_url":"https:\/\/departamentos.unileon.es\/geografia-y-geologia\/personal\/","og_site_name":"Departamento de Geograf\u00eda y Geolog\u00eda","article_modified_time":"2019-07-04T07:19:26+00:00","twitter_card":"summary_large_image","schema":{"@context":"https:\/\/schema.org","@graph":[{"@type":"WebPage","@id":"https:\/\/departamentos.unileon.es\/geografia-y-geologia\/personal\/","url":"https:\/\/departamentos.unileon.es\/geografia-y-geologia\/personal\/","name":"Personal - Departamento de Geograf\u00eda y Geolog\u00eda","isPartOf":{"@id":"https:\/\/departamentos.unileon.es\/geografia-y-geologia\/#website"},"datePublished":"2010-08-17T08:44:45+00:00","dateModified":"2019-07-04T07:19:26+00:00","inLanguage":"es","potentialAction":[{"@type":"ReadAction","target":["https:\/\/departamentos.unileon.es\/geografia-y-geologia\/personal\/"]}]},{"@type":"WebSite","@id":"https:\/\/departamentos.unileon.es\/geografia-y-geologia\/#website","url":"https:\/\/departamentos.unileon.es\/geografia-y-geologia\/","name":"Departamento de Geograf\u00eda y Geolog\u00eda","description":"Otro sitio m\u00e1s de Universidad de Le\u00f3n","potentialAction":[{"@type":"SearchAction","target":{"@type":"EntryPoint","urlTemplate":"https:\/\/departamentos.unileon.es\/geografia-y-geologia\/?s={search_term_string}"},"query-input":{"@type":"PropertyValueSpecification","valueRequired":true,"valueName":"search_term_string"}}],"inLanguage":"es"}]}},"_links":{"self":[{"href":"https:\/\/departamentos.unileon.es\/geografia-y-geologia\/wp-json\/wp\/v2\/pages\/7","targetHints":{"allow":["GET"]}}],"collection":[{"href":"https:\/\/departamentos.unileon.es\/geografia-y-geologia\/wp-json\/wp\/v2\/pages"}],"about":[{"href":"https:\/\/departamentos.unileon.es\/geografia-y-geologia\/wp-json\/wp\/v2\/types\/page"}],"author":[{"embeddable":true,"href":"https:\/\/departamentos.unileon.es\/geografia-y-geologia\/wp-json\/wp\/v2\/users\/1"}],"replies":[{"embeddable":true,"href":"https:\/\/departamentos.unileon.es\/geografia-y-geologia\/wp-json\/wp\/v2\/comments?post=7"}],"version-history":[{"count":9,"href":"https:\/\/departamentos.unileon.es\/geografia-y-geologia\/wp-json\/wp\/v2\/pages\/7\/revisions"}],"predecessor-version":[{"id":179,"href":"https:\/\/departamentos.unileon.es\/geografia-y-geologia\/wp-json\/wp\/v2\/pages\/7\/revisions\/179"}],"wp:attachment":[{"href":"https:\/\/departamentos.unileon.es\/geografia-y-geologia\/wp-json\/wp\/v2\/media?parent=7"}],"curies":[{"name":"wp","href":"https:\/\/api.w.org\/{rel}","templated":true}]}}