{"id":2,"date":"2010-07-02T07:55:38","date_gmt":"2010-07-02T07:55:38","guid":{"rendered":"http:\/\/departamentos.unileon.es\/geografia-y-geologia\/?page_id=2"},"modified":"2024-05-24T07:37:28","modified_gmt":"2024-05-24T07:37:28","slug":"organos-directivos","status":"publish","type":"page","link":"https:\/\/departamentos.unileon.es\/geografia-y-geologia\/organos-directivos\/","title":{"rendered":"\u00d3rganos Directivos"},"content":{"rendered":"<table>\n<tbody>\n<tr>\n<th class=\"alignleft\">Director de Departamento<\/th>\n<td><strong><a href=\"mailto:dggdir@unileon.es\">D. Javier Santos Gonz\u00e1lez<\/a><\/strong><\/td>\n<td>Tel\u00e9fono: 987291048<\/td>\n<\/tr>\n<tr>\n<th class=\"alignleft\">Subdirectora del Departamento<\/th>\n<td><strong><a href=\"mailto:mferj@unileon.es\">D\u00f1a. Montserrat Ferrer Julia<\/a><\/strong><\/td>\n<td>Tel\u00e9fono: 987291497<\/td>\n<\/tr>\n<tr>\n<th class=\"alignleft\">Secretario de Departamento<\/th>\n<td><strong><a href=\"mailto:apisp@unileon.es\">D. Alfonso Pisabarro P\u00e9rez<\/a><\/strong><\/td>\n<td>Tel\u00e9fono: 987293511<\/td>\n<\/tr>\n<\/tbody>\n<\/table>","protected":false},"excerpt":{"rendered":"<p>Director de Departamento D. Javier Santos Gonz\u00e1lez Tel\u00e9fono: 987291048 Subdirectora del Departamento D\u00f1a. Montserrat Ferrer Julia Tel\u00e9fono: 987291497 Secretario de Departamento D. Alfonso Pisabarro P\u00e9rez Tel\u00e9fono: 987293511<\/p>\n","protected":false},"author":19,"featured_media":0,"parent":0,"menu_order":0,"comment_status":"closed","ping_status":"open","template":"","meta":{"ngg_post_thumbnail":0,"footnotes":""},"class_list":["post-2","page","type-page","status-publish","hentry"],"yoast_head":"<!-- This site is optimized with the Yoast SEO plugin v25.8 - https:\/\/yoast.com\/wordpress\/plugins\/seo\/ -->\n<title>\u00d3rganos Directivos - Departamento de Geograf\u00eda y Geolog\u00eda<\/title>\n<meta name=\"robots\" content=\"index, follow, max-snippet:-1, max-image-preview:large, max-video-preview:-1\" \/>\n<link rel=\"canonical\" href=\"https:\/\/departamentos.unileon.es\/geografia-y-geologia\/organos-directivos\/\" \/>\n<meta property=\"og:locale\" content=\"es_ES\" \/>\n<meta property=\"og:type\" content=\"article\" \/>\n<meta property=\"og:title\" content=\"\u00d3rganos Directivos - Departamento de Geograf\u00eda y Geolog\u00eda\" \/>\n<meta property=\"og:description\" content=\"Director de Departamento D. Javier Santos Gonz\u00e1lez Tel\u00e9fono: 987291048 Subdirectora del Departamento D\u00f1a. Montserrat Ferrer Julia Tel\u00e9fono: 987291497 Secretario de Departamento D. Alfonso Pisabarro P\u00e9rez Tel\u00e9fono: 987293511\" \/>\n<meta property=\"og:url\" content=\"https:\/\/departamentos.unileon.es\/geografia-y-geologia\/organos-directivos\/\" \/>\n<meta property=\"og:site_name\" content=\"Departamento de Geograf\u00eda y Geolog\u00eda\" \/>\n<meta property=\"article:modified_time\" content=\"2024-05-24T07:37:28+00:00\" \/>\n<meta name=\"twitter:card\" content=\"summary_large_image\" \/>\n<meta name=\"twitter:label1\" content=\"Tiempo de lectura\" \/>\n\t<meta name=\"twitter:data1\" content=\"1 minuto\" \/>\n<script type=\"application\/ld+json\" class=\"yoast-schema-graph\">{\"@context\":\"https:\/\/schema.org\",\"@graph\":[{\"@type\":\"WebPage\",\"@id\":\"https:\/\/departamentos.unileon.es\/geografia-y-geologia\/organos-directivos\/\",\"url\":\"https:\/\/departamentos.unileon.es\/geografia-y-geologia\/organos-directivos\/\",\"name\":\"\u00d3rganos Directivos - Departamento de Geograf\u00eda y Geolog\u00eda\",\"isPartOf\":{\"@id\":\"https:\/\/departamentos.unileon.es\/geografia-y-geologia\/#website\"},\"datePublished\":\"2010-07-02T07:55:38+00:00\",\"dateModified\":\"2024-05-24T07:37:28+00:00\",\"inLanguage\":\"es\",\"potentialAction\":[{\"@type\":\"ReadAction\",\"target\":[\"https:\/\/departamentos.unileon.es\/geografia-y-geologia\/organos-directivos\/\"]}]},{\"@type\":\"WebSite\",\"@id\":\"https:\/\/departamentos.unileon.es\/geografia-y-geologia\/#website\",\"url\":\"https:\/\/departamentos.unileon.es\/geografia-y-geologia\/\",\"name\":\"Departamento de Geograf\u00eda y Geolog\u00eda\",\"description\":\"Otro sitio m\u00e1s de Universidad de Le\u00f3n\",\"potentialAction\":[{\"@type\":\"SearchAction\",\"target\":{\"@type\":\"EntryPoint\",\"urlTemplate\":\"https:\/\/departamentos.unileon.es\/geografia-y-geologia\/?s={search_term_string}\"},\"query-input\":{\"@type\":\"PropertyValueSpecification\",\"valueRequired\":true,\"valueName\":\"search_term_string\"}}],\"inLanguage\":\"es\"}]}<\/script>\n<!-- \/ Yoast SEO plugin. -->","yoast_head_json":{"title":"\u00d3rganos Directivos - Departamento de Geograf\u00eda y Geolog\u00eda","robots":{"index":"index","follow":"follow","max-snippet":"max-snippet:-1","max-image-preview":"max-image-preview:large","max-video-preview":"max-video-preview:-1"},"canonical":"https:\/\/departamentos.unileon.es\/geografia-y-geologia\/organos-directivos\/","og_locale":"es_ES","og_type":"article","og_title":"\u00d3rganos Directivos - Departamento de Geograf\u00eda y Geolog\u00eda","og_description":"Director de Departamento D. Javier Santos Gonz\u00e1lez Tel\u00e9fono: 987291048 Subdirectora del Departamento D\u00f1a. Montserrat Ferrer Julia Tel\u00e9fono: 987291497 Secretario de Departamento D. Alfonso Pisabarro P\u00e9rez Tel\u00e9fono: 987293511","og_url":"https:\/\/departamentos.unileon.es\/geografia-y-geologia\/organos-directivos\/","og_site_name":"Departamento de Geograf\u00eda y Geolog\u00eda","article_modified_time":"2024-05-24T07:37:28+00:00","twitter_card":"summary_large_image","twitter_misc":{"Tiempo de lectura":"1 minuto"},"schema":{"@context":"https:\/\/schema.org","@graph":[{"@type":"WebPage","@id":"https:\/\/departamentos.unileon.es\/geografia-y-geologia\/organos-directivos\/","url":"https:\/\/departamentos.unileon.es\/geografia-y-geologia\/organos-directivos\/","name":"\u00d3rganos Directivos - Departamento de Geograf\u00eda y Geolog\u00eda","isPartOf":{"@id":"https:\/\/departamentos.unileon.es\/geografia-y-geologia\/#website"},"datePublished":"2010-07-02T07:55:38+00:00","dateModified":"2024-05-24T07:37:28+00:00","inLanguage":"es","potentialAction":[{"@type":"ReadAction","target":["https:\/\/departamentos.unileon.es\/geografia-y-geologia\/organos-directivos\/"]}]},{"@type":"WebSite","@id":"https:\/\/departamentos.unileon.es\/geografia-y-geologia\/#website","url":"https:\/\/departamentos.unileon.es\/geografia-y-geologia\/","name":"Departamento de Geograf\u00eda y Geolog\u00eda","description":"Otro sitio m\u00e1s de Universidad de Le\u00f3n","potentialAction":[{"@type":"SearchAction","target":{"@type":"EntryPoint","urlTemplate":"https:\/\/departamentos.unileon.es\/geografia-y-geologia\/?s={search_term_string}"},"query-input":{"@type":"PropertyValueSpecification","valueRequired":true,"valueName":"search_term_string"}}],"inLanguage":"es"}]}},"_links":{"self":[{"href":"https:\/\/departamentos.unileon.es\/geografia-y-geologia\/wp-json\/wp\/v2\/pages\/2","targetHints":{"allow":["GET"]}}],"collection":[{"href":"https:\/\/departamentos.unileon.es\/geografia-y-geologia\/wp-json\/wp\/v2\/pages"}],"about":[{"href":"https:\/\/departamentos.unileon.es\/geografia-y-geologia\/wp-json\/wp\/v2\/types\/page"}],"author":[{"embeddable":true,"href":"https:\/\/departamentos.unileon.es\/geografia-y-geologia\/wp-json\/wp\/v2\/users\/19"}],"replies":[{"embeddable":true,"href":"https:\/\/departamentos.unileon.es\/geografia-y-geologia\/wp-json\/wp\/v2\/comments?post=2"}],"version-history":[{"count":14,"href":"https:\/\/departamentos.unileon.es\/geografia-y-geologia\/wp-json\/wp\/v2\/pages\/2\/revisions"}],"predecessor-version":[{"id":189,"href":"https:\/\/departamentos.unileon.es\/geografia-y-geologia\/wp-json\/wp\/v2\/pages\/2\/revisions\/189"}],"wp:attachment":[{"href":"https:\/\/departamentos.unileon.es\/geografia-y-geologia\/wp-json\/wp\/v2\/media?parent=2"}],"curies":[{"name":"wp","href":"https:\/\/api.w.org\/{rel}","templated":true}]}}