{"id":17,"date":"2010-08-17T08:52:16","date_gmt":"2010-08-17T08:52:16","guid":{"rendered":"http:\/\/departamentos.unileon.es\/geografia-y-geologia\/"},"modified":"2024-05-24T07:52:55","modified_gmt":"2024-05-24T07:52:55","slug":"lineas-de-investigacion","status":"publish","type":"page","link":"https:\/\/departamentos.unileon.es\/geografia-y-geologia\/lineas-de-investigacion\/","title":{"rendered":"L\u00edneas de Investigaci\u00f3n"},"content":{"rendered":"<ul>\n \t<li>Cambio Global<\/li>\n \t<li>Cambio Clim\u00e1tico<\/li>\n \t<li>Paisaje<\/li>\n \t<li>Usos y cubiertas de suelo<\/li>\n \t<li>Restauraci\u00f3n fluvial y embalses<\/li>\n \t<li>Vulnerabilidad urbana<\/li>\n \t<li>An\u00e1lisis territorial en \u00e1reas rurales y urbanas<\/li>\n \t<li>An\u00e1lisis territorial en \u00e1reas fronterizas<\/li>\n \t<li>Geomorfolog\u00eda y cartograf\u00eda geomorfol\u00f3gica<\/li>\n \t<li>Estudios de impacto ambiental en zonas mineras<\/li>\n \t<li>Historia de la Geograf\u00eda<\/li>\n \t<li>Ordenaci\u00f3n del Territorio<\/li>\n \t<li>Geograf\u00eda Urbana<\/li>\n \t<li>Geograf\u00eda Pol\u00edtica<\/li>\n \t<li>Geograf\u00eda de la Poblaci\u00f3n: migraciones y envejecimiento<\/li>\n \t<li>Geograf\u00eda Industrial y de los Servicios<\/li>\n \t<li>Sistemas de Informaci\u00f3n Geogr\u00e1fica<\/li>\n \t<li>Paleontolog\u00eda de Invertebrados<\/li>\n \t<li>Paleoecolog\u00eda de arrecifes del Paleozoico<\/li>\n \t<li>Bioeventos del Paleozoico<\/li>\n \t<li>Paleontolog\u00eda del Cuaternario<\/li>\n \t<li>Tafonom\u00eda<\/li>\n \t<li>Biomineralizaci\u00f3n<\/li>\n \t<li>Digitalizaci\u00f3n 3D de piezas f\u00f3siles<\/li>\n \t<li>T\u00e9cnicas de caracterizaci\u00f3n mineral<\/li>\n \t<li>Patrimonio geol\u00f3gico y geodiversidad<\/li>\n \t<li>Geolog\u00eda Ambiental<\/li>\n \t<li>Geolog\u00eda del Cuaternario, Paleoclimatolog\u00eda y Neotect\u00f3nica<\/li>\n \t<li>Cartograf\u00eda Geol\u00f3gica y de procesos geomorfol\u00f3gicos activos<\/li>\n \t<li>Riesgos Geol\u00f3gicos<\/li>\n \t<li>Teledetecci\u00f3n Hiperespectral<\/li>\n \t<li>Riesgo de Inundaciones<\/li>\n \t<li>Teledetecci\u00f3n y SIG aplicados en Hidrolog\u00eda<\/li>\n<\/ul>","protected":false},"excerpt":{"rendered":"<p>Cambio Global Cambio Clim\u00e1tico Paisaje Usos y cubiertas de suelo Restauraci\u00f3n fluvial y embalses Vulnerabilidad urbana An\u00e1lisis territorial en \u00e1reas rurales y urbanas An\u00e1lisis territorial en \u00e1reas fronterizas Geomorfolog\u00eda y cartograf\u00eda geomorfol\u00f3gica Estudios de impacto ambiental en zonas mineras Historia de la Geograf\u00eda Ordenaci\u00f3n del Territorio Geograf\u00eda Urbana Geograf\u00eda Pol\u00edtica Geograf\u00eda de la Poblaci\u00f3n: migraciones [&hellip;]<\/p>\n","protected":false},"author":19,"featured_media":0,"parent":0,"menu_order":6,"comment_status":"closed","ping_status":"open","template":"","meta":{"ngg_post_thumbnail":0,"footnotes":""},"class_list":["post-17","page","type-page","status-publish","hentry"],"yoast_head":"<!-- This site is optimized with the Yoast SEO plugin v25.8 - https:\/\/yoast.com\/wordpress\/plugins\/seo\/ -->\n<title>L\u00edneas de Investigaci\u00f3n - Departamento de Geograf\u00eda y Geolog\u00eda<\/title>\n<meta name=\"robots\" content=\"index, follow, max-snippet:-1, max-image-preview:large, max-video-preview:-1\" \/>\n<link rel=\"canonical\" href=\"https:\/\/departamentos.unileon.es\/geografia-y-geologia\/lineas-de-investigacion\/\" \/>\n<meta property=\"og:locale\" content=\"es_ES\" \/>\n<meta property=\"og:type\" content=\"article\" \/>\n<meta property=\"og:title\" content=\"L\u00edneas de Investigaci\u00f3n - Departamento de Geograf\u00eda y Geolog\u00eda\" \/>\n<meta property=\"og:description\" content=\"Cambio Global Cambio Clim\u00e1tico Paisaje Usos y cubiertas de suelo Restauraci\u00f3n fluvial y embalses Vulnerabilidad urbana An\u00e1lisis territorial en \u00e1reas rurales y urbanas An\u00e1lisis territorial en \u00e1reas fronterizas Geomorfolog\u00eda y cartograf\u00eda geomorfol\u00f3gica Estudios de impacto ambiental en zonas mineras Historia de la Geograf\u00eda Ordenaci\u00f3n del Territorio Geograf\u00eda Urbana Geograf\u00eda Pol\u00edtica Geograf\u00eda de la Poblaci\u00f3n: migraciones [&hellip;]\" \/>\n<meta property=\"og:url\" content=\"https:\/\/departamentos.unileon.es\/geografia-y-geologia\/lineas-de-investigacion\/\" \/>\n<meta property=\"og:site_name\" content=\"Departamento de Geograf\u00eda y Geolog\u00eda\" \/>\n<meta property=\"article:modified_time\" content=\"2024-05-24T07:52:55+00:00\" \/>\n<meta name=\"twitter:card\" content=\"summary_large_image\" \/>\n<meta name=\"twitter:label1\" content=\"Tiempo de lectura\" \/>\n\t<meta name=\"twitter:data1\" content=\"1 minuto\" \/>\n<script type=\"application\/ld+json\" class=\"yoast-schema-graph\">{\"@context\":\"https:\/\/schema.org\",\"@graph\":[{\"@type\":\"WebPage\",\"@id\":\"https:\/\/departamentos.unileon.es\/geografia-y-geologia\/lineas-de-investigacion\/\",\"url\":\"https:\/\/departamentos.unileon.es\/geografia-y-geologia\/lineas-de-investigacion\/\",\"name\":\"L\u00edneas de Investigaci\u00f3n - Departamento de Geograf\u00eda y Geolog\u00eda\",\"isPartOf\":{\"@id\":\"https:\/\/departamentos.unileon.es\/geografia-y-geologia\/#website\"},\"datePublished\":\"2010-08-17T08:52:16+00:00\",\"dateModified\":\"2024-05-24T07:52:55+00:00\",\"inLanguage\":\"es\",\"potentialAction\":[{\"@type\":\"ReadAction\",\"target\":[\"https:\/\/departamentos.unileon.es\/geografia-y-geologia\/lineas-de-investigacion\/\"]}]},{\"@type\":\"WebSite\",\"@id\":\"https:\/\/departamentos.unileon.es\/geografia-y-geologia\/#website\",\"url\":\"https:\/\/departamentos.unileon.es\/geografia-y-geologia\/\",\"name\":\"Departamento de Geograf\u00eda y Geolog\u00eda\",\"description\":\"Otro sitio m\u00e1s de Universidad de Le\u00f3n\",\"potentialAction\":[{\"@type\":\"SearchAction\",\"target\":{\"@type\":\"EntryPoint\",\"urlTemplate\":\"https:\/\/departamentos.unileon.es\/geografia-y-geologia\/?s={search_term_string}\"},\"query-input\":{\"@type\":\"PropertyValueSpecification\",\"valueRequired\":true,\"valueName\":\"search_term_string\"}}],\"inLanguage\":\"es\"}]}<\/script>\n<!-- \/ Yoast SEO plugin. -->","yoast_head_json":{"title":"L\u00edneas de Investigaci\u00f3n - Departamento de Geograf\u00eda y Geolog\u00eda","robots":{"index":"index","follow":"follow","max-snippet":"max-snippet:-1","max-image-preview":"max-image-preview:large","max-video-preview":"max-video-preview:-1"},"canonical":"https:\/\/departamentos.unileon.es\/geografia-y-geologia\/lineas-de-investigacion\/","og_locale":"es_ES","og_type":"article","og_title":"L\u00edneas de Investigaci\u00f3n - Departamento de Geograf\u00eda y Geolog\u00eda","og_description":"Cambio Global Cambio Clim\u00e1tico Paisaje Usos y cubiertas de suelo Restauraci\u00f3n fluvial y embalses Vulnerabilidad urbana An\u00e1lisis territorial en \u00e1reas rurales y urbanas An\u00e1lisis territorial en \u00e1reas fronterizas Geomorfolog\u00eda y cartograf\u00eda geomorfol\u00f3gica Estudios de impacto ambiental en zonas mineras Historia de la Geograf\u00eda Ordenaci\u00f3n del Territorio Geograf\u00eda Urbana Geograf\u00eda Pol\u00edtica Geograf\u00eda de la Poblaci\u00f3n: migraciones [&hellip;]","og_url":"https:\/\/departamentos.unileon.es\/geografia-y-geologia\/lineas-de-investigacion\/","og_site_name":"Departamento de Geograf\u00eda y Geolog\u00eda","article_modified_time":"2024-05-24T07:52:55+00:00","twitter_card":"summary_large_image","twitter_misc":{"Tiempo de lectura":"1 minuto"},"schema":{"@context":"https:\/\/schema.org","@graph":[{"@type":"WebPage","@id":"https:\/\/departamentos.unileon.es\/geografia-y-geologia\/lineas-de-investigacion\/","url":"https:\/\/departamentos.unileon.es\/geografia-y-geologia\/lineas-de-investigacion\/","name":"L\u00edneas de Investigaci\u00f3n - Departamento de Geograf\u00eda y Geolog\u00eda","isPartOf":{"@id":"https:\/\/departamentos.unileon.es\/geografia-y-geologia\/#website"},"datePublished":"2010-08-17T08:52:16+00:00","dateModified":"2024-05-24T07:52:55+00:00","inLanguage":"es","potentialAction":[{"@type":"ReadAction","target":["https:\/\/departamentos.unileon.es\/geografia-y-geologia\/lineas-de-investigacion\/"]}]},{"@type":"WebSite","@id":"https:\/\/departamentos.unileon.es\/geografia-y-geologia\/#website","url":"https:\/\/departamentos.unileon.es\/geografia-y-geologia\/","name":"Departamento de Geograf\u00eda y Geolog\u00eda","description":"Otro sitio m\u00e1s de Universidad de Le\u00f3n","potentialAction":[{"@type":"SearchAction","target":{"@type":"EntryPoint","urlTemplate":"https:\/\/departamentos.unileon.es\/geografia-y-geologia\/?s={search_term_string}"},"query-input":{"@type":"PropertyValueSpecification","valueRequired":true,"valueName":"search_term_string"}}],"inLanguage":"es"}]}},"_links":{"self":[{"href":"https:\/\/departamentos.unileon.es\/geografia-y-geologia\/wp-json\/wp\/v2\/pages\/17","targetHints":{"allow":["GET"]}}],"collection":[{"href":"https:\/\/departamentos.unileon.es\/geografia-y-geologia\/wp-json\/wp\/v2\/pages"}],"about":[{"href":"https:\/\/departamentos.unileon.es\/geografia-y-geologia\/wp-json\/wp\/v2\/types\/page"}],"author":[{"embeddable":true,"href":"https:\/\/departamentos.unileon.es\/geografia-y-geologia\/wp-json\/wp\/v2\/users\/19"}],"replies":[{"embeddable":true,"href":"https:\/\/departamentos.unileon.es\/geografia-y-geologia\/wp-json\/wp\/v2\/comments?post=17"}],"version-history":[{"count":7,"href":"https:\/\/departamentos.unileon.es\/geografia-y-geologia\/wp-json\/wp\/v2\/pages\/17\/revisions"}],"predecessor-version":[{"id":197,"href":"https:\/\/departamentos.unileon.es\/geografia-y-geologia\/wp-json\/wp\/v2\/pages\/17\/revisions\/197"}],"wp:attachment":[{"href":"https:\/\/departamentos.unileon.es\/geografia-y-geologia\/wp-json\/wp\/v2\/media?parent=17"}],"curies":[{"name":"wp","href":"https:\/\/api.w.org\/{rel}","templated":true}]}}