{"id":11,"date":"2010-08-17T08:46:33","date_gmt":"2010-08-17T08:46:33","guid":{"rendered":"http:\/\/departamentos.unileon.es\/geografia-y-geologia\/"},"modified":"2024-05-24T07:40:58","modified_gmt":"2024-05-24T07:40:58","slug":"centros-de-docencia","status":"publish","type":"page","link":"https:\/\/departamentos.unileon.es\/geografia-y-geologia\/centros-de-docencia\/","title":{"rendered":"Centros de Docencia"},"content":{"rendered":"<ul>\n \t<li>FACULTAD DE FILOSOFIA Y LETRAS<\/li>\n \t<li>FACULTAD DE CIENCIAS BIOLOGICAS Y AMBIENTALES<\/li>\n \t<li>ESCUELA SUPERIOR Y T\u00c9CNICA DE INGENIEROS DE MINAS<\/li>\n \t<li>ESCUELA SUPERIOR Y T\u00c9CNICA DE INGENIERIA AGRARIA Y FORESTAL (Campus de Ponferrada)<\/li>\n \t<li>FACULTAD DE EDUCACION<\/li>\n \t<li>ESTUDIOS DE POSTGRADO<\/li>\n \t<li>FACULTAD DE CIENCIAS ECON\u00d3MICAS Y EMPRESARIALES<\/li>\n<\/ul>","protected":false},"excerpt":{"rendered":"<p>FACULTAD DE FILOSOFIA Y LETRAS FACULTAD DE CIENCIAS BIOLOGICAS Y AMBIENTALES ESCUELA SUPERIOR Y T\u00c9CNICA DE INGENIEROS DE MINAS ESCUELA SUPERIOR Y T\u00c9CNICA DE INGENIERIA AGRARIA Y FORESTAL (Campus de Ponferrada) FACULTAD DE EDUCACION ESTUDIOS DE POSTGRADO FACULTAD DE CIENCIAS ECON\u00d3MICAS Y EMPRESARIALES<\/p>\n","protected":false},"author":19,"featured_media":0,"parent":0,"menu_order":4,"comment_status":"closed","ping_status":"open","template":"","meta":{"ngg_post_thumbnail":0,"footnotes":""},"class_list":["post-11","page","type-page","status-publish","hentry"],"yoast_head":"<!-- This site is optimized with the Yoast SEO plugin v25.8 - https:\/\/yoast.com\/wordpress\/plugins\/seo\/ -->\n<title>Centros de Docencia - Departamento de Geograf\u00eda y Geolog\u00eda<\/title>\n<meta name=\"robots\" content=\"index, follow, max-snippet:-1, max-image-preview:large, max-video-preview:-1\" \/>\n<link rel=\"canonical\" href=\"https:\/\/departamentos.unileon.es\/geografia-y-geologia\/centros-de-docencia\/\" \/>\n<meta property=\"og:locale\" content=\"es_ES\" \/>\n<meta property=\"og:type\" content=\"article\" \/>\n<meta property=\"og:title\" content=\"Centros de Docencia - Departamento de Geograf\u00eda y Geolog\u00eda\" \/>\n<meta property=\"og:description\" content=\"FACULTAD DE FILOSOFIA Y LETRAS FACULTAD DE CIENCIAS BIOLOGICAS Y AMBIENTALES ESCUELA SUPERIOR Y T\u00c9CNICA DE INGENIEROS DE MINAS ESCUELA SUPERIOR Y T\u00c9CNICA DE INGENIERIA AGRARIA Y FORESTAL (Campus de Ponferrada) FACULTAD DE EDUCACION ESTUDIOS DE POSTGRADO FACULTAD DE CIENCIAS ECON\u00d3MICAS Y EMPRESARIALES\" \/>\n<meta property=\"og:url\" content=\"https:\/\/departamentos.unileon.es\/geografia-y-geologia\/centros-de-docencia\/\" \/>\n<meta property=\"og:site_name\" content=\"Departamento de Geograf\u00eda y Geolog\u00eda\" \/>\n<meta property=\"article:modified_time\" content=\"2024-05-24T07:40:58+00:00\" \/>\n<meta name=\"twitter:card\" content=\"summary_large_image\" \/>\n<meta name=\"twitter:label1\" content=\"Tiempo de lectura\" \/>\n\t<meta name=\"twitter:data1\" content=\"1 minuto\" \/>\n<script type=\"application\/ld+json\" class=\"yoast-schema-graph\">{\"@context\":\"https:\/\/schema.org\",\"@graph\":[{\"@type\":\"WebPage\",\"@id\":\"https:\/\/departamentos.unileon.es\/geografia-y-geologia\/centros-de-docencia\/\",\"url\":\"https:\/\/departamentos.unileon.es\/geografia-y-geologia\/centros-de-docencia\/\",\"name\":\"Centros de Docencia - Departamento de Geograf\u00eda y Geolog\u00eda\",\"isPartOf\":{\"@id\":\"https:\/\/departamentos.unileon.es\/geografia-y-geologia\/#website\"},\"datePublished\":\"2010-08-17T08:46:33+00:00\",\"dateModified\":\"2024-05-24T07:40:58+00:00\",\"inLanguage\":\"es\",\"potentialAction\":[{\"@type\":\"ReadAction\",\"target\":[\"https:\/\/departamentos.unileon.es\/geografia-y-geologia\/centros-de-docencia\/\"]}]},{\"@type\":\"WebSite\",\"@id\":\"https:\/\/departamentos.unileon.es\/geografia-y-geologia\/#website\",\"url\":\"https:\/\/departamentos.unileon.es\/geografia-y-geologia\/\",\"name\":\"Departamento de Geograf\u00eda y Geolog\u00eda\",\"description\":\"Otro sitio m\u00e1s de Universidad de Le\u00f3n\",\"potentialAction\":[{\"@type\":\"SearchAction\",\"target\":{\"@type\":\"EntryPoint\",\"urlTemplate\":\"https:\/\/departamentos.unileon.es\/geografia-y-geologia\/?s={search_term_string}\"},\"query-input\":{\"@type\":\"PropertyValueSpecification\",\"valueRequired\":true,\"valueName\":\"search_term_string\"}}],\"inLanguage\":\"es\"}]}<\/script>\n<!-- \/ Yoast SEO plugin. -->","yoast_head_json":{"title":"Centros de Docencia - Departamento de Geograf\u00eda y Geolog\u00eda","robots":{"index":"index","follow":"follow","max-snippet":"max-snippet:-1","max-image-preview":"max-image-preview:large","max-video-preview":"max-video-preview:-1"},"canonical":"https:\/\/departamentos.unileon.es\/geografia-y-geologia\/centros-de-docencia\/","og_locale":"es_ES","og_type":"article","og_title":"Centros de Docencia - Departamento de Geograf\u00eda y Geolog\u00eda","og_description":"FACULTAD DE FILOSOFIA Y LETRAS FACULTAD DE CIENCIAS BIOLOGICAS Y AMBIENTALES ESCUELA SUPERIOR Y T\u00c9CNICA DE INGENIEROS DE MINAS ESCUELA SUPERIOR Y T\u00c9CNICA DE INGENIERIA AGRARIA Y FORESTAL (Campus de Ponferrada) FACULTAD DE EDUCACION ESTUDIOS DE POSTGRADO FACULTAD DE CIENCIAS ECON\u00d3MICAS Y EMPRESARIALES","og_url":"https:\/\/departamentos.unileon.es\/geografia-y-geologia\/centros-de-docencia\/","og_site_name":"Departamento de Geograf\u00eda y Geolog\u00eda","article_modified_time":"2024-05-24T07:40:58+00:00","twitter_card":"summary_large_image","twitter_misc":{"Tiempo de lectura":"1 minuto"},"schema":{"@context":"https:\/\/schema.org","@graph":[{"@type":"WebPage","@id":"https:\/\/departamentos.unileon.es\/geografia-y-geologia\/centros-de-docencia\/","url":"https:\/\/departamentos.unileon.es\/geografia-y-geologia\/centros-de-docencia\/","name":"Centros de Docencia - Departamento de Geograf\u00eda y Geolog\u00eda","isPartOf":{"@id":"https:\/\/departamentos.unileon.es\/geografia-y-geologia\/#website"},"datePublished":"2010-08-17T08:46:33+00:00","dateModified":"2024-05-24T07:40:58+00:00","inLanguage":"es","potentialAction":[{"@type":"ReadAction","target":["https:\/\/departamentos.unileon.es\/geografia-y-geologia\/centros-de-docencia\/"]}]},{"@type":"WebSite","@id":"https:\/\/departamentos.unileon.es\/geografia-y-geologia\/#website","url":"https:\/\/departamentos.unileon.es\/geografia-y-geologia\/","name":"Departamento de Geograf\u00eda y Geolog\u00eda","description":"Otro sitio m\u00e1s de Universidad de Le\u00f3n","potentialAction":[{"@type":"SearchAction","target":{"@type":"EntryPoint","urlTemplate":"https:\/\/departamentos.unileon.es\/geografia-y-geologia\/?s={search_term_string}"},"query-input":{"@type":"PropertyValueSpecification","valueRequired":true,"valueName":"search_term_string"}}],"inLanguage":"es"}]}},"_links":{"self":[{"href":"https:\/\/departamentos.unileon.es\/geografia-y-geologia\/wp-json\/wp\/v2\/pages\/11","targetHints":{"allow":["GET"]}}],"collection":[{"href":"https:\/\/departamentos.unileon.es\/geografia-y-geologia\/wp-json\/wp\/v2\/pages"}],"about":[{"href":"https:\/\/departamentos.unileon.es\/geografia-y-geologia\/wp-json\/wp\/v2\/types\/page"}],"author":[{"embeddable":true,"href":"https:\/\/departamentos.unileon.es\/geografia-y-geologia\/wp-json\/wp\/v2\/users\/19"}],"replies":[{"embeddable":true,"href":"https:\/\/departamentos.unileon.es\/geografia-y-geologia\/wp-json\/wp\/v2\/comments?post=11"}],"version-history":[{"count":7,"href":"https:\/\/departamentos.unileon.es\/geografia-y-geologia\/wp-json\/wp\/v2\/pages\/11\/revisions"}],"predecessor-version":[{"id":191,"href":"https:\/\/departamentos.unileon.es\/geografia-y-geologia\/wp-json\/wp\/v2\/pages\/11\/revisions\/191"}],"wp:attachment":[{"href":"https:\/\/departamentos.unileon.es\/geografia-y-geologia\/wp-json\/wp\/v2\/media?parent=11"}],"curies":[{"name":"wp","href":"https:\/\/api.w.org\/{rel}","templated":true}]}}