{"id":8,"date":"2010-08-17T08:30:46","date_gmt":"2010-08-17T08:30:46","guid":{"rendered":"http:\/\/departamentos.unileon.es\/filologia-moderna\/"},"modified":"2019-07-04T07:31:28","modified_gmt":"2019-07-04T07:31:28","slug":"personal","status":"publish","type":"page","link":"https:\/\/departamentos.unileon.es\/filologia-moderna\/personal\/","title":{"rendered":"Personal"},"content":{"rendered":"\t\t\t\t\r\n\t\t\t\t\r\n\t\t\t\t\r\n\t\t\t\t<h2>Personal docente e investigador<\/h2>     \r\n                 <h3> \u00c1rea - Filolog\u00eda Francesa <\/h3>\r\n\t\t\t\t\t<ul>\r\n                        \r\n                        \r\n                       <li> <a href=\"https:\/\/www.unileon.es\/directorio-y-telefonos?usuario=fcgutv\">F\u00c9LIX C\u00c9SAR GUTI\u00c9RREZ VI\u00d1AYO<\/a> - Profesor Titular de Universidad - <a href =\"https:\/\/www.unileon.es\/ficheros\/perfildocente\/curriculum-fcgutv.pdf\"> Perfil Docente<\/a> <\/li>\r\n                                        \r\n                        \r\n                       <li> <a href=\"https:\/\/www.unileon.es\/directorio-y-telefonos?usuario=galvo\">GEMMA \u00c1LVAREZ ORD\u00d3\u00d1EZ<\/a> - Profesor Titular de Universidad - <a href =\"https:\/\/www.unileon.es\/ficheros\/perfildocente\/curriculum-galvo.pdf\"> Perfil Docente<\/a> <\/li>\r\n                                        \r\n                        \r\n                       <li> <a href=\"https:\/\/www.unileon.es\/directorio-y-telefonos?usuario=igonza\">IN\u00c9S GONZ\u00c1LEZ AGUILAR<\/a> - PROFESOR AYUDANTE DOCTOR - <a href =\"https:\/\/www.unileon.es\/ficheros\/perfildocente\/curriculum-igonza.pdf\"> Perfil Docente<\/a> <\/li>\r\n                                        \r\n                        \r\n                       <li> <a href=\"https:\/\/www.unileon.es\/directorio-y-telefonos?usuario=ylops\">YOLANDA L\u00d3PEZ SERRANO<\/a> - PROFESOR ASOCIADO - <a href =\"https:\/\/www.unileon.es\/ficheros\/perfildocente\/curriculum-ylops.pdf\"> Perfil Docente<\/a> <\/li>\r\n                                        \r\n                        \r\n                       <li> <a href=\"https:\/\/www.unileon.es\/directorio-y-telefonos?usuario=ahou\">ADELINE HOUZE <\/a> - AYUDANTE - <a href =\"https:\/\/www.unileon.es\/ficheros\/perfildocente\/curriculum-ahou.pdf\"> Perfil Docente<\/a> <\/li>\r\n                                    <\/ul> <h3> \u00c1rea - Filolog\u00eda Inglesa <\/h3>\r\n\t\t\t\t\t<ul>\r\n                        \r\n                        \r\n                       <li> <a href=\"https:\/\/www.unileon.es\/directorio-y-telefonos?usuario=aimorf\">ANA ISABEL MORENO FERN\u00c1NDEZ<\/a> - Catedr\u00e1tico de Universidad - <a href =\"https:\/\/www.unileon.es\/ficheros\/perfildocente\/curriculum-aimorf.pdf\"> Perfil Docente<\/a> <\/li>\r\n                                        \r\n                        \r\n                       <li> <a href=\"https:\/\/www.unileon.es\/directorio-y-telefonos?usuario=jlchag\">JOS\u00c9 LUIS CHAMOSA GONZ\u00c1LEZ<\/a> - Catedr\u00e1tico de Universidad - <a href =\"https:\/\/www.unileon.es\/ficheros\/perfildocente\/curriculum-jlchag.pdf\"> Perfil Docente<\/a> <\/li>\r\n                                        \r\n                        \r\n                       <li> <a href=\"https:\/\/www.unileon.es\/directorio-y-telefonos?usuario=nramg\">NOELIA RAM\u00d3N GARC\u00cdA<\/a> - Catedr\u00e1tico de Universidad - <a href =\"https:\/\/www.unileon.es\/ficheros\/perfildocente\/curriculum-nramg.pdf\"> Perfil Docente<\/a> <\/li>\r\n                                        \r\n                        \r\n                       <li> <a href=\"https:\/\/www.unileon.es\/directorio-y-telefonos?usuario=raodo\">ROBERT ALEXANDER O'DOWD <\/a> - Catedr\u00e1tico de Universidad - <a href =\"https:\/\/www.unileon.es\/ficheros\/perfildocente\/curriculum-raodo.pdf\"> Perfil Docente<\/a> <\/li>\r\n                                        \r\n                        \r\n                       <li> <a href=\"https:\/\/www.unileon.es\/directorio-y-telefonos?usuario=rraba\">ROSA RABAD\u00c1N \u00c1LVAREZ<\/a> - Catedr\u00e1tico de Universidad - <a href =\"https:\/\/www.unileon.es\/ficheros\/perfildocente\/curriculum-rraba.pdf\"> Perfil Docente<\/a> <\/li>\r\n                                        \r\n                        \r\n                       <li> <a href=\"https:\/\/www.unileon.es\/directorio-y-telefonos?usuario=cgomc\">CRISTINA G\u00d3MEZ CASTRO<\/a> - Profesor Titular de Universidad - <a href =\"https:\/\/www.unileon.es\/ficheros\/perfildocente\/curriculum-cgomc.pdf\"> Perfil Docente<\/a> <\/li>\r\n                                        \r\n                        \r\n                       <li> <a href=\"https:\/\/www.unileon.es\/directorio-y-telefonos?usuario=imarj\">IMELDA MART\u00cdN JUNQUERA<\/a> - Profesor Titular de Universidad - <a href =\"https:\/\/www.unileon.es\/ficheros\/perfildocente\/curriculum-imarj.pdf\"> Perfil Docente<\/a> <\/li>\r\n                                        \r\n                        \r\n                       <li> <a href=\"https:\/\/www.unileon.es\/directorio-y-telefonos?usuario=jjlanf\">JUAN JOS\u00c9 LANERO FERN\u00c1NDEZ<\/a> - Profesor Titular de Universidad - <a href =\"https:\/\/www.unileon.es\/ficheros\/perfildocente\/curriculum-jjlanf.pdf\"> Perfil Docente<\/a> <\/li>\r\n                                        \r\n                        \r\n                       <li> <a href=\"https:\/\/www.unileon.es\/directorio-y-telefonos?usuario=jrrodl\">JUAN RAM\u00d3N RODR\u00cdGUEZ DE LERA<\/a> - Profesor Titular de Universidad - <a href =\"https:\/\/www.unileon.es\/ficheros\/perfildocente\/curriculum-jrrodl.pdf\"> Perfil Docente<\/a> <\/li>\r\n                                        \r\n                        \r\n                       <li> <a href=\"https:\/\/www.unileon.es\/directorio-y-telefonos?usuario=mdiam\">MARIO D\u00cdAZ MART\u00cdNEZ<\/a> - Profesor Titular de Universidad - <a href =\"https:\/\/www.unileon.es\/ficheros\/perfildocente\/curriculum-mdiam.pdf\"> Perfil Docente<\/a> <\/li>\r\n                                        \r\n                        \r\n                       <li> <a href=\"https:\/\/www.unileon.es\/directorio-y-telefonos?usuario=mslopr\">MARTA SOF\u00cdA L\u00d3PEZ RODR\u00cdGUEZ<\/a> - Profesor Titular de Universidad - <a href =\"https:\/\/www.unileon.es\/ficheros\/perfildocente\/curriculum-mslopr.pdf\"> Perfil Docente<\/a> <\/li>\r\n                                        \r\n                        \r\n                       <li> <a href=\"https:\/\/www.unileon.es\/directorio-y-telefonos?usuario=mblabc\">MAR\u00cdA BEL\u00c9N LABRADOR DE LA CRUZ<\/a> - Profesor Titular de Universidad - <a href =\"https:\/\/www.unileon.es\/ficheros\/perfildocente\/curriculum-mblabc.pdf\"> Perfil Docente<\/a> <\/li>\r\n                                        \r\n                        \r\n                       <li> <a href=\"https:\/\/www.unileon.es\/directorio-y-telefonos?usuario=mcgutl\">MAR\u00cdA CAMINO GUTI\u00c9RREZ LANZA<\/a> - Profesor Titular de Universidad - <a href =\"https:\/\/www.unileon.es\/ficheros\/perfildocente\/curriculum-mcgutl.pdf\"> Perfil Docente<\/a> <\/li>\r\n                                        \r\n                        \r\n                       <li> <a href=\"https:\/\/www.unileon.es\/directorio-y-telefonos?usuario=mcperd\">MAR\u00cdA DEL CARMEN P\u00c9REZ D\u00cdEZ<\/a> - Profesor Titular de Universidad - <a href =\"https:\/\/www.unileon.es\/ficheros\/perfildocente\/curriculum-mcperd.pdf\"> Perfil Docente<\/a> <\/li>\r\n                                        \r\n                        \r\n                       <li> <a href=\"https:\/\/www.unileon.es\/directorio-y-telefonos?usuario=mjalvm\">MAR\u00cdA JOS\u00c9 \u00c1LVAREZ MAUR\u00cdN<\/a> - Profesor Titular de Universidad - <a href =\"https:\/\/www.unileon.es\/ficheros\/perfildocente\/curriculum-mjalvm.pdf\"> Perfil Docente<\/a> <\/li>\r\n                                        \r\n                        \r\n                       <li> <a href=\"https:\/\/www.unileon.es\/directorio-y-telefonos?usuario=tguzg\">TRINIDAD GUZM\u00c1N GONZ\u00c1LEZ<\/a> - Profesor Titular de Universidad - <a href =\"https:\/\/www.unileon.es\/ficheros\/perfildocente\/curriculum-tguzg.pdf\"> Perfil Docente<\/a> <\/li>\r\n                                        \r\n                        \r\n                       <li> <a href=\"https:\/\/www.unileon.es\/directorio-y-telefonos?usuario=madief\">MAR\u00cdA DE LOS \u00c1NGELES D\u00cdEZ FERN\u00c1NDEZ<\/a> - Profesor Titular Escuela Universitaria - <a href =\"https:\/\/www.unileon.es\/ficheros\/perfildocente\/curriculum-madief.pdf\"> Perfil Docente<\/a> <\/li>\r\n                                        \r\n                        \r\n                       <li> <a href=\"https:\/\/www.unileon.es\/directorio-y-telefonos?usuario=cblag\">CRISTINA BLANCO GARC\u00cdA<\/a> - PROFESOR AYUDANTE DOCTOR - <a href =\"https:\/\/www.unileon.es\/ficheros\/perfildocente\/curriculum-cblag.pdf\"> Perfil Docente<\/a> <\/li>\r\n                                        \r\n                        \r\n                       <li> <a href=\"https:\/\/www.unileon.es\/directorio-y-telefonos?usuario=rmartp\">REGINA MART\u00cdNEZ PONCIANO<\/a> - PROFESOR AYUDANTE DOCTOR - <a href =\"https:\/\/www.unileon.es\/ficheros\/perfildocente\/curriculum-rmartp.pdf\"> Perfil Docente<\/a> <\/li>\r\n                                        \r\n                        \r\n                       <li> <a href=\"https:\/\/www.unileon.es\/directorio-y-telefonos?usuario=eperb\">ELENA P\u00c9REZ BARRIOLUENGO<\/a> - PROFESOR ASOCIADO - <a href =\"https:\/\/www.unileon.es\/ficheros\/perfildocente\/curriculum-eperb.pdf\"> Perfil Docente<\/a> <\/li>\r\n                                        \r\n                        \r\n                       <li> <a href=\"https:\/\/www.unileon.es\/directorio-y-telefonos?usuario=slabl\">SONIA LABANDA LOPEZ<\/a> - PROFESOR ASOCIADO - <a href =\"https:\/\/www.unileon.es\/ficheros\/perfildocente\/curriculum-slabl.pdf\"> Perfil Docente<\/a> <\/li>\r\n                                        \r\n                        \r\n                       <li> <a href=\"https:\/\/www.unileon.es\/directorio-y-telefonos?usuario=ammar\">ALFRED MICHAEL MARKEY <\/a> - PROFESOR PERMANENTE LABORAL - <a href =\"https:\/\/www.unileon.es\/ficheros\/perfildocente\/curriculum-ammar.pdf\"> Perfil Docente<\/a> <\/li>\r\n                                        \r\n                        \r\n                       <li> <a href=\"https:\/\/www.unileon.es\/directorio-y-telefonos?usuario=angonm\">ANA MARIA GONZALEZ MARTINEZ<\/a> - PROFESOR SUSTITUTO - <a href =\"https:\/\/www.unileon.es\/ficheros\/perfildocente\/curriculum-angonm.pdf\"> Perfil Docente<\/a> <\/li>\r\n                                        \r\n                        \r\n                       <li> <a href=\"https:\/\/www.unileon.es\/directorio-y-telefonos?usuario=ebanf\">ELENA BAND\u00cdN FUERTES<\/a> - PROFESOR PERMANENTE LABORAL - <a href =\"https:\/\/www.unileon.es\/ficheros\/perfildocente\/curriculum-ebanf.pdf\"> Perfil Docente<\/a> <\/li>\r\n                                        \r\n                        \r\n                       <li> <a href=\"https:\/\/www.unileon.es\/directorio-y-telefonos?usuario=mperb\">MAR\u00cdA P\u00c9REZ BLANCO<\/a> - PROFESOR PERMANENTE LABORAL - <a href =\"https:\/\/www.unileon.es\/ficheros\/perfildocente\/curriculum-mperb.pdf\"> Perfil Docente<\/a> <\/li>\r\n                                        \r\n                        \r\n                       <li> <a href=\"https:\/\/www.unileon.es\/directorio-y-telefonos?usuario=slobs\">SERGIO LOBEJ\u00d3N SANTOS<\/a> - PROFESOR PERMANENTE LABORAL - <a href =\"https:\/\/www.unileon.es\/ficheros\/perfildocente\/curriculum-slobs.pdf\"> Perfil Docente<\/a> <\/li>\r\n                                      \r\n\t\t\t\t<\/ul>\r\n\r\n\t\t\t\t\t\r\n\t\t\t\r\n\t\t\t<p>\u00a0<\/p>\r\n\t\t\t<h2>Personal de administraci\u00f3n y servicios<\/h2>\r\n\t\t\t<ul>\r\n\r\n\r\n\r\n\t\t\t\r\n                \r\n                    <li><a href=\"https:\/\/www.unileon.es\/directorio-y-telefonos?usuario=mamif\">MAR\u00cdA \u00c1NGELA AMIGO FERN\u00c1NDEZ<\/a> - E. AUXILIAR DE LA UNIVERSIDAD DE LE\u00d3N<\/li>\r\n            \r\n\t\t\t\r\n                <\/ul>\r\n\r\n","protected":false},"excerpt":{"rendered":"","protected":false},"author":1,"featured_media":0,"parent":0,"menu_order":3,"comment_status":"closed","ping_status":"open","template":"","meta":{"ngg_post_thumbnail":0,"footnotes":""},"class_list":["post-8","page","type-page","status-publish","hentry"],"yoast_head":"<!-- This site is optimized with the Yoast SEO plugin v25.8 - https:\/\/yoast.com\/wordpress\/plugins\/seo\/ -->\n<title>Personal - Departamento de Filolog\u00eda Moderna<\/title>\n<meta name=\"robots\" content=\"index, follow, max-snippet:-1, max-image-preview:large, max-video-preview:-1\" \/>\n<link rel=\"canonical\" href=\"https:\/\/departamentos.unileon.es\/filologia-moderna\/personal\/\" \/>\n<meta property=\"og:locale\" content=\"es_ES\" \/>\n<meta property=\"og:type\" content=\"article\" \/>\n<meta property=\"og:title\" content=\"Personal - Departamento de Filolog\u00eda Moderna\" \/>\n<meta property=\"og:url\" content=\"https:\/\/departamentos.unileon.es\/filologia-moderna\/personal\/\" \/>\n<meta property=\"og:site_name\" content=\"Departamento de Filolog\u00eda Moderna\" \/>\n<meta property=\"article:modified_time\" content=\"2019-07-04T07:31:28+00:00\" \/>\n<meta name=\"twitter:card\" content=\"summary_large_image\" \/>\n<script type=\"application\/ld+json\" class=\"yoast-schema-graph\">{\"@context\":\"https:\/\/schema.org\",\"@graph\":[{\"@type\":\"WebPage\",\"@id\":\"https:\/\/departamentos.unileon.es\/filologia-moderna\/personal\/\",\"url\":\"https:\/\/departamentos.unileon.es\/filologia-moderna\/personal\/\",\"name\":\"Personal - Departamento de Filolog\u00eda Moderna\",\"isPartOf\":{\"@id\":\"https:\/\/departamentos.unileon.es\/filologia-moderna\/#website\"},\"datePublished\":\"2010-08-17T08:30:46+00:00\",\"dateModified\":\"2019-07-04T07:31:28+00:00\",\"inLanguage\":\"es\",\"potentialAction\":[{\"@type\":\"ReadAction\",\"target\":[\"https:\/\/departamentos.unileon.es\/filologia-moderna\/personal\/\"]}]},{\"@type\":\"WebSite\",\"@id\":\"https:\/\/departamentos.unileon.es\/filologia-moderna\/#website\",\"url\":\"https:\/\/departamentos.unileon.es\/filologia-moderna\/\",\"name\":\"Departamento de Filolog\u00eda Moderna\",\"description\":\"Otro sitio m\u00e1s de Universidad de Le\u00f3n\",\"potentialAction\":[{\"@type\":\"SearchAction\",\"target\":{\"@type\":\"EntryPoint\",\"urlTemplate\":\"https:\/\/departamentos.unileon.es\/filologia-moderna\/?s={search_term_string}\"},\"query-input\":{\"@type\":\"PropertyValueSpecification\",\"valueRequired\":true,\"valueName\":\"search_term_string\"}}],\"inLanguage\":\"es\"}]}<\/script>\n<!-- \/ Yoast SEO plugin. -->","yoast_head_json":{"title":"Personal - Departamento de Filolog\u00eda Moderna","robots":{"index":"index","follow":"follow","max-snippet":"max-snippet:-1","max-image-preview":"max-image-preview:large","max-video-preview":"max-video-preview:-1"},"canonical":"https:\/\/departamentos.unileon.es\/filologia-moderna\/personal\/","og_locale":"es_ES","og_type":"article","og_title":"Personal - Departamento de Filolog\u00eda Moderna","og_url":"https:\/\/departamentos.unileon.es\/filologia-moderna\/personal\/","og_site_name":"Departamento de Filolog\u00eda Moderna","article_modified_time":"2019-07-04T07:31:28+00:00","twitter_card":"summary_large_image","schema":{"@context":"https:\/\/schema.org","@graph":[{"@type":"WebPage","@id":"https:\/\/departamentos.unileon.es\/filologia-moderna\/personal\/","url":"https:\/\/departamentos.unileon.es\/filologia-moderna\/personal\/","name":"Personal - Departamento de Filolog\u00eda Moderna","isPartOf":{"@id":"https:\/\/departamentos.unileon.es\/filologia-moderna\/#website"},"datePublished":"2010-08-17T08:30:46+00:00","dateModified":"2019-07-04T07:31:28+00:00","inLanguage":"es","potentialAction":[{"@type":"ReadAction","target":["https:\/\/departamentos.unileon.es\/filologia-moderna\/personal\/"]}]},{"@type":"WebSite","@id":"https:\/\/departamentos.unileon.es\/filologia-moderna\/#website","url":"https:\/\/departamentos.unileon.es\/filologia-moderna\/","name":"Departamento de Filolog\u00eda Moderna","description":"Otro sitio m\u00e1s de Universidad de Le\u00f3n","potentialAction":[{"@type":"SearchAction","target":{"@type":"EntryPoint","urlTemplate":"https:\/\/departamentos.unileon.es\/filologia-moderna\/?s={search_term_string}"},"query-input":{"@type":"PropertyValueSpecification","valueRequired":true,"valueName":"search_term_string"}}],"inLanguage":"es"}]}},"_links":{"self":[{"href":"https:\/\/departamentos.unileon.es\/filologia-moderna\/wp-json\/wp\/v2\/pages\/8","targetHints":{"allow":["GET"]}}],"collection":[{"href":"https:\/\/departamentos.unileon.es\/filologia-moderna\/wp-json\/wp\/v2\/pages"}],"about":[{"href":"https:\/\/departamentos.unileon.es\/filologia-moderna\/wp-json\/wp\/v2\/types\/page"}],"author":[{"embeddable":true,"href":"https:\/\/departamentos.unileon.es\/filologia-moderna\/wp-json\/wp\/v2\/users\/1"}],"replies":[{"embeddable":true,"href":"https:\/\/departamentos.unileon.es\/filologia-moderna\/wp-json\/wp\/v2\/comments?post=8"}],"version-history":[{"count":13,"href":"https:\/\/departamentos.unileon.es\/filologia-moderna\/wp-json\/wp\/v2\/pages\/8\/revisions"}],"predecessor-version":[{"id":362,"href":"https:\/\/departamentos.unileon.es\/filologia-moderna\/wp-json\/wp\/v2\/pages\/8\/revisions\/362"}],"wp:attachment":[{"href":"https:\/\/departamentos.unileon.es\/filologia-moderna\/wp-json\/wp\/v2\/media?parent=8"}],"curies":[{"name":"wp","href":"https:\/\/api.w.org\/{rel}","templated":true}]}}