{"id":248,"date":"2015-06-04T08:54:03","date_gmt":"2015-06-04T08:54:03","guid":{"rendered":"http:\/\/departamentos.unileon.es\/filologia-moderna\/?page_id=248"},"modified":"2015-11-03T13:32:22","modified_gmt":"2015-11-03T13:32:22","slug":"titulaciones","status":"publish","type":"page","link":"https:\/\/departamentos.unileon.es\/filologia-moderna\/titulaciones\/","title":{"rendered":"Titulaciones"},"content":{"rendered":"<p style=\"text-align: center\"><a href=\"http:\/\/departamentos.unileon.es\/filologia-moderna\/files\/2015\/06\/imagtitulacionesDpto.jpg\"><img loading=\"lazy\" decoding=\"async\" class=\"aligncenter wp-image-264\" src=\"http:\/\/departamentos.unileon.es\/filologia-moderna\/files\/2015\/06\/imagtitulacionesDpto-300x57.jpg\" alt=\"imagtitulacionesDpto\" width=\"360\" height=\"68\" srcset=\"https:\/\/departamentos.unileon.es\/filologia-moderna\/files\/2015\/06\/imagtitulacionesDpto-300x57.jpg 300w, https:\/\/departamentos.unileon.es\/filologia-moderna\/files\/2015\/06\/imagtitulacionesDpto.jpg 851w\" sizes=\"auto, (max-width: 360px) 100vw, 360px\" \/><\/a><\/p>\r\n<p style=\"text-align: center\"><a href=\"https:\/\/www.unileon.es\/estudiantes\/estudiantes-master\/oferta-titulaciones\/planes-estudio\/mu-secundaria\">MASTER UNIVERSITARIO EN FORMACION DEL PROFESORADO DE EDUCACI\u00d3N<\/a> Secundaria Obligatoria y Bachillerato, Formaci\u00f3n Profesional y Ense\u00f1anzas de Idiomas<\/p>\r\n\r\n<ul>\r\n\t<li><a href=\"https:\/\/www.unileon.es\/estudiantes\/estudiantes-que-desean-acceder\/solicitudes-iniciar-estudios\/master\/formacion\/acreditacion-idioma\">Acreditaci\u00f3n del nivel B1 de lengua extranjera y curso de preparaci\u00f3n para la acreditaci\u00f3n del nivel B1 en lengua extranjera<\/a><\/li>\r\n\t<li><a title=\"Documento pdf\" href=\"https:\/\/www.unileon.es\/ficheros\/acceso\/master\/triptico_master_profesorado.pdf\">Tr\u00edptico informativo del programa oficial<\/a><\/li>\r\n\t<li><a title=\"Documento pdf\" href=\"https:\/\/www.unileon.es\/ficheros\/acceso\/master\/especialidades_master_profesorado.pdf\">Especialidades Ofertadas<\/a><\/li>\r\n\t<li><a href=\"https:\/\/www.unileon.es\/files\/exencion-examen-master-profesorado-2.pdf\">Titulaciones a las que se puede acceder sin necesidad de prueba de cambio de especialidad<\/a><\/li>\r\n\t<li><a href=\"https:\/\/www.unileon.es\/files\/SOLICITUD%20DE%20INSCRIPCI%C3%93N%20PARA%20LA%20REALIZACI%C3%93N%20DE%20LA%20PRUEBA.doc.doc\">Solicitud para la prueba de cambio de especialidad<\/a><\/li>\r\n\t<li><a href=\"http:\/\/www.boe.es\/boe\/dias\/2011\/06\/22\/pdfs\/BOE-A-2011-10861.pdf\">Publicaci\u00f3n en el<span class=\"Apple-converted-space\">\u00a0<\/span><acronym title=\"\">BOE<\/acronym><\/a><\/li>\r\n<\/ul>\r\n&nbsp;\r\n<ul>\r\n\t<li><a href=\"http:\/\/www.unileon.es\/estudiantes\/estudiantes-grado\/oferta-de-estudios\/grado-en-filologia-moderna-ingles\">GRADO EN FILOLOG\u00cdA MODERNA, INGL\u00c9S<\/a><\/li>\r\n<\/ul>\r\n<ol class=\"big\">\r\n\t<li><a href=\"http:\/\/www.unileon.es\/estudiantes\/estudiantes-grado\/oferta-de-estudios\/grado-en-filologia-moderna-ingles\/descripcion-plan\">Descripci\u00f3n General<\/a><\/li>\r\n\t<li><a href=\"http:\/\/www.unileon.es\/estudiantes\/estudiantes-grado\/oferta-de-estudios\/planes?titula=0413\">Plan de estudios<\/a><\/li>\r\n\t<li>Ficha\r\n<ul>\r\n\t<li><a href=\"http:\/\/www.unileon.es\/estudiantes\/estudiantes-grado\/oferta-de-estudios\/grado-en-filologia-moderna-ingles\/descripcion\">Descripci\u00f3n<\/a><\/li>\r\n\t<li><a href=\"http:\/\/www.unileon.es\/estudiantes\/estudiantes-grado\/oferta-de-estudios\/grado-en-filologia-moderna-ingles\/competencias\">Competencias<\/a><\/li>\r\n\t<li><a href=\"http:\/\/www.unileon.es\/estudiantes\/estudiantes-grado\/oferta-de-estudios\/grado-en-filologia-moderna-ingles\/acceso-admision\">Acceso y admisi\u00f3n<\/a><\/li>\r\n\t<li><a href=\"http:\/\/www.unileon.es\/estudiantes\/estudiantes-grado\/oferta-de-estudios\/grado-en-filologia-moderna-ingles\/implantacion\">Calendario de implantaci\u00f3n<\/a><\/li>\r\n\t<li><a href=\"http:\/\/www.unileon.es\/estudiantes\/estudiantes-grado\/oferta-de-estudios\/grado-en-filologia-moderna-ingles\/calidad\">Sistema de garant\u00eda de calidad<\/a><\/li>\r\n\t<li><a href=\"http:\/\/seguimiento.calidad.unileon.es\/descargaPublico.php?localizacion=uploads\/Filologia_Moderna20110505-143-4-14-2011-09-22-19-07-20.pdf\">Enlace a la Memoria de T\u00edtulo Verificada<\/a><\/li>\r\n<\/ul>\r\n<\/li>\r\n<\/ol>\r\n&nbsp;\r\n<ul>\r\n\t<li><a href=\"http:\/\/www.unileon.es\/estudiantes\/estudiantes-grado\/oferta-de-estudios\/grado-en-educacion-infantil\">GRADO EN EDUCACI\u00d3N INFANTIL<\/a><\/li>\r\n\t<li><a href=\"http:\/\/www.unileon.es\/estudiantes\/estudiantes-grado\/oferta-de-estudios\/grado-en-educacion-primaria\">GRADO EN EDUCACI\u00d3N PRIMARIA<\/a><\/li>\r\n\t<li><a href=\"http:\/\/www.unileon.es\/estudiantes\/estudiantes-grado\/oferta-de-estudios\/grado-en-educacion-social\">GRADO EN EDUCACI\u00d3N SOCIAL<\/a><\/li>\r\n<\/ul>\r\n<ul>\r\n\t<li><a href=\"http:\/\/www.unileon.es\/estudiantes\/estudiantes-grado\/oferta-de-estudios\/grado-en-administracion-y-direccion-de-empresas\">GRADO EN ADMINISTACI\u00d3N Y DIRECCI\u00d3N DE EMPRESAS<\/a><\/li>\r\n\t<li><a href=\"http:\/\/www.unileon.es\/estudiantes\/estudiantes-grado\/oferta-de-estudios\/grado-en-finanzas\">GRADO EN FINANZAS<\/a><\/li>\r\n\t<li><a href=\"http:\/\/www.unileon.es\/estudiantes\/estudiantes-grado\/oferta-de-estudios\/grado-en-economia\">GRADO EN ECONOM\u00cdA<\/a><\/li>\r\n\t<li><a href=\"http:\/\/www.unileon.es\/estudiantes\/estudiantes-grado\/oferta-de-estudios\/grado-en-marketing-e-investigacion-de-mercados\">GRADO EN MARKETING E INVESTIGACI\u00d3N DE MERCADOS<\/a><\/li>\r\n\t<li><a href=\"http:\/\/www.unileon.es\/estudiantes\/estudiantes-grado\/oferta-de-estudios\/grado-en-comercio-internacional\">GRADO EN COMERCIO INTERNACIONAL<\/a><\/li>\r\n\t<li><a href=\"http:\/\/www.unileon.es\/estudiantes\/estudiantes-grado\/oferta-de-estudios\/grado-en-turismo\">GRADO EN TURISMO<\/a><\/li>\r\n<\/ul>\r\n<ul>\r\n\t<li><a href=\"http:\/\/www.unileon.es\/estudiantes\/estudiantes-grado\/oferta-de-estudios\/grado-en-ingenieria-en-electronica-industrial-y-automatica\">GRADO EN INGENIER\u00cdA ELECTR\u00d3NICA INDUSTRIAL Y AUTOM\u00c1TICA<\/a><\/li>\r\n\t<li><a href=\"http:\/\/www.unileon.es\/estudiantes\/estudiantes-grado\/oferta-de-estudios\/grado-en-ingenieria-mecanica\">GRADO EN INGENIER\u00cdA MEC\u00c1NICA<\/a><\/li>\r\n\t<li><a href=\"http:\/\/www.unileon.es\/estudiantes\/estudiantes-grado\/oferta-de-estudios\/grado-en-ingenieria-informatica\">GRADO EN INGENIER\u00cdA INFORM\u00c1TICA<\/a><\/li>\r\n\t<li><a href=\"http:\/\/www.unileon.es\/estudiantes\/estudiantes-grado\/oferta-de-estudios\/grado-en-ingenieria-aeroespacial\">GRADO EN INGENIER\u00cdA AEROESPACIAL<\/a><\/li>\r\n\t<li><a href=\"http:\/\/www.unileon.es\/estudiantes\/estudiantes-grado\/oferta-de-estudios\/grado-en-ingenieria-electrica\">GRADO EN INGENIER\u00cdA EL\u00c9CTRICA<\/a><\/li>\r\n<\/ul>","protected":false},"excerpt":{"rendered":"<p>MASTER UNIVERSITARIO EN FORMACION DEL PROFESORADO DE EDUCACI\u00d3N Secundaria Obligatoria y Bachillerato, Formaci\u00f3n Profesional y Ense\u00f1anzas de Idiomas Acreditaci\u00f3n del nivel B1 de lengua extranjera y curso de preparaci\u00f3n para la acreditaci\u00f3n del nivel B1 en lengua extranjera Tr\u00edptico informativo del programa oficial Especialidades Ofertadas Titulaciones a las que se puede acceder sin necesidad de [&hellip;]<\/p>\n","protected":false},"author":18,"featured_media":0,"parent":0,"menu_order":0,"comment_status":"closed","ping_status":"closed","template":"","meta":{"ngg_post_thumbnail":0,"footnotes":""},"class_list":["post-248","page","type-page","status-publish","hentry"],"yoast_head":"<!-- This site is optimized with the Yoast SEO plugin v25.8 - https:\/\/yoast.com\/wordpress\/plugins\/seo\/ -->\n<title>Titulaciones - Departamento de Filolog\u00eda Moderna<\/title>\n<meta name=\"robots\" content=\"index, follow, max-snippet:-1, max-image-preview:large, max-video-preview:-1\" \/>\n<link rel=\"canonical\" href=\"https:\/\/departamentos.unileon.es\/filologia-moderna\/titulaciones\/\" \/>\n<meta property=\"og:locale\" content=\"es_ES\" \/>\n<meta property=\"og:type\" content=\"article\" \/>\n<meta property=\"og:title\" content=\"Titulaciones - Departamento de Filolog\u00eda Moderna\" \/>\n<meta property=\"og:description\" content=\"MASTER UNIVERSITARIO EN FORMACION DEL PROFESORADO DE EDUCACI\u00d3N Secundaria Obligatoria y Bachillerato, Formaci\u00f3n Profesional y Ense\u00f1anzas de Idiomas Acreditaci\u00f3n del nivel B1 de lengua extranjera y curso de preparaci\u00f3n para la acreditaci\u00f3n del nivel B1 en lengua extranjera Tr\u00edptico informativo del programa oficial Especialidades Ofertadas Titulaciones a las que se puede acceder sin necesidad de [&hellip;]\" \/>\n<meta property=\"og:url\" content=\"https:\/\/departamentos.unileon.es\/filologia-moderna\/titulaciones\/\" \/>\n<meta property=\"og:site_name\" content=\"Departamento de Filolog\u00eda Moderna\" \/>\n<meta property=\"article:modified_time\" content=\"2015-11-03T13:32:22+00:00\" \/>\n<meta property=\"og:image\" content=\"http:\/\/departamentos.unileon.es\/filologia-moderna\/files\/2015\/06\/imagtitulacionesDpto-300x57.jpg\" \/>\n<meta name=\"twitter:card\" content=\"summary_large_image\" \/>\n<meta name=\"twitter:label1\" content=\"Tiempo de lectura\" \/>\n\t<meta name=\"twitter:data1\" content=\"1 minuto\" \/>\n<script type=\"application\/ld+json\" class=\"yoast-schema-graph\">{\"@context\":\"https:\/\/schema.org\",\"@graph\":[{\"@type\":\"WebPage\",\"@id\":\"https:\/\/departamentos.unileon.es\/filologia-moderna\/titulaciones\/\",\"url\":\"https:\/\/departamentos.unileon.es\/filologia-moderna\/titulaciones\/\",\"name\":\"Titulaciones - Departamento de Filolog\u00eda Moderna\",\"isPartOf\":{\"@id\":\"https:\/\/departamentos.unileon.es\/filologia-moderna\/#website\"},\"primaryImageOfPage\":{\"@id\":\"https:\/\/departamentos.unileon.es\/filologia-moderna\/titulaciones\/#primaryimage\"},\"image\":{\"@id\":\"https:\/\/departamentos.unileon.es\/filologia-moderna\/titulaciones\/#primaryimage\"},\"thumbnailUrl\":\"http:\/\/departamentos.unileon.es\/filologia-moderna\/files\/2015\/06\/imagtitulacionesDpto-300x57.jpg\",\"datePublished\":\"2015-06-04T08:54:03+00:00\",\"dateModified\":\"2015-11-03T13:32:22+00:00\",\"inLanguage\":\"es\",\"potentialAction\":[{\"@type\":\"ReadAction\",\"target\":[\"https:\/\/departamentos.unileon.es\/filologia-moderna\/titulaciones\/\"]}]},{\"@type\":\"ImageObject\",\"inLanguage\":\"es\",\"@id\":\"https:\/\/departamentos.unileon.es\/filologia-moderna\/titulaciones\/#primaryimage\",\"url\":\"http:\/\/departamentos.unileon.es\/filologia-moderna\/files\/2015\/06\/imagtitulacionesDpto-300x57.jpg\",\"contentUrl\":\"http:\/\/departamentos.unileon.es\/filologia-moderna\/files\/2015\/06\/imagtitulacionesDpto-300x57.jpg\"},{\"@type\":\"WebSite\",\"@id\":\"https:\/\/departamentos.unileon.es\/filologia-moderna\/#website\",\"url\":\"https:\/\/departamentos.unileon.es\/filologia-moderna\/\",\"name\":\"Departamento de Filolog\u00eda Moderna\",\"description\":\"Otro sitio m\u00e1s de Universidad de Le\u00f3n\",\"potentialAction\":[{\"@type\":\"SearchAction\",\"target\":{\"@type\":\"EntryPoint\",\"urlTemplate\":\"https:\/\/departamentos.unileon.es\/filologia-moderna\/?s={search_term_string}\"},\"query-input\":{\"@type\":\"PropertyValueSpecification\",\"valueRequired\":true,\"valueName\":\"search_term_string\"}}],\"inLanguage\":\"es\"}]}<\/script>\n<!-- \/ Yoast SEO plugin. -->","yoast_head_json":{"title":"Titulaciones - Departamento de Filolog\u00eda Moderna","robots":{"index":"index","follow":"follow","max-snippet":"max-snippet:-1","max-image-preview":"max-image-preview:large","max-video-preview":"max-video-preview:-1"},"canonical":"https:\/\/departamentos.unileon.es\/filologia-moderna\/titulaciones\/","og_locale":"es_ES","og_type":"article","og_title":"Titulaciones - Departamento de Filolog\u00eda Moderna","og_description":"MASTER UNIVERSITARIO EN FORMACION DEL PROFESORADO DE EDUCACI\u00d3N Secundaria Obligatoria y Bachillerato, Formaci\u00f3n Profesional y Ense\u00f1anzas de Idiomas Acreditaci\u00f3n del nivel B1 de lengua extranjera y curso de preparaci\u00f3n para la acreditaci\u00f3n del nivel B1 en lengua extranjera Tr\u00edptico informativo del programa oficial Especialidades Ofertadas Titulaciones a las que se puede acceder sin necesidad de [&hellip;]","og_url":"https:\/\/departamentos.unileon.es\/filologia-moderna\/titulaciones\/","og_site_name":"Departamento de Filolog\u00eda Moderna","article_modified_time":"2015-11-03T13:32:22+00:00","og_image":[{"url":"http:\/\/departamentos.unileon.es\/filologia-moderna\/files\/2015\/06\/imagtitulacionesDpto-300x57.jpg","type":"","width":"","height":""}],"twitter_card":"summary_large_image","twitter_misc":{"Tiempo de lectura":"1 minuto"},"schema":{"@context":"https:\/\/schema.org","@graph":[{"@type":"WebPage","@id":"https:\/\/departamentos.unileon.es\/filologia-moderna\/titulaciones\/","url":"https:\/\/departamentos.unileon.es\/filologia-moderna\/titulaciones\/","name":"Titulaciones - Departamento de Filolog\u00eda Moderna","isPartOf":{"@id":"https:\/\/departamentos.unileon.es\/filologia-moderna\/#website"},"primaryImageOfPage":{"@id":"https:\/\/departamentos.unileon.es\/filologia-moderna\/titulaciones\/#primaryimage"},"image":{"@id":"https:\/\/departamentos.unileon.es\/filologia-moderna\/titulaciones\/#primaryimage"},"thumbnailUrl":"http:\/\/departamentos.unileon.es\/filologia-moderna\/files\/2015\/06\/imagtitulacionesDpto-300x57.jpg","datePublished":"2015-06-04T08:54:03+00:00","dateModified":"2015-11-03T13:32:22+00:00","inLanguage":"es","potentialAction":[{"@type":"ReadAction","target":["https:\/\/departamentos.unileon.es\/filologia-moderna\/titulaciones\/"]}]},{"@type":"ImageObject","inLanguage":"es","@id":"https:\/\/departamentos.unileon.es\/filologia-moderna\/titulaciones\/#primaryimage","url":"http:\/\/departamentos.unileon.es\/filologia-moderna\/files\/2015\/06\/imagtitulacionesDpto-300x57.jpg","contentUrl":"http:\/\/departamentos.unileon.es\/filologia-moderna\/files\/2015\/06\/imagtitulacionesDpto-300x57.jpg"},{"@type":"WebSite","@id":"https:\/\/departamentos.unileon.es\/filologia-moderna\/#website","url":"https:\/\/departamentos.unileon.es\/filologia-moderna\/","name":"Departamento de Filolog\u00eda Moderna","description":"Otro sitio m\u00e1s de Universidad de Le\u00f3n","potentialAction":[{"@type":"SearchAction","target":{"@type":"EntryPoint","urlTemplate":"https:\/\/departamentos.unileon.es\/filologia-moderna\/?s={search_term_string}"},"query-input":{"@type":"PropertyValueSpecification","valueRequired":true,"valueName":"search_term_string"}}],"inLanguage":"es"}]}},"_links":{"self":[{"href":"https:\/\/departamentos.unileon.es\/filologia-moderna\/wp-json\/wp\/v2\/pages\/248","targetHints":{"allow":["GET"]}}],"collection":[{"href":"https:\/\/departamentos.unileon.es\/filologia-moderna\/wp-json\/wp\/v2\/pages"}],"about":[{"href":"https:\/\/departamentos.unileon.es\/filologia-moderna\/wp-json\/wp\/v2\/types\/page"}],"author":[{"embeddable":true,"href":"https:\/\/departamentos.unileon.es\/filologia-moderna\/wp-json\/wp\/v2\/users\/18"}],"replies":[{"embeddable":true,"href":"https:\/\/departamentos.unileon.es\/filologia-moderna\/wp-json\/wp\/v2\/comments?post=248"}],"version-history":[{"count":6,"href":"https:\/\/departamentos.unileon.es\/filologia-moderna\/wp-json\/wp\/v2\/pages\/248\/revisions"}],"predecessor-version":[{"id":277,"href":"https:\/\/departamentos.unileon.es\/filologia-moderna\/wp-json\/wp\/v2\/pages\/248\/revisions\/277"}],"wp:attachment":[{"href":"https:\/\/departamentos.unileon.es\/filologia-moderna\/wp-json\/wp\/v2\/media?parent=248"}],"curies":[{"name":"wp","href":"https:\/\/api.w.org\/{rel}","templated":true}]}}