{"id":17,"date":"2010-08-17T08:32:15","date_gmt":"2010-08-17T08:32:15","guid":{"rendered":"http:\/\/departamentos.unileon.es\/filologia-moderna\/"},"modified":"2015-11-03T12:21:33","modified_gmt":"2015-11-03T12:21:33","slug":"programas-de-doctorado","status":"publish","type":"page","link":"https:\/\/departamentos.unileon.es\/filologia-moderna\/programas-de-doctorado\/","title":{"rendered":"Programas de Doctorado"},"content":{"rendered":"<h3><a href=\"http:\/\/departamentos.unileon.es\/filologia-moderna\/files\/2010\/08\/imag_tiraPragramDoctorado3.jpg\"><img loading=\"lazy\" decoding=\"async\" class=\"alignleft size-full wp-image-168\" src=\"http:\/\/departamentos.unileon.es\/filologia-moderna\/files\/2010\/08\/imag_tiraPragramDoctorado3.jpg\" alt=\"\" width=\"741\" height=\"61\" srcset=\"https:\/\/departamentos.unileon.es\/filologia-moderna\/files\/2010\/08\/imag_tiraPragramDoctorado3.jpg 741w, https:\/\/departamentos.unileon.es\/filologia-moderna\/files\/2010\/08\/imag_tiraPragramDoctorado3-300x24.jpg 300w\" sizes=\"auto, (max-width: 741px) 100vw, 741px\" \/><\/a><\/h3>\r\n<ul>\r\n\t<li>\r\n<h3><strong><a href=\"http:\/\/www.unileon.es\/estudiantes\/estudiantes-doctorado\/rd992011\/programas\/estudios-contrastivos-y-comparados\">Estudios contrastivos y comparados: ingl\u00e9s\/franc\u00e9s\/espa\u00f1ol<\/a><\/strong><\/h3>\r\n<\/li>\r\n<\/ul>\r\n<div class=\"content\">\r\n<ol class=\"big\">\r\n\t<li><a href=\"http:\/\/www.unileon.es\/estudiantes\/estudiantes-doctorado\/rd992011\/programas\/estudios-contrastivos-y-comparados\/descripcion-del-titulo\">Descripci\u00f3n del t\u00edtulo<\/a><\/li>\r\n\t<li><a href=\"http:\/\/www.unileon.es\/estudiantes\/estudiantes-doctorado\/rd992011\/programas\/estudios-contrastivos-y-comparados\/lineas-investigacion\">L\u00edneas de investigaci\u00f3n<\/a><\/li>\r\n\t<li><a href=\"http:\/\/www.unileon.es\/estudiantes\/estudiantes-doctorado\/rd992011\/programas\/estudios-contrastivos-y-comparados\/listado-colaboradores\">Listado de colaboradores<\/a><\/li>\r\n\t<li><a href=\"http:\/\/www.unileon.es\/estudiantes\/estudiantes-doctorado\/rd992011\/programas\/estudios-contrastivos-y-comparados\/competencias\">Competencias<\/a><\/li>\r\n\t<li><a href=\"http:\/\/www.unileon.es\/estudiantes\/estudiantes-doctorado\/rd992011\/programas\/estudios-contrastivos-y-comparados\/acceso-admision\">Acceso y admisi\u00f3n de estudiantes<\/a><\/li>\r\n\t<li><a href=\"http:\/\/www.unileon.es\/estudiantes\/estudiantes-doctorado\/rd992011\/programas\/estudios-contrastivos-y-comparados\/actividades-formativas\">Actividades formativas<\/a><\/li>\r\n\t<li><a href=\"http:\/\/www.unileon.es\/estudiantes\/estudiantes-doctorado\/tesis-doctoral\">Presentaci\u00f3n y defensa de la tesis doctoral<\/a><\/li>\r\n\t<li><a href=\"http:\/\/www.unileon.es\/estudiantes\/estudiantes-doctorado\/rd992011\/programas\/estudios-contrastivos-y-comparados\/calidad\">Sistema de garant\u00eda de calidad<\/a><\/li>\r\n\t<li><a href=\"http:\/\/www.unileon.es\/estudiantes\/estudiantes-doctorado\/rd992011\/programas\/estudios-contrastivos-y-comparados\/informacion-interes\">Otra informaci\u00f3n de inter\u00e9s<\/a><\/li>\r\n\t<li><a href=\"http:\/\/seguimiento.calidad.unileon.es\/descargaPublico.php?localizacion=uploads\/MEMORIA_20130724-214-46-71-2013-09-05-08-57-23.pdf\">Enlace a la memoria verificada<\/a><\/li>\r\n<\/ol>\r\n<\/div>\r\n&nbsp;\r\n<h4><a href=\"http:\/\/www.unileon.es\/estudiantes\/estudiantes-doctorado\/programas\">Programas de Doctorado en extinci\u00f3n<\/a><\/h4>\r\n<a href=\"http:\/\/departamentos.unileon.es\/filologia-moderna\/files\/2010\/08\/MemoriaDoctorado-Contrastivos-y-Comparados.pdf\">Memoria Doctorado en estudios contrastivos y comparados<\/a> &#8211; 2009","protected":false},"excerpt":{"rendered":"<p>Estudios contrastivos y comparados: ingl\u00e9s\/franc\u00e9s\/espa\u00f1ol Descripci\u00f3n del t\u00edtulo L\u00edneas de investigaci\u00f3n Listado de colaboradores Competencias Acceso y admisi\u00f3n de estudiantes Actividades formativas Presentaci\u00f3n y defensa de la tesis doctoral Sistema de garant\u00eda de calidad Otra informaci\u00f3n de inter\u00e9s Enlace a la memoria verificada &nbsp; Programas de Doctorado en extinci\u00f3n Memoria Doctorado en estudios contrastivos y [&hellip;]<\/p>\n","protected":false},"author":18,"featured_media":0,"parent":0,"menu_order":7,"comment_status":"closed","ping_status":"open","template":"","meta":{"ngg_post_thumbnail":0,"footnotes":""},"class_list":["post-17","page","type-page","status-publish","hentry"],"yoast_head":"<!-- This site is optimized with the Yoast SEO plugin v25.8 - https:\/\/yoast.com\/wordpress\/plugins\/seo\/ -->\n<title>Programas de Doctorado - Departamento de Filolog\u00eda Moderna<\/title>\n<meta name=\"robots\" content=\"index, follow, max-snippet:-1, max-image-preview:large, max-video-preview:-1\" \/>\n<link rel=\"canonical\" href=\"https:\/\/departamentos.unileon.es\/filologia-moderna\/programas-de-doctorado\/\" \/>\n<meta property=\"og:locale\" content=\"es_ES\" \/>\n<meta property=\"og:type\" content=\"article\" \/>\n<meta property=\"og:title\" content=\"Programas de Doctorado - Departamento de Filolog\u00eda Moderna\" \/>\n<meta property=\"og:description\" content=\"Estudios contrastivos y comparados: ingl\u00e9s\/franc\u00e9s\/espa\u00f1ol Descripci\u00f3n del t\u00edtulo L\u00edneas de investigaci\u00f3n Listado de colaboradores Competencias Acceso y admisi\u00f3n de estudiantes Actividades formativas Presentaci\u00f3n y defensa de la tesis doctoral Sistema de garant\u00eda de calidad Otra informaci\u00f3n de inter\u00e9s Enlace a la memoria verificada &nbsp; Programas de Doctorado en extinci\u00f3n Memoria Doctorado en estudios contrastivos y [&hellip;]\" \/>\n<meta property=\"og:url\" content=\"https:\/\/departamentos.unileon.es\/filologia-moderna\/programas-de-doctorado\/\" \/>\n<meta property=\"og:site_name\" content=\"Departamento de Filolog\u00eda Moderna\" \/>\n<meta property=\"article:modified_time\" content=\"2015-11-03T12:21:33+00:00\" \/>\n<meta property=\"og:image\" content=\"http:\/\/departamentos.unileon.es\/filologia-moderna\/files\/2010\/08\/imag_tiraPragramDoctorado3.jpg\" \/>\n<meta name=\"twitter:card\" content=\"summary_large_image\" \/>\n<script type=\"application\/ld+json\" class=\"yoast-schema-graph\">{\"@context\":\"https:\/\/schema.org\",\"@graph\":[{\"@type\":\"WebPage\",\"@id\":\"https:\/\/departamentos.unileon.es\/filologia-moderna\/programas-de-doctorado\/\",\"url\":\"https:\/\/departamentos.unileon.es\/filologia-moderna\/programas-de-doctorado\/\",\"name\":\"Programas de Doctorado - Departamento de Filolog\u00eda Moderna\",\"isPartOf\":{\"@id\":\"https:\/\/departamentos.unileon.es\/filologia-moderna\/#website\"},\"primaryImageOfPage\":{\"@id\":\"https:\/\/departamentos.unileon.es\/filologia-moderna\/programas-de-doctorado\/#primaryimage\"},\"image\":{\"@id\":\"https:\/\/departamentos.unileon.es\/filologia-moderna\/programas-de-doctorado\/#primaryimage\"},\"thumbnailUrl\":\"http:\/\/departamentos.unileon.es\/filologia-moderna\/files\/2010\/08\/imag_tiraPragramDoctorado3.jpg\",\"datePublished\":\"2010-08-17T08:32:15+00:00\",\"dateModified\":\"2015-11-03T12:21:33+00:00\",\"inLanguage\":\"es\",\"potentialAction\":[{\"@type\":\"ReadAction\",\"target\":[\"https:\/\/departamentos.unileon.es\/filologia-moderna\/programas-de-doctorado\/\"]}]},{\"@type\":\"ImageObject\",\"inLanguage\":\"es\",\"@id\":\"https:\/\/departamentos.unileon.es\/filologia-moderna\/programas-de-doctorado\/#primaryimage\",\"url\":\"http:\/\/departamentos.unileon.es\/filologia-moderna\/files\/2010\/08\/imag_tiraPragramDoctorado3.jpg\",\"contentUrl\":\"http:\/\/departamentos.unileon.es\/filologia-moderna\/files\/2010\/08\/imag_tiraPragramDoctorado3.jpg\"},{\"@type\":\"WebSite\",\"@id\":\"https:\/\/departamentos.unileon.es\/filologia-moderna\/#website\",\"url\":\"https:\/\/departamentos.unileon.es\/filologia-moderna\/\",\"name\":\"Departamento de Filolog\u00eda Moderna\",\"description\":\"Otro sitio m\u00e1s de Universidad de Le\u00f3n\",\"potentialAction\":[{\"@type\":\"SearchAction\",\"target\":{\"@type\":\"EntryPoint\",\"urlTemplate\":\"https:\/\/departamentos.unileon.es\/filologia-moderna\/?s={search_term_string}\"},\"query-input\":{\"@type\":\"PropertyValueSpecification\",\"valueRequired\":true,\"valueName\":\"search_term_string\"}}],\"inLanguage\":\"es\"}]}<\/script>\n<!-- \/ Yoast SEO plugin. -->","yoast_head_json":{"title":"Programas de Doctorado - Departamento de Filolog\u00eda Moderna","robots":{"index":"index","follow":"follow","max-snippet":"max-snippet:-1","max-image-preview":"max-image-preview:large","max-video-preview":"max-video-preview:-1"},"canonical":"https:\/\/departamentos.unileon.es\/filologia-moderna\/programas-de-doctorado\/","og_locale":"es_ES","og_type":"article","og_title":"Programas de Doctorado - Departamento de Filolog\u00eda Moderna","og_description":"Estudios contrastivos y comparados: ingl\u00e9s\/franc\u00e9s\/espa\u00f1ol Descripci\u00f3n del t\u00edtulo L\u00edneas de investigaci\u00f3n Listado de colaboradores Competencias Acceso y admisi\u00f3n de estudiantes Actividades formativas Presentaci\u00f3n y defensa de la tesis doctoral Sistema de garant\u00eda de calidad Otra informaci\u00f3n de inter\u00e9s Enlace a la memoria verificada &nbsp; Programas de Doctorado en extinci\u00f3n Memoria Doctorado en estudios contrastivos y [&hellip;]","og_url":"https:\/\/departamentos.unileon.es\/filologia-moderna\/programas-de-doctorado\/","og_site_name":"Departamento de Filolog\u00eda Moderna","article_modified_time":"2015-11-03T12:21:33+00:00","og_image":[{"url":"http:\/\/departamentos.unileon.es\/filologia-moderna\/files\/2010\/08\/imag_tiraPragramDoctorado3.jpg","type":"","width":"","height":""}],"twitter_card":"summary_large_image","schema":{"@context":"https:\/\/schema.org","@graph":[{"@type":"WebPage","@id":"https:\/\/departamentos.unileon.es\/filologia-moderna\/programas-de-doctorado\/","url":"https:\/\/departamentos.unileon.es\/filologia-moderna\/programas-de-doctorado\/","name":"Programas de Doctorado - Departamento de Filolog\u00eda Moderna","isPartOf":{"@id":"https:\/\/departamentos.unileon.es\/filologia-moderna\/#website"},"primaryImageOfPage":{"@id":"https:\/\/departamentos.unileon.es\/filologia-moderna\/programas-de-doctorado\/#primaryimage"},"image":{"@id":"https:\/\/departamentos.unileon.es\/filologia-moderna\/programas-de-doctorado\/#primaryimage"},"thumbnailUrl":"http:\/\/departamentos.unileon.es\/filologia-moderna\/files\/2010\/08\/imag_tiraPragramDoctorado3.jpg","datePublished":"2010-08-17T08:32:15+00:00","dateModified":"2015-11-03T12:21:33+00:00","inLanguage":"es","potentialAction":[{"@type":"ReadAction","target":["https:\/\/departamentos.unileon.es\/filologia-moderna\/programas-de-doctorado\/"]}]},{"@type":"ImageObject","inLanguage":"es","@id":"https:\/\/departamentos.unileon.es\/filologia-moderna\/programas-de-doctorado\/#primaryimage","url":"http:\/\/departamentos.unileon.es\/filologia-moderna\/files\/2010\/08\/imag_tiraPragramDoctorado3.jpg","contentUrl":"http:\/\/departamentos.unileon.es\/filologia-moderna\/files\/2010\/08\/imag_tiraPragramDoctorado3.jpg"},{"@type":"WebSite","@id":"https:\/\/departamentos.unileon.es\/filologia-moderna\/#website","url":"https:\/\/departamentos.unileon.es\/filologia-moderna\/","name":"Departamento de Filolog\u00eda Moderna","description":"Otro sitio m\u00e1s de Universidad de Le\u00f3n","potentialAction":[{"@type":"SearchAction","target":{"@type":"EntryPoint","urlTemplate":"https:\/\/departamentos.unileon.es\/filologia-moderna\/?s={search_term_string}"},"query-input":{"@type":"PropertyValueSpecification","valueRequired":true,"valueName":"search_term_string"}}],"inLanguage":"es"}]}},"_links":{"self":[{"href":"https:\/\/departamentos.unileon.es\/filologia-moderna\/wp-json\/wp\/v2\/pages\/17","targetHints":{"allow":["GET"]}}],"collection":[{"href":"https:\/\/departamentos.unileon.es\/filologia-moderna\/wp-json\/wp\/v2\/pages"}],"about":[{"href":"https:\/\/departamentos.unileon.es\/filologia-moderna\/wp-json\/wp\/v2\/types\/page"}],"author":[{"embeddable":true,"href":"https:\/\/departamentos.unileon.es\/filologia-moderna\/wp-json\/wp\/v2\/users\/18"}],"replies":[{"embeddable":true,"href":"https:\/\/departamentos.unileon.es\/filologia-moderna\/wp-json\/wp\/v2\/comments?post=17"}],"version-history":[{"count":12,"href":"https:\/\/departamentos.unileon.es\/filologia-moderna\/wp-json\/wp\/v2\/pages\/17\/revisions"}],"predecessor-version":[{"id":263,"href":"https:\/\/departamentos.unileon.es\/filologia-moderna\/wp-json\/wp\/v2\/pages\/17\/revisions\/263"}],"wp:attachment":[{"href":"https:\/\/departamentos.unileon.es\/filologia-moderna\/wp-json\/wp\/v2\/media?parent=17"}],"curies":[{"name":"wp","href":"https:\/\/api.w.org\/{rel}","templated":true}]}}