{"id":7,"date":"2010-08-17T08:25:20","date_gmt":"2010-08-17T08:25:20","guid":{"rendered":"http:\/\/departamentos.unileon.es\/filologia-hispanica-y-clasica\/"},"modified":"2019-07-04T07:24:22","modified_gmt":"2019-07-04T07:24:22","slug":"personal","status":"publish","type":"page","link":"https:\/\/departamentos.unileon.es\/filologia-hispanica-y-clasica\/personal\/","title":{"rendered":"Personal"},"content":{"rendered":"\t\t\t\t\r\n\t\t\t\t\r\n\t\t\t\t\r\n\t\t\t\t<h2>Personal docente e investigador<\/h2>     \r\n                 <h3> \u00c1rea - Did\u00e1ctica de la Lengua y la Literatura <\/h3>\r\n\t\t\t\t\t<ul>\r\n                        \r\n                        \r\n                       <li> <a href=\"https:\/\/www.unileon.es\/directorio-y-telefonos?usuario=mdalof\">MAR\u00cdA DOLORES ALONSO-CORT\u00c9S FRADEJAS<\/a> - Catedr\u00e1tico de Universidad - <a href =\"https:\/\/www.unileon.es\/ficheros\/perfildocente\/curriculum-mdalof.pdf\"> Perfil Docente<\/a> <\/li>\r\n                                        \r\n                        \r\n                       <li> <a href=\"https:\/\/www.unileon.es\/directorio-y-telefonos?usuario=mtllap\">MAR\u00cdA TERESA LLAMAZARES PRIETO<\/a> - Profesor Titular de Universidad - <a href =\"https:\/\/www.unileon.es\/ficheros\/perfildocente\/curriculum-mtllap.pdf\"> Perfil Docente<\/a> <\/li>\r\n                                        \r\n                        \r\n                       <li> <a href=\"https:\/\/www.unileon.es\/directorio-y-telefonos?usuario=mlops\">MIRIAM L\u00d3PEZ SANTOS<\/a> - Profesor Titular de Universidad - <a href =\"https:\/\/www.unileon.es\/ficheros\/perfildocente\/curriculum-mlops.pdf\"> Perfil Docente<\/a> <\/li>\r\n                                        \r\n                        \r\n                       <li> <a href=\"https:\/\/www.unileon.es\/directorio-y-telefonos?usuario=smpril\">SARA MAR\u00cdA PRIETO LLAMAZARES<\/a> - PROFESOR ASOCIADO - <a href =\"https:\/\/www.unileon.es\/ficheros\/perfildocente\/curriculum-smpril.pdf\"> Perfil Docente<\/a> <\/li>\r\n                                        \r\n                        \r\n                       <li> <a href=\"https:\/\/www.unileon.es\/directorio-y-telefonos?usuario=svalm\">SIM\u00d3N VALC\u00c1RCEL MART\u00cdNEZ<\/a> - PROFESOR ASOCIADO - <a href =\"https:\/\/www.unileon.es\/ficheros\/perfildocente\/curriculum-svalm.pdf\"> Perfil Docente<\/a> <\/li>\r\n                                        \r\n                        \r\n                       <li> <a href=\"https:\/\/www.unileon.es\/directorio-y-telefonos?usuario=aalvaa\">ANDR\u00c9S \u00c1LVAREZ ALCOBA<\/a> - PROFESOR SUSTITUTO - <a href =\"https:\/\/www.unileon.es\/ficheros\/perfildocente\/curriculum-aalvaa.pdf\"> Perfil Docente<\/a> <\/li>\r\n                                        \r\n                        \r\n                       <li> <a href=\"https:\/\/www.unileon.es\/directorio-y-telefonos?usuario=mbenb\">MAR\u00cdA BEN\u00c9ITEZ BAY\u00d3N<\/a> - AYUDANTE - <a href =\"https:\/\/www.unileon.es\/ficheros\/perfildocente\/curriculum-mbenb.pdf\"> Perfil Docente<\/a> <\/li>\r\n                                    <\/ul> <h3> \u00c1rea - Filolog\u00eda Griega <\/h3>\r\n\t\t\t\t\t<ul>\r\n                        \r\n                        \r\n                       <li> <a href=\"https:\/\/www.unileon.es\/directorio-y-telefonos?usuario=maseor\">MANUEL ANDR\u00c9S SEOANE RODR\u00cdGUEZ<\/a> - PROFESOR ASOCIADO - <a href =\"https:\/\/www.unileon.es\/ficheros\/perfildocente\/curriculum-maseor.pdf\"> Perfil Docente<\/a> <\/li>\r\n                                    <\/ul> <h3> \u00c1rea - Filolog\u00eda Latina <\/h3>\r\n\t\t\t\t\t<ul>\r\n                        \r\n                        \r\n                       <li> <a href=\"https:\/\/www.unileon.es\/directorio-y-telefonos?usuario=asanm\">ASUNCI\u00d3N S\u00c1NCHEZ MANZANO<\/a> - Catedr\u00e1tico de Universidad - <a href =\"https:\/\/www.unileon.es\/ficheros\/perfildocente\/curriculum-asanm.pdf\"> Perfil Docente<\/a> <\/li>\r\n                                        \r\n                        \r\n                       <li> <a href=\"https:\/\/www.unileon.es\/directorio-y-telefonos?usuario=jfdomd\">JUAN FRANCISCO DOM\u00cdNGUEZ DOM\u00cdNGUEZ<\/a> - Catedr\u00e1tico de Universidad - <a href =\"https:\/\/www.unileon.es\/ficheros\/perfildocente\/curriculum-jfdomd.pdf\"> Perfil Docente<\/a> <\/li>\r\n                                    <\/ul> <h3> \u00c1rea - Lengua Espa\u00f1ola <\/h3>\r\n\t\t\t\t\t<ul>\r\n                        \r\n                        \r\n                       <li> <a href=\"https:\/\/www.unileon.es\/directorio-y-telefonos?usuario=jrmorr\">JOS\u00c9 RAM\u00d3N MORALA RODR\u00cdGUEZ<\/a> - Catedr\u00e1tico de Universidad - <a href =\"https:\/\/www.unileon.es\/ficheros\/perfildocente\/curriculum-jrmorr.pdf\"> Perfil Docente<\/a> <\/li>\r\n                                        \r\n                        \r\n                       <li> <a href=\"https:\/\/www.unileon.es\/directorio-y-telefonos?usuario=maiglb\">MANUEL AVELINO IGLESIAS BANGO<\/a> - Catedr\u00e1tico de Universidad - <a href =\"https:\/\/www.unileon.es\/ficheros\/perfildocente\/curriculum-maiglb.pdf\"> Perfil Docente<\/a> <\/li>\r\n                                        \r\n                        \r\n                       <li> <a href=\"https:\/\/www.unileon.es\/directorio-y-telefonos?usuario=mcegif\">MAR\u00cdA CRISTINA EGIDO FERN\u00c1NDEZ<\/a> - Profesor Titular de Universidad - <a href =\"https:\/\/www.unileon.es\/ficheros\/perfildocente\/curriculum-mcegif.pdf\"> Perfil Docente<\/a> <\/li>\r\n                                        \r\n                        \r\n                       <li> <a href=\"https:\/\/www.unileon.es\/directorio-y-telefonos?usuario=ajunm\">ALEJANDRO JUNQUERA MART\u00cdNEZ<\/a> - PROFESOR AYUDANTE DOCTOR - <a href =\"https:\/\/www.unileon.es\/ficheros\/perfildocente\/curriculum-ajunm.pdf\"> Perfil Docente<\/a> <\/li>\r\n                                        \r\n                        \r\n                       <li> <a href=\"https:\/\/www.unileon.es\/directorio-y-telefonos?usuario=ngonv\">NOELIA GONZ\u00c1LEZ VERDEJO<\/a> - PROFESOR ASOCIADO - <a href =\"https:\/\/www.unileon.es\/ficheros\/perfildocente\/curriculum-ngonv.pdf\"> Perfil Docente<\/a> <\/li>\r\n                                        \r\n                        \r\n                       <li> <a href=\"https:\/\/www.unileon.es\/directorio-y-telefonos?usuario=mjgargu\">MAR\u00cdA JOSEFA GARC\u00cdA GUTI\u00c9RREZ<\/a> - PROFESOR SUSTITUTO - <a href =\"https:\/\/www.unileon.es\/ficheros\/perfildocente\/curriculum-mjgargu.pdf\"> Perfil Docente<\/a> <\/li>\r\n                                        \r\n                        \r\n                       <li> <a href=\"https:\/\/www.unileon.es\/directorio-y-telefonos?usuario=pgarcg\">PABLO GARC\u00cdA GONZ\u00c1LEZ<\/a> - AYUDANTE - <a href =\"https:\/\/www.unileon.es\/ficheros\/perfildocente\/curriculum-pgarcg.pdf\"> Perfil Docente<\/a> <\/li>\r\n                                    <\/ul> <h3> \u00c1rea - Ling\u00fc\u00edstica General <\/h3>\r\n\t\t\t\t\t<ul>\r\n                        \r\n                        \r\n                       <li> <a href=\"https:\/\/www.unileon.es\/directorio-y-telefonos?usuario=emruer\">EUGENIA MERCEDES RUEDA RUEDA<\/a> - Profesor Titular de Universidad - <a href =\"https:\/\/www.unileon.es\/ficheros\/perfildocente\/curriculum-emruer.pdf\"> Perfil Docente<\/a> <\/li>\r\n                                        \r\n                        \r\n                       <li> <a href=\"https:\/\/www.unileon.es\/directorio-y-telefonos?usuario=fjgraa\">FRANCISCO JAVIER GRANDE ALIJA<\/a> - Profesor Titular de Universidad - <a href =\"https:\/\/www.unileon.es\/ficheros\/perfildocente\/curriculum-fjgraa.pdf\"> Perfil Docente<\/a> <\/li>\r\n                                        \r\n                        \r\n                       <li> <a href=\"https:\/\/www.unileon.es\/directorio-y-telefonos?usuario=mvill\">MILKA VILLAYANDRE LLAMAZARES<\/a> - PROFESOR CONTRATADO DOCTOR - <a href =\"https:\/\/www.unileon.es\/ficheros\/perfildocente\/curriculum-mvill.pdf\"> Perfil Docente<\/a> <\/li>\r\n                                        \r\n                        \r\n                       <li> <a href=\"https:\/\/www.unileon.es\/directorio-y-telefonos?usuario=ealvg\">ESTHER \u00c1LVAREZ GARC\u00cdA<\/a> - PROFESOR PERMANENTE LABORAL - <a href =\"https:\/\/www.unileon.es\/ficheros\/perfildocente\/curriculum-ealvg.pdf\"> Perfil Docente<\/a> <\/li>\r\n                                        \r\n                        \r\n                       <li> <a href=\"https:\/\/www.unileon.es\/directorio-y-telefonos?usuario=etirh\">EVA TIRADO HONRADO<\/a> - PROFESOR SUSTITUTO - <a href =\"https:\/\/www.unileon.es\/ficheros\/perfildocente\/curriculum-etirh.pdf\"> Perfil Docente<\/a> <\/li>\r\n                                        \r\n                        \r\n                       <li> <a href=\"https:\/\/www.unileon.es\/directorio-y-telefonos?usuario=ipus\">IULIIA PUSTOVALOVA <\/a> - PROFESOR DISTINGUIDO - <a href =\"https:\/\/www.unileon.es\/ficheros\/perfildocente\/curriculum-ipus.pdf\"> Perfil Docente<\/a> <\/li>\r\n                                        \r\n                        \r\n                       <li> <a href=\"https:\/\/www.unileon.es\/directorio-y-telefonos?usuario=mareb\">MAR\u00cdA ARES BLANCO<\/a> - AYUDANTE - <a href =\"https:\/\/www.unileon.es\/ficheros\/perfildocente\/curriculum-mareb.pdf\"> Perfil Docente<\/a> <\/li>\r\n                                        \r\n                        \r\n                       <li> <a href=\"https:\/\/www.unileon.es\/directorio-y-telefonos?usuario=rrodrf\">RAQUEL RODR\u00cdGUEZ FERN\u00c1NDEZ<\/a> - PROFESOR SUSTITUTO - <a href =\"https:\/\/www.unileon.es\/ficheros\/perfildocente\/curriculum-rrodrf.pdf\"> Perfil Docente<\/a> <\/li>\r\n                                    <\/ul> <h3> \u00c1rea - Literatura Espa\u00f1ola <\/h3>\r\n\t\t\t\t\t<ul>\r\n                        \r\n                        \r\n                       <li> <a href=\"https:\/\/www.unileon.es\/directorio-y-telefonos?usuario=fjordv\">FRANCISCO JAVIER ORDIZ V\u00c1ZQUEZ<\/a> - Catedr\u00e1tico de Universidad - <a href =\"https:\/\/www.unileon.es\/ficheros\/perfildocente\/curriculum-fjordv.pdf\"> Perfil Docente<\/a> <\/li>\r\n                                        \r\n                        \r\n                       <li> <a href=\"https:\/\/www.unileon.es\/directorio-y-telefonos?usuario=jmatc\">JUAN MATAS CABALLERO<\/a> - Catedr\u00e1tico de Universidad - <a href =\"https:\/\/www.unileon.es\/ficheros\/perfildocente\/curriculum-jmatc.pdf\"> Perfil Docente<\/a> <\/li>\r\n                                        \r\n                        \r\n                       <li> <a href=\"https:\/\/www.unileon.es\/directorio-y-telefonos?usuario=mlcuet\">MAR\u00cdA LUZDIVINA CUESTA TORRE<\/a> - Catedr\u00e1tico de Universidad - <a href =\"https:\/\/www.unileon.es\/ficheros\/perfildocente\/curriculum-mlcuet.pdf\"> Perfil Docente<\/a> <\/li>\r\n                                        \r\n                        \r\n                       <li> <a href=\"https:\/\/www.unileon.es\/directorio-y-telefonos?usuario=ogarf\">\u00d3SCAR GARC\u00cdA FERN\u00c1NDEZ<\/a> - PROFESOR AYUDANTE DOCTOR - <a href =\"https:\/\/www.unileon.es\/ficheros\/perfildocente\/curriculum-ogarf.pdf\"> Perfil Docente<\/a> <\/li>\r\n                                        \r\n                        \r\n                       <li> <a href=\"https:\/\/www.unileon.es\/directorio-y-telefonos?usuario=jllam\">JACOBO LLAMAS MART\u00cdNEZ<\/a> - PROFESOR PERMANENTE LABORAL - <a href =\"https:\/\/www.unileon.es\/ficheros\/perfildocente\/curriculum-jllam.pdf\"> Perfil Docente<\/a> <\/li>\r\n                                        \r\n                        \r\n                       <li> <a href=\"https:\/\/www.unileon.es\/directorio-y-telefonos?usuario=sagag\">SANDRA GARC\u00cdA GUTI\u00c9RREZ<\/a> - PROFESOR DISTINGUIDO - <a href =\"https:\/\/www.unileon.es\/ficheros\/perfildocente\/curriculum-sagag.pdf\"> Perfil Docente<\/a> <\/li>\r\n                                    <\/ul> <h3> \u00c1rea - Teor\u00eda de la Literatura y Literatura Comparada <\/h3>\r\n\t\t\t\t\t<ul>\r\n                        \r\n                        \r\n                       <li> <a href=\"https:\/\/www.unileon.es\/directorio-y-telefonos?usuario=jmtrac\">JOS\u00c9 MANUEL TRABADO CABADO<\/a> - Catedr\u00e1tico de Universidad - <a href =\"https:\/\/www.unileon.es\/ficheros\/perfildocente\/curriculum-jmtrac.pdf\"> Perfil Docente<\/a> <\/li>\r\n                                        \r\n                        \r\n                       <li> <a href=\"https:\/\/www.unileon.es\/directorio-y-telefonos?usuario=nalvm\">NATALIA \u00c1LVAREZ M\u00c9NDEZ<\/a> - Profesor Titular de Universidad - <a href =\"https:\/\/www.unileon.es\/ficheros\/perfildocente\/curriculum-nalvm.pdf\"> Perfil Docente<\/a> <\/li>\r\n                                      \r\n\t\t\t\t<\/ul>\r\n\r\n\t\t\t\t\t\r\n\t\t\t\r\n\t\t\t<p>\u00a0<\/p>\r\n\t\t\t<h2>Personal de administraci\u00f3n y servicios<\/h2>\r\n\t\t\t<ul>\r\n\r\n\r\n\r\n\t\t\t\r\n                \r\n                    <li><a href=\"https:\/\/www.unileon.es\/directorio-y-telefonos?usuario=gerbfm\">MAR\u00cdA BEL\u00c9N  DE LA FUENTE MU\u00d1OZ<\/a> - E. AUXILIAR DE LA UNIVERSIDAD DE LE\u00d3N<\/li>\r\n            \r\n\t\t\t\r\n                <\/ul>\r\n\r\n","protected":false},"excerpt":{"rendered":"","protected":false},"author":1,"featured_media":0,"parent":0,"menu_order":2,"comment_status":"closed","ping_status":"open","template":"","meta":{"ngg_post_thumbnail":0,"footnotes":""},"class_list":["post-7","page","type-page","status-publish","hentry"],"yoast_head":"<!-- This site is optimized with the Yoast SEO plugin v25.8 - https:\/\/yoast.com\/wordpress\/plugins\/seo\/ -->\n<title>Personal - Departamento de Filolog\u00eda Hisp\u00e1nica y Cl\u00e1sica<\/title>\n<meta name=\"robots\" content=\"index, follow, max-snippet:-1, max-image-preview:large, max-video-preview:-1\" \/>\n<link rel=\"canonical\" href=\"https:\/\/departamentos.unileon.es\/filologia-hispanica-y-clasica\/personal\/\" \/>\n<meta property=\"og:locale\" content=\"es_ES\" \/>\n<meta property=\"og:type\" content=\"article\" \/>\n<meta property=\"og:title\" content=\"Personal - Departamento de Filolog\u00eda Hisp\u00e1nica y Cl\u00e1sica\" \/>\n<meta property=\"og:url\" content=\"https:\/\/departamentos.unileon.es\/filologia-hispanica-y-clasica\/personal\/\" \/>\n<meta property=\"og:site_name\" content=\"Departamento de Filolog\u00eda Hisp\u00e1nica y Cl\u00e1sica\" \/>\n<meta property=\"article:modified_time\" content=\"2019-07-04T07:24:22+00:00\" \/>\n<meta name=\"twitter:card\" content=\"summary_large_image\" \/>\n<script type=\"application\/ld+json\" class=\"yoast-schema-graph\">{\"@context\":\"https:\/\/schema.org\",\"@graph\":[{\"@type\":\"WebPage\",\"@id\":\"https:\/\/departamentos.unileon.es\/filologia-hispanica-y-clasica\/personal\/\",\"url\":\"https:\/\/departamentos.unileon.es\/filologia-hispanica-y-clasica\/personal\/\",\"name\":\"Personal - Departamento de Filolog\u00eda Hisp\u00e1nica y Cl\u00e1sica\",\"isPartOf\":{\"@id\":\"https:\/\/departamentos.unileon.es\/filologia-hispanica-y-clasica\/#website\"},\"datePublished\":\"2010-08-17T08:25:20+00:00\",\"dateModified\":\"2019-07-04T07:24:22+00:00\",\"inLanguage\":\"es\",\"potentialAction\":[{\"@type\":\"ReadAction\",\"target\":[\"https:\/\/departamentos.unileon.es\/filologia-hispanica-y-clasica\/personal\/\"]}]},{\"@type\":\"WebSite\",\"@id\":\"https:\/\/departamentos.unileon.es\/filologia-hispanica-y-clasica\/#website\",\"url\":\"https:\/\/departamentos.unileon.es\/filologia-hispanica-y-clasica\/\",\"name\":\"Departamento de Filolog\u00eda Hisp\u00e1nica y Cl\u00e1sica\",\"description\":\"Otro sitio m\u00e1s de Universidad de Le\u00f3n\",\"potentialAction\":[{\"@type\":\"SearchAction\",\"target\":{\"@type\":\"EntryPoint\",\"urlTemplate\":\"https:\/\/departamentos.unileon.es\/filologia-hispanica-y-clasica\/?s={search_term_string}\"},\"query-input\":{\"@type\":\"PropertyValueSpecification\",\"valueRequired\":true,\"valueName\":\"search_term_string\"}}],\"inLanguage\":\"es\"}]}<\/script>\n<!-- \/ Yoast SEO plugin. -->","yoast_head_json":{"title":"Personal - Departamento de Filolog\u00eda Hisp\u00e1nica y Cl\u00e1sica","robots":{"index":"index","follow":"follow","max-snippet":"max-snippet:-1","max-image-preview":"max-image-preview:large","max-video-preview":"max-video-preview:-1"},"canonical":"https:\/\/departamentos.unileon.es\/filologia-hispanica-y-clasica\/personal\/","og_locale":"es_ES","og_type":"article","og_title":"Personal - Departamento de Filolog\u00eda Hisp\u00e1nica y Cl\u00e1sica","og_url":"https:\/\/departamentos.unileon.es\/filologia-hispanica-y-clasica\/personal\/","og_site_name":"Departamento de Filolog\u00eda Hisp\u00e1nica y Cl\u00e1sica","article_modified_time":"2019-07-04T07:24:22+00:00","twitter_card":"summary_large_image","schema":{"@context":"https:\/\/schema.org","@graph":[{"@type":"WebPage","@id":"https:\/\/departamentos.unileon.es\/filologia-hispanica-y-clasica\/personal\/","url":"https:\/\/departamentos.unileon.es\/filologia-hispanica-y-clasica\/personal\/","name":"Personal - Departamento de Filolog\u00eda Hisp\u00e1nica y Cl\u00e1sica","isPartOf":{"@id":"https:\/\/departamentos.unileon.es\/filologia-hispanica-y-clasica\/#website"},"datePublished":"2010-08-17T08:25:20+00:00","dateModified":"2019-07-04T07:24:22+00:00","inLanguage":"es","potentialAction":[{"@type":"ReadAction","target":["https:\/\/departamentos.unileon.es\/filologia-hispanica-y-clasica\/personal\/"]}]},{"@type":"WebSite","@id":"https:\/\/departamentos.unileon.es\/filologia-hispanica-y-clasica\/#website","url":"https:\/\/departamentos.unileon.es\/filologia-hispanica-y-clasica\/","name":"Departamento de Filolog\u00eda Hisp\u00e1nica y Cl\u00e1sica","description":"Otro sitio m\u00e1s de Universidad de Le\u00f3n","potentialAction":[{"@type":"SearchAction","target":{"@type":"EntryPoint","urlTemplate":"https:\/\/departamentos.unileon.es\/filologia-hispanica-y-clasica\/?s={search_term_string}"},"query-input":{"@type":"PropertyValueSpecification","valueRequired":true,"valueName":"search_term_string"}}],"inLanguage":"es"}]}},"_links":{"self":[{"href":"https:\/\/departamentos.unileon.es\/filologia-hispanica-y-clasica\/wp-json\/wp\/v2\/pages\/7","targetHints":{"allow":["GET"]}}],"collection":[{"href":"https:\/\/departamentos.unileon.es\/filologia-hispanica-y-clasica\/wp-json\/wp\/v2\/pages"}],"about":[{"href":"https:\/\/departamentos.unileon.es\/filologia-hispanica-y-clasica\/wp-json\/wp\/v2\/types\/page"}],"author":[{"embeddable":true,"href":"https:\/\/departamentos.unileon.es\/filologia-hispanica-y-clasica\/wp-json\/wp\/v2\/users\/1"}],"replies":[{"embeddable":true,"href":"https:\/\/departamentos.unileon.es\/filologia-hispanica-y-clasica\/wp-json\/wp\/v2\/comments?post=7"}],"version-history":[{"count":7,"href":"https:\/\/departamentos.unileon.es\/filologia-hispanica-y-clasica\/wp-json\/wp\/v2\/pages\/7\/revisions"}],"predecessor-version":[{"id":114,"href":"https:\/\/departamentos.unileon.es\/filologia-hispanica-y-clasica\/wp-json\/wp\/v2\/pages\/7\/revisions\/114"}],"wp:attachment":[{"href":"https:\/\/departamentos.unileon.es\/filologia-hispanica-y-clasica\/wp-json\/wp\/v2\/media?parent=7"}],"curies":[{"name":"wp","href":"https:\/\/api.w.org\/{rel}","templated":true}]}}