{"id":421,"date":"2025-12-17T08:02:35","date_gmt":"2025-12-17T08:02:35","guid":{"rendered":"https:\/\/departamentos.unileon.es\/enfermeria-y-fisioterapia\/?page_id=421"},"modified":"2026-03-13T06:57:06","modified_gmt":"2026-03-13T06:57:06","slug":"elecciones-a-director-a-de-departamento","status":"publish","type":"page","link":"https:\/\/departamentos.unileon.es\/enfermeria-y-fisioterapia\/elecciones-a-director-a-de-departamento\/","title":{"rendered":"Elecciones a Director\/a de Departamento"},"content":{"rendered":"\n<p>En esta p\u00e1gina se ir\u00e1 publicando toda&nbsp;la informaci\u00f3n relativa a las elecciones a Director\/a del Departamento de Enfermer\u00eda y Fisioterapia.<\/p>\n\n\n\n<ul class=\"wp-block-list\">\n<li><a href=\"https:\/\/drive.google.com\/file\/d\/1xfDZu0UagBwvLDi0zwqTN0-Q1rdz_n2m\/view?usp=sharing\" target=\"_blank\" rel=\"noreferrer noopener\"><\/a><strong>Composici\u00f3n de la Comisi\u00f3n Electoral<\/strong>:\n<ul class=\"wp-block-list\">\n<li><em>Presidenta:&nbsp;Mar\u00eda del Pilar Marqu\u00e9s S\u00e1nchez<\/em><\/li>\n\n\n\n<li><em>Secretario:&nbsp;<\/em>Eduardo Alba P\u00e9rez<\/li>\n\n\n\n<li><em>&nbsp;Vocal (P.T.G.A.S.):&nbsp;<\/em>Mar\u00eda Mediavilla Merino<\/li>\n<\/ul>\n<\/li>\n\n\n\n<li><a href=\"https:\/\/drive.google.com\/file\/d\/1xfDZu0UagBwvLDi0zwqTN0-Q1rdz_n2m\/view?usp=sharing\">Convocatoria Elecciones a Director\/a<\/a><\/li>\n\n\n\n<li><a href=\"https:\/\/drive.google.com\/file\/d\/1BhcPLH8ONwhVlIj14CdGIY2eK_xUvglD\/view?usp=sharing\" target=\"_blank\" rel=\"noreferrer noopener\">Calendario electoral<\/a><\/li>\n\n\n\n<li><a href=\"https:\/\/drive.google.com\/file\/d\/1NeFWBmp_BCjuNVQGjK2HbrOiHnLg5tFz\/view?usp=sharing\" target=\"_blank\" rel=\"noreferrer noopener\">Censo provisional<\/a><\/li>\n\n\n\n<li><a href=\"https:\/\/drive.google.com\/file\/d\/1eOGrls9e5dQcpVUckgMMnq0rXyUUC_cZ\/view?usp=drive_link\">Censo definitivo<\/a><\/li>\n\n\n\n<li><a href=\"https:\/\/docs.google.com\/document\/d\/1e2UENJQbFSaeoJuG_N9WxU5FW17udAl5\/edit?usp=drive_link&amp;ouid=102356998173468726123&amp;rtpof=true&amp;sd=true\">Modelo de candidatura<\/a><\/li>\n\n\n\n<li><a href=\"https:\/\/drive.google.com\/file\/d\/1LddPPB_OLhXOOehxuqRzy2O8e9H1LCsG\/view\">Proclamaci\u00f3n provisional<\/a><\/li>\n\n\n\n<li><a href=\"https:\/\/drive.google.com\/file\/d\/1jo6Kng7JaYnqzovL9fYt4T1mj0BfCLPJ\/view\">Proclamaci\u00f3n definitiva<\/a><\/li>\n\n\n\n<li><a href=\"https:\/\/drive.google.com\/file\/d\/1KudLdh2IrXdS695vU6WIJ6ZJRXTHvJSQ\/view\">Procedimiento voto por correo<\/a><\/li>\n\n\n\n<li><a href=\"https:\/\/drive.google.com\/file\/d\/10Z-U0xWqYE9DdHxb0ImYbrtwZSgGbEw1\/view\">Proclamaci\u00f3n provisional de la candidata electa<\/a><\/li>\n\n\n\n<li><a href=\"https:\/\/drive.google.com\/file\/d\/1jo6Kng7JaYnqzovL9fYt4T1mj0BfCLPJ\/view\">Proclamaci\u00f3n definitiva<\/a><\/li>\n<\/ul>\n","protected":false},"excerpt":{"rendered":"<p>En esta p\u00e1gina se ir\u00e1 publicando toda&nbsp;la informaci\u00f3n relativa a las elecciones a Director\/a del Departamento de Enfermer\u00eda y Fisioterapia.<\/p>\n","protected":false},"author":16,"featured_media":0,"parent":0,"menu_order":0,"comment_status":"closed","ping_status":"closed","template":"","meta":{"ngg_post_thumbnail":0,"footnotes":""},"class_list":["post-421","page","type-page","status-publish","hentry"],"yoast_head":"<!-- This site is optimized with the Yoast SEO plugin v25.8 - https:\/\/yoast.com\/wordpress\/plugins\/seo\/ -->\n<title>Elecciones a Director\/a de Departamento - Departamento de Enfermer\u00eda y Fisioterapia<\/title>\n<meta name=\"robots\" content=\"index, follow, max-snippet:-1, max-image-preview:large, max-video-preview:-1\" \/>\n<link rel=\"canonical\" href=\"https:\/\/departamentos.unileon.es\/enfermeria-y-fisioterapia\/elecciones-a-director-a-de-departamento\/\" \/>\n<meta property=\"og:locale\" content=\"es_ES\" \/>\n<meta property=\"og:type\" content=\"article\" \/>\n<meta property=\"og:title\" content=\"Elecciones a Director\/a de Departamento - Departamento de Enfermer\u00eda y Fisioterapia\" \/>\n<meta property=\"og:description\" content=\"En esta p\u00e1gina se ir\u00e1 publicando toda&nbsp;la informaci\u00f3n relativa a las elecciones a Director\/a del Departamento de Enfermer\u00eda y Fisioterapia.\" \/>\n<meta property=\"og:url\" content=\"https:\/\/departamentos.unileon.es\/enfermeria-y-fisioterapia\/elecciones-a-director-a-de-departamento\/\" \/>\n<meta property=\"og:site_name\" content=\"Departamento de Enfermer\u00eda y Fisioterapia\" \/>\n<meta property=\"article:modified_time\" content=\"2026-03-13T06:57:06+00:00\" \/>\n<meta name=\"twitter:card\" content=\"summary_large_image\" \/>\n<meta name=\"twitter:label1\" content=\"Tiempo de lectura\" \/>\n\t<meta name=\"twitter:data1\" content=\"1 minuto\" \/>\n<script type=\"application\/ld+json\" class=\"yoast-schema-graph\">{\"@context\":\"https:\/\/schema.org\",\"@graph\":[{\"@type\":\"WebPage\",\"@id\":\"https:\/\/departamentos.unileon.es\/enfermeria-y-fisioterapia\/elecciones-a-director-a-de-departamento\/\",\"url\":\"https:\/\/departamentos.unileon.es\/enfermeria-y-fisioterapia\/elecciones-a-director-a-de-departamento\/\",\"name\":\"Elecciones a Director\/a de Departamento - Departamento de Enfermer\u00eda y Fisioterapia\",\"isPartOf\":{\"@id\":\"https:\/\/departamentos.unileon.es\/enfermeria-y-fisioterapia\/#website\"},\"datePublished\":\"2025-12-17T08:02:35+00:00\",\"dateModified\":\"2026-03-13T06:57:06+00:00\",\"inLanguage\":\"es\",\"potentialAction\":[{\"@type\":\"ReadAction\",\"target\":[\"https:\/\/departamentos.unileon.es\/enfermeria-y-fisioterapia\/elecciones-a-director-a-de-departamento\/\"]}]},{\"@type\":\"WebSite\",\"@id\":\"https:\/\/departamentos.unileon.es\/enfermeria-y-fisioterapia\/#website\",\"url\":\"https:\/\/departamentos.unileon.es\/enfermeria-y-fisioterapia\/\",\"name\":\"Departamento de Enfermer\u00eda y Fisioterapia\",\"description\":\"Otro sitio m\u00e1s de Universidad de Le\u00f3n\",\"potentialAction\":[{\"@type\":\"SearchAction\",\"target\":{\"@type\":\"EntryPoint\",\"urlTemplate\":\"https:\/\/departamentos.unileon.es\/enfermeria-y-fisioterapia\/?s={search_term_string}\"},\"query-input\":{\"@type\":\"PropertyValueSpecification\",\"valueRequired\":true,\"valueName\":\"search_term_string\"}}],\"inLanguage\":\"es\"}]}<\/script>\n<!-- \/ Yoast SEO plugin. -->","yoast_head_json":{"title":"Elecciones a Director\/a de Departamento - Departamento de Enfermer\u00eda y Fisioterapia","robots":{"index":"index","follow":"follow","max-snippet":"max-snippet:-1","max-image-preview":"max-image-preview:large","max-video-preview":"max-video-preview:-1"},"canonical":"https:\/\/departamentos.unileon.es\/enfermeria-y-fisioterapia\/elecciones-a-director-a-de-departamento\/","og_locale":"es_ES","og_type":"article","og_title":"Elecciones a Director\/a de Departamento - Departamento de Enfermer\u00eda y Fisioterapia","og_description":"En esta p\u00e1gina se ir\u00e1 publicando toda&nbsp;la informaci\u00f3n relativa a las elecciones a Director\/a del Departamento de Enfermer\u00eda y Fisioterapia.","og_url":"https:\/\/departamentos.unileon.es\/enfermeria-y-fisioterapia\/elecciones-a-director-a-de-departamento\/","og_site_name":"Departamento de Enfermer\u00eda y Fisioterapia","article_modified_time":"2026-03-13T06:57:06+00:00","twitter_card":"summary_large_image","twitter_misc":{"Tiempo de lectura":"1 minuto"},"schema":{"@context":"https:\/\/schema.org","@graph":[{"@type":"WebPage","@id":"https:\/\/departamentos.unileon.es\/enfermeria-y-fisioterapia\/elecciones-a-director-a-de-departamento\/","url":"https:\/\/departamentos.unileon.es\/enfermeria-y-fisioterapia\/elecciones-a-director-a-de-departamento\/","name":"Elecciones a Director\/a de Departamento - Departamento de Enfermer\u00eda y Fisioterapia","isPartOf":{"@id":"https:\/\/departamentos.unileon.es\/enfermeria-y-fisioterapia\/#website"},"datePublished":"2025-12-17T08:02:35+00:00","dateModified":"2026-03-13T06:57:06+00:00","inLanguage":"es","potentialAction":[{"@type":"ReadAction","target":["https:\/\/departamentos.unileon.es\/enfermeria-y-fisioterapia\/elecciones-a-director-a-de-departamento\/"]}]},{"@type":"WebSite","@id":"https:\/\/departamentos.unileon.es\/enfermeria-y-fisioterapia\/#website","url":"https:\/\/departamentos.unileon.es\/enfermeria-y-fisioterapia\/","name":"Departamento de Enfermer\u00eda y Fisioterapia","description":"Otro sitio m\u00e1s de Universidad de Le\u00f3n","potentialAction":[{"@type":"SearchAction","target":{"@type":"EntryPoint","urlTemplate":"https:\/\/departamentos.unileon.es\/enfermeria-y-fisioterapia\/?s={search_term_string}"},"query-input":{"@type":"PropertyValueSpecification","valueRequired":true,"valueName":"search_term_string"}}],"inLanguage":"es"}]}},"_links":{"self":[{"href":"https:\/\/departamentos.unileon.es\/enfermeria-y-fisioterapia\/wp-json\/wp\/v2\/pages\/421","targetHints":{"allow":["GET"]}}],"collection":[{"href":"https:\/\/departamentos.unileon.es\/enfermeria-y-fisioterapia\/wp-json\/wp\/v2\/pages"}],"about":[{"href":"https:\/\/departamentos.unileon.es\/enfermeria-y-fisioterapia\/wp-json\/wp\/v2\/types\/page"}],"author":[{"embeddable":true,"href":"https:\/\/departamentos.unileon.es\/enfermeria-y-fisioterapia\/wp-json\/wp\/v2\/users\/16"}],"replies":[{"embeddable":true,"href":"https:\/\/departamentos.unileon.es\/enfermeria-y-fisioterapia\/wp-json\/wp\/v2\/comments?post=421"}],"version-history":[{"count":11,"href":"https:\/\/departamentos.unileon.es\/enfermeria-y-fisioterapia\/wp-json\/wp\/v2\/pages\/421\/revisions"}],"predecessor-version":[{"id":463,"href":"https:\/\/departamentos.unileon.es\/enfermeria-y-fisioterapia\/wp-json\/wp\/v2\/pages\/421\/revisions\/463"}],"wp:attachment":[{"href":"https:\/\/departamentos.unileon.es\/enfermeria-y-fisioterapia\/wp-json\/wp\/v2\/media?parent=421"}],"curies":[{"name":"wp","href":"https:\/\/api.w.org\/{rel}","templated":true}]}}