{"id":419,"date":"2025-12-16T13:00:37","date_gmt":"2025-12-16T13:00:37","guid":{"rendered":"https:\/\/departamentos.unileon.es\/enfermeria-y-fisioterapia\/?page_id=419"},"modified":"2025-12-17T08:40:45","modified_gmt":"2025-12-17T08:40:45","slug":"elecciones-a-consejo-departamento","status":"publish","type":"page","link":"https:\/\/departamentos.unileon.es\/enfermeria-y-fisioterapia\/elecciones-a-consejo-departamento\/","title":{"rendered":"Elecciones a Consejo Departamento 2025\/26"},"content":{"rendered":"\n<p>En esta p\u00e1gina se ir\u00e1 publicando toda la informaci\u00f3n relativa a las elecciones al Consejo del&nbsp;Departamento de Enfermer\u00eda y Fisioterapia para el curso 2025\/26.<\/p>\n<ul>\n<li><strong>Composici\u00f3n de la Comisi\u00f3n Electoral<\/strong>:\n<ul>\n<li><em>Presidenta:&nbsp;Mar\u00eda del Pilar Marqu\u00e9s S\u00e1nchez<\/em><\/li>\n<li><em>Secretario:&nbsp;<\/em>Eduardo Alba P\u00e9rez<\/li>\n<li><em>Vocal (P.T.G.A.S.):&nbsp;<\/em>H\u00e9ctor Tom\u00e1s Aldonza Cimas<\/li>\n<\/ul>\n<\/li>\n<\/ul>\n<ul>\n<li><u><a href=\"https:\/\/drive.google.com\/file\/d\/1THUEsYMEPz0R8cZczmlnarfDp7Cbc_Vq\/view?usp=sharing\">Convocatoria de elecciones al Consejo.<\/a><\/u><\/li>\n<li><u><a href=\"https:\/\/drive.google.com\/file\/d\/1lodBc4z0XJQ-aQVe-rXkDrD1Q6VAshgE\/view?usp=sharing\">Calendario Electoral.<\/a><\/u><\/li>\n<li>Censos definitivos:\n<ul>\n<li><a href=\"https:\/\/drive.google.com\/file\/d\/13HmkoyKD39z6bvz2N7gVxSEsg0Owtl-t\/view?usp=sharing\">PDI<\/a><\/li>\n<li><a href=\"https:\/\/drive.google.com\/file\/d\/17morKiGrVvysHCSmKDlDjZrMZMn137m_\/view?usp=sharing\">PTGAS<\/a><\/li>\n<li>El censo de ESTUDIANTES se encuentra disponible para su consulta en la Unidad Administrativa del Departamento en horario de ma\u00f1ana.<\/li>\n<\/ul>\n<\/li>\n<\/ul>\n<ul>\n<li><u><a href=\"https:\/\/drive.google.com\/file\/d\/1ISUpP8T3XDZVbjgt12wvMkrA3mP5RS-g\/view?usp=sharing\">Proclamaci\u00f3n definitiva de candidatos.<\/a><\/u><\/li>\n<\/ul>\n","protected":false},"excerpt":{"rendered":"<p>En esta p\u00e1gina se ir\u00e1 publicando toda la informaci\u00f3n relativa a las elecciones al Consejo del&nbsp;Departamento de Enfermer\u00eda y Fisioterapia para el curso 2025\/26. Composici\u00f3n de la Comisi\u00f3n Electoral: Presidenta:&nbsp;Mar\u00eda del Pilar Marqu\u00e9s S\u00e1nchez Secretario:&nbsp;Eduardo Alba P\u00e9rez Vocal (P.T.G.A.S.):&nbsp;H\u00e9ctor Tom\u00e1s Aldonza Cimas Convocatoria de elecciones al Consejo. Calendario Electoral. Censos definitivos: PDI PTGAS El censo [&hellip;]<\/p>\n","protected":false},"author":16,"featured_media":0,"parent":0,"menu_order":0,"comment_status":"closed","ping_status":"closed","template":"","meta":{"ngg_post_thumbnail":0,"footnotes":""},"class_list":["post-419","page","type-page","status-publish","hentry"],"yoast_head":"<!-- This site is optimized with the Yoast SEO plugin v25.8 - https:\/\/yoast.com\/wordpress\/plugins\/seo\/ -->\n<title>Elecciones a Consejo Departamento 2025\/26 - Departamento de Enfermer\u00eda y Fisioterapia<\/title>\n<meta name=\"robots\" content=\"index, follow, max-snippet:-1, max-image-preview:large, max-video-preview:-1\" \/>\n<link rel=\"canonical\" href=\"https:\/\/departamentos.unileon.es\/enfermeria-y-fisioterapia\/elecciones-a-consejo-departamento\/\" \/>\n<meta property=\"og:locale\" content=\"es_ES\" \/>\n<meta property=\"og:type\" content=\"article\" \/>\n<meta property=\"og:title\" content=\"Elecciones a Consejo Departamento 2025\/26 - Departamento de Enfermer\u00eda y Fisioterapia\" \/>\n<meta property=\"og:description\" content=\"En esta p\u00e1gina se ir\u00e1 publicando toda la informaci\u00f3n relativa a las elecciones al Consejo del&nbsp;Departamento de Enfermer\u00eda y Fisioterapia para el curso 2025\/26. Composici\u00f3n de la Comisi\u00f3n Electoral: Presidenta:&nbsp;Mar\u00eda del Pilar Marqu\u00e9s S\u00e1nchez Secretario:&nbsp;Eduardo Alba P\u00e9rez Vocal (P.T.G.A.S.):&nbsp;H\u00e9ctor Tom\u00e1s Aldonza Cimas Convocatoria de elecciones al Consejo. Calendario Electoral. Censos definitivos: PDI PTGAS El censo [&hellip;]\" \/>\n<meta property=\"og:url\" content=\"https:\/\/departamentos.unileon.es\/enfermeria-y-fisioterapia\/elecciones-a-consejo-departamento\/\" \/>\n<meta property=\"og:site_name\" content=\"Departamento de Enfermer\u00eda y Fisioterapia\" \/>\n<meta property=\"article:modified_time\" content=\"2025-12-17T08:40:45+00:00\" \/>\n<meta name=\"twitter:card\" content=\"summary_large_image\" \/>\n<meta name=\"twitter:label1\" content=\"Tiempo de lectura\" \/>\n\t<meta name=\"twitter:data1\" content=\"1 minuto\" \/>\n<script type=\"application\/ld+json\" class=\"yoast-schema-graph\">{\"@context\":\"https:\/\/schema.org\",\"@graph\":[{\"@type\":\"WebPage\",\"@id\":\"https:\/\/departamentos.unileon.es\/enfermeria-y-fisioterapia\/elecciones-a-consejo-departamento\/\",\"url\":\"https:\/\/departamentos.unileon.es\/enfermeria-y-fisioterapia\/elecciones-a-consejo-departamento\/\",\"name\":\"Elecciones a Consejo Departamento 2025\/26 - Departamento de Enfermer\u00eda y Fisioterapia\",\"isPartOf\":{\"@id\":\"https:\/\/departamentos.unileon.es\/enfermeria-y-fisioterapia\/#website\"},\"datePublished\":\"2025-12-16T13:00:37+00:00\",\"dateModified\":\"2025-12-17T08:40:45+00:00\",\"inLanguage\":\"es\",\"potentialAction\":[{\"@type\":\"ReadAction\",\"target\":[\"https:\/\/departamentos.unileon.es\/enfermeria-y-fisioterapia\/elecciones-a-consejo-departamento\/\"]}]},{\"@type\":\"WebSite\",\"@id\":\"https:\/\/departamentos.unileon.es\/enfermeria-y-fisioterapia\/#website\",\"url\":\"https:\/\/departamentos.unileon.es\/enfermeria-y-fisioterapia\/\",\"name\":\"Departamento de Enfermer\u00eda y Fisioterapia\",\"description\":\"Otro sitio m\u00e1s de Universidad de Le\u00f3n\",\"potentialAction\":[{\"@type\":\"SearchAction\",\"target\":{\"@type\":\"EntryPoint\",\"urlTemplate\":\"https:\/\/departamentos.unileon.es\/enfermeria-y-fisioterapia\/?s={search_term_string}\"},\"query-input\":{\"@type\":\"PropertyValueSpecification\",\"valueRequired\":true,\"valueName\":\"search_term_string\"}}],\"inLanguage\":\"es\"}]}<\/script>\n<!-- \/ Yoast SEO plugin. -->","yoast_head_json":{"title":"Elecciones a Consejo Departamento 2025\/26 - Departamento de Enfermer\u00eda y Fisioterapia","robots":{"index":"index","follow":"follow","max-snippet":"max-snippet:-1","max-image-preview":"max-image-preview:large","max-video-preview":"max-video-preview:-1"},"canonical":"https:\/\/departamentos.unileon.es\/enfermeria-y-fisioterapia\/elecciones-a-consejo-departamento\/","og_locale":"es_ES","og_type":"article","og_title":"Elecciones a Consejo Departamento 2025\/26 - Departamento de Enfermer\u00eda y Fisioterapia","og_description":"En esta p\u00e1gina se ir\u00e1 publicando toda la informaci\u00f3n relativa a las elecciones al Consejo del&nbsp;Departamento de Enfermer\u00eda y Fisioterapia para el curso 2025\/26. Composici\u00f3n de la Comisi\u00f3n Electoral: Presidenta:&nbsp;Mar\u00eda del Pilar Marqu\u00e9s S\u00e1nchez Secretario:&nbsp;Eduardo Alba P\u00e9rez Vocal (P.T.G.A.S.):&nbsp;H\u00e9ctor Tom\u00e1s Aldonza Cimas Convocatoria de elecciones al Consejo. Calendario Electoral. Censos definitivos: PDI PTGAS El censo [&hellip;]","og_url":"https:\/\/departamentos.unileon.es\/enfermeria-y-fisioterapia\/elecciones-a-consejo-departamento\/","og_site_name":"Departamento de Enfermer\u00eda y Fisioterapia","article_modified_time":"2025-12-17T08:40:45+00:00","twitter_card":"summary_large_image","twitter_misc":{"Tiempo de lectura":"1 minuto"},"schema":{"@context":"https:\/\/schema.org","@graph":[{"@type":"WebPage","@id":"https:\/\/departamentos.unileon.es\/enfermeria-y-fisioterapia\/elecciones-a-consejo-departamento\/","url":"https:\/\/departamentos.unileon.es\/enfermeria-y-fisioterapia\/elecciones-a-consejo-departamento\/","name":"Elecciones a Consejo Departamento 2025\/26 - Departamento de Enfermer\u00eda y Fisioterapia","isPartOf":{"@id":"https:\/\/departamentos.unileon.es\/enfermeria-y-fisioterapia\/#website"},"datePublished":"2025-12-16T13:00:37+00:00","dateModified":"2025-12-17T08:40:45+00:00","inLanguage":"es","potentialAction":[{"@type":"ReadAction","target":["https:\/\/departamentos.unileon.es\/enfermeria-y-fisioterapia\/elecciones-a-consejo-departamento\/"]}]},{"@type":"WebSite","@id":"https:\/\/departamentos.unileon.es\/enfermeria-y-fisioterapia\/#website","url":"https:\/\/departamentos.unileon.es\/enfermeria-y-fisioterapia\/","name":"Departamento de Enfermer\u00eda y Fisioterapia","description":"Otro sitio m\u00e1s de Universidad de Le\u00f3n","potentialAction":[{"@type":"SearchAction","target":{"@type":"EntryPoint","urlTemplate":"https:\/\/departamentos.unileon.es\/enfermeria-y-fisioterapia\/?s={search_term_string}"},"query-input":{"@type":"PropertyValueSpecification","valueRequired":true,"valueName":"search_term_string"}}],"inLanguage":"es"}]}},"_links":{"self":[{"href":"https:\/\/departamentos.unileon.es\/enfermeria-y-fisioterapia\/wp-json\/wp\/v2\/pages\/419","targetHints":{"allow":["GET"]}}],"collection":[{"href":"https:\/\/departamentos.unileon.es\/enfermeria-y-fisioterapia\/wp-json\/wp\/v2\/pages"}],"about":[{"href":"https:\/\/departamentos.unileon.es\/enfermeria-y-fisioterapia\/wp-json\/wp\/v2\/types\/page"}],"author":[{"embeddable":true,"href":"https:\/\/departamentos.unileon.es\/enfermeria-y-fisioterapia\/wp-json\/wp\/v2\/users\/16"}],"replies":[{"embeddable":true,"href":"https:\/\/departamentos.unileon.es\/enfermeria-y-fisioterapia\/wp-json\/wp\/v2\/comments?post=419"}],"version-history":[{"count":3,"href":"https:\/\/departamentos.unileon.es\/enfermeria-y-fisioterapia\/wp-json\/wp\/v2\/pages\/419\/revisions"}],"predecessor-version":[{"id":428,"href":"https:\/\/departamentos.unileon.es\/enfermeria-y-fisioterapia\/wp-json\/wp\/v2\/pages\/419\/revisions\/428"}],"wp:attachment":[{"href":"https:\/\/departamentos.unileon.es\/enfermeria-y-fisioterapia\/wp-json\/wp\/v2\/media?parent=419"}],"curies":[{"name":"wp","href":"https:\/\/api.w.org\/{rel}","templated":true}]}}