{"id":178,"date":"2023-05-24T11:51:12","date_gmt":"2023-05-24T11:51:12","guid":{"rendered":"https:\/\/departamentos.unileon.es\/enfermeria-y-fisioterapia\/?page_id=178"},"modified":"2024-03-18T07:45:45","modified_gmt":"2024-03-18T07:45:45","slug":"paid-concedidos-ultimos-anos","status":"publish","type":"page","link":"https:\/\/departamentos.unileon.es\/enfermeria-y-fisioterapia\/paid-concedidos-ultimos-anos\/","title":{"rendered":"PAID concedidos \u00faltimos a\u00f1os"},"content":{"rendered":"\n<p><strong>2024<\/strong>:<\/p>\n<ol>\n<li>El aprendizaje servicio como una dimensi\u00f3n social del aprendizaje acad\u00e9mico en estudiantes de enfermer\u00eda \u2013 Elena Andina D\u00edaz.<\/li>\n<\/ol>\n<p>&nbsp;<\/p>\n<p><strong>2023:<\/strong><\/p>\n<ol>\n<li>Photovoice y bodymapping como herramientas pedag\u00f3gicas para la sensibilizaci\u00f3n del alumnado sobre la transformaci\u00f3n corporal &#8211; Elena Andina D\u00edaz.<\/li>\n<\/ol>\n<p><strong>&nbsp;<\/strong><\/p>\n<p><strong>2022:<\/strong><\/p>\n<ol>\n<li>El storytelling, la poes\u00eda y el photovoice como metodolog\u00edas docentes humanizadoras de los cuidados &#8211; Elena Andina D\u00edaz.<\/li>\n<\/ol>\n<p>&nbsp;<\/p>\n<ol start=\"2\">\n<li>Aprendizaje colaborativo internacional en estudiantes de Enfermer\u00eda en el \u00e1mbito de la salud mental &#8211; M\u00aa Elena Fern\u00e1ndez Mart\u00ednez.<\/li>\n<\/ol>\n<p>&nbsp;<\/p>\n<ol start=\"3\">\n<li>Innovaci\u00f3n docente mediante la gamificaci\u00f3n para mejorar el proceso de aprendizaje del m\u00e9todo de intervenci\u00f3n en fisioterapia &#8211; Lorena \u00c1lvarez del Barrio.<\/li>\n<\/ol>\n<p><strong>&nbsp;<\/strong><\/p>\n<p><strong>2021: <\/strong><\/p>\n<ol>\n<li>Utilizaci\u00f3n del Photovoice para estimular el pensamiento cr\u00edtico en estudiantes de Enfermer\u00eda: un estudio sobre colectivos vulnerables en tiempos de pandemia &#8211; Elena Andina D\u00edaz.<\/li>\n<\/ol>\n<p>&nbsp;<\/p>\n<ol start=\"2\">\n<li>Paseo Terap\u00e9utico y Relaci\u00f3n Intergeneracional: Aprendiendo y Colaborando en el Contexto del Aprendizaje Servicio &#8211; Beatriz Alonso Cort\u00e9s Fradejas.<\/li>\n<\/ol>\n<p><strong>&nbsp;<\/strong><\/p>\n<p><strong>2019:<\/strong><\/p>\n<ol>\n<li>Videotutoriales y P\u00edldoras formativas sobre la b\u00fasqueda de informaci\u00f3n cient\u00edfica en Ciencias de la Salud: trabajo cooperativo &#8211; Mar\u00eda Mercedes Reguera Garc\u00eda.<\/li>\n<\/ol>\n","protected":false},"excerpt":{"rendered":"<p>2024: El aprendizaje servicio como una dimensi\u00f3n social del aprendizaje acad\u00e9mico en estudiantes de enfermer\u00eda \u2013 Elena Andina D\u00edaz. &nbsp; 2023: Photovoice y bodymapping como herramientas pedag\u00f3gicas para la sensibilizaci\u00f3n del alumnado sobre la transformaci\u00f3n corporal &#8211; Elena Andina D\u00edaz. &nbsp; 2022: El storytelling, la poes\u00eda y el photovoice como metodolog\u00edas docentes humanizadoras de los [&hellip;]<\/p>\n","protected":false},"author":16,"featured_media":0,"parent":0,"menu_order":0,"comment_status":"closed","ping_status":"closed","template":"","meta":{"ngg_post_thumbnail":0,"footnotes":""},"class_list":["post-178","page","type-page","status-publish","hentry"],"yoast_head":"<!-- This site is optimized with the Yoast SEO plugin v25.8 - https:\/\/yoast.com\/wordpress\/plugins\/seo\/ -->\n<title>PAID concedidos \u00faltimos a\u00f1os - Departamento de Enfermer\u00eda y Fisioterapia<\/title>\n<meta name=\"robots\" content=\"index, follow, max-snippet:-1, max-image-preview:large, max-video-preview:-1\" \/>\n<link rel=\"canonical\" href=\"https:\/\/departamentos.unileon.es\/enfermeria-y-fisioterapia\/paid-concedidos-ultimos-anos\/\" \/>\n<meta property=\"og:locale\" content=\"es_ES\" \/>\n<meta property=\"og:type\" content=\"article\" \/>\n<meta property=\"og:title\" content=\"PAID concedidos \u00faltimos a\u00f1os - Departamento de Enfermer\u00eda y Fisioterapia\" \/>\n<meta property=\"og:description\" content=\"2024: El aprendizaje servicio como una dimensi\u00f3n social del aprendizaje acad\u00e9mico en estudiantes de enfermer\u00eda \u2013 Elena Andina D\u00edaz. &nbsp; 2023: Photovoice y bodymapping como herramientas pedag\u00f3gicas para la sensibilizaci\u00f3n del alumnado sobre la transformaci\u00f3n corporal &#8211; Elena Andina D\u00edaz. &nbsp; 2022: El storytelling, la poes\u00eda y el photovoice como metodolog\u00edas docentes humanizadoras de los [&hellip;]\" \/>\n<meta property=\"og:url\" content=\"https:\/\/departamentos.unileon.es\/enfermeria-y-fisioterapia\/paid-concedidos-ultimos-anos\/\" \/>\n<meta property=\"og:site_name\" content=\"Departamento de Enfermer\u00eda y Fisioterapia\" \/>\n<meta property=\"article:modified_time\" content=\"2024-03-18T07:45:45+00:00\" \/>\n<meta name=\"twitter:card\" content=\"summary_large_image\" \/>\n<meta name=\"twitter:label1\" content=\"Tiempo de lectura\" \/>\n\t<meta name=\"twitter:data1\" content=\"1 minuto\" \/>\n<script type=\"application\/ld+json\" class=\"yoast-schema-graph\">{\"@context\":\"https:\/\/schema.org\",\"@graph\":[{\"@type\":\"WebPage\",\"@id\":\"https:\/\/departamentos.unileon.es\/enfermeria-y-fisioterapia\/paid-concedidos-ultimos-anos\/\",\"url\":\"https:\/\/departamentos.unileon.es\/enfermeria-y-fisioterapia\/paid-concedidos-ultimos-anos\/\",\"name\":\"PAID concedidos \u00faltimos a\u00f1os - Departamento de Enfermer\u00eda y Fisioterapia\",\"isPartOf\":{\"@id\":\"https:\/\/departamentos.unileon.es\/enfermeria-y-fisioterapia\/#website\"},\"datePublished\":\"2023-05-24T11:51:12+00:00\",\"dateModified\":\"2024-03-18T07:45:45+00:00\",\"inLanguage\":\"es\",\"potentialAction\":[{\"@type\":\"ReadAction\",\"target\":[\"https:\/\/departamentos.unileon.es\/enfermeria-y-fisioterapia\/paid-concedidos-ultimos-anos\/\"]}]},{\"@type\":\"WebSite\",\"@id\":\"https:\/\/departamentos.unileon.es\/enfermeria-y-fisioterapia\/#website\",\"url\":\"https:\/\/departamentos.unileon.es\/enfermeria-y-fisioterapia\/\",\"name\":\"Departamento de Enfermer\u00eda y Fisioterapia\",\"description\":\"Otro sitio m\u00e1s de Universidad de Le\u00f3n\",\"potentialAction\":[{\"@type\":\"SearchAction\",\"target\":{\"@type\":\"EntryPoint\",\"urlTemplate\":\"https:\/\/departamentos.unileon.es\/enfermeria-y-fisioterapia\/?s={search_term_string}\"},\"query-input\":{\"@type\":\"PropertyValueSpecification\",\"valueRequired\":true,\"valueName\":\"search_term_string\"}}],\"inLanguage\":\"es\"}]}<\/script>\n<!-- \/ Yoast SEO plugin. -->","yoast_head_json":{"title":"PAID concedidos \u00faltimos a\u00f1os - Departamento de Enfermer\u00eda y Fisioterapia","robots":{"index":"index","follow":"follow","max-snippet":"max-snippet:-1","max-image-preview":"max-image-preview:large","max-video-preview":"max-video-preview:-1"},"canonical":"https:\/\/departamentos.unileon.es\/enfermeria-y-fisioterapia\/paid-concedidos-ultimos-anos\/","og_locale":"es_ES","og_type":"article","og_title":"PAID concedidos \u00faltimos a\u00f1os - Departamento de Enfermer\u00eda y Fisioterapia","og_description":"2024: El aprendizaje servicio como una dimensi\u00f3n social del aprendizaje acad\u00e9mico en estudiantes de enfermer\u00eda \u2013 Elena Andina D\u00edaz. &nbsp; 2023: Photovoice y bodymapping como herramientas pedag\u00f3gicas para la sensibilizaci\u00f3n del alumnado sobre la transformaci\u00f3n corporal &#8211; Elena Andina D\u00edaz. &nbsp; 2022: El storytelling, la poes\u00eda y el photovoice como metodolog\u00edas docentes humanizadoras de los [&hellip;]","og_url":"https:\/\/departamentos.unileon.es\/enfermeria-y-fisioterapia\/paid-concedidos-ultimos-anos\/","og_site_name":"Departamento de Enfermer\u00eda y Fisioterapia","article_modified_time":"2024-03-18T07:45:45+00:00","twitter_card":"summary_large_image","twitter_misc":{"Tiempo de lectura":"1 minuto"},"schema":{"@context":"https:\/\/schema.org","@graph":[{"@type":"WebPage","@id":"https:\/\/departamentos.unileon.es\/enfermeria-y-fisioterapia\/paid-concedidos-ultimos-anos\/","url":"https:\/\/departamentos.unileon.es\/enfermeria-y-fisioterapia\/paid-concedidos-ultimos-anos\/","name":"PAID concedidos \u00faltimos a\u00f1os - Departamento de Enfermer\u00eda y Fisioterapia","isPartOf":{"@id":"https:\/\/departamentos.unileon.es\/enfermeria-y-fisioterapia\/#website"},"datePublished":"2023-05-24T11:51:12+00:00","dateModified":"2024-03-18T07:45:45+00:00","inLanguage":"es","potentialAction":[{"@type":"ReadAction","target":["https:\/\/departamentos.unileon.es\/enfermeria-y-fisioterapia\/paid-concedidos-ultimos-anos\/"]}]},{"@type":"WebSite","@id":"https:\/\/departamentos.unileon.es\/enfermeria-y-fisioterapia\/#website","url":"https:\/\/departamentos.unileon.es\/enfermeria-y-fisioterapia\/","name":"Departamento de Enfermer\u00eda y Fisioterapia","description":"Otro sitio m\u00e1s de Universidad de Le\u00f3n","potentialAction":[{"@type":"SearchAction","target":{"@type":"EntryPoint","urlTemplate":"https:\/\/departamentos.unileon.es\/enfermeria-y-fisioterapia\/?s={search_term_string}"},"query-input":{"@type":"PropertyValueSpecification","valueRequired":true,"valueName":"search_term_string"}}],"inLanguage":"es"}]}},"_links":{"self":[{"href":"https:\/\/departamentos.unileon.es\/enfermeria-y-fisioterapia\/wp-json\/wp\/v2\/pages\/178","targetHints":{"allow":["GET"]}}],"collection":[{"href":"https:\/\/departamentos.unileon.es\/enfermeria-y-fisioterapia\/wp-json\/wp\/v2\/pages"}],"about":[{"href":"https:\/\/departamentos.unileon.es\/enfermeria-y-fisioterapia\/wp-json\/wp\/v2\/types\/page"}],"author":[{"embeddable":true,"href":"https:\/\/departamentos.unileon.es\/enfermeria-y-fisioterapia\/wp-json\/wp\/v2\/users\/16"}],"replies":[{"embeddable":true,"href":"https:\/\/departamentos.unileon.es\/enfermeria-y-fisioterapia\/wp-json\/wp\/v2\/comments?post=178"}],"version-history":[{"count":4,"href":"https:\/\/departamentos.unileon.es\/enfermeria-y-fisioterapia\/wp-json\/wp\/v2\/pages\/178\/revisions"}],"predecessor-version":[{"id":309,"href":"https:\/\/departamentos.unileon.es\/enfermeria-y-fisioterapia\/wp-json\/wp\/v2\/pages\/178\/revisions\/309"}],"wp:attachment":[{"href":"https:\/\/departamentos.unileon.es\/enfermeria-y-fisioterapia\/wp-json\/wp\/v2\/media?parent=178"}],"curies":[{"name":"wp","href":"https:\/\/api.w.org\/{rel}","templated":true}]}}