{"id":177,"date":"2023-05-24T11:50:59","date_gmt":"2023-05-24T11:50:59","guid":{"rendered":"https:\/\/departamentos.unileon.es\/enfermeria-y-fisioterapia\/?page_id=177"},"modified":"2023-05-25T06:32:49","modified_gmt":"2023-05-25T06:32:49","slug":"pagid-certificados-en-los-ultimos-anos","status":"publish","type":"page","link":"https:\/\/departamentos.unileon.es\/enfermeria-y-fisioterapia\/pagid-certificados-en-los-ultimos-anos\/","title":{"rendered":"PAGID certificados en los \u00faltimos a\u00f1os"},"content":{"rendered":"\n<p><strong>2022:<\/strong><\/p>\n<ol>\n<li>An\u00e1lisis del Clima Educativo en estudiantes de la titulaci\u00f3n de grado en Fisioterapia, en entornos de aprendizaje basado en problemas y servicios &#8211; Jes\u00fas Seco Calvo.<\/li>\n<\/ol>\n","protected":false},"excerpt":{"rendered":"<p>2022: An\u00e1lisis del Clima Educativo en estudiantes de la titulaci\u00f3n de grado en Fisioterapia, en entornos de aprendizaje basado en problemas y servicios &#8211; Jes\u00fas Seco Calvo.<\/p>\n","protected":false},"author":16,"featured_media":0,"parent":0,"menu_order":0,"comment_status":"closed","ping_status":"closed","template":"","meta":{"ngg_post_thumbnail":0,"footnotes":""},"class_list":["post-177","page","type-page","status-publish","hentry"],"yoast_head":"<!-- This site is optimized with the Yoast SEO plugin v25.8 - https:\/\/yoast.com\/wordpress\/plugins\/seo\/ -->\n<title>PAGID certificados en los \u00faltimos a\u00f1os - Departamento de Enfermer\u00eda y Fisioterapia<\/title>\n<meta name=\"robots\" content=\"index, follow, max-snippet:-1, max-image-preview:large, max-video-preview:-1\" \/>\n<link rel=\"canonical\" href=\"https:\/\/departamentos.unileon.es\/enfermeria-y-fisioterapia\/pagid-certificados-en-los-ultimos-anos\/\" \/>\n<meta property=\"og:locale\" content=\"es_ES\" \/>\n<meta property=\"og:type\" content=\"article\" \/>\n<meta property=\"og:title\" content=\"PAGID certificados en los \u00faltimos a\u00f1os - Departamento de Enfermer\u00eda y Fisioterapia\" \/>\n<meta property=\"og:description\" content=\"2022: An\u00e1lisis del Clima Educativo en estudiantes de la titulaci\u00f3n de grado en Fisioterapia, en entornos de aprendizaje basado en problemas y servicios &#8211; Jes\u00fas Seco Calvo.\" \/>\n<meta property=\"og:url\" content=\"https:\/\/departamentos.unileon.es\/enfermeria-y-fisioterapia\/pagid-certificados-en-los-ultimos-anos\/\" \/>\n<meta property=\"og:site_name\" content=\"Departamento de Enfermer\u00eda y Fisioterapia\" \/>\n<meta property=\"article:modified_time\" content=\"2023-05-25T06:32:49+00:00\" \/>\n<meta name=\"twitter:card\" content=\"summary_large_image\" \/>\n<meta name=\"twitter:label1\" content=\"Tiempo de lectura\" \/>\n\t<meta name=\"twitter:data1\" content=\"1 minuto\" \/>\n<script type=\"application\/ld+json\" class=\"yoast-schema-graph\">{\"@context\":\"https:\/\/schema.org\",\"@graph\":[{\"@type\":\"WebPage\",\"@id\":\"https:\/\/departamentos.unileon.es\/enfermeria-y-fisioterapia\/pagid-certificados-en-los-ultimos-anos\/\",\"url\":\"https:\/\/departamentos.unileon.es\/enfermeria-y-fisioterapia\/pagid-certificados-en-los-ultimos-anos\/\",\"name\":\"PAGID certificados en los \u00faltimos a\u00f1os - Departamento de Enfermer\u00eda y Fisioterapia\",\"isPartOf\":{\"@id\":\"https:\/\/departamentos.unileon.es\/enfermeria-y-fisioterapia\/#website\"},\"datePublished\":\"2023-05-24T11:50:59+00:00\",\"dateModified\":\"2023-05-25T06:32:49+00:00\",\"inLanguage\":\"es\",\"potentialAction\":[{\"@type\":\"ReadAction\",\"target\":[\"https:\/\/departamentos.unileon.es\/enfermeria-y-fisioterapia\/pagid-certificados-en-los-ultimos-anos\/\"]}]},{\"@type\":\"WebSite\",\"@id\":\"https:\/\/departamentos.unileon.es\/enfermeria-y-fisioterapia\/#website\",\"url\":\"https:\/\/departamentos.unileon.es\/enfermeria-y-fisioterapia\/\",\"name\":\"Departamento de Enfermer\u00eda y Fisioterapia\",\"description\":\"Otro sitio m\u00e1s de Universidad de Le\u00f3n\",\"potentialAction\":[{\"@type\":\"SearchAction\",\"target\":{\"@type\":\"EntryPoint\",\"urlTemplate\":\"https:\/\/departamentos.unileon.es\/enfermeria-y-fisioterapia\/?s={search_term_string}\"},\"query-input\":{\"@type\":\"PropertyValueSpecification\",\"valueRequired\":true,\"valueName\":\"search_term_string\"}}],\"inLanguage\":\"es\"}]}<\/script>\n<!-- \/ Yoast SEO plugin. -->","yoast_head_json":{"title":"PAGID certificados en los \u00faltimos a\u00f1os - Departamento de Enfermer\u00eda y Fisioterapia","robots":{"index":"index","follow":"follow","max-snippet":"max-snippet:-1","max-image-preview":"max-image-preview:large","max-video-preview":"max-video-preview:-1"},"canonical":"https:\/\/departamentos.unileon.es\/enfermeria-y-fisioterapia\/pagid-certificados-en-los-ultimos-anos\/","og_locale":"es_ES","og_type":"article","og_title":"PAGID certificados en los \u00faltimos a\u00f1os - Departamento de Enfermer\u00eda y Fisioterapia","og_description":"2022: An\u00e1lisis del Clima Educativo en estudiantes de la titulaci\u00f3n de grado en Fisioterapia, en entornos de aprendizaje basado en problemas y servicios &#8211; Jes\u00fas Seco Calvo.","og_url":"https:\/\/departamentos.unileon.es\/enfermeria-y-fisioterapia\/pagid-certificados-en-los-ultimos-anos\/","og_site_name":"Departamento de Enfermer\u00eda y Fisioterapia","article_modified_time":"2023-05-25T06:32:49+00:00","twitter_card":"summary_large_image","twitter_misc":{"Tiempo de lectura":"1 minuto"},"schema":{"@context":"https:\/\/schema.org","@graph":[{"@type":"WebPage","@id":"https:\/\/departamentos.unileon.es\/enfermeria-y-fisioterapia\/pagid-certificados-en-los-ultimos-anos\/","url":"https:\/\/departamentos.unileon.es\/enfermeria-y-fisioterapia\/pagid-certificados-en-los-ultimos-anos\/","name":"PAGID certificados en los \u00faltimos a\u00f1os - Departamento de Enfermer\u00eda y Fisioterapia","isPartOf":{"@id":"https:\/\/departamentos.unileon.es\/enfermeria-y-fisioterapia\/#website"},"datePublished":"2023-05-24T11:50:59+00:00","dateModified":"2023-05-25T06:32:49+00:00","inLanguage":"es","potentialAction":[{"@type":"ReadAction","target":["https:\/\/departamentos.unileon.es\/enfermeria-y-fisioterapia\/pagid-certificados-en-los-ultimos-anos\/"]}]},{"@type":"WebSite","@id":"https:\/\/departamentos.unileon.es\/enfermeria-y-fisioterapia\/#website","url":"https:\/\/departamentos.unileon.es\/enfermeria-y-fisioterapia\/","name":"Departamento de Enfermer\u00eda y Fisioterapia","description":"Otro sitio m\u00e1s de Universidad de Le\u00f3n","potentialAction":[{"@type":"SearchAction","target":{"@type":"EntryPoint","urlTemplate":"https:\/\/departamentos.unileon.es\/enfermeria-y-fisioterapia\/?s={search_term_string}"},"query-input":{"@type":"PropertyValueSpecification","valueRequired":true,"valueName":"search_term_string"}}],"inLanguage":"es"}]}},"_links":{"self":[{"href":"https:\/\/departamentos.unileon.es\/enfermeria-y-fisioterapia\/wp-json\/wp\/v2\/pages\/177","targetHints":{"allow":["GET"]}}],"collection":[{"href":"https:\/\/departamentos.unileon.es\/enfermeria-y-fisioterapia\/wp-json\/wp\/v2\/pages"}],"about":[{"href":"https:\/\/departamentos.unileon.es\/enfermeria-y-fisioterapia\/wp-json\/wp\/v2\/types\/page"}],"author":[{"embeddable":true,"href":"https:\/\/departamentos.unileon.es\/enfermeria-y-fisioterapia\/wp-json\/wp\/v2\/users\/16"}],"replies":[{"embeddable":true,"href":"https:\/\/departamentos.unileon.es\/enfermeria-y-fisioterapia\/wp-json\/wp\/v2\/comments?post=177"}],"version-history":[{"count":2,"href":"https:\/\/departamentos.unileon.es\/enfermeria-y-fisioterapia\/wp-json\/wp\/v2\/pages\/177\/revisions"}],"predecessor-version":[{"id":222,"href":"https:\/\/departamentos.unileon.es\/enfermeria-y-fisioterapia\/wp-json\/wp\/v2\/pages\/177\/revisions\/222"}],"wp:attachment":[{"href":"https:\/\/departamentos.unileon.es\/enfermeria-y-fisioterapia\/wp-json\/wp\/v2\/media?parent=177"}],"curies":[{"name":"wp","href":"https:\/\/api.w.org\/{rel}","templated":true}]}}