{"id":163,"date":"2023-05-24T11:47:20","date_gmt":"2023-05-24T11:47:20","guid":{"rendered":"https:\/\/departamentos.unileon.es\/enfermeria-y-fisioterapia\/?page_id=163"},"modified":"2023-05-25T06:30:06","modified_gmt":"2023-05-25T06:30:06","slug":"grupo-de-innovacion-docente-de-la-ule-fisioterapia-innovacion-y-calidad-phys-ther-gid-036","status":"publish","type":"page","link":"https:\/\/departamentos.unileon.es\/enfermeria-y-fisioterapia\/grupo-de-innovacion-docente-de-la-ule-fisioterapia-innovacion-y-calidad-phys-ther-gid-036\/","title":{"rendered":"GRUPO DE INNOVACI\u00d3N DOCENTE DE LA ULE FISIOTERAPIA, INNOVACI\u00d3N Y CALIDAD (PHYS THER). GID 036"},"content":{"rendered":"\n<table style=\"width: 100%;\" width=\"549\">\n<tbody>\n<tr>\n<td style=\"width: 99.1667%;\" colspan=\"2\" width=\"549\">\n<p><strong>Facultad de Ciencias de la Salud. Fecha de aprobaci\u00f3n: marzo\/2015<\/strong><\/p>\n<\/td>\n<\/tr>\n<tr>\n<td style=\"width: 45.119%;\" width=\"337\">\n<p><strong>Coordinador<\/strong><\/p>\n<\/td>\n<td style=\"width: 54.0476%;\" width=\"212\">\n<p><strong><a href=\"mailto:jesus.seco@unileon.es\">Seco Calvo, Jes\u00fas<\/a> <\/strong><\/p>\n<\/td>\n<\/tr>\n<tr>\n<td style=\"width: 45.119%;\" width=\"337\">\n<p><strong>Componentes<\/strong><\/p>\n<\/td>\n<td style=\"width: 54.0476%;\" width=\"212\">\n<p><strong>Miembros<\/strong><\/p>\n<\/td>\n<\/tr>\n<tr>\n<td style=\"width: 99.1667%;\" colspan=\"2\" width=\"549\">\n<p>Cobreros Mielgo, Ra\u00fal<\/p>\n<\/td>\n<\/tr>\n<tr>\n<td style=\"width: 99.1667%;\" colspan=\"2\" width=\"549\">\n<p>D\u00edez Vega, Ignacio<\/p>\n<\/td>\n<\/tr>\n<tr>\n<td style=\"width: 99.1667%;\" colspan=\"2\" width=\"549\">\n<p>L\u00f3pez Rodr\u00edguez, Ana Felicitas<\/p>\n<\/td>\n<\/tr>\n<tr>\n<td style=\"width: 99.1667%;\" colspan=\"2\" width=\"549\">\n<p>Valencia Prieto, Marta<\/p>\n<\/td>\n<\/tr>\n<tr>\n<td style=\"width: 99.1667%;\" colspan=\"2\" width=\"549\">\n<p><strong>Colaborador<\/strong><\/p>\n<\/td>\n<\/tr>\n<tr>\n<td style=\"width: 99.1667%;\" colspan=\"2\" width=\"549\">\n<p>Rodr\u00edguez P\u00e9rez, Vicente<\/p>\n<\/td>\n<\/tr>\n<\/tbody>\n<\/table>\n","protected":false},"excerpt":{"rendered":"<p>Facultad de Ciencias de la Salud. Fecha de aprobaci\u00f3n: marzo\/2015 Coordinador Seco Calvo, Jes\u00fas Componentes Miembros Cobreros Mielgo, Ra\u00fal D\u00edez Vega, Ignacio L\u00f3pez Rodr\u00edguez, Ana Felicitas Valencia Prieto, Marta Colaborador Rodr\u00edguez P\u00e9rez, Vicente<\/p>\n","protected":false},"author":16,"featured_media":0,"parent":0,"menu_order":0,"comment_status":"closed","ping_status":"closed","template":"","meta":{"ngg_post_thumbnail":0,"footnotes":""},"class_list":["post-163","page","type-page","status-publish","hentry"],"yoast_head":"<!-- This site is optimized with the Yoast SEO plugin v25.8 - https:\/\/yoast.com\/wordpress\/plugins\/seo\/ -->\n<title>GRUPO DE INNOVACI\u00d3N DOCENTE DE LA ULE FISIOTERAPIA, INNOVACI\u00d3N Y CALIDAD (PHYS THER). GID 036 - Departamento de Enfermer\u00eda y Fisioterapia<\/title>\n<meta name=\"robots\" content=\"index, follow, max-snippet:-1, max-image-preview:large, max-video-preview:-1\" \/>\n<link rel=\"canonical\" href=\"https:\/\/departamentos.unileon.es\/enfermeria-y-fisioterapia\/grupo-de-innovacion-docente-de-la-ule-fisioterapia-innovacion-y-calidad-phys-ther-gid-036\/\" \/>\n<meta property=\"og:locale\" content=\"es_ES\" \/>\n<meta property=\"og:type\" content=\"article\" \/>\n<meta property=\"og:title\" content=\"GRUPO DE INNOVACI\u00d3N DOCENTE DE LA ULE FISIOTERAPIA, INNOVACI\u00d3N Y CALIDAD (PHYS THER). GID 036 - Departamento de Enfermer\u00eda y Fisioterapia\" \/>\n<meta property=\"og:description\" content=\"Facultad de Ciencias de la Salud. Fecha de aprobaci\u00f3n: marzo\/2015 Coordinador Seco Calvo, Jes\u00fas Componentes Miembros Cobreros Mielgo, Ra\u00fal D\u00edez Vega, Ignacio L\u00f3pez Rodr\u00edguez, Ana Felicitas Valencia Prieto, Marta Colaborador Rodr\u00edguez P\u00e9rez, Vicente\" \/>\n<meta property=\"og:url\" content=\"https:\/\/departamentos.unileon.es\/enfermeria-y-fisioterapia\/grupo-de-innovacion-docente-de-la-ule-fisioterapia-innovacion-y-calidad-phys-ther-gid-036\/\" \/>\n<meta property=\"og:site_name\" content=\"Departamento de Enfermer\u00eda y Fisioterapia\" \/>\n<meta property=\"article:modified_time\" content=\"2023-05-25T06:30:06+00:00\" \/>\n<meta name=\"twitter:card\" content=\"summary_large_image\" \/>\n<meta name=\"twitter:label1\" content=\"Tiempo de lectura\" \/>\n\t<meta name=\"twitter:data1\" content=\"1 minuto\" \/>\n<script type=\"application\/ld+json\" class=\"yoast-schema-graph\">{\"@context\":\"https:\/\/schema.org\",\"@graph\":[{\"@type\":\"WebPage\",\"@id\":\"https:\/\/departamentos.unileon.es\/enfermeria-y-fisioterapia\/grupo-de-innovacion-docente-de-la-ule-fisioterapia-innovacion-y-calidad-phys-ther-gid-036\/\",\"url\":\"https:\/\/departamentos.unileon.es\/enfermeria-y-fisioterapia\/grupo-de-innovacion-docente-de-la-ule-fisioterapia-innovacion-y-calidad-phys-ther-gid-036\/\",\"name\":\"GRUPO DE INNOVACI\u00d3N DOCENTE DE LA ULE FISIOTERAPIA, INNOVACI\u00d3N Y CALIDAD (PHYS THER). GID 036 - Departamento de Enfermer\u00eda y Fisioterapia\",\"isPartOf\":{\"@id\":\"https:\/\/departamentos.unileon.es\/enfermeria-y-fisioterapia\/#website\"},\"datePublished\":\"2023-05-24T11:47:20+00:00\",\"dateModified\":\"2023-05-25T06:30:06+00:00\",\"inLanguage\":\"es\",\"potentialAction\":[{\"@type\":\"ReadAction\",\"target\":[\"https:\/\/departamentos.unileon.es\/enfermeria-y-fisioterapia\/grupo-de-innovacion-docente-de-la-ule-fisioterapia-innovacion-y-calidad-phys-ther-gid-036\/\"]}]},{\"@type\":\"WebSite\",\"@id\":\"https:\/\/departamentos.unileon.es\/enfermeria-y-fisioterapia\/#website\",\"url\":\"https:\/\/departamentos.unileon.es\/enfermeria-y-fisioterapia\/\",\"name\":\"Departamento de Enfermer\u00eda y Fisioterapia\",\"description\":\"Otro sitio m\u00e1s de Universidad de Le\u00f3n\",\"potentialAction\":[{\"@type\":\"SearchAction\",\"target\":{\"@type\":\"EntryPoint\",\"urlTemplate\":\"https:\/\/departamentos.unileon.es\/enfermeria-y-fisioterapia\/?s={search_term_string}\"},\"query-input\":{\"@type\":\"PropertyValueSpecification\",\"valueRequired\":true,\"valueName\":\"search_term_string\"}}],\"inLanguage\":\"es\"}]}<\/script>\n<!-- \/ Yoast SEO plugin. -->","yoast_head_json":{"title":"GRUPO DE INNOVACI\u00d3N DOCENTE DE LA ULE FISIOTERAPIA, INNOVACI\u00d3N Y CALIDAD (PHYS THER). GID 036 - Departamento de Enfermer\u00eda y Fisioterapia","robots":{"index":"index","follow":"follow","max-snippet":"max-snippet:-1","max-image-preview":"max-image-preview:large","max-video-preview":"max-video-preview:-1"},"canonical":"https:\/\/departamentos.unileon.es\/enfermeria-y-fisioterapia\/grupo-de-innovacion-docente-de-la-ule-fisioterapia-innovacion-y-calidad-phys-ther-gid-036\/","og_locale":"es_ES","og_type":"article","og_title":"GRUPO DE INNOVACI\u00d3N DOCENTE DE LA ULE FISIOTERAPIA, INNOVACI\u00d3N Y CALIDAD (PHYS THER). GID 036 - Departamento de Enfermer\u00eda y Fisioterapia","og_description":"Facultad de Ciencias de la Salud. Fecha de aprobaci\u00f3n: marzo\/2015 Coordinador Seco Calvo, Jes\u00fas Componentes Miembros Cobreros Mielgo, Ra\u00fal D\u00edez Vega, Ignacio L\u00f3pez Rodr\u00edguez, Ana Felicitas Valencia Prieto, Marta Colaborador Rodr\u00edguez P\u00e9rez, Vicente","og_url":"https:\/\/departamentos.unileon.es\/enfermeria-y-fisioterapia\/grupo-de-innovacion-docente-de-la-ule-fisioterapia-innovacion-y-calidad-phys-ther-gid-036\/","og_site_name":"Departamento de Enfermer\u00eda y Fisioterapia","article_modified_time":"2023-05-25T06:30:06+00:00","twitter_card":"summary_large_image","twitter_misc":{"Tiempo de lectura":"1 minuto"},"schema":{"@context":"https:\/\/schema.org","@graph":[{"@type":"WebPage","@id":"https:\/\/departamentos.unileon.es\/enfermeria-y-fisioterapia\/grupo-de-innovacion-docente-de-la-ule-fisioterapia-innovacion-y-calidad-phys-ther-gid-036\/","url":"https:\/\/departamentos.unileon.es\/enfermeria-y-fisioterapia\/grupo-de-innovacion-docente-de-la-ule-fisioterapia-innovacion-y-calidad-phys-ther-gid-036\/","name":"GRUPO DE INNOVACI\u00d3N DOCENTE DE LA ULE FISIOTERAPIA, INNOVACI\u00d3N Y CALIDAD (PHYS THER). GID 036 - Departamento de Enfermer\u00eda y Fisioterapia","isPartOf":{"@id":"https:\/\/departamentos.unileon.es\/enfermeria-y-fisioterapia\/#website"},"datePublished":"2023-05-24T11:47:20+00:00","dateModified":"2023-05-25T06:30:06+00:00","inLanguage":"es","potentialAction":[{"@type":"ReadAction","target":["https:\/\/departamentos.unileon.es\/enfermeria-y-fisioterapia\/grupo-de-innovacion-docente-de-la-ule-fisioterapia-innovacion-y-calidad-phys-ther-gid-036\/"]}]},{"@type":"WebSite","@id":"https:\/\/departamentos.unileon.es\/enfermeria-y-fisioterapia\/#website","url":"https:\/\/departamentos.unileon.es\/enfermeria-y-fisioterapia\/","name":"Departamento de Enfermer\u00eda y Fisioterapia","description":"Otro sitio m\u00e1s de Universidad de Le\u00f3n","potentialAction":[{"@type":"SearchAction","target":{"@type":"EntryPoint","urlTemplate":"https:\/\/departamentos.unileon.es\/enfermeria-y-fisioterapia\/?s={search_term_string}"},"query-input":{"@type":"PropertyValueSpecification","valueRequired":true,"valueName":"search_term_string"}}],"inLanguage":"es"}]}},"_links":{"self":[{"href":"https:\/\/departamentos.unileon.es\/enfermeria-y-fisioterapia\/wp-json\/wp\/v2\/pages\/163","targetHints":{"allow":["GET"]}}],"collection":[{"href":"https:\/\/departamentos.unileon.es\/enfermeria-y-fisioterapia\/wp-json\/wp\/v2\/pages"}],"about":[{"href":"https:\/\/departamentos.unileon.es\/enfermeria-y-fisioterapia\/wp-json\/wp\/v2\/types\/page"}],"author":[{"embeddable":true,"href":"https:\/\/departamentos.unileon.es\/enfermeria-y-fisioterapia\/wp-json\/wp\/v2\/users\/16"}],"replies":[{"embeddable":true,"href":"https:\/\/departamentos.unileon.es\/enfermeria-y-fisioterapia\/wp-json\/wp\/v2\/comments?post=163"}],"version-history":[{"count":4,"href":"https:\/\/departamentos.unileon.es\/enfermeria-y-fisioterapia\/wp-json\/wp\/v2\/pages\/163\/revisions"}],"predecessor-version":[{"id":219,"href":"https:\/\/departamentos.unileon.es\/enfermeria-y-fisioterapia\/wp-json\/wp\/v2\/pages\/163\/revisions\/219"}],"wp:attachment":[{"href":"https:\/\/departamentos.unileon.es\/enfermeria-y-fisioterapia\/wp-json\/wp\/v2\/media?parent=163"}],"curies":[{"name":"wp","href":"https:\/\/api.w.org\/{rel}","templated":true}]}}