{"id":162,"date":"2023-05-24T11:46:35","date_gmt":"2023-05-24T11:46:35","guid":{"rendered":"https:\/\/departamentos.unileon.es\/enfermeria-y-fisioterapia\/?page_id=162"},"modified":"2023-05-25T06:29:37","modified_gmt":"2023-05-25T06:29:37","slug":"grupo-de-innovacion-docente-de-la-ule-en-cuidados-para-la-salud-gid-cuidas-gid-021","status":"publish","type":"page","link":"https:\/\/departamentos.unileon.es\/enfermeria-y-fisioterapia\/grupo-de-innovacion-docente-de-la-ule-en-cuidados-para-la-salud-gid-cuidas-gid-021\/","title":{"rendered":"GRUPO DE INNOVACI\u00d3N DOCENTE DE LA ULE EN CUIDADOS PARA LA SALUD (GID-CUIDAs). GID 021"},"content":{"rendered":"\n<table style=\"width: 92.855%;\" width=\"339\">\n<tbody>\n<tr>\n<td style=\"width: 92.3016%;\" colspan=\"2\" width=\"339\">\n<p><strong>Facultad de Ciencias de la Salud. Fecha de aprobaci\u00f3n: octubre\/2014<\/strong><\/p>\n<\/td>\n<\/tr>\n<tr>\n<td style=\"width: 43.4524%;\" width=\"133\">\n<p><strong>Coordinadora<\/strong><\/p>\n<\/td>\n<td style=\"width: 48.8492%;\" width=\"205\">\n<p><strong><a href=\"mailto:ana.vazquez@unileon.es\">V\u00e1zquez Casares, Ana Mar\u00eda<\/a> <\/strong><\/p>\n<\/td>\n<\/tr>\n<tr>\n<td style=\"width: 43.4524%;\" width=\"133\">\n<p><strong>Componentes<\/strong><\/p>\n<\/td>\n<td style=\"width: 48.8492%;\" width=\"205\">\n<p><strong>Miembros<\/strong><\/p>\n<\/td>\n<\/tr>\n<tr>\n<td style=\"width: 92.3016%;\" colspan=\"2\" width=\"339\">\n<p>Caloca, Sandra<\/p>\n<\/td>\n<\/tr>\n<tr>\n<td style=\"width: 92.3016%;\" colspan=\"2\" width=\"339\">\n<p>Castro Gonz\u00e1lez, Mar\u00eda Paz<\/p>\n<\/td>\n<\/tr>\n<tr>\n<td style=\"width: 92.3016%;\" colspan=\"2\" width=\"339\">\n<p>Crespo Mart\u00ednez, Mar\u00eda Carmen<\/p>\n<\/td>\n<\/tr>\n<tr>\n<td style=\"width: 92.3016%;\" colspan=\"2\" width=\"339\">\n<p>De Luis Gonz\u00e1lez, Jos\u00e9 Manuel<\/p>\n<\/td>\n<\/tr>\n<tr>\n<td style=\"width: 92.3016%;\" colspan=\"2\" width=\"339\">\n<p>Fern\u00e1ndez Villa, Tania<\/p>\n<\/td>\n<\/tr>\n<tr>\n<td style=\"width: 92.3016%;\" colspan=\"2\" width=\"339\">\n<p>Marcos Delgado, Alba<\/p>\n<\/td>\n<\/tr>\n<tr>\n<td style=\"width: 92.3016%;\" colspan=\"2\" width=\"339\">\n<p>Mart\u00edn S\u00e1nchez, Vicente<\/p>\n<\/td>\n<\/tr>\n<tr>\n<td style=\"width: 92.3016%;\" colspan=\"2\" width=\"339\">\n<p>Mauriz Garc\u00eda, Elba<\/p>\n<\/td>\n<\/tr>\n<tr>\n<td style=\"width: 92.3016%;\" colspan=\"2\" width=\"339\">\n<p>Molina de la Torre, Antonio Jos\u00e9<\/p>\n<\/td>\n<\/tr>\n<tr>\n<td style=\"width: 92.3016%;\" colspan=\"2\" width=\"339\">\n<p>Vitelli Storelli, Facundo Ezequiel<\/p>\n<\/td>\n<\/tr>\n<tr>\n<td style=\"width: 92.3016%;\" colspan=\"2\" width=\"339\">\n<p><strong>Colaboradores<\/strong><\/p>\n<\/td>\n<\/tr>\n<tr>\n<td style=\"width: 92.3016%;\" colspan=\"2\" width=\"339\">\n<p>D\u00edez Fern\u00e1ndez, Jos\u00e9 Miguel<\/p>\n<\/td>\n<\/tr>\n<tr>\n<td style=\"width: 92.3016%;\" colspan=\"2\" width=\"339\">\n<p>Fern\u00e1ndez Bay\u00f3n, Raquel<\/p>\n<\/td>\n<\/tr>\n<tr>\n<td style=\"width: 92.3016%;\" colspan=\"2\" width=\"339\">\n<p>Fern\u00e1ndez Fraile, Sara<\/p>\n<\/td>\n<\/tr>\n<tr>\n<td style=\"width: 92.3016%;\" colspan=\"2\" width=\"339\">\n<p>Ferradal, Pablo<\/p>\n<\/td>\n<\/tr>\n<tr>\n<td style=\"width: 92.3016%;\" colspan=\"2\" width=\"339\">\n<p>Ferreras Gonz\u00e1lez, Carmen<\/p>\n<\/td>\n<\/tr>\n<tr>\n<td style=\"width: 92.3016%;\" colspan=\"2\" width=\"339\">\n<p>Garc\u00eda Alonso, Sara<\/p>\n<\/td>\n<\/tr>\n<tr>\n<td style=\"width: 92.3016%;\" colspan=\"2\" width=\"339\">\n<p>Garc\u00eda Mart\u00ednez, Lidia<\/p>\n<\/td>\n<\/tr>\n<tr>\n<td style=\"width: 92.3016%;\" colspan=\"2\" width=\"339\">\n<p>Hern\u00e1ndez Segura, Natalia<\/p>\n<\/td>\n<\/tr>\n<tr>\n<td style=\"width: 92.3016%;\" colspan=\"2\" width=\"339\">\n<p>Pendas \u00c1lvarez, Covadonga<\/p>\n<\/td>\n<\/tr>\n<tr>\n<td style=\"width: 92.3016%;\" colspan=\"2\" width=\"339\">\n<p>Robla \u00c1lvarez, Henar<\/p>\n<\/td>\n<\/tr>\n<tr>\n<td style=\"width: 92.3016%;\" colspan=\"2\" width=\"339\">\n<p>Rodr\u00edguez Borrego, Aurora<\/p>\n<\/td>\n<\/tr>\n<tr>\n<td style=\"width: 92.3016%;\" colspan=\"2\" width=\"339\">\n<p>Rub\u00edn Garc\u00eda, Mar\u00eda<\/p>\n<\/td>\n<\/tr>\n<tr>\n<td style=\"width: 92.3016%;\" colspan=\"2\" width=\"339\">\n<p>Torres Oma\u00f1a, Sara<\/p>\n<\/td>\n<\/tr>\n<\/tbody>\n<\/table>\n","protected":false},"excerpt":{"rendered":"<p>Facultad de Ciencias de la Salud. Fecha de aprobaci\u00f3n: octubre\/2014 Coordinadora V\u00e1zquez Casares, Ana Mar\u00eda Componentes Miembros Caloca, Sandra Castro Gonz\u00e1lez, Mar\u00eda Paz Crespo Mart\u00ednez, Mar\u00eda Carmen De Luis Gonz\u00e1lez, Jos\u00e9 Manuel Fern\u00e1ndez Villa, Tania Marcos Delgado, Alba Mart\u00edn S\u00e1nchez, Vicente Mauriz Garc\u00eda, Elba Molina de la Torre, Antonio Jos\u00e9 Vitelli Storelli, Facundo Ezequiel Colaboradores [&hellip;]<\/p>\n","protected":false},"author":16,"featured_media":0,"parent":0,"menu_order":0,"comment_status":"closed","ping_status":"closed","template":"","meta":{"ngg_post_thumbnail":0,"footnotes":""},"class_list":["post-162","page","type-page","status-publish","hentry"],"yoast_head":"<!-- This site is optimized with the Yoast SEO plugin v25.8 - https:\/\/yoast.com\/wordpress\/plugins\/seo\/ -->\n<title>GRUPO DE INNOVACI\u00d3N DOCENTE DE LA ULE EN CUIDADOS PARA LA SALUD (GID-CUIDAs). GID 021 - Departamento de Enfermer\u00eda y Fisioterapia<\/title>\n<meta name=\"robots\" content=\"index, follow, max-snippet:-1, max-image-preview:large, max-video-preview:-1\" \/>\n<link rel=\"canonical\" href=\"https:\/\/departamentos.unileon.es\/enfermeria-y-fisioterapia\/grupo-de-innovacion-docente-de-la-ule-en-cuidados-para-la-salud-gid-cuidas-gid-021\/\" \/>\n<meta property=\"og:locale\" content=\"es_ES\" \/>\n<meta property=\"og:type\" content=\"article\" \/>\n<meta property=\"og:title\" content=\"GRUPO DE INNOVACI\u00d3N DOCENTE DE LA ULE EN CUIDADOS PARA LA SALUD (GID-CUIDAs). GID 021 - Departamento de Enfermer\u00eda y Fisioterapia\" \/>\n<meta property=\"og:description\" content=\"Facultad de Ciencias de la Salud. Fecha de aprobaci\u00f3n: octubre\/2014 Coordinadora V\u00e1zquez Casares, Ana Mar\u00eda Componentes Miembros Caloca, Sandra Castro Gonz\u00e1lez, Mar\u00eda Paz Crespo Mart\u00ednez, Mar\u00eda Carmen De Luis Gonz\u00e1lez, Jos\u00e9 Manuel Fern\u00e1ndez Villa, Tania Marcos Delgado, Alba Mart\u00edn S\u00e1nchez, Vicente Mauriz Garc\u00eda, Elba Molina de la Torre, Antonio Jos\u00e9 Vitelli Storelli, Facundo Ezequiel Colaboradores [&hellip;]\" \/>\n<meta property=\"og:url\" content=\"https:\/\/departamentos.unileon.es\/enfermeria-y-fisioterapia\/grupo-de-innovacion-docente-de-la-ule-en-cuidados-para-la-salud-gid-cuidas-gid-021\/\" \/>\n<meta property=\"og:site_name\" content=\"Departamento de Enfermer\u00eda y Fisioterapia\" \/>\n<meta property=\"article:modified_time\" content=\"2023-05-25T06:29:37+00:00\" \/>\n<meta name=\"twitter:card\" content=\"summary_large_image\" \/>\n<meta name=\"twitter:label1\" content=\"Tiempo de lectura\" \/>\n\t<meta name=\"twitter:data1\" content=\"1 minuto\" \/>\n<script type=\"application\/ld+json\" class=\"yoast-schema-graph\">{\"@context\":\"https:\/\/schema.org\",\"@graph\":[{\"@type\":\"WebPage\",\"@id\":\"https:\/\/departamentos.unileon.es\/enfermeria-y-fisioterapia\/grupo-de-innovacion-docente-de-la-ule-en-cuidados-para-la-salud-gid-cuidas-gid-021\/\",\"url\":\"https:\/\/departamentos.unileon.es\/enfermeria-y-fisioterapia\/grupo-de-innovacion-docente-de-la-ule-en-cuidados-para-la-salud-gid-cuidas-gid-021\/\",\"name\":\"GRUPO DE INNOVACI\u00d3N DOCENTE DE LA ULE EN CUIDADOS PARA LA SALUD (GID-CUIDAs). GID 021 - Departamento de Enfermer\u00eda y Fisioterapia\",\"isPartOf\":{\"@id\":\"https:\/\/departamentos.unileon.es\/enfermeria-y-fisioterapia\/#website\"},\"datePublished\":\"2023-05-24T11:46:35+00:00\",\"dateModified\":\"2023-05-25T06:29:37+00:00\",\"inLanguage\":\"es\",\"potentialAction\":[{\"@type\":\"ReadAction\",\"target\":[\"https:\/\/departamentos.unileon.es\/enfermeria-y-fisioterapia\/grupo-de-innovacion-docente-de-la-ule-en-cuidados-para-la-salud-gid-cuidas-gid-021\/\"]}]},{\"@type\":\"WebSite\",\"@id\":\"https:\/\/departamentos.unileon.es\/enfermeria-y-fisioterapia\/#website\",\"url\":\"https:\/\/departamentos.unileon.es\/enfermeria-y-fisioterapia\/\",\"name\":\"Departamento de Enfermer\u00eda y Fisioterapia\",\"description\":\"Otro sitio m\u00e1s de Universidad de Le\u00f3n\",\"potentialAction\":[{\"@type\":\"SearchAction\",\"target\":{\"@type\":\"EntryPoint\",\"urlTemplate\":\"https:\/\/departamentos.unileon.es\/enfermeria-y-fisioterapia\/?s={search_term_string}\"},\"query-input\":{\"@type\":\"PropertyValueSpecification\",\"valueRequired\":true,\"valueName\":\"search_term_string\"}}],\"inLanguage\":\"es\"}]}<\/script>\n<!-- \/ Yoast SEO plugin. -->","yoast_head_json":{"title":"GRUPO DE INNOVACI\u00d3N DOCENTE DE LA ULE EN CUIDADOS PARA LA SALUD (GID-CUIDAs). GID 021 - Departamento de Enfermer\u00eda y Fisioterapia","robots":{"index":"index","follow":"follow","max-snippet":"max-snippet:-1","max-image-preview":"max-image-preview:large","max-video-preview":"max-video-preview:-1"},"canonical":"https:\/\/departamentos.unileon.es\/enfermeria-y-fisioterapia\/grupo-de-innovacion-docente-de-la-ule-en-cuidados-para-la-salud-gid-cuidas-gid-021\/","og_locale":"es_ES","og_type":"article","og_title":"GRUPO DE INNOVACI\u00d3N DOCENTE DE LA ULE EN CUIDADOS PARA LA SALUD (GID-CUIDAs). GID 021 - Departamento de Enfermer\u00eda y Fisioterapia","og_description":"Facultad de Ciencias de la Salud. Fecha de aprobaci\u00f3n: octubre\/2014 Coordinadora V\u00e1zquez Casares, Ana Mar\u00eda Componentes Miembros Caloca, Sandra Castro Gonz\u00e1lez, Mar\u00eda Paz Crespo Mart\u00ednez, Mar\u00eda Carmen De Luis Gonz\u00e1lez, Jos\u00e9 Manuel Fern\u00e1ndez Villa, Tania Marcos Delgado, Alba Mart\u00edn S\u00e1nchez, Vicente Mauriz Garc\u00eda, Elba Molina de la Torre, Antonio Jos\u00e9 Vitelli Storelli, Facundo Ezequiel Colaboradores [&hellip;]","og_url":"https:\/\/departamentos.unileon.es\/enfermeria-y-fisioterapia\/grupo-de-innovacion-docente-de-la-ule-en-cuidados-para-la-salud-gid-cuidas-gid-021\/","og_site_name":"Departamento de Enfermer\u00eda y Fisioterapia","article_modified_time":"2023-05-25T06:29:37+00:00","twitter_card":"summary_large_image","twitter_misc":{"Tiempo de lectura":"1 minuto"},"schema":{"@context":"https:\/\/schema.org","@graph":[{"@type":"WebPage","@id":"https:\/\/departamentos.unileon.es\/enfermeria-y-fisioterapia\/grupo-de-innovacion-docente-de-la-ule-en-cuidados-para-la-salud-gid-cuidas-gid-021\/","url":"https:\/\/departamentos.unileon.es\/enfermeria-y-fisioterapia\/grupo-de-innovacion-docente-de-la-ule-en-cuidados-para-la-salud-gid-cuidas-gid-021\/","name":"GRUPO DE INNOVACI\u00d3N DOCENTE DE LA ULE EN CUIDADOS PARA LA SALUD (GID-CUIDAs). GID 021 - Departamento de Enfermer\u00eda y Fisioterapia","isPartOf":{"@id":"https:\/\/departamentos.unileon.es\/enfermeria-y-fisioterapia\/#website"},"datePublished":"2023-05-24T11:46:35+00:00","dateModified":"2023-05-25T06:29:37+00:00","inLanguage":"es","potentialAction":[{"@type":"ReadAction","target":["https:\/\/departamentos.unileon.es\/enfermeria-y-fisioterapia\/grupo-de-innovacion-docente-de-la-ule-en-cuidados-para-la-salud-gid-cuidas-gid-021\/"]}]},{"@type":"WebSite","@id":"https:\/\/departamentos.unileon.es\/enfermeria-y-fisioterapia\/#website","url":"https:\/\/departamentos.unileon.es\/enfermeria-y-fisioterapia\/","name":"Departamento de Enfermer\u00eda y Fisioterapia","description":"Otro sitio m\u00e1s de Universidad de Le\u00f3n","potentialAction":[{"@type":"SearchAction","target":{"@type":"EntryPoint","urlTemplate":"https:\/\/departamentos.unileon.es\/enfermeria-y-fisioterapia\/?s={search_term_string}"},"query-input":{"@type":"PropertyValueSpecification","valueRequired":true,"valueName":"search_term_string"}}],"inLanguage":"es"}]}},"_links":{"self":[{"href":"https:\/\/departamentos.unileon.es\/enfermeria-y-fisioterapia\/wp-json\/wp\/v2\/pages\/162","targetHints":{"allow":["GET"]}}],"collection":[{"href":"https:\/\/departamentos.unileon.es\/enfermeria-y-fisioterapia\/wp-json\/wp\/v2\/pages"}],"about":[{"href":"https:\/\/departamentos.unileon.es\/enfermeria-y-fisioterapia\/wp-json\/wp\/v2\/types\/page"}],"author":[{"embeddable":true,"href":"https:\/\/departamentos.unileon.es\/enfermeria-y-fisioterapia\/wp-json\/wp\/v2\/users\/16"}],"replies":[{"embeddable":true,"href":"https:\/\/departamentos.unileon.es\/enfermeria-y-fisioterapia\/wp-json\/wp\/v2\/comments?post=162"}],"version-history":[{"count":5,"href":"https:\/\/departamentos.unileon.es\/enfermeria-y-fisioterapia\/wp-json\/wp\/v2\/pages\/162\/revisions"}],"predecessor-version":[{"id":218,"href":"https:\/\/departamentos.unileon.es\/enfermeria-y-fisioterapia\/wp-json\/wp\/v2\/pages\/162\/revisions\/218"}],"wp:attachment":[{"href":"https:\/\/departamentos.unileon.es\/enfermeria-y-fisioterapia\/wp-json\/wp\/v2\/media?parent=162"}],"curies":[{"name":"wp","href":"https:\/\/api.w.org\/{rel}","templated":true}]}}