{"id":157,"date":"2023-05-24T11:41:33","date_gmt":"2023-05-24T11:41:33","guid":{"rendered":"https:\/\/departamentos.unileon.es\/enfermeria-y-fisioterapia\/?page_id=157"},"modified":"2023-05-24T12:09:05","modified_gmt":"2023-05-24T12:09:05","slug":"grupos-de-innovacion-docente","status":"publish","type":"page","link":"https:\/\/departamentos.unileon.es\/enfermeria-y-fisioterapia\/grupos-de-innovacion-docente\/","title":{"rendered":"Grupos de Innovaci\u00f3n Docente"},"content":{"rendered":"\n\n\n<ul>\n<li><strong><a href=\"https:\/\/departamentos.unileon.es\/enfermeria-y-fisioterapia\/grupo-de-innovacion-docente-de-la-ule-en-cuidados-para-la-salud-gid-cuidas-gid-021\/\">GRUPO DE INNOVACI\u00d3N DOCENTE DE LA ULE EN CUIDADOS PARA LA SALUD (GID-CUIDAs). GID 021<\/a><\/strong><\/li>\n<li><strong> <a href=\"https:\/\/departamentos.unileon.es\/enfermeria-y-fisioterapia\/grupo-de-innovacion-docente-de-la-ule-fisioterapia-innovacion-y-calidad-phys-ther-gid-036\/\">GRUPO DE INNOVACI\u00d3N DOCENTE DE LA ULE FISIOTERAPIA, INNOVACI\u00d3N Y CALIDAD (PHYS THER). GID 036<\/a><\/strong><\/li>\n<li><strong> <a href=\"https:\/\/departamentos.unileon.es\/enfermeria-y-fisioterapia\/grupo-de-innovacion-docente-de-la-ule-uso-de-los-serious-games-en-ciencias-de-la-salud-lsalud-gid-067\/\">GRUPO DE INNOVACI\u00d3N DOCENTE DE LA ULE \u201cUSO DE LOS SERIOUS GAMES EN CIENCIAS DE LA SALUD\u201d (LSALUD). GID 067<\/a><\/strong><\/li>\n<li><strong> <a href=\"https:\/\/departamentos.unileon.es\/enfermeria-y-fisioterapia\/grupo-de-innovacion-docente-de-la-ule-cuidados-humanizados-de-salud-biopsicosociales-cuhusal-bps-gid-073\/\">GRUPO DE INNOVACI\u00d3N DOCENTE DE LA ULE \u201cCUIDADOS HUMANIZADOS DE SALUD BIOPSICOSOCIALES\u201d (CUHUSAL-BPS). GID 073<\/a><\/strong><\/li>\n<li><strong> <a href=\"https:\/\/departamentos.unileon.es\/enfermeria-y-fisioterapia\/grupo-de-innovacion-docente-de-la-ule-play-to-emotion-playmotion\/\">GRUPO DE INNOVACI\u00d3N DOCENTE DE LA ULE PLAY TO EMOTION (PlayMotion)<\/a><\/strong><\/li>\n<\/ul>\n","protected":false},"excerpt":{"rendered":"<p>GRUPO DE INNOVACI\u00d3N DOCENTE DE LA ULE EN CUIDADOS PARA LA SALUD (GID-CUIDAs). GID 021 GRUPO DE INNOVACI\u00d3N DOCENTE DE LA ULE FISIOTERAPIA, INNOVACI\u00d3N Y CALIDAD (PHYS THER). GID 036 GRUPO DE INNOVACI\u00d3N DOCENTE DE LA ULE \u201cUSO DE LOS SERIOUS GAMES EN CIENCIAS DE LA SALUD\u201d (LSALUD). GID 067 GRUPO DE INNOVACI\u00d3N DOCENTE DE [&hellip;]<\/p>\n","protected":false},"author":16,"featured_media":0,"parent":0,"menu_order":0,"comment_status":"closed","ping_status":"closed","template":"","meta":{"ngg_post_thumbnail":0,"footnotes":""},"class_list":["post-157","page","type-page","status-publish","hentry"],"yoast_head":"<!-- This site is optimized with the Yoast SEO plugin v25.8 - https:\/\/yoast.com\/wordpress\/plugins\/seo\/ -->\n<title>Grupos de Innovaci\u00f3n Docente - Departamento de Enfermer\u00eda y Fisioterapia<\/title>\n<meta name=\"robots\" content=\"index, follow, max-snippet:-1, max-image-preview:large, max-video-preview:-1\" \/>\n<link rel=\"canonical\" href=\"https:\/\/departamentos.unileon.es\/enfermeria-y-fisioterapia\/grupos-de-innovacion-docente\/\" \/>\n<meta property=\"og:locale\" content=\"es_ES\" \/>\n<meta property=\"og:type\" content=\"article\" \/>\n<meta property=\"og:title\" content=\"Grupos de Innovaci\u00f3n Docente - Departamento de Enfermer\u00eda y Fisioterapia\" \/>\n<meta property=\"og:description\" content=\"GRUPO DE INNOVACI\u00d3N DOCENTE DE LA ULE EN CUIDADOS PARA LA SALUD (GID-CUIDAs). GID 021 GRUPO DE INNOVACI\u00d3N DOCENTE DE LA ULE FISIOTERAPIA, INNOVACI\u00d3N Y CALIDAD (PHYS THER). GID 036 GRUPO DE INNOVACI\u00d3N DOCENTE DE LA ULE \u201cUSO DE LOS SERIOUS GAMES EN CIENCIAS DE LA SALUD\u201d (LSALUD). GID 067 GRUPO DE INNOVACI\u00d3N DOCENTE DE [&hellip;]\" \/>\n<meta property=\"og:url\" content=\"https:\/\/departamentos.unileon.es\/enfermeria-y-fisioterapia\/grupos-de-innovacion-docente\/\" \/>\n<meta property=\"og:site_name\" content=\"Departamento de Enfermer\u00eda y Fisioterapia\" \/>\n<meta property=\"article:modified_time\" content=\"2023-05-24T12:09:05+00:00\" \/>\n<meta name=\"twitter:card\" content=\"summary_large_image\" \/>\n<meta name=\"twitter:label1\" content=\"Tiempo de lectura\" \/>\n\t<meta name=\"twitter:data1\" content=\"1 minuto\" \/>\n<script type=\"application\/ld+json\" class=\"yoast-schema-graph\">{\"@context\":\"https:\/\/schema.org\",\"@graph\":[{\"@type\":\"WebPage\",\"@id\":\"https:\/\/departamentos.unileon.es\/enfermeria-y-fisioterapia\/grupos-de-innovacion-docente\/\",\"url\":\"https:\/\/departamentos.unileon.es\/enfermeria-y-fisioterapia\/grupos-de-innovacion-docente\/\",\"name\":\"Grupos de Innovaci\u00f3n Docente - Departamento de Enfermer\u00eda y Fisioterapia\",\"isPartOf\":{\"@id\":\"https:\/\/departamentos.unileon.es\/enfermeria-y-fisioterapia\/#website\"},\"datePublished\":\"2023-05-24T11:41:33+00:00\",\"dateModified\":\"2023-05-24T12:09:05+00:00\",\"inLanguage\":\"es\",\"potentialAction\":[{\"@type\":\"ReadAction\",\"target\":[\"https:\/\/departamentos.unileon.es\/enfermeria-y-fisioterapia\/grupos-de-innovacion-docente\/\"]}]},{\"@type\":\"WebSite\",\"@id\":\"https:\/\/departamentos.unileon.es\/enfermeria-y-fisioterapia\/#website\",\"url\":\"https:\/\/departamentos.unileon.es\/enfermeria-y-fisioterapia\/\",\"name\":\"Departamento de Enfermer\u00eda y Fisioterapia\",\"description\":\"Otro sitio m\u00e1s de Universidad de Le\u00f3n\",\"potentialAction\":[{\"@type\":\"SearchAction\",\"target\":{\"@type\":\"EntryPoint\",\"urlTemplate\":\"https:\/\/departamentos.unileon.es\/enfermeria-y-fisioterapia\/?s={search_term_string}\"},\"query-input\":{\"@type\":\"PropertyValueSpecification\",\"valueRequired\":true,\"valueName\":\"search_term_string\"}}],\"inLanguage\":\"es\"}]}<\/script>\n<!-- \/ Yoast SEO plugin. -->","yoast_head_json":{"title":"Grupos de Innovaci\u00f3n Docente - Departamento de Enfermer\u00eda y Fisioterapia","robots":{"index":"index","follow":"follow","max-snippet":"max-snippet:-1","max-image-preview":"max-image-preview:large","max-video-preview":"max-video-preview:-1"},"canonical":"https:\/\/departamentos.unileon.es\/enfermeria-y-fisioterapia\/grupos-de-innovacion-docente\/","og_locale":"es_ES","og_type":"article","og_title":"Grupos de Innovaci\u00f3n Docente - Departamento de Enfermer\u00eda y Fisioterapia","og_description":"GRUPO DE INNOVACI\u00d3N DOCENTE DE LA ULE EN CUIDADOS PARA LA SALUD (GID-CUIDAs). GID 021 GRUPO DE INNOVACI\u00d3N DOCENTE DE LA ULE FISIOTERAPIA, INNOVACI\u00d3N Y CALIDAD (PHYS THER). GID 036 GRUPO DE INNOVACI\u00d3N DOCENTE DE LA ULE \u201cUSO DE LOS SERIOUS GAMES EN CIENCIAS DE LA SALUD\u201d (LSALUD). GID 067 GRUPO DE INNOVACI\u00d3N DOCENTE DE [&hellip;]","og_url":"https:\/\/departamentos.unileon.es\/enfermeria-y-fisioterapia\/grupos-de-innovacion-docente\/","og_site_name":"Departamento de Enfermer\u00eda y Fisioterapia","article_modified_time":"2023-05-24T12:09:05+00:00","twitter_card":"summary_large_image","twitter_misc":{"Tiempo de lectura":"1 minuto"},"schema":{"@context":"https:\/\/schema.org","@graph":[{"@type":"WebPage","@id":"https:\/\/departamentos.unileon.es\/enfermeria-y-fisioterapia\/grupos-de-innovacion-docente\/","url":"https:\/\/departamentos.unileon.es\/enfermeria-y-fisioterapia\/grupos-de-innovacion-docente\/","name":"Grupos de Innovaci\u00f3n Docente - Departamento de Enfermer\u00eda y Fisioterapia","isPartOf":{"@id":"https:\/\/departamentos.unileon.es\/enfermeria-y-fisioterapia\/#website"},"datePublished":"2023-05-24T11:41:33+00:00","dateModified":"2023-05-24T12:09:05+00:00","inLanguage":"es","potentialAction":[{"@type":"ReadAction","target":["https:\/\/departamentos.unileon.es\/enfermeria-y-fisioterapia\/grupos-de-innovacion-docente\/"]}]},{"@type":"WebSite","@id":"https:\/\/departamentos.unileon.es\/enfermeria-y-fisioterapia\/#website","url":"https:\/\/departamentos.unileon.es\/enfermeria-y-fisioterapia\/","name":"Departamento de Enfermer\u00eda y Fisioterapia","description":"Otro sitio m\u00e1s de Universidad de Le\u00f3n","potentialAction":[{"@type":"SearchAction","target":{"@type":"EntryPoint","urlTemplate":"https:\/\/departamentos.unileon.es\/enfermeria-y-fisioterapia\/?s={search_term_string}"},"query-input":{"@type":"PropertyValueSpecification","valueRequired":true,"valueName":"search_term_string"}}],"inLanguage":"es"}]}},"_links":{"self":[{"href":"https:\/\/departamentos.unileon.es\/enfermeria-y-fisioterapia\/wp-json\/wp\/v2\/pages\/157","targetHints":{"allow":["GET"]}}],"collection":[{"href":"https:\/\/departamentos.unileon.es\/enfermeria-y-fisioterapia\/wp-json\/wp\/v2\/pages"}],"about":[{"href":"https:\/\/departamentos.unileon.es\/enfermeria-y-fisioterapia\/wp-json\/wp\/v2\/types\/page"}],"author":[{"embeddable":true,"href":"https:\/\/departamentos.unileon.es\/enfermeria-y-fisioterapia\/wp-json\/wp\/v2\/users\/16"}],"replies":[{"embeddable":true,"href":"https:\/\/departamentos.unileon.es\/enfermeria-y-fisioterapia\/wp-json\/wp\/v2\/comments?post=157"}],"version-history":[{"count":4,"href":"https:\/\/departamentos.unileon.es\/enfermeria-y-fisioterapia\/wp-json\/wp\/v2\/pages\/157\/revisions"}],"predecessor-version":[{"id":205,"href":"https:\/\/departamentos.unileon.es\/enfermeria-y-fisioterapia\/wp-json\/wp\/v2\/pages\/157\/revisions\/205"}],"wp:attachment":[{"href":"https:\/\/departamentos.unileon.es\/enfermeria-y-fisioterapia\/wp-json\/wp\/v2\/media?parent=157"}],"curies":[{"name":"wp","href":"https:\/\/api.w.org\/{rel}","templated":true}]}}