{"id":26,"date":"2010-08-17T08:07:34","date_gmt":"2010-08-17T08:07:34","guid":{"rendered":"http:\/\/departamentos.unileon.es\/educacion-fisica-y-deportiva\/"},"modified":"2023-01-31T09:13:32","modified_gmt":"2023-01-31T09:13:32","slug":"ubicacion-y-contacto","status":"publish","type":"page","link":"https:\/\/departamentos.unileon.es\/educacion-fisica-y-deportiva\/ubicacion-y-contacto\/","title":{"rendered":"Ubicaci\u00f3n y Contacto"},"content":{"rendered":"<table style=\"width: 100%; height: 96px;\">\n<tbody>\n<tr style=\"height: 24px;\">\n<th class=\"alignleft\" style=\"height: 24px;\">P\u00e1gina Web del Departamento<\/th>\n<td style=\"height: 24px;\"><a class=\"enlace\" href=\"http:\/\/departamentos.unileon.es\/educacion-fisica-y-deportiva\/\">http:\/\/departamentos.unileon.es\/educacion-fisica-y-deportiva\/<\/a><\/td>\n<\/tr>\n<tr style=\"height: 24px;\">\n<th class=\"alignleft\" style=\"height: 24px;\">Direcci\u00f3n Postal<\/th>\n<td style=\"height: 24px;\">Departamento de Educaci\u00f3n F\u00edsica y Deportiva\nUNIVERSIDAD DE LE\u00d3N\nFacultad de Ciencias de la Actividad y del Deporte\nCampus de Vegazana, s\/n\n24071 LE\u00d3N<\/td>\n<\/tr>\n<tr style=\"height: 24px;\">\n<th class=\"alignleft\" style=\"height: 24px;\">Tel\u00e9fono<\/th>\n<td style=\"height: 24px;\">987 29 30 09<\/td>\n<\/tr>\n<tr style=\"height: 24px;\">\n<th class=\"alignleft\" style=\"height: 24px;\">Buz\u00f3n electr\u00f3nico<\/th>\n<td style=\"height: 24px;\"><a href=\"mailto:defdadm@unileon.es\">defdadm@unileon.es<\/a><\/td>\n<\/tr>\n<\/tbody>\n<\/table>\n&nbsp;","protected":false},"excerpt":{"rendered":"<p>P\u00e1gina Web del Departamento http:\/\/departamentos.unileon.es\/educacion-fisica-y-deportiva\/ Direcci\u00f3n Postal Departamento de Educaci\u00f3n F\u00edsica y Deportiva UNIVERSIDAD DE LE\u00d3N Facultad de Ciencias de la Actividad y del Deporte Campus de Vegazana, s\/n 24071 LE\u00d3N Tel\u00e9fono 987 29 30 09 Buz\u00f3n electr\u00f3nico defdadm@unileon.es &nbsp;<\/p>\n","protected":false},"author":15,"featured_media":0,"parent":0,"menu_order":1,"comment_status":"closed","ping_status":"open","template":"","meta":{"ngg_post_thumbnail":0,"footnotes":""},"class_list":["post-26","page","type-page","status-publish","hentry"],"yoast_head":"<!-- This site is optimized with the Yoast SEO plugin v25.8 - https:\/\/yoast.com\/wordpress\/plugins\/seo\/ -->\n<title>Ubicaci\u00f3n y Contacto - Departamento de Educaci\u00f3n F\u00edsica y Deportiva<\/title>\n<meta name=\"robots\" content=\"index, follow, max-snippet:-1, max-image-preview:large, max-video-preview:-1\" \/>\n<link rel=\"canonical\" href=\"https:\/\/departamentos.unileon.es\/educacion-fisica-y-deportiva\/ubicacion-y-contacto\/\" \/>\n<meta property=\"og:locale\" content=\"es_ES\" \/>\n<meta property=\"og:type\" content=\"article\" \/>\n<meta property=\"og:title\" content=\"Ubicaci\u00f3n y Contacto - Departamento de Educaci\u00f3n F\u00edsica y Deportiva\" \/>\n<meta property=\"og:description\" content=\"P\u00e1gina Web del Departamento http:\/\/departamentos.unileon.es\/educacion-fisica-y-deportiva\/ Direcci\u00f3n Postal Departamento de Educaci\u00f3n F\u00edsica y Deportiva UNIVERSIDAD DE LE\u00d3N Facultad de Ciencias de la Actividad y del Deporte Campus de Vegazana, s\/n 24071 LE\u00d3N Tel\u00e9fono 987 29 30 09 Buz\u00f3n electr\u00f3nico defdadm@unileon.es &nbsp;\" \/>\n<meta property=\"og:url\" content=\"https:\/\/departamentos.unileon.es\/educacion-fisica-y-deportiva\/ubicacion-y-contacto\/\" \/>\n<meta property=\"og:site_name\" content=\"Departamento de Educaci\u00f3n F\u00edsica y Deportiva\" \/>\n<meta property=\"article:modified_time\" content=\"2023-01-31T09:13:32+00:00\" \/>\n<meta name=\"twitter:card\" content=\"summary_large_image\" \/>\n<script type=\"application\/ld+json\" class=\"yoast-schema-graph\">{\"@context\":\"https:\/\/schema.org\",\"@graph\":[{\"@type\":\"WebPage\",\"@id\":\"https:\/\/departamentos.unileon.es\/educacion-fisica-y-deportiva\/ubicacion-y-contacto\/\",\"url\":\"https:\/\/departamentos.unileon.es\/educacion-fisica-y-deportiva\/ubicacion-y-contacto\/\",\"name\":\"Ubicaci\u00f3n y Contacto - Departamento de Educaci\u00f3n F\u00edsica y Deportiva\",\"isPartOf\":{\"@id\":\"https:\/\/departamentos.unileon.es\/educacion-fisica-y-deportiva\/#website\"},\"datePublished\":\"2010-08-17T08:07:34+00:00\",\"dateModified\":\"2023-01-31T09:13:32+00:00\",\"inLanguage\":\"es\",\"potentialAction\":[{\"@type\":\"ReadAction\",\"target\":[\"https:\/\/departamentos.unileon.es\/educacion-fisica-y-deportiva\/ubicacion-y-contacto\/\"]}]},{\"@type\":\"WebSite\",\"@id\":\"https:\/\/departamentos.unileon.es\/educacion-fisica-y-deportiva\/#website\",\"url\":\"https:\/\/departamentos.unileon.es\/educacion-fisica-y-deportiva\/\",\"name\":\"Departamento de Educaci\u00f3n F\u00edsica y Deportiva\",\"description\":\"Otro sitio m\u00e1s de Universidad de Le\u00f3n\",\"potentialAction\":[{\"@type\":\"SearchAction\",\"target\":{\"@type\":\"EntryPoint\",\"urlTemplate\":\"https:\/\/departamentos.unileon.es\/educacion-fisica-y-deportiva\/?s={search_term_string}\"},\"query-input\":{\"@type\":\"PropertyValueSpecification\",\"valueRequired\":true,\"valueName\":\"search_term_string\"}}],\"inLanguage\":\"es\"}]}<\/script>\n<!-- \/ Yoast SEO plugin. -->","yoast_head_json":{"title":"Ubicaci\u00f3n y Contacto - Departamento de Educaci\u00f3n F\u00edsica y Deportiva","robots":{"index":"index","follow":"follow","max-snippet":"max-snippet:-1","max-image-preview":"max-image-preview:large","max-video-preview":"max-video-preview:-1"},"canonical":"https:\/\/departamentos.unileon.es\/educacion-fisica-y-deportiva\/ubicacion-y-contacto\/","og_locale":"es_ES","og_type":"article","og_title":"Ubicaci\u00f3n y Contacto - Departamento de Educaci\u00f3n F\u00edsica y Deportiva","og_description":"P\u00e1gina Web del Departamento http:\/\/departamentos.unileon.es\/educacion-fisica-y-deportiva\/ Direcci\u00f3n Postal Departamento de Educaci\u00f3n F\u00edsica y Deportiva UNIVERSIDAD DE LE\u00d3N Facultad de Ciencias de la Actividad y del Deporte Campus de Vegazana, s\/n 24071 LE\u00d3N Tel\u00e9fono 987 29 30 09 Buz\u00f3n electr\u00f3nico defdadm@unileon.es &nbsp;","og_url":"https:\/\/departamentos.unileon.es\/educacion-fisica-y-deportiva\/ubicacion-y-contacto\/","og_site_name":"Departamento de Educaci\u00f3n F\u00edsica y Deportiva","article_modified_time":"2023-01-31T09:13:32+00:00","twitter_card":"summary_large_image","schema":{"@context":"https:\/\/schema.org","@graph":[{"@type":"WebPage","@id":"https:\/\/departamentos.unileon.es\/educacion-fisica-y-deportiva\/ubicacion-y-contacto\/","url":"https:\/\/departamentos.unileon.es\/educacion-fisica-y-deportiva\/ubicacion-y-contacto\/","name":"Ubicaci\u00f3n y Contacto - Departamento de Educaci\u00f3n F\u00edsica y Deportiva","isPartOf":{"@id":"https:\/\/departamentos.unileon.es\/educacion-fisica-y-deportiva\/#website"},"datePublished":"2010-08-17T08:07:34+00:00","dateModified":"2023-01-31T09:13:32+00:00","inLanguage":"es","potentialAction":[{"@type":"ReadAction","target":["https:\/\/departamentos.unileon.es\/educacion-fisica-y-deportiva\/ubicacion-y-contacto\/"]}]},{"@type":"WebSite","@id":"https:\/\/departamentos.unileon.es\/educacion-fisica-y-deportiva\/#website","url":"https:\/\/departamentos.unileon.es\/educacion-fisica-y-deportiva\/","name":"Departamento de Educaci\u00f3n F\u00edsica y Deportiva","description":"Otro sitio m\u00e1s de Universidad de Le\u00f3n","potentialAction":[{"@type":"SearchAction","target":{"@type":"EntryPoint","urlTemplate":"https:\/\/departamentos.unileon.es\/educacion-fisica-y-deportiva\/?s={search_term_string}"},"query-input":{"@type":"PropertyValueSpecification","valueRequired":true,"valueName":"search_term_string"}}],"inLanguage":"es"}]}},"_links":{"self":[{"href":"https:\/\/departamentos.unileon.es\/educacion-fisica-y-deportiva\/wp-json\/wp\/v2\/pages\/26","targetHints":{"allow":["GET"]}}],"collection":[{"href":"https:\/\/departamentos.unileon.es\/educacion-fisica-y-deportiva\/wp-json\/wp\/v2\/pages"}],"about":[{"href":"https:\/\/departamentos.unileon.es\/educacion-fisica-y-deportiva\/wp-json\/wp\/v2\/types\/page"}],"author":[{"embeddable":true,"href":"https:\/\/departamentos.unileon.es\/educacion-fisica-y-deportiva\/wp-json\/wp\/v2\/users\/15"}],"replies":[{"embeddable":true,"href":"https:\/\/departamentos.unileon.es\/educacion-fisica-y-deportiva\/wp-json\/wp\/v2\/comments?post=26"}],"version-history":[{"count":11,"href":"https:\/\/departamentos.unileon.es\/educacion-fisica-y-deportiva\/wp-json\/wp\/v2\/pages\/26\/revisions"}],"predecessor-version":[{"id":149,"href":"https:\/\/departamentos.unileon.es\/educacion-fisica-y-deportiva\/wp-json\/wp\/v2\/pages\/26\/revisions\/149"}],"wp:attachment":[{"href":"https:\/\/departamentos.unileon.es\/educacion-fisica-y-deportiva\/wp-json\/wp\/v2\/media?parent=26"}],"curies":[{"name":"wp","href":"https:\/\/api.w.org\/{rel}","templated":true}]}}