{"id":739,"date":"2015-10-30T12:05:47","date_gmt":"2015-10-30T12:05:47","guid":{"rendered":"http:\/\/departamentos.unileon.es\/economia-y-estadistica\/?page_id=739"},"modified":"2025-12-19T11:29:13","modified_gmt":"2025-12-19T11:29:13","slug":"elecciones_consejo","status":"publish","type":"page","link":"https:\/\/departamentos.unileon.es\/economia-y-estadistica\/elecciones_consejo\/","title":{"rendered":"Elecciones al Consejo de Departamento"},"content":{"rendered":"<p>En esta p\u00e1gina se ir\u00e1 publicando toda la informaci\u00f3n relativa a las elecciones al Consejo del <span style=\"color: #000000;\">Departamento de Econom\u00eda y Estad\u00edstica para el curso 2025\/26.<\/span><\/p>\n<ul>\n<li><span style=\"color: #3366ff;\"><a style=\"color: #3366ff;\" href=\"https:\/\/departamentos.unileon.es\/economia-y-estadistica\/files\/2025\/10\/Convocatoria_Elecciones_Consejo-2025_26-firmado.pdf\" target=\"_blank\" rel=\"noopener\">Convocatoria de elecciones al Consejo.<\/a><\/span><\/li>\n<li><span style=\"color: #000000;\">Composici\u00f3n de la Comisi\u00f3n Electoral:<\/span><\/li>\n<\/ul>\n<p style=\"padding-left: 60px;\"><span style=\"color: #000000;\"><em>&#8211; Presidente: <\/em>Ram\u00f3n \u00c1lvarez Esteban<em><br \/><\/em><em>&#8211; Secretario: <\/em>Silvia Mar\u00eda Franco Anaya<em><br \/><em>&#8211;<\/em><em> Vocal (P.T.G.A.S.): <\/em><\/em>Naiara Guti\u00e9rrez Rodr\u00edguez<em><em><br \/><\/em><\/em><em>&#8211; Vocal (estudiante)<\/em>: Luc\u00eda D\u00edaz Fern\u00e1ndez<em><br \/><\/em><\/span><\/p>\n<ul>\n<li><span style=\"color: #3366ff;\"><a style=\"color: #3366ff;\" href=\"https:\/\/departamentos.unileon.es\/economia-y-estadistica\/files\/2025\/10\/Calendario-electoral-Consejo-Dpto-2526.pdf\">Calendario Electoral.<\/a><\/span><\/li>\n<li><span style=\"color: #000000;\">Censos provisionales:<\/span><\/li>\n<\/ul>\n<p style=\"padding-left: 60px;\"><span style=\"color: #000000;\"><em>&#8211;<\/em><span style=\"color: #3366ff;\"> <a style=\"color: #3366ff;\" href=\"https:\/\/departamentos.unileon.es\/economia-y-estadistica\/files\/2025\/10\/Censo-provisional-PDI_PTGAS-2025-26.pdf\">PDI y PTGAS.<\/a><\/span><br \/>&#8211; El censo de ESTUDIANTES se encuentra disponible para su consulta en la Unidad Administrativa del Departamento en horario de ma\u00f1ana.<\/span><\/p>\n<ul>\n<li><span style=\"color: #3366ff;\"><a style=\"color: #3366ff;\" href=\"https:\/\/departamentos.unileon.es\/economia-y-estadistica\/files\/2024\/10\/Documento-Presentacion-de-Candidaturas-2024.pdf\">Formulario para la presentaci\u00f3n de candidaturas.<\/a><\/span><\/li>\n<li><span style=\"color: #3366ff;\"><a style=\"color: #3366ff;\" href=\"https:\/\/departamentos.unileon.es\/economia-y-estadistica\/files\/2025\/12\/censos_definitivos_2526.pdf\">Censo definitivo.<\/a><\/span><\/li>\n<li><span style=\"color: #3366ff;\"><a style=\"color: #3366ff;\" href=\"https:\/\/departamentos.unileon.es\/economia-y-estadistica\/files\/2025\/12\/proclamacion_provisional_candidatos_2526.pdf\">Proclamaci\u00f3n provisional de candidatos.<\/a><\/span><\/li>\n<li><span style=\"color: #3366ff;\"><a style=\"color: #3366ff;\" href=\"https:\/\/departamentos.unileon.es\/economia-y-estadistica\/files\/2025\/12\/Proclamacion-definitiva-candidatos-2526.pdf\">Proclamaci\u00f3n definitiva de candidatos.<\/a><\/span><\/li>\n<\/ul>\n<p><a href=\"https:\/\/departamentos.unileon.es\/economia-y-estadistica\/files\/2025\/12\/Miembros-Consejo-Dpto-2025-26.pdf\"><span style=\"color: #3366ff;\">Relaci\u00f3n definitiva de miembros del Consejo de Departamento para el curso 2025\/26.<\/span><\/a><\/p>\n\n\n\n\n\n\n\n","protected":false},"excerpt":{"rendered":"<p>En esta p\u00e1gina se ir\u00e1 publicando toda la informaci\u00f3n relativa a las elecciones al Consejo del Departamento de Econom\u00eda y Estad\u00edstica para el curso 2025\/26. Convocatoria de elecciones al Consejo. Composici\u00f3n de la Comisi\u00f3n Electoral: &#8211; Presidente: Ram\u00f3n \u00c1lvarez Esteban&#8211; Secretario: Silvia Mar\u00eda Franco Anaya&#8211; Vocal (P.T.G.A.S.): Naiara Guti\u00e9rrez Rodr\u00edguez&#8211; Vocal (estudiante): Luc\u00eda D\u00edaz Fern\u00e1ndez [&hellip;]<\/p>\n","protected":false},"author":14,"featured_media":0,"parent":0,"menu_order":0,"comment_status":"closed","ping_status":"closed","template":"","meta":{"ngg_post_thumbnail":0,"footnotes":""},"class_list":["post-739","page","type-page","status-publish","hentry"],"yoast_head":"<!-- This site is optimized with the Yoast SEO plugin v25.8 - https:\/\/yoast.com\/wordpress\/plugins\/seo\/ -->\n<title>Elecciones al Consejo de Departamento - Departamento de Econom\u00eda y Estad\u00edstica<\/title>\n<meta name=\"robots\" content=\"index, follow, max-snippet:-1, max-image-preview:large, max-video-preview:-1\" \/>\n<link rel=\"canonical\" href=\"https:\/\/departamentos.unileon.es\/economia-y-estadistica\/elecciones_consejo\/\" \/>\n<meta property=\"og:locale\" content=\"es_ES\" \/>\n<meta property=\"og:type\" content=\"article\" \/>\n<meta property=\"og:title\" content=\"Elecciones al Consejo de Departamento - Departamento de Econom\u00eda y Estad\u00edstica\" \/>\n<meta property=\"og:description\" content=\"En esta p\u00e1gina se ir\u00e1 publicando toda la informaci\u00f3n relativa a las elecciones al Consejo del Departamento de Econom\u00eda y Estad\u00edstica para el curso 2025\/26. Convocatoria de elecciones al Consejo. Composici\u00f3n de la Comisi\u00f3n Electoral: &#8211; Presidente: Ram\u00f3n \u00c1lvarez Esteban&#8211; Secretario: Silvia Mar\u00eda Franco Anaya&#8211; Vocal (P.T.G.A.S.): Naiara Guti\u00e9rrez Rodr\u00edguez&#8211; Vocal (estudiante): Luc\u00eda D\u00edaz Fern\u00e1ndez [&hellip;]\" \/>\n<meta property=\"og:url\" content=\"https:\/\/departamentos.unileon.es\/economia-y-estadistica\/elecciones_consejo\/\" \/>\n<meta property=\"og:site_name\" content=\"Departamento de Econom\u00eda y Estad\u00edstica\" \/>\n<meta property=\"article:modified_time\" content=\"2025-12-19T11:29:13+00:00\" \/>\n<meta name=\"twitter:card\" content=\"summary_large_image\" \/>\n<meta name=\"twitter:label1\" content=\"Tiempo de lectura\" \/>\n\t<meta name=\"twitter:data1\" content=\"1 minuto\" \/>\n<script type=\"application\/ld+json\" class=\"yoast-schema-graph\">{\"@context\":\"https:\/\/schema.org\",\"@graph\":[{\"@type\":\"WebPage\",\"@id\":\"https:\/\/departamentos.unileon.es\/economia-y-estadistica\/elecciones_consejo\/\",\"url\":\"https:\/\/departamentos.unileon.es\/economia-y-estadistica\/elecciones_consejo\/\",\"name\":\"Elecciones al Consejo de Departamento - Departamento de Econom\u00eda y Estad\u00edstica\",\"isPartOf\":{\"@id\":\"https:\/\/departamentos.unileon.es\/economia-y-estadistica\/#website\"},\"datePublished\":\"2015-10-30T12:05:47+00:00\",\"dateModified\":\"2025-12-19T11:29:13+00:00\",\"inLanguage\":\"es\",\"potentialAction\":[{\"@type\":\"ReadAction\",\"target\":[\"https:\/\/departamentos.unileon.es\/economia-y-estadistica\/elecciones_consejo\/\"]}]},{\"@type\":\"WebSite\",\"@id\":\"https:\/\/departamentos.unileon.es\/economia-y-estadistica\/#website\",\"url\":\"https:\/\/departamentos.unileon.es\/economia-y-estadistica\/\",\"name\":\"Departamento de Econom\u00eda y Estad\u00edstica\",\"description\":\"P\u00e1gina web del Departamento de Econom\u00eda y Estad\u00edstica de la Universidad de Le\u00f3n\",\"potentialAction\":[{\"@type\":\"SearchAction\",\"target\":{\"@type\":\"EntryPoint\",\"urlTemplate\":\"https:\/\/departamentos.unileon.es\/economia-y-estadistica\/?s={search_term_string}\"},\"query-input\":{\"@type\":\"PropertyValueSpecification\",\"valueRequired\":true,\"valueName\":\"search_term_string\"}}],\"inLanguage\":\"es\"}]}<\/script>\n<!-- \/ Yoast SEO plugin. -->","yoast_head_json":{"title":"Elecciones al Consejo de Departamento - Departamento de Econom\u00eda y Estad\u00edstica","robots":{"index":"index","follow":"follow","max-snippet":"max-snippet:-1","max-image-preview":"max-image-preview:large","max-video-preview":"max-video-preview:-1"},"canonical":"https:\/\/departamentos.unileon.es\/economia-y-estadistica\/elecciones_consejo\/","og_locale":"es_ES","og_type":"article","og_title":"Elecciones al Consejo de Departamento - Departamento de Econom\u00eda y Estad\u00edstica","og_description":"En esta p\u00e1gina se ir\u00e1 publicando toda la informaci\u00f3n relativa a las elecciones al Consejo del Departamento de Econom\u00eda y Estad\u00edstica para el curso 2025\/26. Convocatoria de elecciones al Consejo. Composici\u00f3n de la Comisi\u00f3n Electoral: &#8211; Presidente: Ram\u00f3n \u00c1lvarez Esteban&#8211; Secretario: Silvia Mar\u00eda Franco Anaya&#8211; Vocal (P.T.G.A.S.): Naiara Guti\u00e9rrez Rodr\u00edguez&#8211; Vocal (estudiante): Luc\u00eda D\u00edaz Fern\u00e1ndez [&hellip;]","og_url":"https:\/\/departamentos.unileon.es\/economia-y-estadistica\/elecciones_consejo\/","og_site_name":"Departamento de Econom\u00eda y Estad\u00edstica","article_modified_time":"2025-12-19T11:29:13+00:00","twitter_card":"summary_large_image","twitter_misc":{"Tiempo de lectura":"1 minuto"},"schema":{"@context":"https:\/\/schema.org","@graph":[{"@type":"WebPage","@id":"https:\/\/departamentos.unileon.es\/economia-y-estadistica\/elecciones_consejo\/","url":"https:\/\/departamentos.unileon.es\/economia-y-estadistica\/elecciones_consejo\/","name":"Elecciones al Consejo de Departamento - Departamento de Econom\u00eda y Estad\u00edstica","isPartOf":{"@id":"https:\/\/departamentos.unileon.es\/economia-y-estadistica\/#website"},"datePublished":"2015-10-30T12:05:47+00:00","dateModified":"2025-12-19T11:29:13+00:00","inLanguage":"es","potentialAction":[{"@type":"ReadAction","target":["https:\/\/departamentos.unileon.es\/economia-y-estadistica\/elecciones_consejo\/"]}]},{"@type":"WebSite","@id":"https:\/\/departamentos.unileon.es\/economia-y-estadistica\/#website","url":"https:\/\/departamentos.unileon.es\/economia-y-estadistica\/","name":"Departamento de Econom\u00eda y Estad\u00edstica","description":"P\u00e1gina web del Departamento de Econom\u00eda y Estad\u00edstica de la Universidad de Le\u00f3n","potentialAction":[{"@type":"SearchAction","target":{"@type":"EntryPoint","urlTemplate":"https:\/\/departamentos.unileon.es\/economia-y-estadistica\/?s={search_term_string}"},"query-input":{"@type":"PropertyValueSpecification","valueRequired":true,"valueName":"search_term_string"}}],"inLanguage":"es"}]}},"_links":{"self":[{"href":"https:\/\/departamentos.unileon.es\/economia-y-estadistica\/wp-json\/wp\/v2\/pages\/739","targetHints":{"allow":["GET"]}}],"collection":[{"href":"https:\/\/departamentos.unileon.es\/economia-y-estadistica\/wp-json\/wp\/v2\/pages"}],"about":[{"href":"https:\/\/departamentos.unileon.es\/economia-y-estadistica\/wp-json\/wp\/v2\/types\/page"}],"author":[{"embeddable":true,"href":"https:\/\/departamentos.unileon.es\/economia-y-estadistica\/wp-json\/wp\/v2\/users\/14"}],"replies":[{"embeddable":true,"href":"https:\/\/departamentos.unileon.es\/economia-y-estadistica\/wp-json\/wp\/v2\/comments?post=739"}],"version-history":[{"count":121,"href":"https:\/\/departamentos.unileon.es\/economia-y-estadistica\/wp-json\/wp\/v2\/pages\/739\/revisions"}],"predecessor-version":[{"id":2602,"href":"https:\/\/departamentos.unileon.es\/economia-y-estadistica\/wp-json\/wp\/v2\/pages\/739\/revisions\/2602"}],"wp:attachment":[{"href":"https:\/\/departamentos.unileon.es\/economia-y-estadistica\/wp-json\/wp\/v2\/media?parent=739"}],"curies":[{"name":"wp","href":"https:\/\/api.w.org\/{rel}","templated":true}]}}