{"id":466,"date":"2014-10-27T11:45:41","date_gmt":"2014-10-27T11:45:41","guid":{"rendered":"http:\/\/departamentos.unileon.es\/economia-y-estadistica\/?page_id=466"},"modified":"2023-02-20T19:54:46","modified_gmt":"2023-02-20T19:54:46","slug":"wp","status":"publish","type":"page","link":"https:\/\/departamentos.unileon.es\/economia-y-estadistica\/wp\/","title":{"rendered":"Working papers"},"content":{"rendered":"<h2 style=\"text-align: center;\">Documentos de trabajo del Dpto. de Econom\u00eda y Estad\u00edstica<\/h2>\n<h3><strong>2018<\/strong><\/h3>\n<span style=\"color: #003300;\"><strong>WP 2018\/01:<\/strong> <\/span>Mediavilla, J. &amp; <strong>Garc\u00eda-Arias, J.<\/strong> <a href=\"http:\/\/departamentos.unileon.es\/economia-y-estadistica\/files\/2018\/02\/MediavillaGarcia-Arias_WP2018-01_Department-of-Economics_ULE.pdf\" target=\"_blank\" rel=\"noopener\">Philanthrocapitalism and Hegemony in (Financing for) Development. The Philanthropic Discourse as a Neoliberal (Development Agenda) Artefact<\/a>\n<h3><strong>2015<\/strong><\/h3>\n<span style=\"color: #003300;\"><strong>WP 2015\/01: <\/strong><\/span>Rodr\u00edguez, X. A.,<strong> <strong>Arias, C.&nbsp;<\/strong><\/strong>&amp; Rodr\u00edguez-Gonz\u00e1lez, A.&nbsp;<a href=\"http:\/\/departamentos.unileon.es\/economia-y-estadistica\/files\/2014\/10\/WP-2015-01.pdf\" target=\"_blank\" rel=\"noopener\">Physical versus economic depletion of a nonrenewable natural resource.<\/a>\n<h3><strong>2014<\/strong><\/h3>\n<strong><span style=\"color: #800000;\"><span style=\"color: #003300;\">WP 2014\/06:<\/span> <\/span><\/strong>\u00c1lvarez, A. &amp; <strong>Arias, C.<\/strong> <a href=\"\/\/departamentos.unileon.es\/economia-y-estadistica\/files\/2014\/10\/WP-2014-06.pdf\" target=\"_blank\" rel=\"noopener\">Effects of switching between production systems in dairy farming.<\/a>\n\n<span style=\"color: #003300;\"><strong>WP 2014\/05: <\/strong><\/span>Guti\u00e9rrez L\u00f3pez, C.&nbsp;&amp; <strong>Abad Gonz\u00e1lez, J. <\/strong><a href=\"\/\/departamentos.unileon.es\/economia-y-estadistica\/files\/2014\/10\/WP-2014-05.pdf\" target=\"_blank\" rel=\"noopener\">Predicci\u00f3n del nivel de solvencia de la banca europea a trav\u00e9s de informaci\u00f3n contable: una aplicaci\u00f3n a los \u00abPIIGS\u00bb.<\/a>\n\n<span style=\"color: #003300;\"><strong>WP 2014\/04:<\/strong> <\/span>Amor\u00f3s, P., <strong>Mart\u00ednez, R.<\/strong> &amp; Puy, S. <a href=\"\/\/departamentos.unileon.es\/economia-y-estadistica\/files\/2014\/10\/WP-2014-04.pdf\" target=\"_blank\" rel=\"noopener\">The closed primaries vs. the top-two primaries.<\/a>\n\n<strong><span style=\"color: #800000;\"><span style=\"color: #003300;\">WP 2014\/03:<\/span> <\/span>Mart\u00ednez, R.<\/strong>&nbsp;<a href=\"\/\/departamentos.unileon.es\/economia-y-estadistica\/files\/2014\/10\/WP-2014-03.pdf\" target=\"_blank\" rel=\"noopener\">Strong composition down in the adjudication of conflicting claims.<\/a>\n\n<strong><span style=\"color: #800000;\"><span style=\"color: #003300;\">WP 2014\/02:<\/span> <\/span>Mart\u00ednez, R.<\/strong> &amp; Moreno, B. <a href=\"\/\/departamentos.unileon.es\/economia-y-estadistica\/files\/2014\/10\/WP-2014-02.pdf\" target=\"_blank\" rel=\"noopener\">Qualified voting mechanisms.<\/a>\n\n<strong><span style=\"color: #800000;\"><span style=\"color: #003300;\">WP 2014\/01:<\/span> <\/span>Mart\u00ednez, R.<\/strong>&nbsp;<a href=\"\/\/departamentos.unileon.es\/economia-y-estadistica\/files\/2014\/10\/WP-2014-01.pdf\" target=\"_blank\" rel=\"noopener\">Inequality decomposition and human development.<\/a>","protected":false},"excerpt":{"rendered":"<p>Documentos de trabajo del Dpto. de Econom\u00eda y Estad\u00edstica 2018 WP 2018\/01: Mediavilla, J. &amp; Garc\u00eda-Arias, J. Philanthrocapitalism and Hegemony in (Financing for) Development. The Philanthropic Discourse as a Neoliberal (Development Agenda) Artefact 2015 WP 2015\/01: Rodr\u00edguez, X. A., Arias, C.&nbsp;&amp; Rodr\u00edguez-Gonz\u00e1lez, A.&nbsp;Physical versus economic depletion of a nonrenewable natural resource. 2014 WP 2014\/06: \u00c1lvarez, [&hellip;]<\/p>\n","protected":false},"author":14,"featured_media":0,"parent":0,"menu_order":0,"comment_status":"closed","ping_status":"closed","template":"","meta":{"ngg_post_thumbnail":0,"footnotes":""},"class_list":["post-466","page","type-page","status-publish","hentry"],"yoast_head":"<!-- This site is optimized with the Yoast SEO plugin v25.8 - https:\/\/yoast.com\/wordpress\/plugins\/seo\/ -->\n<title>Working papers - Departamento de Econom\u00eda y Estad\u00edstica<\/title>\n<meta name=\"robots\" content=\"index, follow, max-snippet:-1, max-image-preview:large, max-video-preview:-1\" \/>\n<link rel=\"canonical\" href=\"https:\/\/departamentos.unileon.es\/economia-y-estadistica\/wp\/\" \/>\n<meta property=\"og:locale\" content=\"es_ES\" \/>\n<meta property=\"og:type\" content=\"article\" \/>\n<meta property=\"og:title\" content=\"Working papers - Departamento de Econom\u00eda y Estad\u00edstica\" \/>\n<meta property=\"og:description\" content=\"Documentos de trabajo del Dpto. de Econom\u00eda y Estad\u00edstica 2018 WP 2018\/01: Mediavilla, J. &amp; Garc\u00eda-Arias, J. Philanthrocapitalism and Hegemony in (Financing for) Development. The Philanthropic Discourse as a Neoliberal (Development Agenda) Artefact 2015 WP 2015\/01: Rodr\u00edguez, X. A., Arias, C.&nbsp;&amp; Rodr\u00edguez-Gonz\u00e1lez, A.&nbsp;Physical versus economic depletion of a nonrenewable natural resource. 2014 WP 2014\/06: \u00c1lvarez, [&hellip;]\" \/>\n<meta property=\"og:url\" content=\"https:\/\/departamentos.unileon.es\/economia-y-estadistica\/wp\/\" \/>\n<meta property=\"og:site_name\" content=\"Departamento de Econom\u00eda y Estad\u00edstica\" \/>\n<meta property=\"article:modified_time\" content=\"2023-02-20T19:54:46+00:00\" \/>\n<meta name=\"twitter:card\" content=\"summary_large_image\" \/>\n<meta name=\"twitter:label1\" content=\"Tiempo de lectura\" \/>\n\t<meta name=\"twitter:data1\" content=\"1 minuto\" \/>\n<script type=\"application\/ld+json\" class=\"yoast-schema-graph\">{\"@context\":\"https:\/\/schema.org\",\"@graph\":[{\"@type\":\"WebPage\",\"@id\":\"https:\/\/departamentos.unileon.es\/economia-y-estadistica\/wp\/\",\"url\":\"https:\/\/departamentos.unileon.es\/economia-y-estadistica\/wp\/\",\"name\":\"Working papers - Departamento de Econom\u00eda y Estad\u00edstica\",\"isPartOf\":{\"@id\":\"https:\/\/departamentos.unileon.es\/economia-y-estadistica\/#website\"},\"datePublished\":\"2014-10-27T11:45:41+00:00\",\"dateModified\":\"2023-02-20T19:54:46+00:00\",\"inLanguage\":\"es\",\"potentialAction\":[{\"@type\":\"ReadAction\",\"target\":[\"https:\/\/departamentos.unileon.es\/economia-y-estadistica\/wp\/\"]}]},{\"@type\":\"WebSite\",\"@id\":\"https:\/\/departamentos.unileon.es\/economia-y-estadistica\/#website\",\"url\":\"https:\/\/departamentos.unileon.es\/economia-y-estadistica\/\",\"name\":\"Departamento de Econom\u00eda y Estad\u00edstica\",\"description\":\"P\u00e1gina web del Departamento de Econom\u00eda y Estad\u00edstica de la Universidad de Le\u00f3n\",\"potentialAction\":[{\"@type\":\"SearchAction\",\"target\":{\"@type\":\"EntryPoint\",\"urlTemplate\":\"https:\/\/departamentos.unileon.es\/economia-y-estadistica\/?s={search_term_string}\"},\"query-input\":{\"@type\":\"PropertyValueSpecification\",\"valueRequired\":true,\"valueName\":\"search_term_string\"}}],\"inLanguage\":\"es\"}]}<\/script>\n<!-- \/ Yoast SEO plugin. -->","yoast_head_json":{"title":"Working papers - Departamento de Econom\u00eda y Estad\u00edstica","robots":{"index":"index","follow":"follow","max-snippet":"max-snippet:-1","max-image-preview":"max-image-preview:large","max-video-preview":"max-video-preview:-1"},"canonical":"https:\/\/departamentos.unileon.es\/economia-y-estadistica\/wp\/","og_locale":"es_ES","og_type":"article","og_title":"Working papers - Departamento de Econom\u00eda y Estad\u00edstica","og_description":"Documentos de trabajo del Dpto. de Econom\u00eda y Estad\u00edstica 2018 WP 2018\/01: Mediavilla, J. &amp; Garc\u00eda-Arias, J. Philanthrocapitalism and Hegemony in (Financing for) Development. The Philanthropic Discourse as a Neoliberal (Development Agenda) Artefact 2015 WP 2015\/01: Rodr\u00edguez, X. A., Arias, C.&nbsp;&amp; Rodr\u00edguez-Gonz\u00e1lez, A.&nbsp;Physical versus economic depletion of a nonrenewable natural resource. 2014 WP 2014\/06: \u00c1lvarez, [&hellip;]","og_url":"https:\/\/departamentos.unileon.es\/economia-y-estadistica\/wp\/","og_site_name":"Departamento de Econom\u00eda y Estad\u00edstica","article_modified_time":"2023-02-20T19:54:46+00:00","twitter_card":"summary_large_image","twitter_misc":{"Tiempo de lectura":"1 minuto"},"schema":{"@context":"https:\/\/schema.org","@graph":[{"@type":"WebPage","@id":"https:\/\/departamentos.unileon.es\/economia-y-estadistica\/wp\/","url":"https:\/\/departamentos.unileon.es\/economia-y-estadistica\/wp\/","name":"Working papers - Departamento de Econom\u00eda y Estad\u00edstica","isPartOf":{"@id":"https:\/\/departamentos.unileon.es\/economia-y-estadistica\/#website"},"datePublished":"2014-10-27T11:45:41+00:00","dateModified":"2023-02-20T19:54:46+00:00","inLanguage":"es","potentialAction":[{"@type":"ReadAction","target":["https:\/\/departamentos.unileon.es\/economia-y-estadistica\/wp\/"]}]},{"@type":"WebSite","@id":"https:\/\/departamentos.unileon.es\/economia-y-estadistica\/#website","url":"https:\/\/departamentos.unileon.es\/economia-y-estadistica\/","name":"Departamento de Econom\u00eda y Estad\u00edstica","description":"P\u00e1gina web del Departamento de Econom\u00eda y Estad\u00edstica de la Universidad de Le\u00f3n","potentialAction":[{"@type":"SearchAction","target":{"@type":"EntryPoint","urlTemplate":"https:\/\/departamentos.unileon.es\/economia-y-estadistica\/?s={search_term_string}"},"query-input":{"@type":"PropertyValueSpecification","valueRequired":true,"valueName":"search_term_string"}}],"inLanguage":"es"}]}},"_links":{"self":[{"href":"https:\/\/departamentos.unileon.es\/economia-y-estadistica\/wp-json\/wp\/v2\/pages\/466","targetHints":{"allow":["GET"]}}],"collection":[{"href":"https:\/\/departamentos.unileon.es\/economia-y-estadistica\/wp-json\/wp\/v2\/pages"}],"about":[{"href":"https:\/\/departamentos.unileon.es\/economia-y-estadistica\/wp-json\/wp\/v2\/types\/page"}],"author":[{"embeddable":true,"href":"https:\/\/departamentos.unileon.es\/economia-y-estadistica\/wp-json\/wp\/v2\/users\/14"}],"replies":[{"embeddable":true,"href":"https:\/\/departamentos.unileon.es\/economia-y-estadistica\/wp-json\/wp\/v2\/comments?post=466"}],"version-history":[{"count":36,"href":"https:\/\/departamentos.unileon.es\/economia-y-estadistica\/wp-json\/wp\/v2\/pages\/466\/revisions"}],"predecessor-version":[{"id":2215,"href":"https:\/\/departamentos.unileon.es\/economia-y-estadistica\/wp-json\/wp\/v2\/pages\/466\/revisions\/2215"}],"wp:attachment":[{"href":"https:\/\/departamentos.unileon.es\/economia-y-estadistica\/wp-json\/wp\/v2\/media?parent=466"}],"curies":[{"name":"wp","href":"https:\/\/api.w.org\/{rel}","templated":true}]}}